{"id":4874,"date":"2017-10-31T14:09:24","date_gmt":"2017-10-31T13:09:24","guid":{"rendered":"https:\/\/www.pruvost-sports.com\/boutique\/?product=siege-de-mise-a-l-eau-hydrolique"},"modified":"2017-10-31T14:09:24","modified_gmt":"2017-10-31T13:09:24","slug":"siege-de-mise-a-l-eau-hydrolique","status":"publish","type":"product","link":"https:\/\/www.pruvost-sports.com\/boutique\/produit\/siege-de-mise-a-l-eau-hydrolique\/","title":{"rendered":"Si\u00e8ge de mise \u00e0 l&rsquo;eau hydrolique"},"content":{"rendered":"<p>Si&egrave;ge de mise &agrave; l&rsquo;eau hydraulique pour&nbsp; piscines &agrave; d&eacute;bordement.<\/p>\n<p>Fonctionne avec la pression d&rsquo;eau de ville qui actionne un v&eacute;rin hydraulique, rac-<br \/>cordement via tuyau d&rsquo;arrosage (pression mini : 3 bars). <br \/>&#8211; Facile &agrave; utiliser : Vanne de commande pour descendre et monter, possibilit&eacute; de <br \/>le faire par le PMR seul ou via un accompagnant.<br \/>&#8211; Facile &agrave; manipuler : roulettes de transport pour amener facilement l&rsquo;Unijet du lieu <br \/>de stockage au bassin. L&rsquo;installer dans l&rsquo;eau et serrer la molette de s&eacute;curit&eacute; dans le sol.<br \/>&#8211; Facile &agrave; installer : L&rsquo;Unijet n&rsquo;a besoin que de tr&egrave;s peu de manipulation, &agrave; savoir <br \/>un petit carrotage de 8mm et 15cm de profondeur, &agrave; environ 40cm du bord, apr&egrave;s les <br \/>goulottes. Ainsi le produit est enti&egrave;rement s&eacute;curis&eacute; et ne pourra pas basculer.<br \/>S&eacute;curit&eacute; :<br \/>&#8211; Positionn&eacute; dans son socle, le basculement est impossible<br \/>&#8211; Le repose-pied en option rassure l&rsquo;utilisateur<br \/>&#8211; Une goupille de s&eacute;curit&eacute; bloque le si&egrave;ge en position haute.<\/p>\n","protected":false},"excerpt":{"rendered":"<p>Si&egrave;ge de mise &agrave; l&rsquo;eau hydraulique pour&nbsp; piscines &agrave; d&eacute;bordement. Fonctionne avec la pression d&rsquo;eau de ville qui actionne un v&eacute;rin hydraulique, rac-cordement via tuyau d&rsquo;arrosage (pression mini : 3 bars). &#8211; Facile &agrave; utiliser : Vanne de commande pour descendre et monter, possibilit&eacute; de le faire par le PMR seul ou via un accompagnant.&#8211; [&hellip;]<\/p>\n","protected":false},"featured_media":4872,"template":"","meta":[],"product_brand":[],"product_cat":[81],"product_tag":[2194,2196,2195,2193],"class_list":{"0":"post-4874","1":"product","2":"type-product","3":"status-publish","4":"has-post-thumbnail","6":"product_cat-aide-aux-pmr","7":"product_tag-fauteuil-mise-a-leau","8":"product_tag-siege-hydrolique-pmr","9":"product_tag-siege-mise-a-leau","10":"product_tag-siege-pmr","12":"entry","13":"has-media","15":"first","16":"instock","17":"shipping-taxable","18":"purchasable","19":"product-type-simple","20":"col","21":"span_1_of_4","22":"owp-content-center","23":"owp-thumbs-layout-horizontal","24":"owp-btn-normal","25":"owp-tabs-layout-horizontal"},"yoast_head":"<!-- This site is optimized with the Yoast SEO plugin v27.5 - https:\/\/yoast.com\/product\/yoast-seo-wordpress\/ -->\n<title>Si\u00e8ge de mise \u00e0 l&#039;eau PMR hydrolique<\/title>\n<meta name=\"description\" content=\"Si\u00e8ge de transfert PMR hydrolique\" \/>\n<meta name=\"robots\" content=\"index, follow, max-snippet:-1, max-image-preview:large, max-video-preview:-1\" \/>\n<link rel=\"canonical\" href=\"https:\/\/www.pruvost-sports.com\/boutique\/produit\/siege-de-mise-a-l-eau-hydrolique\/\" \/>\n<meta property=\"og:locale\" content=\"fr_FR\" \/>\n<meta property=\"og:type\" content=\"article\" \/>\n<meta property=\"og:title\" content=\"Si\u00e8ge de mise \u00e0 l&#039;eau PMR hydrolique\" \/>\n<meta property=\"og:description\" content=\"Si\u00e8ge de transfert PMR hydrolique\" \/>\n<meta property=\"og:url\" content=\"https:\/\/www.pruvost-sports.com\/boutique\/produit\/siege-de-mise-a-l-eau-hydrolique\/\" \/>\n<meta property=\"og:site_name\" content=\"Pruvost sport piscine\" \/>\n<meta property=\"og:image\" content=\"https:\/\/www.pruvost-sports.com\/boutique\/wp-content\/uploads\/2017\/10\/1428-Siege-de-mise-a-leau-hydrolique.jpg\" \/>\n\t<meta property=\"og:image:width\" content=\"332\" \/>\n\t<meta property=\"og:image:height\" content=\"411\" \/>\n\t<meta property=\"og:image:type\" content=\"image\/jpeg\" \/>\n<meta name=\"twitter:card\" content=\"summary_large_image\" \/>\n<meta name=\"twitter:label1\" content=\"Dur\u00e9e de lecture estim\u00e9e\" \/>\n\t<meta name=\"twitter:data1\" content=\"1 minute\" \/>\n<script type=\"application\/ld+json\" class=\"yoast-schema-graph\">{\"@context\":\"https:\\\/\\\/schema.org\",\"@graph\":[{\"@type\":\"WebPage\",\"@id\":\"https:\\\/\\\/www.pruvost-sports.com\\\/boutique\\\/produit\\\/siege-de-mise-a-l-eau-hydrolique\\\/\",\"url\":\"https:\\\/\\\/www.pruvost-sports.com\\\/boutique\\\/produit\\\/siege-de-mise-a-l-eau-hydrolique\\\/\",\"name\":\"Si\u00e8ge de mise \u00e0 l'eau PMR hydrolique\",\"isPartOf\":{\"@id\":\"https:\\\/\\\/www.pruvost-sports.com\\\/boutique\\\/#website\"},\"primaryImageOfPage\":{\"@id\":\"https:\\\/\\\/www.pruvost-sports.com\\\/boutique\\\/produit\\\/siege-de-mise-a-l-eau-hydrolique\\\/#primaryimage\"},\"image\":{\"@id\":\"https:\\\/\\\/www.pruvost-sports.com\\\/boutique\\\/produit\\\/siege-de-mise-a-l-eau-hydrolique\\\/#primaryimage\"},\"thumbnailUrl\":\"https:\\\/\\\/www.pruvost-sports.com\\\/boutique\\\/wp-content\\\/uploads\\\/2017\\\/10\\\/1428-Siege-de-mise-a-leau-hydrolique.jpg\",\"datePublished\":\"2017-10-31T13:09:24+00:00\",\"description\":\"Si\u00e8ge de transfert PMR hydrolique\",\"breadcrumb\":{\"@id\":\"https:\\\/\\\/www.pruvost-sports.com\\\/boutique\\\/produit\\\/siege-de-mise-a-l-eau-hydrolique\\\/#breadcrumb\"},\"inLanguage\":\"fr-FR\",\"potentialAction\":[{\"@type\":\"ReadAction\",\"target\":[\"https:\\\/\\\/www.pruvost-sports.com\\\/boutique\\\/produit\\\/siege-de-mise-a-l-eau-hydrolique\\\/\"]}]},{\"@type\":\"ImageObject\",\"inLanguage\":\"fr-FR\",\"@id\":\"https:\\\/\\\/www.pruvost-sports.com\\\/boutique\\\/produit\\\/siege-de-mise-a-l-eau-hydrolique\\\/#primaryimage\",\"url\":\"https:\\\/\\\/www.pruvost-sports.com\\\/boutique\\\/wp-content\\\/uploads\\\/2017\\\/10\\\/1428-Siege-de-mise-a-leau-hydrolique.jpg\",\"contentUrl\":\"https:\\\/\\\/www.pruvost-sports.com\\\/boutique\\\/wp-content\\\/uploads\\\/2017\\\/10\\\/1428-Siege-de-mise-a-leau-hydrolique.jpg\",\"width\":332,\"height\":411,\"caption\":\"Si\u00e8ge de mise \u00e0 l'eau hydrolique\"},{\"@type\":\"BreadcrumbList\",\"@id\":\"https:\\\/\\\/www.pruvost-sports.com\\\/boutique\\\/produit\\\/siege-de-mise-a-l-eau-hydrolique\\\/#breadcrumb\",\"itemListElement\":[{\"@type\":\"ListItem\",\"position\":1,\"name\":\"Accueil\",\"item\":\"https:\\\/\\\/www.pruvost-sports.com\\\/boutique\\\/\"},{\"@type\":\"ListItem\",\"position\":2,\"name\":\"Boutique\",\"item\":\"https:\\\/\\\/www.pruvost-sports.com\\\/boutique\\\/boutique\\\/\"},{\"@type\":\"ListItem\",\"position\":3,\"name\":\"Si\u00e8ge de mise \u00e0 l&rsquo;eau hydrolique\"}]},{\"@type\":\"WebSite\",\"@id\":\"https:\\\/\\\/www.pruvost-sports.com\\\/boutique\\\/#website\",\"url\":\"https:\\\/\\\/www.pruvost-sports.com\\\/boutique\\\/\",\"name\":\"Pruvost sport piscine\",\"description\":\"\",\"potentialAction\":[{\"@type\":\"SearchAction\",\"target\":{\"@type\":\"EntryPoint\",\"urlTemplate\":\"https:\\\/\\\/www.pruvost-sports.com\\\/boutique\\\/?s={search_term_string}\"},\"query-input\":{\"@type\":\"PropertyValueSpecification\",\"valueRequired\":true,\"valueName\":\"search_term_string\"}}],\"inLanguage\":\"fr-FR\"}]}<\/script>\n<!-- \/ Yoast SEO plugin. -->","yoast_head_json":{"title":"Si\u00e8ge de mise \u00e0 l'eau PMR hydrolique","description":"Si\u00e8ge de transfert PMR hydrolique","robots":{"index":"index","follow":"follow","max-snippet":"max-snippet:-1","max-image-preview":"max-image-preview:large","max-video-preview":"max-video-preview:-1"},"canonical":"https:\/\/www.pruvost-sports.com\/boutique\/produit\/siege-de-mise-a-l-eau-hydrolique\/","og_locale":"fr_FR","og_type":"article","og_title":"Si\u00e8ge de mise \u00e0 l'eau PMR hydrolique","og_description":"Si\u00e8ge de transfert PMR hydrolique","og_url":"https:\/\/www.pruvost-sports.com\/boutique\/produit\/siege-de-mise-a-l-eau-hydrolique\/","og_site_name":"Pruvost sport piscine","og_image":[{"width":332,"height":411,"url":"https:\/\/www.pruvost-sports.com\/boutique\/wp-content\/uploads\/2017\/10\/1428-Siege-de-mise-a-leau-hydrolique.jpg","type":"image\/jpeg"}],"twitter_card":"summary_large_image","twitter_misc":{"Dur\u00e9e de lecture estim\u00e9e":"1 minute"},"schema":{"@context":"https:\/\/schema.org","@graph":[{"@type":"WebPage","@id":"https:\/\/www.pruvost-sports.com\/boutique\/produit\/siege-de-mise-a-l-eau-hydrolique\/","url":"https:\/\/www.pruvost-sports.com\/boutique\/produit\/siege-de-mise-a-l-eau-hydrolique\/","name":"Si\u00e8ge de mise \u00e0 l'eau PMR hydrolique","isPartOf":{"@id":"https:\/\/www.pruvost-sports.com\/boutique\/#website"},"primaryImageOfPage":{"@id":"https:\/\/www.pruvost-sports.com\/boutique\/produit\/siege-de-mise-a-l-eau-hydrolique\/#primaryimage"},"image":{"@id":"https:\/\/www.pruvost-sports.com\/boutique\/produit\/siege-de-mise-a-l-eau-hydrolique\/#primaryimage"},"thumbnailUrl":"https:\/\/www.pruvost-sports.com\/boutique\/wp-content\/uploads\/2017\/10\/1428-Siege-de-mise-a-leau-hydrolique.jpg","datePublished":"2017-10-31T13:09:24+00:00","description":"Si\u00e8ge de transfert PMR hydrolique","breadcrumb":{"@id":"https:\/\/www.pruvost-sports.com\/boutique\/produit\/siege-de-mise-a-l-eau-hydrolique\/#breadcrumb"},"inLanguage":"fr-FR","potentialAction":[{"@type":"ReadAction","target":["https:\/\/www.pruvost-sports.com\/boutique\/produit\/siege-de-mise-a-l-eau-hydrolique\/"]}]},{"@type":"ImageObject","inLanguage":"fr-FR","@id":"https:\/\/www.pruvost-sports.com\/boutique\/produit\/siege-de-mise-a-l-eau-hydrolique\/#primaryimage","url":"https:\/\/www.pruvost-sports.com\/boutique\/wp-content\/uploads\/2017\/10\/1428-Siege-de-mise-a-leau-hydrolique.jpg","contentUrl":"https:\/\/www.pruvost-sports.com\/boutique\/wp-content\/uploads\/2017\/10\/1428-Siege-de-mise-a-leau-hydrolique.jpg","width":332,"height":411,"caption":"Si\u00e8ge de mise \u00e0 l'eau hydrolique"},{"@type":"BreadcrumbList","@id":"https:\/\/www.pruvost-sports.com\/boutique\/produit\/siege-de-mise-a-l-eau-hydrolique\/#breadcrumb","itemListElement":[{"@type":"ListItem","position":1,"name":"Accueil","item":"https:\/\/www.pruvost-sports.com\/boutique\/"},{"@type":"ListItem","position":2,"name":"Boutique","item":"https:\/\/www.pruvost-sports.com\/boutique\/boutique\/"},{"@type":"ListItem","position":3,"name":"Si\u00e8ge de mise \u00e0 l&rsquo;eau hydrolique"}]},{"@type":"WebSite","@id":"https:\/\/www.pruvost-sports.com\/boutique\/#website","url":"https:\/\/www.pruvost-sports.com\/boutique\/","name":"Pruvost sport piscine","description":"","potentialAction":[{"@type":"SearchAction","target":{"@type":"EntryPoint","urlTemplate":"https:\/\/www.pruvost-sports.com\/boutique\/?s={search_term_string}"},"query-input":{"@type":"PropertyValueSpecification","valueRequired":true,"valueName":"search_term_string"}}],"inLanguage":"fr-FR"}]}},"_links":{"self":[{"href":"https:\/\/www.pruvost-sports.com\/boutique\/wp-json\/wp\/v2\/product\/4874","targetHints":{"allow":["GET"]}}],"collection":[{"href":"https:\/\/www.pruvost-sports.com\/boutique\/wp-json\/wp\/v2\/product"}],"about":[{"href":"https:\/\/www.pruvost-sports.com\/boutique\/wp-json\/wp\/v2\/types\/product"}],"wp:featuredmedia":[{"embeddable":true,"href":"https:\/\/www.pruvost-sports.com\/boutique\/wp-json\/wp\/v2\/media\/4872"}],"wp:attachment":[{"href":"https:\/\/www.pruvost-sports.com\/boutique\/wp-json\/wp\/v2\/media?parent=4874"}],"wp:term":[{"taxonomy":"product_brand","embeddable":true,"href":"https:\/\/www.pruvost-sports.com\/boutique\/wp-json\/wp\/v2\/product_brand?post=4874"},{"taxonomy":"product_cat","embeddable":true,"href":"https:\/\/www.pruvost-sports.com\/boutique\/wp-json\/wp\/v2\/product_cat?post=4874"},{"taxonomy":"product_tag","embeddable":true,"href":"https:\/\/www.pruvost-sports.com\/boutique\/wp-json\/wp\/v2\/product_tag?post=4874"}],"curies":[{"name":"wp","href":"https:\/\/api.w.org\/{rel}","templated":true}]}}