{"id":4818,"date":"2017-10-30T12:19:17","date_gmt":"2017-10-30T11:19:17","guid":{"rendered":"https:\/\/www.pruvost-sports.com\/boutique\/?product=seche-cheveux-th-c1-3"},"modified":"2017-10-30T12:19:17","modified_gmt":"2017-10-30T11:19:17","slug":"seche-cheveux-th-c1-3","status":"publish","type":"product","link":"https:\/\/www.pruvost-sports.com\/boutique\/produit\/seche-cheveux-th-c1-3\/","title":{"rendered":"S\u00e8che-cheveux TH-C1 sur rail"},"content":{"rendered":"<p>Capot en ABS tr&egrave;s robuste, d&eacute;clenchement automatique par cellule<br \/>Appareil ultra silencieux<\/p>\n<p>Puissance nominale : 900 W &ndash; r&eacute;sistance : 400 W &ndash; Moteur : 500 W<br \/>Niveau sonore : 69 dB &ndash; Tension d&rsquo;alimentation : 220\/230 V &ndash; Fr&eacute;quence 50\/60 Hz<br \/>Arr&ecirc;t de s&eacute;curit&eacute; &ndash; Limiteur de temp&eacute;rature de s&eacute;curit&eacute; &ndash; Fusible thermique<\/p>\n<p>Dimensions : L 268 x P 182 x H 304 mm <br \/>Poids : 3.00 Kg<\/p>\n<h4>Caract&eacute;ristique du rail :<\/h4>\n<p>Amplitude de r&eacute;glage : 55 cm &ndash; Prise de courant secteur int&eacute;gr&eacute;<br \/>Dimensions :L 215 x P 57 x H 1040 mm <br \/>Poids : 5.00 Kg<\/p>\n","protected":false},"excerpt":{"rendered":"<p>S&egrave;che-cheveux&nbsp;TH-C1 sur rail<\/p>\n<p>D&eacute;clenchement&nbsp;automatique<\/p>\n","protected":false},"featured_media":4817,"template":"","meta":[],"product_brand":[],"product_cat":[82],"product_tag":[1065,1061,1063,2188],"class_list":{"0":"post-4818","1":"product","2":"type-product","3":"status-publish","4":"has-post-thumbnail","6":"product_cat-seche-cheveux","7":"product_tag-seche-cheveux-automatique","8":"product_tag-seche-cheveux","9":"product_tag-seche-cheveux-piscine","10":"product_tag-seche-cheveux-sur-rail","12":"entry","13":"has-media","15":"first","16":"instock","17":"shipping-taxable","18":"purchasable","19":"product-type-simple","20":"col","21":"span_1_of_4","22":"owp-content-center","23":"owp-thumbs-layout-horizontal","24":"owp-btn-normal","25":"owp-tabs-layout-horizontal","26":"has-no-thumbnails"},"yoast_head":"<!-- This site is optimized with the Yoast SEO plugin v27.5 - https:\/\/yoast.com\/product\/yoast-seo-wordpress\/ -->\n<title>S\u00e8che-cheveux d\u00e9clenchement automatique<\/title>\n<meta name=\"description\" content=\"S\u00e8che-cheveux d\u00e9clenchement automatique\" \/>\n<meta name=\"robots\" content=\"index, follow, max-snippet:-1, max-image-preview:large, max-video-preview:-1\" \/>\n<link rel=\"canonical\" href=\"https:\/\/www.pruvost-sports.com\/boutique\/produit\/seche-cheveux-th-c1-3\/\" \/>\n<meta property=\"og:locale\" content=\"fr_FR\" \/>\n<meta property=\"og:type\" content=\"article\" \/>\n<meta property=\"og:title\" content=\"S\u00e8che-cheveux d\u00e9clenchement automatique\" \/>\n<meta property=\"og:description\" content=\"S\u00e8che-cheveux d\u00e9clenchement automatique\" \/>\n<meta property=\"og:url\" content=\"https:\/\/www.pruvost-sports.com\/boutique\/produit\/seche-cheveux-th-c1-3\/\" \/>\n<meta property=\"og:site_name\" content=\"Pruvost sport piscine\" \/>\n<meta property=\"og:image\" content=\"https:\/\/www.pruvost-sports.com\/boutique\/wp-content\/uploads\/2017\/10\/1412-Seche-cheveux-TH-C1-sur-rail.jpg\" \/>\n\t<meta property=\"og:image:width\" content=\"180\" \/>\n\t<meta property=\"og:image:height\" content=\"438\" \/>\n\t<meta property=\"og:image:type\" content=\"image\/jpeg\" \/>\n<meta name=\"twitter:card\" content=\"summary_large_image\" \/>\n<script type=\"application\/ld+json\" class=\"yoast-schema-graph\">{\"@context\":\"https:\\\/\\\/schema.org\",\"@graph\":[{\"@type\":\"WebPage\",\"@id\":\"https:\\\/\\\/www.pruvost-sports.com\\\/boutique\\\/produit\\\/seche-cheveux-th-c1-3\\\/\",\"url\":\"https:\\\/\\\/www.pruvost-sports.com\\\/boutique\\\/produit\\\/seche-cheveux-th-c1-3\\\/\",\"name\":\"S\u00e8che-cheveux d\u00e9clenchement automatique\",\"isPartOf\":{\"@id\":\"https:\\\/\\\/www.pruvost-sports.com\\\/boutique\\\/#website\"},\"primaryImageOfPage\":{\"@id\":\"https:\\\/\\\/www.pruvost-sports.com\\\/boutique\\\/produit\\\/seche-cheveux-th-c1-3\\\/#primaryimage\"},\"image\":{\"@id\":\"https:\\\/\\\/www.pruvost-sports.com\\\/boutique\\\/produit\\\/seche-cheveux-th-c1-3\\\/#primaryimage\"},\"thumbnailUrl\":\"https:\\\/\\\/www.pruvost-sports.com\\\/boutique\\\/wp-content\\\/uploads\\\/2017\\\/10\\\/1412-Seche-cheveux-TH-C1-sur-rail.jpg\",\"datePublished\":\"2017-10-30T11:19:17+00:00\",\"description\":\"S\u00e8che-cheveux d\u00e9clenchement automatique\",\"breadcrumb\":{\"@id\":\"https:\\\/\\\/www.pruvost-sports.com\\\/boutique\\\/produit\\\/seche-cheveux-th-c1-3\\\/#breadcrumb\"},\"inLanguage\":\"fr-FR\",\"potentialAction\":[{\"@type\":\"ReadAction\",\"target\":[\"https:\\\/\\\/www.pruvost-sports.com\\\/boutique\\\/produit\\\/seche-cheveux-th-c1-3\\\/\"]}]},{\"@type\":\"ImageObject\",\"inLanguage\":\"fr-FR\",\"@id\":\"https:\\\/\\\/www.pruvost-sports.com\\\/boutique\\\/produit\\\/seche-cheveux-th-c1-3\\\/#primaryimage\",\"url\":\"https:\\\/\\\/www.pruvost-sports.com\\\/boutique\\\/wp-content\\\/uploads\\\/2017\\\/10\\\/1412-Seche-cheveux-TH-C1-sur-rail.jpg\",\"contentUrl\":\"https:\\\/\\\/www.pruvost-sports.com\\\/boutique\\\/wp-content\\\/uploads\\\/2017\\\/10\\\/1412-Seche-cheveux-TH-C1-sur-rail.jpg\",\"width\":180,\"height\":438,\"caption\":\"S\u00e8che-cheveux TH-C1 sur rail\"},{\"@type\":\"BreadcrumbList\",\"@id\":\"https:\\\/\\\/www.pruvost-sports.com\\\/boutique\\\/produit\\\/seche-cheveux-th-c1-3\\\/#breadcrumb\",\"itemListElement\":[{\"@type\":\"ListItem\",\"position\":1,\"name\":\"Accueil\",\"item\":\"https:\\\/\\\/www.pruvost-sports.com\\\/boutique\\\/\"},{\"@type\":\"ListItem\",\"position\":2,\"name\":\"Boutique\",\"item\":\"https:\\\/\\\/www.pruvost-sports.com\\\/boutique\\\/boutique\\\/\"},{\"@type\":\"ListItem\",\"position\":3,\"name\":\"S\u00e8che-cheveux TH-C1 sur rail\"}]},{\"@type\":\"WebSite\",\"@id\":\"https:\\\/\\\/www.pruvost-sports.com\\\/boutique\\\/#website\",\"url\":\"https:\\\/\\\/www.pruvost-sports.com\\\/boutique\\\/\",\"name\":\"Pruvost sport piscine\",\"description\":\"\",\"potentialAction\":[{\"@type\":\"SearchAction\",\"target\":{\"@type\":\"EntryPoint\",\"urlTemplate\":\"https:\\\/\\\/www.pruvost-sports.com\\\/boutique\\\/?s={search_term_string}\"},\"query-input\":{\"@type\":\"PropertyValueSpecification\",\"valueRequired\":true,\"valueName\":\"search_term_string\"}}],\"inLanguage\":\"fr-FR\"}]}<\/script>\n<!-- \/ Yoast SEO plugin. -->","yoast_head_json":{"title":"S\u00e8che-cheveux d\u00e9clenchement automatique","description":"S\u00e8che-cheveux d\u00e9clenchement automatique","robots":{"index":"index","follow":"follow","max-snippet":"max-snippet:-1","max-image-preview":"max-image-preview:large","max-video-preview":"max-video-preview:-1"},"canonical":"https:\/\/www.pruvost-sports.com\/boutique\/produit\/seche-cheveux-th-c1-3\/","og_locale":"fr_FR","og_type":"article","og_title":"S\u00e8che-cheveux d\u00e9clenchement automatique","og_description":"S\u00e8che-cheveux d\u00e9clenchement automatique","og_url":"https:\/\/www.pruvost-sports.com\/boutique\/produit\/seche-cheveux-th-c1-3\/","og_site_name":"Pruvost sport piscine","og_image":[{"width":180,"height":438,"url":"https:\/\/www.pruvost-sports.com\/boutique\/wp-content\/uploads\/2017\/10\/1412-Seche-cheveux-TH-C1-sur-rail.jpg","type":"image\/jpeg"}],"twitter_card":"summary_large_image","schema":{"@context":"https:\/\/schema.org","@graph":[{"@type":"WebPage","@id":"https:\/\/www.pruvost-sports.com\/boutique\/produit\/seche-cheveux-th-c1-3\/","url":"https:\/\/www.pruvost-sports.com\/boutique\/produit\/seche-cheveux-th-c1-3\/","name":"S\u00e8che-cheveux d\u00e9clenchement automatique","isPartOf":{"@id":"https:\/\/www.pruvost-sports.com\/boutique\/#website"},"primaryImageOfPage":{"@id":"https:\/\/www.pruvost-sports.com\/boutique\/produit\/seche-cheveux-th-c1-3\/#primaryimage"},"image":{"@id":"https:\/\/www.pruvost-sports.com\/boutique\/produit\/seche-cheveux-th-c1-3\/#primaryimage"},"thumbnailUrl":"https:\/\/www.pruvost-sports.com\/boutique\/wp-content\/uploads\/2017\/10\/1412-Seche-cheveux-TH-C1-sur-rail.jpg","datePublished":"2017-10-30T11:19:17+00:00","description":"S\u00e8che-cheveux d\u00e9clenchement automatique","breadcrumb":{"@id":"https:\/\/www.pruvost-sports.com\/boutique\/produit\/seche-cheveux-th-c1-3\/#breadcrumb"},"inLanguage":"fr-FR","potentialAction":[{"@type":"ReadAction","target":["https:\/\/www.pruvost-sports.com\/boutique\/produit\/seche-cheveux-th-c1-3\/"]}]},{"@type":"ImageObject","inLanguage":"fr-FR","@id":"https:\/\/www.pruvost-sports.com\/boutique\/produit\/seche-cheveux-th-c1-3\/#primaryimage","url":"https:\/\/www.pruvost-sports.com\/boutique\/wp-content\/uploads\/2017\/10\/1412-Seche-cheveux-TH-C1-sur-rail.jpg","contentUrl":"https:\/\/www.pruvost-sports.com\/boutique\/wp-content\/uploads\/2017\/10\/1412-Seche-cheveux-TH-C1-sur-rail.jpg","width":180,"height":438,"caption":"S\u00e8che-cheveux TH-C1 sur rail"},{"@type":"BreadcrumbList","@id":"https:\/\/www.pruvost-sports.com\/boutique\/produit\/seche-cheveux-th-c1-3\/#breadcrumb","itemListElement":[{"@type":"ListItem","position":1,"name":"Accueil","item":"https:\/\/www.pruvost-sports.com\/boutique\/"},{"@type":"ListItem","position":2,"name":"Boutique","item":"https:\/\/www.pruvost-sports.com\/boutique\/boutique\/"},{"@type":"ListItem","position":3,"name":"S\u00e8che-cheveux TH-C1 sur rail"}]},{"@type":"WebSite","@id":"https:\/\/www.pruvost-sports.com\/boutique\/#website","url":"https:\/\/www.pruvost-sports.com\/boutique\/","name":"Pruvost sport piscine","description":"","potentialAction":[{"@type":"SearchAction","target":{"@type":"EntryPoint","urlTemplate":"https:\/\/www.pruvost-sports.com\/boutique\/?s={search_term_string}"},"query-input":{"@type":"PropertyValueSpecification","valueRequired":true,"valueName":"search_term_string"}}],"inLanguage":"fr-FR"}]}},"_links":{"self":[{"href":"https:\/\/www.pruvost-sports.com\/boutique\/wp-json\/wp\/v2\/product\/4818","targetHints":{"allow":["GET"]}}],"collection":[{"href":"https:\/\/www.pruvost-sports.com\/boutique\/wp-json\/wp\/v2\/product"}],"about":[{"href":"https:\/\/www.pruvost-sports.com\/boutique\/wp-json\/wp\/v2\/types\/product"}],"wp:featuredmedia":[{"embeddable":true,"href":"https:\/\/www.pruvost-sports.com\/boutique\/wp-json\/wp\/v2\/media\/4817"}],"wp:attachment":[{"href":"https:\/\/www.pruvost-sports.com\/boutique\/wp-json\/wp\/v2\/media?parent=4818"}],"wp:term":[{"taxonomy":"product_brand","embeddable":true,"href":"https:\/\/www.pruvost-sports.com\/boutique\/wp-json\/wp\/v2\/product_brand?post=4818"},{"taxonomy":"product_cat","embeddable":true,"href":"https:\/\/www.pruvost-sports.com\/boutique\/wp-json\/wp\/v2\/product_cat?post=4818"},{"taxonomy":"product_tag","embeddable":true,"href":"https:\/\/www.pruvost-sports.com\/boutique\/wp-json\/wp\/v2\/product_tag?post=4818"}],"curies":[{"name":"wp","href":"https:\/\/api.w.org\/{rel}","templated":true}]}}