{"id":4193,"date":"2016-11-18T16:08:03","date_gmt":"2016-11-18T15:08:03","guid":{"rendered":"https:\/\/www.pruvost-sports.com\/boutique\/?product=siege-de-douche-mural"},"modified":"2016-11-18T16:08:03","modified_gmt":"2016-11-18T15:08:03","slug":"siege-de-douche-mural","status":"publish","type":"product","link":"https:\/\/www.pruvost-sports.com\/boutique\/produit\/siege-de-douche-mural\/","title":{"rendered":"Si\u00e8ge de douche mural"},"content":{"rendered":"<ul>\n<li>Assise r&eacute;glable en hauteur de 460 &agrave; 505 mm, petits plots anti-d&eacute;rapants en surface<\/li>\n<li>Large d&eacute;coupe pour la toilette intime<\/li>\n<li>Ajustage pr&eacute;cis de chaque pied<\/li>\n<li>Relevable, profondeur pli&eacute; : 110 mm<\/li>\n<li>Pieds r&eacute;glables en hauteur de 460 &agrave; 505 mm et jusqu&rsquo;&agrave; 530 mm avec R&eacute;f 16250<\/li>\n<li>Livr&eacute; sans visserie<\/li>\n<\/ul>\n","protected":false},"excerpt":{"rendered":"<p>Rabattable en PVC et acier inoxydable<\/p>\n","protected":false},"featured_media":4192,"template":"","meta":[],"product_brand":[],"product_cat":[81],"product_tag":[1927,1929,1928],"class_list":{"0":"post-4193","1":"product","2":"type-product","3":"status-publish","4":"has-post-thumbnail","6":"product_cat-aide-aux-pmr","7":"product_tag-siege-de-douche","8":"product_tag-siege-de-douche-mural","9":"product_tag-siege-de-douche-rabattable","11":"entry","12":"has-media","14":"first","15":"instock","16":"shipping-taxable","17":"purchasable","18":"product-type-simple","19":"col","20":"span_1_of_4","21":"owp-content-center","22":"owp-thumbs-layout-horizontal","23":"owp-btn-normal","24":"owp-tabs-layout-horizontal","25":"has-no-thumbnails"},"yoast_head":"<!-- This site is optimized with the Yoast SEO plugin v27.5 - https:\/\/yoast.com\/product\/yoast-seo-wordpress\/ -->\n<title>si\u00e8ge de douche si\u00e8ge de douche mural si\u00e8ge de douche mural rabattable<\/title>\n<meta name=\"description\" content=\"Si\u00e8ge de douche mural rabattable\" \/>\n<meta name=\"robots\" content=\"index, follow, max-snippet:-1, max-image-preview:large, max-video-preview:-1\" \/>\n<link rel=\"canonical\" href=\"https:\/\/www.pruvost-sports.com\/boutique\/produit\/siege-de-douche-mural\/\" \/>\n<meta property=\"og:locale\" content=\"fr_FR\" \/>\n<meta property=\"og:type\" content=\"article\" \/>\n<meta property=\"og:title\" content=\"si\u00e8ge de douche si\u00e8ge de douche mural si\u00e8ge de douche mural rabattable\" \/>\n<meta property=\"og:description\" content=\"Si\u00e8ge de douche mural rabattable\" \/>\n<meta property=\"og:url\" content=\"https:\/\/www.pruvost-sports.com\/boutique\/produit\/siege-de-douche-mural\/\" \/>\n<meta property=\"og:site_name\" content=\"Pruvost sport piscine\" \/>\n<meta property=\"og:image\" content=\"https:\/\/www.pruvost-sports.com\/boutique\/wp-content\/uploads\/2016\/11\/1161-Siege-de-douche-mural.jpg\" \/>\n\t<meta property=\"og:image:width\" content=\"560\" \/>\n\t<meta property=\"og:image:height\" content=\"560\" \/>\n\t<meta property=\"og:image:type\" content=\"image\/jpeg\" \/>\n<meta name=\"twitter:card\" content=\"summary_large_image\" \/>\n<script type=\"application\/ld+json\" class=\"yoast-schema-graph\">{\"@context\":\"https:\\\/\\\/schema.org\",\"@graph\":[{\"@type\":\"WebPage\",\"@id\":\"https:\\\/\\\/www.pruvost-sports.com\\\/boutique\\\/produit\\\/siege-de-douche-mural\\\/\",\"url\":\"https:\\\/\\\/www.pruvost-sports.com\\\/boutique\\\/produit\\\/siege-de-douche-mural\\\/\",\"name\":\"si\u00e8ge de douche si\u00e8ge de douche mural si\u00e8ge de douche mural rabattable\",\"isPartOf\":{\"@id\":\"https:\\\/\\\/www.pruvost-sports.com\\\/boutique\\\/#website\"},\"primaryImageOfPage\":{\"@id\":\"https:\\\/\\\/www.pruvost-sports.com\\\/boutique\\\/produit\\\/siege-de-douche-mural\\\/#primaryimage\"},\"image\":{\"@id\":\"https:\\\/\\\/www.pruvost-sports.com\\\/boutique\\\/produit\\\/siege-de-douche-mural\\\/#primaryimage\"},\"thumbnailUrl\":\"https:\\\/\\\/www.pruvost-sports.com\\\/boutique\\\/wp-content\\\/uploads\\\/2016\\\/11\\\/1161-Siege-de-douche-mural.jpg\",\"datePublished\":\"2016-11-18T15:08:03+00:00\",\"description\":\"Si\u00e8ge de douche mural rabattable\",\"breadcrumb\":{\"@id\":\"https:\\\/\\\/www.pruvost-sports.com\\\/boutique\\\/produit\\\/siege-de-douche-mural\\\/#breadcrumb\"},\"inLanguage\":\"fr-FR\",\"potentialAction\":[{\"@type\":\"ReadAction\",\"target\":[\"https:\\\/\\\/www.pruvost-sports.com\\\/boutique\\\/produit\\\/siege-de-douche-mural\\\/\"]}]},{\"@type\":\"ImageObject\",\"inLanguage\":\"fr-FR\",\"@id\":\"https:\\\/\\\/www.pruvost-sports.com\\\/boutique\\\/produit\\\/siege-de-douche-mural\\\/#primaryimage\",\"url\":\"https:\\\/\\\/www.pruvost-sports.com\\\/boutique\\\/wp-content\\\/uploads\\\/2016\\\/11\\\/1161-Siege-de-douche-mural.jpg\",\"contentUrl\":\"https:\\\/\\\/www.pruvost-sports.com\\\/boutique\\\/wp-content\\\/uploads\\\/2016\\\/11\\\/1161-Siege-de-douche-mural.jpg\",\"width\":560,\"height\":560,\"caption\":\"Si\u00e8ge de douche mural\"},{\"@type\":\"BreadcrumbList\",\"@id\":\"https:\\\/\\\/www.pruvost-sports.com\\\/boutique\\\/produit\\\/siege-de-douche-mural\\\/#breadcrumb\",\"itemListElement\":[{\"@type\":\"ListItem\",\"position\":1,\"name\":\"Accueil\",\"item\":\"https:\\\/\\\/www.pruvost-sports.com\\\/boutique\\\/\"},{\"@type\":\"ListItem\",\"position\":2,\"name\":\"Boutique\",\"item\":\"https:\\\/\\\/www.pruvost-sports.com\\\/boutique\\\/boutique\\\/\"},{\"@type\":\"ListItem\",\"position\":3,\"name\":\"Si\u00e8ge de douche mural\"}]},{\"@type\":\"WebSite\",\"@id\":\"https:\\\/\\\/www.pruvost-sports.com\\\/boutique\\\/#website\",\"url\":\"https:\\\/\\\/www.pruvost-sports.com\\\/boutique\\\/\",\"name\":\"Pruvost sport piscine\",\"description\":\"\",\"potentialAction\":[{\"@type\":\"SearchAction\",\"target\":{\"@type\":\"EntryPoint\",\"urlTemplate\":\"https:\\\/\\\/www.pruvost-sports.com\\\/boutique\\\/?s={search_term_string}\"},\"query-input\":{\"@type\":\"PropertyValueSpecification\",\"valueRequired\":true,\"valueName\":\"search_term_string\"}}],\"inLanguage\":\"fr-FR\"}]}<\/script>\n<!-- \/ Yoast SEO plugin. -->","yoast_head_json":{"title":"si\u00e8ge de douche si\u00e8ge de douche mural si\u00e8ge de douche mural rabattable","description":"Si\u00e8ge de douche mural rabattable","robots":{"index":"index","follow":"follow","max-snippet":"max-snippet:-1","max-image-preview":"max-image-preview:large","max-video-preview":"max-video-preview:-1"},"canonical":"https:\/\/www.pruvost-sports.com\/boutique\/produit\/siege-de-douche-mural\/","og_locale":"fr_FR","og_type":"article","og_title":"si\u00e8ge de douche si\u00e8ge de douche mural si\u00e8ge de douche mural rabattable","og_description":"Si\u00e8ge de douche mural rabattable","og_url":"https:\/\/www.pruvost-sports.com\/boutique\/produit\/siege-de-douche-mural\/","og_site_name":"Pruvost sport piscine","og_image":[{"width":560,"height":560,"url":"https:\/\/www.pruvost-sports.com\/boutique\/wp-content\/uploads\/2016\/11\/1161-Siege-de-douche-mural.jpg","type":"image\/jpeg"}],"twitter_card":"summary_large_image","schema":{"@context":"https:\/\/schema.org","@graph":[{"@type":"WebPage","@id":"https:\/\/www.pruvost-sports.com\/boutique\/produit\/siege-de-douche-mural\/","url":"https:\/\/www.pruvost-sports.com\/boutique\/produit\/siege-de-douche-mural\/","name":"si\u00e8ge de douche si\u00e8ge de douche mural si\u00e8ge de douche mural rabattable","isPartOf":{"@id":"https:\/\/www.pruvost-sports.com\/boutique\/#website"},"primaryImageOfPage":{"@id":"https:\/\/www.pruvost-sports.com\/boutique\/produit\/siege-de-douche-mural\/#primaryimage"},"image":{"@id":"https:\/\/www.pruvost-sports.com\/boutique\/produit\/siege-de-douche-mural\/#primaryimage"},"thumbnailUrl":"https:\/\/www.pruvost-sports.com\/boutique\/wp-content\/uploads\/2016\/11\/1161-Siege-de-douche-mural.jpg","datePublished":"2016-11-18T15:08:03+00:00","description":"Si\u00e8ge de douche mural rabattable","breadcrumb":{"@id":"https:\/\/www.pruvost-sports.com\/boutique\/produit\/siege-de-douche-mural\/#breadcrumb"},"inLanguage":"fr-FR","potentialAction":[{"@type":"ReadAction","target":["https:\/\/www.pruvost-sports.com\/boutique\/produit\/siege-de-douche-mural\/"]}]},{"@type":"ImageObject","inLanguage":"fr-FR","@id":"https:\/\/www.pruvost-sports.com\/boutique\/produit\/siege-de-douche-mural\/#primaryimage","url":"https:\/\/www.pruvost-sports.com\/boutique\/wp-content\/uploads\/2016\/11\/1161-Siege-de-douche-mural.jpg","contentUrl":"https:\/\/www.pruvost-sports.com\/boutique\/wp-content\/uploads\/2016\/11\/1161-Siege-de-douche-mural.jpg","width":560,"height":560,"caption":"Si\u00e8ge de douche mural"},{"@type":"BreadcrumbList","@id":"https:\/\/www.pruvost-sports.com\/boutique\/produit\/siege-de-douche-mural\/#breadcrumb","itemListElement":[{"@type":"ListItem","position":1,"name":"Accueil","item":"https:\/\/www.pruvost-sports.com\/boutique\/"},{"@type":"ListItem","position":2,"name":"Boutique","item":"https:\/\/www.pruvost-sports.com\/boutique\/boutique\/"},{"@type":"ListItem","position":3,"name":"Si\u00e8ge de douche mural"}]},{"@type":"WebSite","@id":"https:\/\/www.pruvost-sports.com\/boutique\/#website","url":"https:\/\/www.pruvost-sports.com\/boutique\/","name":"Pruvost sport piscine","description":"","potentialAction":[{"@type":"SearchAction","target":{"@type":"EntryPoint","urlTemplate":"https:\/\/www.pruvost-sports.com\/boutique\/?s={search_term_string}"},"query-input":{"@type":"PropertyValueSpecification","valueRequired":true,"valueName":"search_term_string"}}],"inLanguage":"fr-FR"}]}},"_links":{"self":[{"href":"https:\/\/www.pruvost-sports.com\/boutique\/wp-json\/wp\/v2\/product\/4193","targetHints":{"allow":["GET"]}}],"collection":[{"href":"https:\/\/www.pruvost-sports.com\/boutique\/wp-json\/wp\/v2\/product"}],"about":[{"href":"https:\/\/www.pruvost-sports.com\/boutique\/wp-json\/wp\/v2\/types\/product"}],"wp:featuredmedia":[{"embeddable":true,"href":"https:\/\/www.pruvost-sports.com\/boutique\/wp-json\/wp\/v2\/media\/4192"}],"wp:attachment":[{"href":"https:\/\/www.pruvost-sports.com\/boutique\/wp-json\/wp\/v2\/media?parent=4193"}],"wp:term":[{"taxonomy":"product_brand","embeddable":true,"href":"https:\/\/www.pruvost-sports.com\/boutique\/wp-json\/wp\/v2\/product_brand?post=4193"},{"taxonomy":"product_cat","embeddable":true,"href":"https:\/\/www.pruvost-sports.com\/boutique\/wp-json\/wp\/v2\/product_cat?post=4193"},{"taxonomy":"product_tag","embeddable":true,"href":"https:\/\/www.pruvost-sports.com\/boutique\/wp-json\/wp\/v2\/product_tag?post=4193"}],"curies":[{"name":"wp","href":"https:\/\/api.w.org\/{rel}","templated":true}]}}