{"id":4184,"date":"2016-11-16T12:16:04","date_gmt":"2016-11-16T11:16:04","guid":{"rendered":"https:\/\/www.pruvost-sports.com\/boutique\/?product=talkie-walkie-3"},"modified":"2026-04-07T12:25:31","modified_gmt":"2026-04-07T10:25:31","slug":"talkie-walkie-3","status":"publish","type":"product","link":"https:\/\/www.pruvost-sports.com\/boutique\/produit\/talkie-walkie-3\/","title":{"rendered":"Talkie Walkie Etanche"},"content":{"rendered":"<p>&#8211; Technologie de longue port\u00e9e &#8211; jusqu&rsquo;a 10 km<br \/>\n&#8211; Etanche &#8211; IP X7 et flottant<br \/>\n&#8211; 8 canaux \/ 500 mW<br \/>\n&#8211; Puissance d&rsquo;\u00e9mission commutable (HI \/ LO)<br \/>\n&#8211; 38 tonalit\u00e9s CTCSS<br \/>\n&#8211; Fonction VOX 6 niveaux ( fonction mains libres )<br \/>\n&#8211; Fonction surveillance acoustique<br \/>\n&#8211; Tonalit\u00e9s d&rsquo;appel ( 15 m\u00e9lodies diff\u00e9rentes )<br \/>\n&#8211; Roger Beep<br \/>\n&#8211; Squelch automatique<br \/>\n&#8211; Fonction SCAN<br \/>\n&#8211; Double Veille<br \/>\n&#8211; TOT ( Time Out Timer )<br \/>\n&#8211; Afficheur LCD r\u00e9tro\u00e9clair\u00e9<br \/>\n&#8211; Clavier verrouillable<br \/>\n&#8211; Beep des touches<br \/>\n&#8211; Prise haut-parleur \/ microphone externe ( 3,5mm st\u00e9r\u00e9o)<br \/>\n&#8211; Indicateur de batterie<br \/>\n&#8211; Economiseur de batterie<\/p>\n","protected":false},"excerpt":{"rendered":"<h1>Paire de talkies-walkies Etanches et flottants<\/h1>\n<p>Avec \u00a02 clips ceinture<\/p>\n<p>1 socle chargeur double<\/p>\n<p>2 packs accus Li-Ion rechargeables ( de 3,6V\/ 550 mAh chacun)<\/p>\n","protected":false},"featured_media":9430,"template":"","meta":[],"product_brand":[],"product_cat":[51],"product_tag":[1500,1502,1921,1922,1501],"class_list":{"0":"post-4184","1":"product","2":"type-product","3":"status-publish","4":"has-post-thumbnail","6":"product_cat-surveillance-baignade","7":"product_tag-talkie-walkie","8":"product_tag-talkie-walkie-centre-aquatique","9":"product_tag-talkie-walkie-etanche","10":"product_tag-talkie-walkie-flottant","11":"product_tag-talkie-walkie-piscine","13":"entry","14":"has-media","16":"first","17":"instock","18":"shipping-taxable","19":"purchasable","20":"product-type-simple","21":"col","22":"span_1_of_4","23":"owp-content-center","24":"owp-thumbs-layout-horizontal","25":"owp-btn-normal","26":"owp-tabs-layout-horizontal"},"yoast_head":"<!-- This site is optimized with the Yoast SEO plugin v27.5 - https:\/\/yoast.com\/product\/yoast-seo-wordpress\/ -->\n<title>talkie walkie piscine talkie walkie centre aquatique talkie walkie \u00e9tanche<\/title>\n<meta name=\"description\" content=\"Talkie walkie Etanche\" \/>\n<meta name=\"robots\" content=\"index, follow, max-snippet:-1, max-image-preview:large, max-video-preview:-1\" \/>\n<link rel=\"canonical\" href=\"https:\/\/www.pruvost-sports.com\/boutique\/produit\/talkie-walkie-3\/\" \/>\n<meta property=\"og:locale\" content=\"fr_FR\" \/>\n<meta property=\"og:type\" content=\"article\" \/>\n<meta property=\"og:title\" content=\"talkie walkie piscine talkie walkie centre aquatique talkie walkie \u00e9tanche\" \/>\n<meta property=\"og:description\" content=\"Talkie walkie Etanche\" \/>\n<meta property=\"og:url\" content=\"https:\/\/www.pruvost-sports.com\/boutique\/produit\/talkie-walkie-3\/\" \/>\n<meta property=\"og:site_name\" content=\"Pruvost sport piscine\" \/>\n<meta property=\"article:modified_time\" content=\"2026-04-07T10:25:31+00:00\" \/>\n<meta property=\"og:image\" content=\"https:\/\/www.pruvost-sports.com\/boutique\/wp-content\/uploads\/2016\/11\/S38-1-3.jpg\" \/>\n\t<meta property=\"og:image:width\" content=\"800\" \/>\n\t<meta property=\"og:image:height\" content=\"800\" \/>\n\t<meta property=\"og:image:type\" content=\"image\/jpeg\" \/>\n<meta name=\"twitter:card\" content=\"summary_large_image\" \/>\n<meta name=\"twitter:label1\" content=\"Dur\u00e9e de lecture estim\u00e9e\" \/>\n\t<meta name=\"twitter:data1\" content=\"1 minute\" \/>\n<script type=\"application\/ld+json\" class=\"yoast-schema-graph\">{\"@context\":\"https:\\\/\\\/schema.org\",\"@graph\":[{\"@type\":\"WebPage\",\"@id\":\"https:\\\/\\\/www.pruvost-sports.com\\\/boutique\\\/produit\\\/talkie-walkie-3\\\/\",\"url\":\"https:\\\/\\\/www.pruvost-sports.com\\\/boutique\\\/produit\\\/talkie-walkie-3\\\/\",\"name\":\"talkie walkie piscine talkie walkie centre aquatique talkie walkie \u00e9tanche\",\"isPartOf\":{\"@id\":\"https:\\\/\\\/www.pruvost-sports.com\\\/boutique\\\/#website\"},\"primaryImageOfPage\":{\"@id\":\"https:\\\/\\\/www.pruvost-sports.com\\\/boutique\\\/produit\\\/talkie-walkie-3\\\/#primaryimage\"},\"image\":{\"@id\":\"https:\\\/\\\/www.pruvost-sports.com\\\/boutique\\\/produit\\\/talkie-walkie-3\\\/#primaryimage\"},\"thumbnailUrl\":\"https:\\\/\\\/www.pruvost-sports.com\\\/boutique\\\/wp-content\\\/uploads\\\/2016\\\/11\\\/S38-1-3.jpg\",\"datePublished\":\"2016-11-16T11:16:04+00:00\",\"dateModified\":\"2026-04-07T10:25:31+00:00\",\"description\":\"Talkie walkie Etanche\",\"breadcrumb\":{\"@id\":\"https:\\\/\\\/www.pruvost-sports.com\\\/boutique\\\/produit\\\/talkie-walkie-3\\\/#breadcrumb\"},\"inLanguage\":\"fr-FR\",\"potentialAction\":[{\"@type\":\"ReadAction\",\"target\":[\"https:\\\/\\\/www.pruvost-sports.com\\\/boutique\\\/produit\\\/talkie-walkie-3\\\/\"]}]},{\"@type\":\"ImageObject\",\"inLanguage\":\"fr-FR\",\"@id\":\"https:\\\/\\\/www.pruvost-sports.com\\\/boutique\\\/produit\\\/talkie-walkie-3\\\/#primaryimage\",\"url\":\"https:\\\/\\\/www.pruvost-sports.com\\\/boutique\\\/wp-content\\\/uploads\\\/2016\\\/11\\\/S38-1-3.jpg\",\"contentUrl\":\"https:\\\/\\\/www.pruvost-sports.com\\\/boutique\\\/wp-content\\\/uploads\\\/2016\\\/11\\\/S38-1-3.jpg\",\"width\":800,\"height\":800},{\"@type\":\"BreadcrumbList\",\"@id\":\"https:\\\/\\\/www.pruvost-sports.com\\\/boutique\\\/produit\\\/talkie-walkie-3\\\/#breadcrumb\",\"itemListElement\":[{\"@type\":\"ListItem\",\"position\":1,\"name\":\"Accueil\",\"item\":\"https:\\\/\\\/www.pruvost-sports.com\\\/boutique\\\/\"},{\"@type\":\"ListItem\",\"position\":2,\"name\":\"Boutique\",\"item\":\"https:\\\/\\\/www.pruvost-sports.com\\\/boutique\\\/boutique\\\/\"},{\"@type\":\"ListItem\",\"position\":3,\"name\":\"Talkie Walkie Etanche\"}]},{\"@type\":\"WebSite\",\"@id\":\"https:\\\/\\\/www.pruvost-sports.com\\\/boutique\\\/#website\",\"url\":\"https:\\\/\\\/www.pruvost-sports.com\\\/boutique\\\/\",\"name\":\"Pruvost sport piscine\",\"description\":\"\",\"potentialAction\":[{\"@type\":\"SearchAction\",\"target\":{\"@type\":\"EntryPoint\",\"urlTemplate\":\"https:\\\/\\\/www.pruvost-sports.com\\\/boutique\\\/?s={search_term_string}\"},\"query-input\":{\"@type\":\"PropertyValueSpecification\",\"valueRequired\":true,\"valueName\":\"search_term_string\"}}],\"inLanguage\":\"fr-FR\"}]}<\/script>\n<!-- \/ Yoast SEO plugin. -->","yoast_head_json":{"title":"talkie walkie piscine talkie walkie centre aquatique talkie walkie \u00e9tanche","description":"Talkie walkie Etanche","robots":{"index":"index","follow":"follow","max-snippet":"max-snippet:-1","max-image-preview":"max-image-preview:large","max-video-preview":"max-video-preview:-1"},"canonical":"https:\/\/www.pruvost-sports.com\/boutique\/produit\/talkie-walkie-3\/","og_locale":"fr_FR","og_type":"article","og_title":"talkie walkie piscine talkie walkie centre aquatique talkie walkie \u00e9tanche","og_description":"Talkie walkie Etanche","og_url":"https:\/\/www.pruvost-sports.com\/boutique\/produit\/talkie-walkie-3\/","og_site_name":"Pruvost sport piscine","article_modified_time":"2026-04-07T10:25:31+00:00","og_image":[{"width":800,"height":800,"url":"https:\/\/www.pruvost-sports.com\/boutique\/wp-content\/uploads\/2016\/11\/S38-1-3.jpg","type":"image\/jpeg"}],"twitter_card":"summary_large_image","twitter_misc":{"Dur\u00e9e de lecture estim\u00e9e":"1 minute"},"schema":{"@context":"https:\/\/schema.org","@graph":[{"@type":"WebPage","@id":"https:\/\/www.pruvost-sports.com\/boutique\/produit\/talkie-walkie-3\/","url":"https:\/\/www.pruvost-sports.com\/boutique\/produit\/talkie-walkie-3\/","name":"talkie walkie piscine talkie walkie centre aquatique talkie walkie \u00e9tanche","isPartOf":{"@id":"https:\/\/www.pruvost-sports.com\/boutique\/#website"},"primaryImageOfPage":{"@id":"https:\/\/www.pruvost-sports.com\/boutique\/produit\/talkie-walkie-3\/#primaryimage"},"image":{"@id":"https:\/\/www.pruvost-sports.com\/boutique\/produit\/talkie-walkie-3\/#primaryimage"},"thumbnailUrl":"https:\/\/www.pruvost-sports.com\/boutique\/wp-content\/uploads\/2016\/11\/S38-1-3.jpg","datePublished":"2016-11-16T11:16:04+00:00","dateModified":"2026-04-07T10:25:31+00:00","description":"Talkie walkie Etanche","breadcrumb":{"@id":"https:\/\/www.pruvost-sports.com\/boutique\/produit\/talkie-walkie-3\/#breadcrumb"},"inLanguage":"fr-FR","potentialAction":[{"@type":"ReadAction","target":["https:\/\/www.pruvost-sports.com\/boutique\/produit\/talkie-walkie-3\/"]}]},{"@type":"ImageObject","inLanguage":"fr-FR","@id":"https:\/\/www.pruvost-sports.com\/boutique\/produit\/talkie-walkie-3\/#primaryimage","url":"https:\/\/www.pruvost-sports.com\/boutique\/wp-content\/uploads\/2016\/11\/S38-1-3.jpg","contentUrl":"https:\/\/www.pruvost-sports.com\/boutique\/wp-content\/uploads\/2016\/11\/S38-1-3.jpg","width":800,"height":800},{"@type":"BreadcrumbList","@id":"https:\/\/www.pruvost-sports.com\/boutique\/produit\/talkie-walkie-3\/#breadcrumb","itemListElement":[{"@type":"ListItem","position":1,"name":"Accueil","item":"https:\/\/www.pruvost-sports.com\/boutique\/"},{"@type":"ListItem","position":2,"name":"Boutique","item":"https:\/\/www.pruvost-sports.com\/boutique\/boutique\/"},{"@type":"ListItem","position":3,"name":"Talkie Walkie Etanche"}]},{"@type":"WebSite","@id":"https:\/\/www.pruvost-sports.com\/boutique\/#website","url":"https:\/\/www.pruvost-sports.com\/boutique\/","name":"Pruvost sport piscine","description":"","potentialAction":[{"@type":"SearchAction","target":{"@type":"EntryPoint","urlTemplate":"https:\/\/www.pruvost-sports.com\/boutique\/?s={search_term_string}"},"query-input":{"@type":"PropertyValueSpecification","valueRequired":true,"valueName":"search_term_string"}}],"inLanguage":"fr-FR"}]}},"_links":{"self":[{"href":"https:\/\/www.pruvost-sports.com\/boutique\/wp-json\/wp\/v2\/product\/4184","targetHints":{"allow":["GET"]}}],"collection":[{"href":"https:\/\/www.pruvost-sports.com\/boutique\/wp-json\/wp\/v2\/product"}],"about":[{"href":"https:\/\/www.pruvost-sports.com\/boutique\/wp-json\/wp\/v2\/types\/product"}],"wp:featuredmedia":[{"embeddable":true,"href":"https:\/\/www.pruvost-sports.com\/boutique\/wp-json\/wp\/v2\/media\/9430"}],"wp:attachment":[{"href":"https:\/\/www.pruvost-sports.com\/boutique\/wp-json\/wp\/v2\/media?parent=4184"}],"wp:term":[{"taxonomy":"product_brand","embeddable":true,"href":"https:\/\/www.pruvost-sports.com\/boutique\/wp-json\/wp\/v2\/product_brand?post=4184"},{"taxonomy":"product_cat","embeddable":true,"href":"https:\/\/www.pruvost-sports.com\/boutique\/wp-json\/wp\/v2\/product_cat?post=4184"},{"taxonomy":"product_tag","embeddable":true,"href":"https:\/\/www.pruvost-sports.com\/boutique\/wp-json\/wp\/v2\/product_tag?post=4184"}],"curies":[{"name":"wp","href":"https:\/\/api.w.org\/{rel}","templated":true}]}}