{"id":4159,"date":"2016-09-07T11:44:51","date_gmt":"2016-09-07T09:44:51","guid":{"rendered":"https:\/\/www.pruvost-sports.com\/boutique\/?product=sac-oxygenotherapie"},"modified":"2016-09-07T11:44:51","modified_gmt":"2016-09-07T09:44:51","slug":"sac-oxygenotherapie","status":"publish","type":"product","link":"https:\/\/www.pruvost-sports.com\/boutique\/produit\/sac-oxygenotherapie\/","title":{"rendered":"Sac Oxyg\u00e9noth\u00e9rapie"},"content":{"rendered":"<p>Poche frontale de 43 x 28,5 x 5 cm avec zips YKK.<br \/>Fourreau r&eacute;glable pour bouteille oxyg&egrave;ne de 5 litres.<br \/>Fen&ecirc;tre de visualisation du manom&egrave;tre &agrave; l&rsquo;avant et l&rsquo;arri&egrave;re du sac.<br \/>Pochette pour d&eacute;tecteur de CO amovible.<br \/>Anneau de treuillage.<br \/>Fa&ccedil;ade du sac ouvrable sur toute sa hauteur.<br \/>2 Poches int&eacute;rieures avec : Filet zipp&eacute; pour rangement + 3 boucles \/ 5 passants pour rangement sondes + 2 &oelig;illets permettant le passage du tuyau d&rsquo;oxyg&eacute;noth&eacute;rapie.<br \/>Pochette transparente porte document A4 zipp&eacute;e.<br \/>2 Poches ext&eacute;rieures lat&eacute;rales avec syst&egrave;mes de rangement compartiment&eacute;s.<br \/>Fond en Hypalon avec 5 plots pour stabilit&eacute; du sac.<br \/>Poids : 5,2Kg<br \/>Dimensions :&nbsp;70 x 30 x 22 cm<br \/>Mati&egrave;re :&nbsp;Nylon Cordura&reg; 1000 deniers avec traitement t&eacute;flon<\/p>\n","protected":false},"excerpt":{"rendered":"<p>Sac oxyg&eacute;noth&eacute;rapie en nylon cordura<\/p>\n<p>Extrement r&eacute;sistant et pratiqueavec ses nombreuses poches.<\/p>\n","protected":false},"featured_media":4157,"template":"","meta":[],"product_brand":[],"product_cat":[26],"product_tag":[1916,1913,1918,1915,1914,1917],"class_list":{"0":"post-4159","1":"product","2":"type-product","3":"status-publish","4":"has-post-thumbnail","6":"product_cat-infirmerie","7":"product_tag-sac-dmt","8":"product_tag-sac-o2","9":"product_tag-sac-o2-5l","10":"product_tag-sac-oxygene","11":"product_tag-sac-oxygenotherapie","12":"product_tag-sac-transport-oxygene","13":"pa_couleur-bleu","14":"pa_couleur-rouge","16":"entry","17":"has-media","19":"first","20":"instock","21":"shipping-taxable","22":"purchasable","23":"product-type-variable","24":"has-default-attributes","25":"col","26":"span_1_of_4","27":"owp-content-center","28":"owp-thumbs-layout-horizontal","29":"owp-btn-normal","30":"owp-tabs-layout-horizontal"},"yoast_head":"<!-- This site is optimized with the Yoast SEO plugin v27.5 - https:\/\/yoast.com\/product\/yoast-seo-wordpress\/ -->\n<title>sac oxyg\u00e9noth\u00e9rapie sac 02 sac transport 02 sac DMT sac transport oxyg\u00e8ne<\/title>\n<meta name=\"description\" content=\"Sac Oxyg\u00e9noth\u00e9rapie\" \/>\n<meta name=\"robots\" content=\"index, follow, max-snippet:-1, max-image-preview:large, max-video-preview:-1\" \/>\n<link rel=\"canonical\" href=\"https:\/\/www.pruvost-sports.com\/boutique\/produit\/sac-oxygenotherapie\/\" \/>\n<meta property=\"og:locale\" content=\"fr_FR\" \/>\n<meta property=\"og:type\" content=\"article\" \/>\n<meta property=\"og:title\" content=\"sac oxyg\u00e9noth\u00e9rapie sac 02 sac transport 02 sac DMT sac transport oxyg\u00e8ne\" \/>\n<meta property=\"og:description\" content=\"Sac Oxyg\u00e9noth\u00e9rapie\" \/>\n<meta property=\"og:url\" content=\"https:\/\/www.pruvost-sports.com\/boutique\/produit\/sac-oxygenotherapie\/\" \/>\n<meta property=\"og:site_name\" content=\"Pruvost sport piscine\" \/>\n<meta property=\"og:image\" content=\"https:\/\/www.pruvost-sports.com\/boutique\/wp-content\/uploads\/2016\/09\/1142-Sac-Oxygenotherapie.jpg\" \/>\n\t<meta property=\"og:image:width\" content=\"718\" \/>\n\t<meta property=\"og:image:height\" content=\"991\" \/>\n\t<meta property=\"og:image:type\" content=\"image\/jpeg\" \/>\n<meta name=\"twitter:card\" content=\"summary_large_image\" \/>\n<meta name=\"twitter:label1\" content=\"Dur\u00e9e de lecture estim\u00e9e\" \/>\n\t<meta name=\"twitter:data1\" content=\"1 minute\" \/>\n<script type=\"application\/ld+json\" class=\"yoast-schema-graph\">{\"@context\":\"https:\\\/\\\/schema.org\",\"@graph\":[{\"@type\":\"WebPage\",\"@id\":\"https:\\\/\\\/www.pruvost-sports.com\\\/boutique\\\/produit\\\/sac-oxygenotherapie\\\/\",\"url\":\"https:\\\/\\\/www.pruvost-sports.com\\\/boutique\\\/produit\\\/sac-oxygenotherapie\\\/\",\"name\":\"sac oxyg\u00e9noth\u00e9rapie sac 02 sac transport 02 sac DMT sac transport oxyg\u00e8ne\",\"isPartOf\":{\"@id\":\"https:\\\/\\\/www.pruvost-sports.com\\\/boutique\\\/#website\"},\"primaryImageOfPage\":{\"@id\":\"https:\\\/\\\/www.pruvost-sports.com\\\/boutique\\\/produit\\\/sac-oxygenotherapie\\\/#primaryimage\"},\"image\":{\"@id\":\"https:\\\/\\\/www.pruvost-sports.com\\\/boutique\\\/produit\\\/sac-oxygenotherapie\\\/#primaryimage\"},\"thumbnailUrl\":\"https:\\\/\\\/www.pruvost-sports.com\\\/boutique\\\/wp-content\\\/uploads\\\/2016\\\/09\\\/1142-Sac-Oxygenotherapie.jpg\",\"datePublished\":\"2016-09-07T09:44:51+00:00\",\"description\":\"Sac Oxyg\u00e9noth\u00e9rapie\",\"breadcrumb\":{\"@id\":\"https:\\\/\\\/www.pruvost-sports.com\\\/boutique\\\/produit\\\/sac-oxygenotherapie\\\/#breadcrumb\"},\"inLanguage\":\"fr-FR\",\"potentialAction\":[{\"@type\":\"ReadAction\",\"target\":[\"https:\\\/\\\/www.pruvost-sports.com\\\/boutique\\\/produit\\\/sac-oxygenotherapie\\\/\"]}]},{\"@type\":\"ImageObject\",\"inLanguage\":\"fr-FR\",\"@id\":\"https:\\\/\\\/www.pruvost-sports.com\\\/boutique\\\/produit\\\/sac-oxygenotherapie\\\/#primaryimage\",\"url\":\"https:\\\/\\\/www.pruvost-sports.com\\\/boutique\\\/wp-content\\\/uploads\\\/2016\\\/09\\\/1142-Sac-Oxygenotherapie.jpg\",\"contentUrl\":\"https:\\\/\\\/www.pruvost-sports.com\\\/boutique\\\/wp-content\\\/uploads\\\/2016\\\/09\\\/1142-Sac-Oxygenotherapie.jpg\",\"width\":718,\"height\":991,\"caption\":\"Sac Oxyg\u00e9noth\u00e9rapie\"},{\"@type\":\"BreadcrumbList\",\"@id\":\"https:\\\/\\\/www.pruvost-sports.com\\\/boutique\\\/produit\\\/sac-oxygenotherapie\\\/#breadcrumb\",\"itemListElement\":[{\"@type\":\"ListItem\",\"position\":1,\"name\":\"Accueil\",\"item\":\"https:\\\/\\\/www.pruvost-sports.com\\\/boutique\\\/\"},{\"@type\":\"ListItem\",\"position\":2,\"name\":\"Boutique\",\"item\":\"https:\\\/\\\/www.pruvost-sports.com\\\/boutique\\\/boutique\\\/\"},{\"@type\":\"ListItem\",\"position\":3,\"name\":\"Sac Oxyg\u00e9noth\u00e9rapie\"}]},{\"@type\":\"WebSite\",\"@id\":\"https:\\\/\\\/www.pruvost-sports.com\\\/boutique\\\/#website\",\"url\":\"https:\\\/\\\/www.pruvost-sports.com\\\/boutique\\\/\",\"name\":\"Pruvost sport piscine\",\"description\":\"\",\"potentialAction\":[{\"@type\":\"SearchAction\",\"target\":{\"@type\":\"EntryPoint\",\"urlTemplate\":\"https:\\\/\\\/www.pruvost-sports.com\\\/boutique\\\/?s={search_term_string}\"},\"query-input\":{\"@type\":\"PropertyValueSpecification\",\"valueRequired\":true,\"valueName\":\"search_term_string\"}}],\"inLanguage\":\"fr-FR\"}]}<\/script>\n<!-- \/ Yoast SEO plugin. -->","yoast_head_json":{"title":"sac oxyg\u00e9noth\u00e9rapie sac 02 sac transport 02 sac DMT sac transport oxyg\u00e8ne","description":"Sac Oxyg\u00e9noth\u00e9rapie","robots":{"index":"index","follow":"follow","max-snippet":"max-snippet:-1","max-image-preview":"max-image-preview:large","max-video-preview":"max-video-preview:-1"},"canonical":"https:\/\/www.pruvost-sports.com\/boutique\/produit\/sac-oxygenotherapie\/","og_locale":"fr_FR","og_type":"article","og_title":"sac oxyg\u00e9noth\u00e9rapie sac 02 sac transport 02 sac DMT sac transport oxyg\u00e8ne","og_description":"Sac Oxyg\u00e9noth\u00e9rapie","og_url":"https:\/\/www.pruvost-sports.com\/boutique\/produit\/sac-oxygenotherapie\/","og_site_name":"Pruvost sport piscine","og_image":[{"width":718,"height":991,"url":"https:\/\/www.pruvost-sports.com\/boutique\/wp-content\/uploads\/2016\/09\/1142-Sac-Oxygenotherapie.jpg","type":"image\/jpeg"}],"twitter_card":"summary_large_image","twitter_misc":{"Dur\u00e9e de lecture estim\u00e9e":"1 minute"},"schema":{"@context":"https:\/\/schema.org","@graph":[{"@type":"WebPage","@id":"https:\/\/www.pruvost-sports.com\/boutique\/produit\/sac-oxygenotherapie\/","url":"https:\/\/www.pruvost-sports.com\/boutique\/produit\/sac-oxygenotherapie\/","name":"sac oxyg\u00e9noth\u00e9rapie sac 02 sac transport 02 sac DMT sac transport oxyg\u00e8ne","isPartOf":{"@id":"https:\/\/www.pruvost-sports.com\/boutique\/#website"},"primaryImageOfPage":{"@id":"https:\/\/www.pruvost-sports.com\/boutique\/produit\/sac-oxygenotherapie\/#primaryimage"},"image":{"@id":"https:\/\/www.pruvost-sports.com\/boutique\/produit\/sac-oxygenotherapie\/#primaryimage"},"thumbnailUrl":"https:\/\/www.pruvost-sports.com\/boutique\/wp-content\/uploads\/2016\/09\/1142-Sac-Oxygenotherapie.jpg","datePublished":"2016-09-07T09:44:51+00:00","description":"Sac Oxyg\u00e9noth\u00e9rapie","breadcrumb":{"@id":"https:\/\/www.pruvost-sports.com\/boutique\/produit\/sac-oxygenotherapie\/#breadcrumb"},"inLanguage":"fr-FR","potentialAction":[{"@type":"ReadAction","target":["https:\/\/www.pruvost-sports.com\/boutique\/produit\/sac-oxygenotherapie\/"]}]},{"@type":"ImageObject","inLanguage":"fr-FR","@id":"https:\/\/www.pruvost-sports.com\/boutique\/produit\/sac-oxygenotherapie\/#primaryimage","url":"https:\/\/www.pruvost-sports.com\/boutique\/wp-content\/uploads\/2016\/09\/1142-Sac-Oxygenotherapie.jpg","contentUrl":"https:\/\/www.pruvost-sports.com\/boutique\/wp-content\/uploads\/2016\/09\/1142-Sac-Oxygenotherapie.jpg","width":718,"height":991,"caption":"Sac Oxyg\u00e9noth\u00e9rapie"},{"@type":"BreadcrumbList","@id":"https:\/\/www.pruvost-sports.com\/boutique\/produit\/sac-oxygenotherapie\/#breadcrumb","itemListElement":[{"@type":"ListItem","position":1,"name":"Accueil","item":"https:\/\/www.pruvost-sports.com\/boutique\/"},{"@type":"ListItem","position":2,"name":"Boutique","item":"https:\/\/www.pruvost-sports.com\/boutique\/boutique\/"},{"@type":"ListItem","position":3,"name":"Sac Oxyg\u00e9noth\u00e9rapie"}]},{"@type":"WebSite","@id":"https:\/\/www.pruvost-sports.com\/boutique\/#website","url":"https:\/\/www.pruvost-sports.com\/boutique\/","name":"Pruvost sport piscine","description":"","potentialAction":[{"@type":"SearchAction","target":{"@type":"EntryPoint","urlTemplate":"https:\/\/www.pruvost-sports.com\/boutique\/?s={search_term_string}"},"query-input":{"@type":"PropertyValueSpecification","valueRequired":true,"valueName":"search_term_string"}}],"inLanguage":"fr-FR"}]}},"_links":{"self":[{"href":"https:\/\/www.pruvost-sports.com\/boutique\/wp-json\/wp\/v2\/product\/4159","targetHints":{"allow":["GET"]}}],"collection":[{"href":"https:\/\/www.pruvost-sports.com\/boutique\/wp-json\/wp\/v2\/product"}],"about":[{"href":"https:\/\/www.pruvost-sports.com\/boutique\/wp-json\/wp\/v2\/types\/product"}],"wp:featuredmedia":[{"embeddable":true,"href":"https:\/\/www.pruvost-sports.com\/boutique\/wp-json\/wp\/v2\/media\/4157"}],"wp:attachment":[{"href":"https:\/\/www.pruvost-sports.com\/boutique\/wp-json\/wp\/v2\/media?parent=4159"}],"wp:term":[{"taxonomy":"product_brand","embeddable":true,"href":"https:\/\/www.pruvost-sports.com\/boutique\/wp-json\/wp\/v2\/product_brand?post=4159"},{"taxonomy":"product_cat","embeddable":true,"href":"https:\/\/www.pruvost-sports.com\/boutique\/wp-json\/wp\/v2\/product_cat?post=4159"},{"taxonomy":"product_tag","embeddable":true,"href":"https:\/\/www.pruvost-sports.com\/boutique\/wp-json\/wp\/v2\/product_tag?post=4159"}],"curies":[{"name":"wp","href":"https:\/\/api.w.org\/{rel}","templated":true}]}}