{"id":3960,"date":"2016-06-13T11:54:58","date_gmt":"2016-06-13T09:54:58","guid":{"rendered":"https:\/\/www.pruvost-sports.com\/boutique\/?product=seche-mains-vertical-ecologique"},"modified":"2016-06-13T11:54:58","modified_gmt":"2016-06-13T09:54:58","slug":"seche-mains-vertical-ecologique","status":"publish","type":"product","link":"https:\/\/www.pruvost-sports.com\/boutique\/produit\/seche-mains-vertical-ecologique\/","title":{"rendered":"S\u00e8che-mains vertical Ecologique"},"content":{"rendered":"<h3>Economique et Ecologique<\/h3>\n<p>Interrupteur 2 Vitesses:<br \/>700 W ou 1000 W : R&eacute;duction du bruit et de la consomation en 700 W<\/p>\n<h3>Affichage &eacute;lectronique &#8211; Alarme visuelle<\/h3>\n<p>Entretien et changement du filtre<br \/>Vidange du bac de r&eacute;cup&eacute;ration de l&rsquo;eau<br \/>Temps de s&eacute;chage des mains<\/p>\n<h3>D&eacute;sinfection du filtre HEPA par UV<\/h3>\n<p>Pendant le cycle de s&eacute;chage, un tube UV int&eacute;rieur s&rsquo;enclenche&nbsp;pour<br \/>activer et assurer une destruction des bact&eacute;ries directement dans le filtre<\/p>\n<\/p>\n<h3>Caract&eacute;ristique techniques :<\/h3>\n<p>Puissance nominale : 1000 W<br \/>Moteur : 30 000 RPM &#8211; sans balais = long&eacute;vit&eacute; du moteur<br \/>Vitesse de l&rsquo;air : 155 l\/s<br \/>Niveau sonore : 70 dB<br \/>Temps de s&eacute;chage : 10 secondes<br \/>Tension d&rsquo;alimentation : 220\/230V<br \/>Fr&eacute;quence : 50\/60HZ<br \/>Arret de s&eacute;curit&eacute; apr&egrave;s 20 secondes<\/p>\n<h3>Dimensions et poids :<\/h3>\n<p>Largeur : 330 mm<br \/>Profondeur : 230 mm<br \/>Hauteur : 660 mm<br \/>Poids : 9.00 Kg<\/p>\n<h3>Garantie :<\/h3>\n<p>5 ans pi&egrave;ces et mains d&rsquo;oeuvre<br \/>Pi&egrave;ces d&eacute;tach&eacute;es disponibles au d&eacute;tail<br \/>SAV assur&eacute; par le fabricant<\/p>\n","protected":false},"excerpt":{"rendered":"<h3>S&egrave;che-mains vertical haute vitesse<\/h3>\n<h4>Certifi&eacute; HACCP<\/h4>\n<p>Capot en ABS tr&egrave;s robuste Blanc ou Gris<br \/>D&eacute;clenchement automatique par cellule<br \/>Traitement antibact&eacute;rien sur toutes les surfaces<br \/>Bac de r&eacute;cup&eacute;ration d&rsquo;eau<\/p>\n","protected":false},"featured_media":3959,"template":"","meta":[],"product_brand":[],"product_cat":[34],"product_tag":[1852,1854],"class_list":{"0":"post-3960","1":"product","2":"type-product","3":"status-publish","4":"has-post-thumbnail","6":"product_cat-seche-mains","7":"product_tag-seche-mains","8":"product_tag-seche-mains-piscine","9":"pa_couleur-blanc","10":"pa_couleur-gris","12":"entry","13":"has-media","15":"first","16":"instock","17":"shipping-taxable","18":"purchasable","19":"product-type-variable","20":"has-default-attributes","21":"col","22":"span_1_of_4","23":"owp-content-center","24":"owp-thumbs-layout-horizontal","25":"owp-btn-normal","26":"owp-tabs-layout-horizontal","27":"has-no-thumbnails"},"yoast_head":"<!-- This site is optimized with the Yoast SEO plugin v27.5 - https:\/\/yoast.com\/product\/yoast-seo-wordpress\/ -->\n<title>s\u00e8che mains piscine s\u00e8che-mains piscine s\u00e8che mains vertical<\/title>\n<meta name=\"description\" content=\"S\u00e8che-mains vertical\" \/>\n<meta name=\"robots\" content=\"index, follow, max-snippet:-1, max-image-preview:large, max-video-preview:-1\" \/>\n<link rel=\"canonical\" href=\"https:\/\/www.pruvost-sports.com\/boutique\/produit\/seche-mains-vertical-ecologique\/\" \/>\n<meta property=\"og:locale\" content=\"fr_FR\" \/>\n<meta property=\"og:type\" content=\"article\" \/>\n<meta property=\"og:title\" content=\"s\u00e8che mains piscine s\u00e8che-mains piscine s\u00e8che mains vertical\" \/>\n<meta property=\"og:description\" content=\"S\u00e8che-mains vertical\" \/>\n<meta property=\"og:url\" content=\"https:\/\/www.pruvost-sports.com\/boutique\/produit\/seche-mains-vertical-ecologique\/\" \/>\n<meta property=\"og:site_name\" content=\"Pruvost sport piscine\" \/>\n<meta property=\"og:image\" content=\"https:\/\/www.pruvost-sports.com\/boutique\/wp-content\/uploads\/2016\/06\/1065-Seche-mains-vertical-Ecologique.jpg\" \/>\n\t<meta property=\"og:image:width\" content=\"800\" \/>\n\t<meta property=\"og:image:height\" content=\"800\" \/>\n\t<meta property=\"og:image:type\" content=\"image\/jpeg\" \/>\n<meta name=\"twitter:card\" content=\"summary_large_image\" \/>\n<meta name=\"twitter:label1\" content=\"Dur\u00e9e de lecture estim\u00e9e\" \/>\n\t<meta name=\"twitter:data1\" content=\"1 minute\" \/>\n<script type=\"application\/ld+json\" class=\"yoast-schema-graph\">{\"@context\":\"https:\\\/\\\/schema.org\",\"@graph\":[{\"@type\":\"WebPage\",\"@id\":\"https:\\\/\\\/www.pruvost-sports.com\\\/boutique\\\/produit\\\/seche-mains-vertical-ecologique\\\/\",\"url\":\"https:\\\/\\\/www.pruvost-sports.com\\\/boutique\\\/produit\\\/seche-mains-vertical-ecologique\\\/\",\"name\":\"s\u00e8che mains piscine s\u00e8che-mains piscine s\u00e8che mains vertical\",\"isPartOf\":{\"@id\":\"https:\\\/\\\/www.pruvost-sports.com\\\/boutique\\\/#website\"},\"primaryImageOfPage\":{\"@id\":\"https:\\\/\\\/www.pruvost-sports.com\\\/boutique\\\/produit\\\/seche-mains-vertical-ecologique\\\/#primaryimage\"},\"image\":{\"@id\":\"https:\\\/\\\/www.pruvost-sports.com\\\/boutique\\\/produit\\\/seche-mains-vertical-ecologique\\\/#primaryimage\"},\"thumbnailUrl\":\"https:\\\/\\\/www.pruvost-sports.com\\\/boutique\\\/wp-content\\\/uploads\\\/2016\\\/06\\\/1065-Seche-mains-vertical-Ecologique.jpg\",\"datePublished\":\"2016-06-13T09:54:58+00:00\",\"description\":\"S\u00e8che-mains vertical\",\"breadcrumb\":{\"@id\":\"https:\\\/\\\/www.pruvost-sports.com\\\/boutique\\\/produit\\\/seche-mains-vertical-ecologique\\\/#breadcrumb\"},\"inLanguage\":\"fr-FR\",\"potentialAction\":[{\"@type\":\"ReadAction\",\"target\":[\"https:\\\/\\\/www.pruvost-sports.com\\\/boutique\\\/produit\\\/seche-mains-vertical-ecologique\\\/\"]}]},{\"@type\":\"ImageObject\",\"inLanguage\":\"fr-FR\",\"@id\":\"https:\\\/\\\/www.pruvost-sports.com\\\/boutique\\\/produit\\\/seche-mains-vertical-ecologique\\\/#primaryimage\",\"url\":\"https:\\\/\\\/www.pruvost-sports.com\\\/boutique\\\/wp-content\\\/uploads\\\/2016\\\/06\\\/1065-Seche-mains-vertical-Ecologique.jpg\",\"contentUrl\":\"https:\\\/\\\/www.pruvost-sports.com\\\/boutique\\\/wp-content\\\/uploads\\\/2016\\\/06\\\/1065-Seche-mains-vertical-Ecologique.jpg\",\"width\":800,\"height\":800,\"caption\":\"S\u00e8che-mains vertical Ecologique\"},{\"@type\":\"BreadcrumbList\",\"@id\":\"https:\\\/\\\/www.pruvost-sports.com\\\/boutique\\\/produit\\\/seche-mains-vertical-ecologique\\\/#breadcrumb\",\"itemListElement\":[{\"@type\":\"ListItem\",\"position\":1,\"name\":\"Accueil\",\"item\":\"https:\\\/\\\/www.pruvost-sports.com\\\/boutique\\\/\"},{\"@type\":\"ListItem\",\"position\":2,\"name\":\"Boutique\",\"item\":\"https:\\\/\\\/www.pruvost-sports.com\\\/boutique\\\/boutique\\\/\"},{\"@type\":\"ListItem\",\"position\":3,\"name\":\"S\u00e8che-mains vertical Ecologique\"}]},{\"@type\":\"WebSite\",\"@id\":\"https:\\\/\\\/www.pruvost-sports.com\\\/boutique\\\/#website\",\"url\":\"https:\\\/\\\/www.pruvost-sports.com\\\/boutique\\\/\",\"name\":\"Pruvost sport piscine\",\"description\":\"\",\"potentialAction\":[{\"@type\":\"SearchAction\",\"target\":{\"@type\":\"EntryPoint\",\"urlTemplate\":\"https:\\\/\\\/www.pruvost-sports.com\\\/boutique\\\/?s={search_term_string}\"},\"query-input\":{\"@type\":\"PropertyValueSpecification\",\"valueRequired\":true,\"valueName\":\"search_term_string\"}}],\"inLanguage\":\"fr-FR\"}]}<\/script>\n<!-- \/ Yoast SEO plugin. -->","yoast_head_json":{"title":"s\u00e8che mains piscine s\u00e8che-mains piscine s\u00e8che mains vertical","description":"S\u00e8che-mains vertical","robots":{"index":"index","follow":"follow","max-snippet":"max-snippet:-1","max-image-preview":"max-image-preview:large","max-video-preview":"max-video-preview:-1"},"canonical":"https:\/\/www.pruvost-sports.com\/boutique\/produit\/seche-mains-vertical-ecologique\/","og_locale":"fr_FR","og_type":"article","og_title":"s\u00e8che mains piscine s\u00e8che-mains piscine s\u00e8che mains vertical","og_description":"S\u00e8che-mains vertical","og_url":"https:\/\/www.pruvost-sports.com\/boutique\/produit\/seche-mains-vertical-ecologique\/","og_site_name":"Pruvost sport piscine","og_image":[{"width":800,"height":800,"url":"https:\/\/www.pruvost-sports.com\/boutique\/wp-content\/uploads\/2016\/06\/1065-Seche-mains-vertical-Ecologique.jpg","type":"image\/jpeg"}],"twitter_card":"summary_large_image","twitter_misc":{"Dur\u00e9e de lecture estim\u00e9e":"1 minute"},"schema":{"@context":"https:\/\/schema.org","@graph":[{"@type":"WebPage","@id":"https:\/\/www.pruvost-sports.com\/boutique\/produit\/seche-mains-vertical-ecologique\/","url":"https:\/\/www.pruvost-sports.com\/boutique\/produit\/seche-mains-vertical-ecologique\/","name":"s\u00e8che mains piscine s\u00e8che-mains piscine s\u00e8che mains vertical","isPartOf":{"@id":"https:\/\/www.pruvost-sports.com\/boutique\/#website"},"primaryImageOfPage":{"@id":"https:\/\/www.pruvost-sports.com\/boutique\/produit\/seche-mains-vertical-ecologique\/#primaryimage"},"image":{"@id":"https:\/\/www.pruvost-sports.com\/boutique\/produit\/seche-mains-vertical-ecologique\/#primaryimage"},"thumbnailUrl":"https:\/\/www.pruvost-sports.com\/boutique\/wp-content\/uploads\/2016\/06\/1065-Seche-mains-vertical-Ecologique.jpg","datePublished":"2016-06-13T09:54:58+00:00","description":"S\u00e8che-mains vertical","breadcrumb":{"@id":"https:\/\/www.pruvost-sports.com\/boutique\/produit\/seche-mains-vertical-ecologique\/#breadcrumb"},"inLanguage":"fr-FR","potentialAction":[{"@type":"ReadAction","target":["https:\/\/www.pruvost-sports.com\/boutique\/produit\/seche-mains-vertical-ecologique\/"]}]},{"@type":"ImageObject","inLanguage":"fr-FR","@id":"https:\/\/www.pruvost-sports.com\/boutique\/produit\/seche-mains-vertical-ecologique\/#primaryimage","url":"https:\/\/www.pruvost-sports.com\/boutique\/wp-content\/uploads\/2016\/06\/1065-Seche-mains-vertical-Ecologique.jpg","contentUrl":"https:\/\/www.pruvost-sports.com\/boutique\/wp-content\/uploads\/2016\/06\/1065-Seche-mains-vertical-Ecologique.jpg","width":800,"height":800,"caption":"S\u00e8che-mains vertical Ecologique"},{"@type":"BreadcrumbList","@id":"https:\/\/www.pruvost-sports.com\/boutique\/produit\/seche-mains-vertical-ecologique\/#breadcrumb","itemListElement":[{"@type":"ListItem","position":1,"name":"Accueil","item":"https:\/\/www.pruvost-sports.com\/boutique\/"},{"@type":"ListItem","position":2,"name":"Boutique","item":"https:\/\/www.pruvost-sports.com\/boutique\/boutique\/"},{"@type":"ListItem","position":3,"name":"S\u00e8che-mains vertical Ecologique"}]},{"@type":"WebSite","@id":"https:\/\/www.pruvost-sports.com\/boutique\/#website","url":"https:\/\/www.pruvost-sports.com\/boutique\/","name":"Pruvost sport piscine","description":"","potentialAction":[{"@type":"SearchAction","target":{"@type":"EntryPoint","urlTemplate":"https:\/\/www.pruvost-sports.com\/boutique\/?s={search_term_string}"},"query-input":{"@type":"PropertyValueSpecification","valueRequired":true,"valueName":"search_term_string"}}],"inLanguage":"fr-FR"}]}},"_links":{"self":[{"href":"https:\/\/www.pruvost-sports.com\/boutique\/wp-json\/wp\/v2\/product\/3960","targetHints":{"allow":["GET"]}}],"collection":[{"href":"https:\/\/www.pruvost-sports.com\/boutique\/wp-json\/wp\/v2\/product"}],"about":[{"href":"https:\/\/www.pruvost-sports.com\/boutique\/wp-json\/wp\/v2\/types\/product"}],"wp:featuredmedia":[{"embeddable":true,"href":"https:\/\/www.pruvost-sports.com\/boutique\/wp-json\/wp\/v2\/media\/3959"}],"wp:attachment":[{"href":"https:\/\/www.pruvost-sports.com\/boutique\/wp-json\/wp\/v2\/media?parent=3960"}],"wp:term":[{"taxonomy":"product_brand","embeddable":true,"href":"https:\/\/www.pruvost-sports.com\/boutique\/wp-json\/wp\/v2\/product_brand?post=3960"},{"taxonomy":"product_cat","embeddable":true,"href":"https:\/\/www.pruvost-sports.com\/boutique\/wp-json\/wp\/v2\/product_cat?post=3960"},{"taxonomy":"product_tag","embeddable":true,"href":"https:\/\/www.pruvost-sports.com\/boutique\/wp-json\/wp\/v2\/product_tag?post=3960"}],"curies":[{"name":"wp","href":"https:\/\/api.w.org\/{rel}","templated":true}]}}