{"id":3953,"date":"2016-06-13T11:26:02","date_gmt":"2016-06-13T09:26:02","guid":{"rendered":"https:\/\/www.pruvost-sports.com\/boutique\/?product=seche-mains-vertical"},"modified":"2024-12-10T14:55:41","modified_gmt":"2024-12-10T13:55:41","slug":"seche-mains-vertical","status":"publish","type":"product","link":"https:\/\/www.pruvost-sports.com\/boutique\/produit\/seche-mains-vertical\/","title":{"rendered":"S\u00e8che-mains vertical"},"content":{"rendered":"<h3>Caract\u00e9ristique techniques :<\/h3>\n<p>Puissance nominale : 1760 W<br \/>\nNiveau sonore : 72 dB<br \/>\nTemps de s\u00e9chage : 10 \u00e0 15 secondes<br \/>\nTension d&rsquo;alimentation : 220\/230V<br \/>\nFr\u00e9quence : 50\/60HZ<br \/>\nArret de s\u00e9curit\u00e9<\/p>\n<h3>Dimensions et poids :<\/h3>\n<p>Largeur : 300 mm<br \/>\nProfondeur : 195 mm<br \/>\nHauteur : 617 mm<br \/>\nPoids : 9.55 Kg<\/p>\n<h3>Garantie :<\/h3>\n<p>3 ans pi\u00e8ces et mains d&rsquo;oeuvre<br \/>\nPi\u00e8ces d\u00e9tach\u00e9es disponibles au d\u00e9tail<br \/>\nSAV assur\u00e9 par le fabricant<\/p>\n","protected":false},"excerpt":{"rendered":"<h3>S\u00e8che-mains vertical haute vitesse<\/h3>\n<p>Capot en ABS tr\u00e8s robuste Blanc ou Gris<br \/>\nD\u00e9clenchement automatique par cellule<br \/>\nTraitement antibact\u00e9rien sur toutes les surfaces<br \/>\nBac de r\u00e9cup\u00e9ration d&rsquo;eau<\/p>\n","protected":false},"featured_media":3951,"template":"","meta":[],"product_brand":[],"product_cat":[34],"product_tag":[1852,1854],"class_list":{"0":"post-3953","1":"product","2":"type-product","3":"status-publish","4":"has-post-thumbnail","6":"product_cat-seche-mains","7":"product_tag-seche-mains","8":"product_tag-seche-mains-piscine","9":"pa_couleur-blanc","10":"pa_couleur-gris","12":"entry","13":"has-media","15":"first","16":"instock","17":"shipping-taxable","18":"purchasable","19":"product-type-variable","20":"has-default-attributes","21":"col","22":"span_1_of_4","23":"owp-content-center","24":"owp-thumbs-layout-horizontal","25":"owp-btn-normal","26":"owp-tabs-layout-horizontal"},"yoast_head":"<!-- This site is optimized with the Yoast SEO plugin v27.5 - https:\/\/yoast.com\/product\/yoast-seo-wordpress\/ -->\n<title>s\u00e8che mains piscine s\u00e8che-mains piscine s\u00e8che mains vertical<\/title>\n<meta name=\"description\" content=\"S\u00e8che-mains vertical\" \/>\n<meta name=\"robots\" content=\"index, follow, max-snippet:-1, max-image-preview:large, max-video-preview:-1\" \/>\n<link rel=\"canonical\" href=\"https:\/\/www.pruvost-sports.com\/boutique\/produit\/seche-mains-vertical\/\" \/>\n<meta property=\"og:locale\" content=\"fr_FR\" \/>\n<meta property=\"og:type\" content=\"article\" \/>\n<meta property=\"og:title\" content=\"s\u00e8che mains piscine s\u00e8che-mains piscine s\u00e8che mains vertical\" \/>\n<meta property=\"og:description\" content=\"S\u00e8che-mains vertical\" \/>\n<meta property=\"og:url\" content=\"https:\/\/www.pruvost-sports.com\/boutique\/produit\/seche-mains-vertical\/\" \/>\n<meta property=\"og:site_name\" content=\"Pruvost sport piscine\" \/>\n<meta property=\"article:modified_time\" content=\"2024-12-10T13:55:41+00:00\" \/>\n<meta property=\"og:image\" content=\"https:\/\/www.pruvost-sports.com\/boutique\/wp-content\/uploads\/2016\/06\/1063-Seche-mains-vertical.jpg\" \/>\n\t<meta property=\"og:image:width\" content=\"800\" \/>\n\t<meta property=\"og:image:height\" content=\"800\" \/>\n\t<meta property=\"og:image:type\" content=\"image\/jpeg\" \/>\n<meta name=\"twitter:card\" content=\"summary_large_image\" \/>\n<meta name=\"twitter:label1\" content=\"Dur\u00e9e de lecture estim\u00e9e\" \/>\n\t<meta name=\"twitter:data1\" content=\"1 minute\" \/>\n<script type=\"application\/ld+json\" class=\"yoast-schema-graph\">{\"@context\":\"https:\\\/\\\/schema.org\",\"@graph\":[{\"@type\":\"WebPage\",\"@id\":\"https:\\\/\\\/www.pruvost-sports.com\\\/boutique\\\/produit\\\/seche-mains-vertical\\\/\",\"url\":\"https:\\\/\\\/www.pruvost-sports.com\\\/boutique\\\/produit\\\/seche-mains-vertical\\\/\",\"name\":\"s\u00e8che mains piscine s\u00e8che-mains piscine s\u00e8che mains vertical\",\"isPartOf\":{\"@id\":\"https:\\\/\\\/www.pruvost-sports.com\\\/boutique\\\/#website\"},\"primaryImageOfPage\":{\"@id\":\"https:\\\/\\\/www.pruvost-sports.com\\\/boutique\\\/produit\\\/seche-mains-vertical\\\/#primaryimage\"},\"image\":{\"@id\":\"https:\\\/\\\/www.pruvost-sports.com\\\/boutique\\\/produit\\\/seche-mains-vertical\\\/#primaryimage\"},\"thumbnailUrl\":\"https:\\\/\\\/www.pruvost-sports.com\\\/boutique\\\/wp-content\\\/uploads\\\/2016\\\/06\\\/1063-Seche-mains-vertical.jpg\",\"datePublished\":\"2016-06-13T09:26:02+00:00\",\"dateModified\":\"2024-12-10T13:55:41+00:00\",\"description\":\"S\u00e8che-mains vertical\",\"breadcrumb\":{\"@id\":\"https:\\\/\\\/www.pruvost-sports.com\\\/boutique\\\/produit\\\/seche-mains-vertical\\\/#breadcrumb\"},\"inLanguage\":\"fr-FR\",\"potentialAction\":[{\"@type\":\"ReadAction\",\"target\":[\"https:\\\/\\\/www.pruvost-sports.com\\\/boutique\\\/produit\\\/seche-mains-vertical\\\/\"]}]},{\"@type\":\"ImageObject\",\"inLanguage\":\"fr-FR\",\"@id\":\"https:\\\/\\\/www.pruvost-sports.com\\\/boutique\\\/produit\\\/seche-mains-vertical\\\/#primaryimage\",\"url\":\"https:\\\/\\\/www.pruvost-sports.com\\\/boutique\\\/wp-content\\\/uploads\\\/2016\\\/06\\\/1063-Seche-mains-vertical.jpg\",\"contentUrl\":\"https:\\\/\\\/www.pruvost-sports.com\\\/boutique\\\/wp-content\\\/uploads\\\/2016\\\/06\\\/1063-Seche-mains-vertical.jpg\",\"width\":800,\"height\":800,\"caption\":\"S\u00e8che-mains vertical\"},{\"@type\":\"BreadcrumbList\",\"@id\":\"https:\\\/\\\/www.pruvost-sports.com\\\/boutique\\\/produit\\\/seche-mains-vertical\\\/#breadcrumb\",\"itemListElement\":[{\"@type\":\"ListItem\",\"position\":1,\"name\":\"Accueil\",\"item\":\"https:\\\/\\\/www.pruvost-sports.com\\\/boutique\\\/\"},{\"@type\":\"ListItem\",\"position\":2,\"name\":\"Boutique\",\"item\":\"https:\\\/\\\/www.pruvost-sports.com\\\/boutique\\\/boutique\\\/\"},{\"@type\":\"ListItem\",\"position\":3,\"name\":\"S\u00e8che-mains vertical\"}]},{\"@type\":\"WebSite\",\"@id\":\"https:\\\/\\\/www.pruvost-sports.com\\\/boutique\\\/#website\",\"url\":\"https:\\\/\\\/www.pruvost-sports.com\\\/boutique\\\/\",\"name\":\"Pruvost sport piscine\",\"description\":\"\",\"potentialAction\":[{\"@type\":\"SearchAction\",\"target\":{\"@type\":\"EntryPoint\",\"urlTemplate\":\"https:\\\/\\\/www.pruvost-sports.com\\\/boutique\\\/?s={search_term_string}\"},\"query-input\":{\"@type\":\"PropertyValueSpecification\",\"valueRequired\":true,\"valueName\":\"search_term_string\"}}],\"inLanguage\":\"fr-FR\"}]}<\/script>\n<!-- \/ Yoast SEO plugin. -->","yoast_head_json":{"title":"s\u00e8che mains piscine s\u00e8che-mains piscine s\u00e8che mains vertical","description":"S\u00e8che-mains vertical","robots":{"index":"index","follow":"follow","max-snippet":"max-snippet:-1","max-image-preview":"max-image-preview:large","max-video-preview":"max-video-preview:-1"},"canonical":"https:\/\/www.pruvost-sports.com\/boutique\/produit\/seche-mains-vertical\/","og_locale":"fr_FR","og_type":"article","og_title":"s\u00e8che mains piscine s\u00e8che-mains piscine s\u00e8che mains vertical","og_description":"S\u00e8che-mains vertical","og_url":"https:\/\/www.pruvost-sports.com\/boutique\/produit\/seche-mains-vertical\/","og_site_name":"Pruvost sport piscine","article_modified_time":"2024-12-10T13:55:41+00:00","og_image":[{"width":800,"height":800,"url":"https:\/\/www.pruvost-sports.com\/boutique\/wp-content\/uploads\/2016\/06\/1063-Seche-mains-vertical.jpg","type":"image\/jpeg"}],"twitter_card":"summary_large_image","twitter_misc":{"Dur\u00e9e de lecture estim\u00e9e":"1 minute"},"schema":{"@context":"https:\/\/schema.org","@graph":[{"@type":"WebPage","@id":"https:\/\/www.pruvost-sports.com\/boutique\/produit\/seche-mains-vertical\/","url":"https:\/\/www.pruvost-sports.com\/boutique\/produit\/seche-mains-vertical\/","name":"s\u00e8che mains piscine s\u00e8che-mains piscine s\u00e8che mains vertical","isPartOf":{"@id":"https:\/\/www.pruvost-sports.com\/boutique\/#website"},"primaryImageOfPage":{"@id":"https:\/\/www.pruvost-sports.com\/boutique\/produit\/seche-mains-vertical\/#primaryimage"},"image":{"@id":"https:\/\/www.pruvost-sports.com\/boutique\/produit\/seche-mains-vertical\/#primaryimage"},"thumbnailUrl":"https:\/\/www.pruvost-sports.com\/boutique\/wp-content\/uploads\/2016\/06\/1063-Seche-mains-vertical.jpg","datePublished":"2016-06-13T09:26:02+00:00","dateModified":"2024-12-10T13:55:41+00:00","description":"S\u00e8che-mains vertical","breadcrumb":{"@id":"https:\/\/www.pruvost-sports.com\/boutique\/produit\/seche-mains-vertical\/#breadcrumb"},"inLanguage":"fr-FR","potentialAction":[{"@type":"ReadAction","target":["https:\/\/www.pruvost-sports.com\/boutique\/produit\/seche-mains-vertical\/"]}]},{"@type":"ImageObject","inLanguage":"fr-FR","@id":"https:\/\/www.pruvost-sports.com\/boutique\/produit\/seche-mains-vertical\/#primaryimage","url":"https:\/\/www.pruvost-sports.com\/boutique\/wp-content\/uploads\/2016\/06\/1063-Seche-mains-vertical.jpg","contentUrl":"https:\/\/www.pruvost-sports.com\/boutique\/wp-content\/uploads\/2016\/06\/1063-Seche-mains-vertical.jpg","width":800,"height":800,"caption":"S\u00e8che-mains vertical"},{"@type":"BreadcrumbList","@id":"https:\/\/www.pruvost-sports.com\/boutique\/produit\/seche-mains-vertical\/#breadcrumb","itemListElement":[{"@type":"ListItem","position":1,"name":"Accueil","item":"https:\/\/www.pruvost-sports.com\/boutique\/"},{"@type":"ListItem","position":2,"name":"Boutique","item":"https:\/\/www.pruvost-sports.com\/boutique\/boutique\/"},{"@type":"ListItem","position":3,"name":"S\u00e8che-mains vertical"}]},{"@type":"WebSite","@id":"https:\/\/www.pruvost-sports.com\/boutique\/#website","url":"https:\/\/www.pruvost-sports.com\/boutique\/","name":"Pruvost sport piscine","description":"","potentialAction":[{"@type":"SearchAction","target":{"@type":"EntryPoint","urlTemplate":"https:\/\/www.pruvost-sports.com\/boutique\/?s={search_term_string}"},"query-input":{"@type":"PropertyValueSpecification","valueRequired":true,"valueName":"search_term_string"}}],"inLanguage":"fr-FR"}]}},"_links":{"self":[{"href":"https:\/\/www.pruvost-sports.com\/boutique\/wp-json\/wp\/v2\/product\/3953","targetHints":{"allow":["GET"]}}],"collection":[{"href":"https:\/\/www.pruvost-sports.com\/boutique\/wp-json\/wp\/v2\/product"}],"about":[{"href":"https:\/\/www.pruvost-sports.com\/boutique\/wp-json\/wp\/v2\/types\/product"}],"wp:featuredmedia":[{"embeddable":true,"href":"https:\/\/www.pruvost-sports.com\/boutique\/wp-json\/wp\/v2\/media\/3951"}],"wp:attachment":[{"href":"https:\/\/www.pruvost-sports.com\/boutique\/wp-json\/wp\/v2\/media?parent=3953"}],"wp:term":[{"taxonomy":"product_brand","embeddable":true,"href":"https:\/\/www.pruvost-sports.com\/boutique\/wp-json\/wp\/v2\/product_brand?post=3953"},{"taxonomy":"product_cat","embeddable":true,"href":"https:\/\/www.pruvost-sports.com\/boutique\/wp-json\/wp\/v2\/product_cat?post=3953"},{"taxonomy":"product_tag","embeddable":true,"href":"https:\/\/www.pruvost-sports.com\/boutique\/wp-json\/wp\/v2\/product_tag?post=3953"}],"curies":[{"name":"wp","href":"https:\/\/api.w.org\/{rel}","templated":true}]}}