{"id":3938,"date":"2016-06-02T15:45:59","date_gmt":"2016-06-02T13:45:59","guid":{"rendered":"https:\/\/www.pruvost-sports.com\/boutique\/?product=miroir-de-surveillance-en-inox-o-60-cm"},"modified":"2026-02-03T11:18:19","modified_gmt":"2026-02-03T10:18:19","slug":"miroir-de-surveillance-en-inox-o-60-cm","status":"publish","type":"product","link":"https:\/\/www.pruvost-sports.com\/boutique\/produit\/miroir-de-surveillance-en-inox-o-60-cm\/","title":{"rendered":"Miroir de surveillance en inox"},"content":{"rendered":"<p>Dos en acier galvanis\u00e9<br \/>\nR\u00e9flecteur en inox poli anti-vandalisme, inalt\u00e9rable, <em><strong>tr\u00e8s r\u00e9sistant aux ambiance agressives et chlor\u00e9es.<\/strong><\/em><br \/>\nJoint en PVC noir arm\u00e9 d&rsquo;agrafes m\u00e9talliques.<br \/>\nPoids : 4,2 Kgs<\/p>\n<p>Distance maximale d&rsquo;observation : 12 m\u00e8tres pour le mod\u00e8le\u00a0 \u00d8 60 cm<\/p>\n<p>Distance maximale d&rsquo;observation : 20 m\u00e8tres pour le mod\u00e8le \u00d8 80 cm<\/p>\n<p>Distance maximale d&rsquo;observation : 10 m\u00e8tres pour le mod\u00e8le 40 X 60 cm<\/p>\n<p>Distance maximale d&rsquo;observation : 20 m\u00e8tres pour le mod\u00e8le 60 x 80 cm<\/p>\n<p>Distance maximale d&rsquo;observation : 35 m\u00e8tres pour le mod\u00e8le 80 x 100\u00a0 cm<\/p>\n","protected":false},"excerpt":{"rendered":"<p>Miroir de surveillance en inox<\/p>\n<p>Sp\u00e9cialement con\u00e7u pour Parcs aquatiques, piscines municipales et priv\u00e9es, clubs sportifs, parcs de loisirs et bords de mer.<\/p>\n<p>Fixation sur poteau de 60 \u00e0 90 mm de section ou fixation murale incluse.<\/p>\n","protected":false},"featured_media":9197,"template":"","meta":[],"product_brand":[],"product_cat":[51],"product_tag":[1849,1851,1848,1850],"class_list":{"0":"post-3938","1":"product","2":"type-product","3":"status-publish","4":"has-post-thumbnail","6":"product_cat-surveillance-baignade","7":"product_tag-miroir","8":"product_tag-miroir-de-control","9":"product_tag-miroir-de-surveillance","10":"product_tag-surveillance-baignade","11":"pa_dimensions-40-x-60-cm","12":"pa_dimensions-60-x-80-cm","13":"pa_dimensions-80-x-100-cm","14":"pa_dimensions-o60-cm","15":"pa_dimensions-o80-cm","17":"entry","18":"has-media","20":"first","21":"instock","22":"shipping-taxable","23":"purchasable","24":"product-type-variable","25":"col","26":"span_1_of_4","27":"owp-content-center","28":"owp-thumbs-layout-horizontal","29":"owp-btn-normal","30":"owp-tabs-layout-horizontal"},"yoast_head":"<!-- This site is optimized with the Yoast SEO plugin v27.5 - https:\/\/yoast.com\/product\/yoast-seo-wordpress\/ -->\n<title>miroir de surveillance miroir de control surveillance baignade<\/title>\n<meta name=\"description\" content=\"Miroir de surveillance\" \/>\n<meta name=\"robots\" content=\"index, follow, max-snippet:-1, max-image-preview:large, max-video-preview:-1\" \/>\n<link rel=\"canonical\" href=\"https:\/\/www.pruvost-sports.com\/boutique\/produit\/miroir-de-surveillance-en-inox-o-60-cm\/\" \/>\n<meta property=\"og:locale\" content=\"fr_FR\" \/>\n<meta property=\"og:type\" content=\"article\" \/>\n<meta property=\"og:title\" content=\"miroir de surveillance miroir de control surveillance baignade\" \/>\n<meta property=\"og:description\" content=\"Miroir de surveillance\" \/>\n<meta property=\"og:url\" content=\"https:\/\/www.pruvost-sports.com\/boutique\/produit\/miroir-de-surveillance-en-inox-o-60-cm\/\" \/>\n<meta property=\"og:site_name\" content=\"Pruvost sport piscine\" \/>\n<meta property=\"article:modified_time\" content=\"2026-02-03T10:18:19+00:00\" \/>\n<meta property=\"og:image\" content=\"https:\/\/www.pruvost-sports.com\/boutique\/wp-content\/uploads\/2025\/10\/ST18.jpg\" \/>\n\t<meta property=\"og:image:width\" content=\"1500\" \/>\n\t<meta property=\"og:image:height\" content=\"1251\" \/>\n\t<meta property=\"og:image:type\" content=\"image\/jpeg\" \/>\n<meta name=\"twitter:card\" content=\"summary_large_image\" \/>\n<meta name=\"twitter:label1\" content=\"Dur\u00e9e de lecture estim\u00e9e\" \/>\n\t<meta name=\"twitter:data1\" content=\"1 minute\" \/>\n<script type=\"application\/ld+json\" class=\"yoast-schema-graph\">{\"@context\":\"https:\\\/\\\/schema.org\",\"@graph\":[{\"@type\":\"WebPage\",\"@id\":\"https:\\\/\\\/www.pruvost-sports.com\\\/boutique\\\/produit\\\/miroir-de-surveillance-en-inox-o-60-cm\\\/\",\"url\":\"https:\\\/\\\/www.pruvost-sports.com\\\/boutique\\\/produit\\\/miroir-de-surveillance-en-inox-o-60-cm\\\/\",\"name\":\"miroir de surveillance miroir de control surveillance baignade\",\"isPartOf\":{\"@id\":\"https:\\\/\\\/www.pruvost-sports.com\\\/boutique\\\/#website\"},\"primaryImageOfPage\":{\"@id\":\"https:\\\/\\\/www.pruvost-sports.com\\\/boutique\\\/produit\\\/miroir-de-surveillance-en-inox-o-60-cm\\\/#primaryimage\"},\"image\":{\"@id\":\"https:\\\/\\\/www.pruvost-sports.com\\\/boutique\\\/produit\\\/miroir-de-surveillance-en-inox-o-60-cm\\\/#primaryimage\"},\"thumbnailUrl\":\"https:\\\/\\\/www.pruvost-sports.com\\\/boutique\\\/wp-content\\\/uploads\\\/2025\\\/10\\\/ST18.jpg\",\"datePublished\":\"2016-06-02T13:45:59+00:00\",\"dateModified\":\"2026-02-03T10:18:19+00:00\",\"description\":\"Miroir de surveillance\",\"breadcrumb\":{\"@id\":\"https:\\\/\\\/www.pruvost-sports.com\\\/boutique\\\/produit\\\/miroir-de-surveillance-en-inox-o-60-cm\\\/#breadcrumb\"},\"inLanguage\":\"fr-FR\",\"potentialAction\":[{\"@type\":\"ReadAction\",\"target\":[\"https:\\\/\\\/www.pruvost-sports.com\\\/boutique\\\/produit\\\/miroir-de-surveillance-en-inox-o-60-cm\\\/\"]}]},{\"@type\":\"ImageObject\",\"inLanguage\":\"fr-FR\",\"@id\":\"https:\\\/\\\/www.pruvost-sports.com\\\/boutique\\\/produit\\\/miroir-de-surveillance-en-inox-o-60-cm\\\/#primaryimage\",\"url\":\"https:\\\/\\\/www.pruvost-sports.com\\\/boutique\\\/wp-content\\\/uploads\\\/2025\\\/10\\\/ST18.jpg\",\"contentUrl\":\"https:\\\/\\\/www.pruvost-sports.com\\\/boutique\\\/wp-content\\\/uploads\\\/2025\\\/10\\\/ST18.jpg\",\"width\":1500,\"height\":1251},{\"@type\":\"BreadcrumbList\",\"@id\":\"https:\\\/\\\/www.pruvost-sports.com\\\/boutique\\\/produit\\\/miroir-de-surveillance-en-inox-o-60-cm\\\/#breadcrumb\",\"itemListElement\":[{\"@type\":\"ListItem\",\"position\":1,\"name\":\"Accueil\",\"item\":\"https:\\\/\\\/www.pruvost-sports.com\\\/boutique\\\/\"},{\"@type\":\"ListItem\",\"position\":2,\"name\":\"Boutique\",\"item\":\"https:\\\/\\\/www.pruvost-sports.com\\\/boutique\\\/boutique\\\/\"},{\"@type\":\"ListItem\",\"position\":3,\"name\":\"Miroir de surveillance en inox\"}]},{\"@type\":\"WebSite\",\"@id\":\"https:\\\/\\\/www.pruvost-sports.com\\\/boutique\\\/#website\",\"url\":\"https:\\\/\\\/www.pruvost-sports.com\\\/boutique\\\/\",\"name\":\"Pruvost sport piscine\",\"description\":\"\",\"potentialAction\":[{\"@type\":\"SearchAction\",\"target\":{\"@type\":\"EntryPoint\",\"urlTemplate\":\"https:\\\/\\\/www.pruvost-sports.com\\\/boutique\\\/?s={search_term_string}\"},\"query-input\":{\"@type\":\"PropertyValueSpecification\",\"valueRequired\":true,\"valueName\":\"search_term_string\"}}],\"inLanguage\":\"fr-FR\"}]}<\/script>\n<!-- \/ Yoast SEO plugin. -->","yoast_head_json":{"title":"miroir de surveillance miroir de control surveillance baignade","description":"Miroir de surveillance","robots":{"index":"index","follow":"follow","max-snippet":"max-snippet:-1","max-image-preview":"max-image-preview:large","max-video-preview":"max-video-preview:-1"},"canonical":"https:\/\/www.pruvost-sports.com\/boutique\/produit\/miroir-de-surveillance-en-inox-o-60-cm\/","og_locale":"fr_FR","og_type":"article","og_title":"miroir de surveillance miroir de control surveillance baignade","og_description":"Miroir de surveillance","og_url":"https:\/\/www.pruvost-sports.com\/boutique\/produit\/miroir-de-surveillance-en-inox-o-60-cm\/","og_site_name":"Pruvost sport piscine","article_modified_time":"2026-02-03T10:18:19+00:00","og_image":[{"width":1500,"height":1251,"url":"https:\/\/www.pruvost-sports.com\/boutique\/wp-content\/uploads\/2025\/10\/ST18.jpg","type":"image\/jpeg"}],"twitter_card":"summary_large_image","twitter_misc":{"Dur\u00e9e de lecture estim\u00e9e":"1 minute"},"schema":{"@context":"https:\/\/schema.org","@graph":[{"@type":"WebPage","@id":"https:\/\/www.pruvost-sports.com\/boutique\/produit\/miroir-de-surveillance-en-inox-o-60-cm\/","url":"https:\/\/www.pruvost-sports.com\/boutique\/produit\/miroir-de-surveillance-en-inox-o-60-cm\/","name":"miroir de surveillance miroir de control surveillance baignade","isPartOf":{"@id":"https:\/\/www.pruvost-sports.com\/boutique\/#website"},"primaryImageOfPage":{"@id":"https:\/\/www.pruvost-sports.com\/boutique\/produit\/miroir-de-surveillance-en-inox-o-60-cm\/#primaryimage"},"image":{"@id":"https:\/\/www.pruvost-sports.com\/boutique\/produit\/miroir-de-surveillance-en-inox-o-60-cm\/#primaryimage"},"thumbnailUrl":"https:\/\/www.pruvost-sports.com\/boutique\/wp-content\/uploads\/2025\/10\/ST18.jpg","datePublished":"2016-06-02T13:45:59+00:00","dateModified":"2026-02-03T10:18:19+00:00","description":"Miroir de surveillance","breadcrumb":{"@id":"https:\/\/www.pruvost-sports.com\/boutique\/produit\/miroir-de-surveillance-en-inox-o-60-cm\/#breadcrumb"},"inLanguage":"fr-FR","potentialAction":[{"@type":"ReadAction","target":["https:\/\/www.pruvost-sports.com\/boutique\/produit\/miroir-de-surveillance-en-inox-o-60-cm\/"]}]},{"@type":"ImageObject","inLanguage":"fr-FR","@id":"https:\/\/www.pruvost-sports.com\/boutique\/produit\/miroir-de-surveillance-en-inox-o-60-cm\/#primaryimage","url":"https:\/\/www.pruvost-sports.com\/boutique\/wp-content\/uploads\/2025\/10\/ST18.jpg","contentUrl":"https:\/\/www.pruvost-sports.com\/boutique\/wp-content\/uploads\/2025\/10\/ST18.jpg","width":1500,"height":1251},{"@type":"BreadcrumbList","@id":"https:\/\/www.pruvost-sports.com\/boutique\/produit\/miroir-de-surveillance-en-inox-o-60-cm\/#breadcrumb","itemListElement":[{"@type":"ListItem","position":1,"name":"Accueil","item":"https:\/\/www.pruvost-sports.com\/boutique\/"},{"@type":"ListItem","position":2,"name":"Boutique","item":"https:\/\/www.pruvost-sports.com\/boutique\/boutique\/"},{"@type":"ListItem","position":3,"name":"Miroir de surveillance en inox"}]},{"@type":"WebSite","@id":"https:\/\/www.pruvost-sports.com\/boutique\/#website","url":"https:\/\/www.pruvost-sports.com\/boutique\/","name":"Pruvost sport piscine","description":"","potentialAction":[{"@type":"SearchAction","target":{"@type":"EntryPoint","urlTemplate":"https:\/\/www.pruvost-sports.com\/boutique\/?s={search_term_string}"},"query-input":{"@type":"PropertyValueSpecification","valueRequired":true,"valueName":"search_term_string"}}],"inLanguage":"fr-FR"}]}},"_links":{"self":[{"href":"https:\/\/www.pruvost-sports.com\/boutique\/wp-json\/wp\/v2\/product\/3938","targetHints":{"allow":["GET"]}}],"collection":[{"href":"https:\/\/www.pruvost-sports.com\/boutique\/wp-json\/wp\/v2\/product"}],"about":[{"href":"https:\/\/www.pruvost-sports.com\/boutique\/wp-json\/wp\/v2\/types\/product"}],"wp:featuredmedia":[{"embeddable":true,"href":"https:\/\/www.pruvost-sports.com\/boutique\/wp-json\/wp\/v2\/media\/9197"}],"wp:attachment":[{"href":"https:\/\/www.pruvost-sports.com\/boutique\/wp-json\/wp\/v2\/media?parent=3938"}],"wp:term":[{"taxonomy":"product_brand","embeddable":true,"href":"https:\/\/www.pruvost-sports.com\/boutique\/wp-json\/wp\/v2\/product_brand?post=3938"},{"taxonomy":"product_cat","embeddable":true,"href":"https:\/\/www.pruvost-sports.com\/boutique\/wp-json\/wp\/v2\/product_cat?post=3938"},{"taxonomy":"product_tag","embeddable":true,"href":"https:\/\/www.pruvost-sports.com\/boutique\/wp-json\/wp\/v2\/product_tag?post=3938"}],"curies":[{"name":"wp","href":"https:\/\/api.w.org\/{rel}","templated":true}]}}