{"id":3912,"date":"2016-01-12T15:19:17","date_gmt":"2016-01-12T14:19:17","guid":{"rendered":"https:\/\/www.pruvost-sports.com\/boutique\/?product=plate-forme-de-mise-a-l-eau-pmr"},"modified":"2016-01-12T15:19:17","modified_gmt":"2016-01-12T14:19:17","slug":"plate-forme-de-mise-a-l-eau-pmr","status":"publish","type":"product","link":"https:\/\/www.pruvost-sports.com\/boutique\/produit\/plate-forme-de-mise-a-l-eau-pmr\/","title":{"rendered":"Plate-forme de mise \u00e0 l&rsquo;eau PMR"},"content":{"rendered":"<ul>\n<li>Appareil type ascenseur hydraulique avec 2 v&eacute;rins<\/li>\n<li>Fonction hydraulique sur le r&eacute;seau d&rsquo;eau froide &agrave; 3 bars<\/li>\n<li>Pas de profondeur minimale pour installation<\/li>\n<li>Appareil en <strong>inox 316 L<\/strong> trait&eacute; en &eacute;lectro polissage et en PE HD<\/li>\n<li>Commande mobile embarqu&eacute;e sur plateforme pour l<strong>&rsquo;autonomie<\/strong><\/li>\n<li><strong>Pas de transfert en bord de bassin<\/strong><\/li>\n<li><strong>Une polyvalence<\/strong> avec une utilisation en fauteuil ou debout<\/li>\n<li>Possibilit&eacute; de commande de rappel sur ch&acirc;ssis<\/li>\n<li><strong>Appareil mobile<\/strong> sur plusieurs bassins<\/li>\n<li>Fixation par syst&egrave;me de notre conception fixe (fournies pour chaque bassin avec coupelle de protection)<\/li>\n<li>Charge utile de 150 Kg<\/li>\n<li>Appareil de fabrication Fran&ccedil;aise<\/li>\n<li>Appareil certifi&eacute; CE<\/li>\n<li>Installation simple et rapide par une personne<\/li>\n<\/ul>\n","protected":false},"excerpt":{"rendered":"<p>Appareil type ascenseur hydraulique avec 2 v&eacute;rins Fonction hydraulique sur le r&eacute;seau d&rsquo;eau froide &agrave; 3 bars Pas de profondeur minimale pour installation Appareil en inox 316 L trait&eacute; en &eacute;lectro polissage et en PE HD Commande mobile embarqu&eacute;e sur plateforme pour l&rsquo;autonomie Pas de transfert en bord de bassin Une polyvalence avec une utilisation [&hellip;]<\/p>\n","protected":false},"featured_media":3911,"template":"","meta":[],"product_brand":[],"product_cat":[81],"product_tag":[747,1842,1841],"class_list":{"0":"post-3912","1":"product","2":"type-product","3":"status-publish","4":"has-post-thumbnail","6":"product_cat-aide-aux-pmr","7":"product_tag-mise-a-leau-pmr","8":"product_tag-plate-forme-mise-a-leau","9":"product_tag-plate-forme-pmr","11":"entry","12":"has-media","14":"first","15":"instock","16":"shipping-taxable","17":"purchasable","18":"product-type-simple","19":"col","20":"span_1_of_4","21":"owp-content-center","22":"owp-thumbs-layout-horizontal","23":"owp-btn-normal","24":"owp-tabs-layout-horizontal","25":"has-no-thumbnails"},"yoast_head":"<!-- This site is optimized with the Yoast SEO plugin v27.5 - https:\/\/yoast.com\/product\/yoast-seo-wordpress\/ -->\n<title>plate-forme mise \u00e0 l&#039;eau PMR plate-forme mise \u00e0 l&#039;eau fauteuil<\/title>\n<meta name=\"description\" content=\"Plate-forme mise \u00e0 l&#039;eau\" \/>\n<meta name=\"robots\" content=\"index, follow, max-snippet:-1, max-image-preview:large, max-video-preview:-1\" \/>\n<link rel=\"canonical\" href=\"https:\/\/www.pruvost-sports.com\/boutique\/produit\/plate-forme-de-mise-a-l-eau-pmr\/\" \/>\n<meta property=\"og:locale\" content=\"fr_FR\" \/>\n<meta property=\"og:type\" content=\"article\" \/>\n<meta property=\"og:title\" content=\"plate-forme mise \u00e0 l&#039;eau PMR plate-forme mise \u00e0 l&#039;eau fauteuil\" \/>\n<meta property=\"og:description\" content=\"Plate-forme mise \u00e0 l&#039;eau\" \/>\n<meta property=\"og:url\" content=\"https:\/\/www.pruvost-sports.com\/boutique\/produit\/plate-forme-de-mise-a-l-eau-pmr\/\" \/>\n<meta property=\"og:site_name\" content=\"Pruvost sport piscine\" \/>\n<meta property=\"og:image\" content=\"https:\/\/www.pruvost-sports.com\/boutique\/wp-content\/uploads\/2016\/01\/1036-Plate-forme-de-mise-a-leau-PMR.jpg\" \/>\n\t<meta property=\"og:image:width\" content=\"1920\" \/>\n\t<meta property=\"og:image:height\" content=\"1080\" \/>\n\t<meta property=\"og:image:type\" content=\"image\/jpeg\" \/>\n<meta name=\"twitter:card\" content=\"summary_large_image\" \/>\n<meta name=\"twitter:label1\" content=\"Dur\u00e9e de lecture estim\u00e9e\" \/>\n\t<meta name=\"twitter:data1\" content=\"1 minute\" \/>\n<script type=\"application\/ld+json\" class=\"yoast-schema-graph\">{\"@context\":\"https:\\\/\\\/schema.org\",\"@graph\":[{\"@type\":\"WebPage\",\"@id\":\"https:\\\/\\\/www.pruvost-sports.com\\\/boutique\\\/produit\\\/plate-forme-de-mise-a-l-eau-pmr\\\/\",\"url\":\"https:\\\/\\\/www.pruvost-sports.com\\\/boutique\\\/produit\\\/plate-forme-de-mise-a-l-eau-pmr\\\/\",\"name\":\"plate-forme mise \u00e0 l'eau PMR plate-forme mise \u00e0 l'eau fauteuil\",\"isPartOf\":{\"@id\":\"https:\\\/\\\/www.pruvost-sports.com\\\/boutique\\\/#website\"},\"primaryImageOfPage\":{\"@id\":\"https:\\\/\\\/www.pruvost-sports.com\\\/boutique\\\/produit\\\/plate-forme-de-mise-a-l-eau-pmr\\\/#primaryimage\"},\"image\":{\"@id\":\"https:\\\/\\\/www.pruvost-sports.com\\\/boutique\\\/produit\\\/plate-forme-de-mise-a-l-eau-pmr\\\/#primaryimage\"},\"thumbnailUrl\":\"https:\\\/\\\/www.pruvost-sports.com\\\/boutique\\\/wp-content\\\/uploads\\\/2016\\\/01\\\/1036-Plate-forme-de-mise-a-leau-PMR.jpg\",\"datePublished\":\"2016-01-12T14:19:17+00:00\",\"description\":\"Plate-forme mise \u00e0 l'eau\",\"breadcrumb\":{\"@id\":\"https:\\\/\\\/www.pruvost-sports.com\\\/boutique\\\/produit\\\/plate-forme-de-mise-a-l-eau-pmr\\\/#breadcrumb\"},\"inLanguage\":\"fr-FR\",\"potentialAction\":[{\"@type\":\"ReadAction\",\"target\":[\"https:\\\/\\\/www.pruvost-sports.com\\\/boutique\\\/produit\\\/plate-forme-de-mise-a-l-eau-pmr\\\/\"]}]},{\"@type\":\"ImageObject\",\"inLanguage\":\"fr-FR\",\"@id\":\"https:\\\/\\\/www.pruvost-sports.com\\\/boutique\\\/produit\\\/plate-forme-de-mise-a-l-eau-pmr\\\/#primaryimage\",\"url\":\"https:\\\/\\\/www.pruvost-sports.com\\\/boutique\\\/wp-content\\\/uploads\\\/2016\\\/01\\\/1036-Plate-forme-de-mise-a-leau-PMR.jpg\",\"contentUrl\":\"https:\\\/\\\/www.pruvost-sports.com\\\/boutique\\\/wp-content\\\/uploads\\\/2016\\\/01\\\/1036-Plate-forme-de-mise-a-leau-PMR.jpg\",\"width\":1500,\"height\":844,\"caption\":\"Plate-forme de mise \u00e0 l'eau PMR\"},{\"@type\":\"BreadcrumbList\",\"@id\":\"https:\\\/\\\/www.pruvost-sports.com\\\/boutique\\\/produit\\\/plate-forme-de-mise-a-l-eau-pmr\\\/#breadcrumb\",\"itemListElement\":[{\"@type\":\"ListItem\",\"position\":1,\"name\":\"Accueil\",\"item\":\"https:\\\/\\\/www.pruvost-sports.com\\\/boutique\\\/\"},{\"@type\":\"ListItem\",\"position\":2,\"name\":\"Boutique\",\"item\":\"https:\\\/\\\/www.pruvost-sports.com\\\/boutique\\\/boutique\\\/\"},{\"@type\":\"ListItem\",\"position\":3,\"name\":\"Plate-forme de mise \u00e0 l&rsquo;eau PMR\"}]},{\"@type\":\"WebSite\",\"@id\":\"https:\\\/\\\/www.pruvost-sports.com\\\/boutique\\\/#website\",\"url\":\"https:\\\/\\\/www.pruvost-sports.com\\\/boutique\\\/\",\"name\":\"Pruvost sport piscine\",\"description\":\"\",\"potentialAction\":[{\"@type\":\"SearchAction\",\"target\":{\"@type\":\"EntryPoint\",\"urlTemplate\":\"https:\\\/\\\/www.pruvost-sports.com\\\/boutique\\\/?s={search_term_string}\"},\"query-input\":{\"@type\":\"PropertyValueSpecification\",\"valueRequired\":true,\"valueName\":\"search_term_string\"}}],\"inLanguage\":\"fr-FR\"}]}<\/script>\n<!-- \/ Yoast SEO plugin. -->","yoast_head_json":{"title":"plate-forme mise \u00e0 l'eau PMR plate-forme mise \u00e0 l'eau fauteuil","description":"Plate-forme mise \u00e0 l'eau","robots":{"index":"index","follow":"follow","max-snippet":"max-snippet:-1","max-image-preview":"max-image-preview:large","max-video-preview":"max-video-preview:-1"},"canonical":"https:\/\/www.pruvost-sports.com\/boutique\/produit\/plate-forme-de-mise-a-l-eau-pmr\/","og_locale":"fr_FR","og_type":"article","og_title":"plate-forme mise \u00e0 l'eau PMR plate-forme mise \u00e0 l'eau fauteuil","og_description":"Plate-forme mise \u00e0 l'eau","og_url":"https:\/\/www.pruvost-sports.com\/boutique\/produit\/plate-forme-de-mise-a-l-eau-pmr\/","og_site_name":"Pruvost sport piscine","og_image":[{"width":1920,"height":1080,"url":"https:\/\/www.pruvost-sports.com\/boutique\/wp-content\/uploads\/2016\/01\/1036-Plate-forme-de-mise-a-leau-PMR.jpg","type":"image\/jpeg"}],"twitter_card":"summary_large_image","twitter_misc":{"Dur\u00e9e de lecture estim\u00e9e":"1 minute"},"schema":{"@context":"https:\/\/schema.org","@graph":[{"@type":"WebPage","@id":"https:\/\/www.pruvost-sports.com\/boutique\/produit\/plate-forme-de-mise-a-l-eau-pmr\/","url":"https:\/\/www.pruvost-sports.com\/boutique\/produit\/plate-forme-de-mise-a-l-eau-pmr\/","name":"plate-forme mise \u00e0 l'eau PMR plate-forme mise \u00e0 l'eau fauteuil","isPartOf":{"@id":"https:\/\/www.pruvost-sports.com\/boutique\/#website"},"primaryImageOfPage":{"@id":"https:\/\/www.pruvost-sports.com\/boutique\/produit\/plate-forme-de-mise-a-l-eau-pmr\/#primaryimage"},"image":{"@id":"https:\/\/www.pruvost-sports.com\/boutique\/produit\/plate-forme-de-mise-a-l-eau-pmr\/#primaryimage"},"thumbnailUrl":"https:\/\/www.pruvost-sports.com\/boutique\/wp-content\/uploads\/2016\/01\/1036-Plate-forme-de-mise-a-leau-PMR.jpg","datePublished":"2016-01-12T14:19:17+00:00","description":"Plate-forme mise \u00e0 l'eau","breadcrumb":{"@id":"https:\/\/www.pruvost-sports.com\/boutique\/produit\/plate-forme-de-mise-a-l-eau-pmr\/#breadcrumb"},"inLanguage":"fr-FR","potentialAction":[{"@type":"ReadAction","target":["https:\/\/www.pruvost-sports.com\/boutique\/produit\/plate-forme-de-mise-a-l-eau-pmr\/"]}]},{"@type":"ImageObject","inLanguage":"fr-FR","@id":"https:\/\/www.pruvost-sports.com\/boutique\/produit\/plate-forme-de-mise-a-l-eau-pmr\/#primaryimage","url":"https:\/\/www.pruvost-sports.com\/boutique\/wp-content\/uploads\/2016\/01\/1036-Plate-forme-de-mise-a-leau-PMR.jpg","contentUrl":"https:\/\/www.pruvost-sports.com\/boutique\/wp-content\/uploads\/2016\/01\/1036-Plate-forme-de-mise-a-leau-PMR.jpg","width":1500,"height":844,"caption":"Plate-forme de mise \u00e0 l'eau PMR"},{"@type":"BreadcrumbList","@id":"https:\/\/www.pruvost-sports.com\/boutique\/produit\/plate-forme-de-mise-a-l-eau-pmr\/#breadcrumb","itemListElement":[{"@type":"ListItem","position":1,"name":"Accueil","item":"https:\/\/www.pruvost-sports.com\/boutique\/"},{"@type":"ListItem","position":2,"name":"Boutique","item":"https:\/\/www.pruvost-sports.com\/boutique\/boutique\/"},{"@type":"ListItem","position":3,"name":"Plate-forme de mise \u00e0 l&rsquo;eau PMR"}]},{"@type":"WebSite","@id":"https:\/\/www.pruvost-sports.com\/boutique\/#website","url":"https:\/\/www.pruvost-sports.com\/boutique\/","name":"Pruvost sport piscine","description":"","potentialAction":[{"@type":"SearchAction","target":{"@type":"EntryPoint","urlTemplate":"https:\/\/www.pruvost-sports.com\/boutique\/?s={search_term_string}"},"query-input":{"@type":"PropertyValueSpecification","valueRequired":true,"valueName":"search_term_string"}}],"inLanguage":"fr-FR"}]}},"_links":{"self":[{"href":"https:\/\/www.pruvost-sports.com\/boutique\/wp-json\/wp\/v2\/product\/3912","targetHints":{"allow":["GET"]}}],"collection":[{"href":"https:\/\/www.pruvost-sports.com\/boutique\/wp-json\/wp\/v2\/product"}],"about":[{"href":"https:\/\/www.pruvost-sports.com\/boutique\/wp-json\/wp\/v2\/types\/product"}],"wp:featuredmedia":[{"embeddable":true,"href":"https:\/\/www.pruvost-sports.com\/boutique\/wp-json\/wp\/v2\/media\/3911"}],"wp:attachment":[{"href":"https:\/\/www.pruvost-sports.com\/boutique\/wp-json\/wp\/v2\/media?parent=3912"}],"wp:term":[{"taxonomy":"product_brand","embeddable":true,"href":"https:\/\/www.pruvost-sports.com\/boutique\/wp-json\/wp\/v2\/product_brand?post=3912"},{"taxonomy":"product_cat","embeddable":true,"href":"https:\/\/www.pruvost-sports.com\/boutique\/wp-json\/wp\/v2\/product_cat?post=3912"},{"taxonomy":"product_tag","embeddable":true,"href":"https:\/\/www.pruvost-sports.com\/boutique\/wp-json\/wp\/v2\/product_tag?post=3912"}],"curies":[{"name":"wp","href":"https:\/\/api.w.org\/{rel}","templated":true}]}}