{"id":3670,"date":"2015-11-10T15:19:27","date_gmt":"2015-11-10T14:19:27","guid":{"rendered":"https:\/\/www.pruvost-sports.com\/boutique\/?product=thermometre-a-sonde-digital"},"modified":"2015-11-10T15:19:27","modified_gmt":"2015-11-10T14:19:27","slug":"thermometre-a-sonde-digital","status":"publish","type":"product","link":"https:\/\/www.pruvost-sports.com\/boutique\/produit\/thermometre-a-sonde-digital\/","title":{"rendered":"Thermom\u00e8tre \u00e0 sonde digital"},"content":{"rendered":"<p>&#8211; Temp&eacute;rature : -50&deg;C &agrave; +300&deg;C<br \/> -Pr&eacute;cision : &plusmn; 1&deg;C \/ R&eacute;solution 0,1<br \/> -Unit&eacute; : &deg;C \/ &deg;F<br \/> -Fonction Maxi \/ Mini \/ Hold<br \/> -Sonde inox &Oslash; 3,5x100mm \/ Manche ABS 8cm<br \/> -Boitier, sonde et manche &eacute;tanche IP67<br \/> -Pince \/ B&eacute;quille<br \/> -Ecran 40x15mm<br \/> -Dim : 105x65x25mm \/ 150g<br \/> -Pile AAA<\/p>\n","protected":false},"excerpt":{"rendered":"<p>Thermol&egrave;tre &agrave; sonde &eacute;tanche &agrave; l&rsquo;immersion avec fonction Maxi, Mini et Hold \u00ab\u00a0valeur fig&eacute;e\u00a0\u00bb<\/p>\n","protected":false},"featured_media":3669,"template":"","meta":[],"product_brand":[],"product_cat":[85],"product_tag":[1788,1789,468],"class_list":{"0":"post-3670","1":"product","2":"type-product","3":"status-publish","4":"has-post-thumbnail","6":"product_cat-horloges-et-thermometres","7":"product_tag-thermometre-a-sonde","8":"product_tag-thermometre-digital","9":"product_tag-thermometre-piscine","11":"entry","12":"has-media","14":"first","15":"instock","16":"shipping-taxable","17":"purchasable","18":"product-type-simple","19":"col","20":"span_1_of_4","21":"owp-content-center","22":"owp-thumbs-layout-horizontal","23":"owp-btn-normal","24":"owp-tabs-layout-horizontal","25":"has-no-thumbnails"},"yoast_head":"<!-- This site is optimized with the Yoast SEO plugin v27.5 - https:\/\/yoast.com\/product\/yoast-seo-wordpress\/ -->\n<title>thermom\u00e8tre sonde thermom\u00e8tre digital thermom\u00e8tre piscine<\/title>\n<meta name=\"description\" content=\"Thermom\u00e8tre \u00e0 sonde digital\" \/>\n<meta name=\"robots\" content=\"index, follow, max-snippet:-1, max-image-preview:large, max-video-preview:-1\" \/>\n<link rel=\"canonical\" href=\"https:\/\/www.pruvost-sports.com\/boutique\/produit\/thermometre-a-sonde-digital\/\" \/>\n<meta property=\"og:locale\" content=\"fr_FR\" \/>\n<meta property=\"og:type\" content=\"article\" \/>\n<meta property=\"og:title\" content=\"thermom\u00e8tre sonde thermom\u00e8tre digital thermom\u00e8tre piscine\" \/>\n<meta property=\"og:description\" content=\"Thermom\u00e8tre \u00e0 sonde digital\" \/>\n<meta property=\"og:url\" content=\"https:\/\/www.pruvost-sports.com\/boutique\/produit\/thermometre-a-sonde-digital\/\" \/>\n<meta property=\"og:site_name\" content=\"Pruvost sport piscine\" \/>\n<meta property=\"og:image\" content=\"https:\/\/www.pruvost-sports.com\/boutique\/wp-content\/uploads\/2015\/11\/977-Thermometre-a-sonde-digital.jpg\" \/>\n\t<meta property=\"og:image:width\" content=\"600\" \/>\n\t<meta property=\"og:image:height\" content=\"600\" \/>\n\t<meta property=\"og:image:type\" content=\"image\/jpeg\" \/>\n<meta name=\"twitter:card\" content=\"summary_large_image\" \/>\n<script type=\"application\/ld+json\" class=\"yoast-schema-graph\">{\"@context\":\"https:\\\/\\\/schema.org\",\"@graph\":[{\"@type\":\"WebPage\",\"@id\":\"https:\\\/\\\/www.pruvost-sports.com\\\/boutique\\\/produit\\\/thermometre-a-sonde-digital\\\/\",\"url\":\"https:\\\/\\\/www.pruvost-sports.com\\\/boutique\\\/produit\\\/thermometre-a-sonde-digital\\\/\",\"name\":\"thermom\u00e8tre sonde thermom\u00e8tre digital thermom\u00e8tre piscine\",\"isPartOf\":{\"@id\":\"https:\\\/\\\/www.pruvost-sports.com\\\/boutique\\\/#website\"},\"primaryImageOfPage\":{\"@id\":\"https:\\\/\\\/www.pruvost-sports.com\\\/boutique\\\/produit\\\/thermometre-a-sonde-digital\\\/#primaryimage\"},\"image\":{\"@id\":\"https:\\\/\\\/www.pruvost-sports.com\\\/boutique\\\/produit\\\/thermometre-a-sonde-digital\\\/#primaryimage\"},\"thumbnailUrl\":\"https:\\\/\\\/www.pruvost-sports.com\\\/boutique\\\/wp-content\\\/uploads\\\/2015\\\/11\\\/977-Thermometre-a-sonde-digital.jpg\",\"datePublished\":\"2015-11-10T14:19:27+00:00\",\"description\":\"Thermom\u00e8tre \u00e0 sonde digital\",\"breadcrumb\":{\"@id\":\"https:\\\/\\\/www.pruvost-sports.com\\\/boutique\\\/produit\\\/thermometre-a-sonde-digital\\\/#breadcrumb\"},\"inLanguage\":\"fr-FR\",\"potentialAction\":[{\"@type\":\"ReadAction\",\"target\":[\"https:\\\/\\\/www.pruvost-sports.com\\\/boutique\\\/produit\\\/thermometre-a-sonde-digital\\\/\"]}]},{\"@type\":\"ImageObject\",\"inLanguage\":\"fr-FR\",\"@id\":\"https:\\\/\\\/www.pruvost-sports.com\\\/boutique\\\/produit\\\/thermometre-a-sonde-digital\\\/#primaryimage\",\"url\":\"https:\\\/\\\/www.pruvost-sports.com\\\/boutique\\\/wp-content\\\/uploads\\\/2015\\\/11\\\/977-Thermometre-a-sonde-digital.jpg\",\"contentUrl\":\"https:\\\/\\\/www.pruvost-sports.com\\\/boutique\\\/wp-content\\\/uploads\\\/2015\\\/11\\\/977-Thermometre-a-sonde-digital.jpg\",\"width\":600,\"height\":600,\"caption\":\"Thermom\u00e8tre \u00e0 sonde digital\"},{\"@type\":\"BreadcrumbList\",\"@id\":\"https:\\\/\\\/www.pruvost-sports.com\\\/boutique\\\/produit\\\/thermometre-a-sonde-digital\\\/#breadcrumb\",\"itemListElement\":[{\"@type\":\"ListItem\",\"position\":1,\"name\":\"Accueil\",\"item\":\"https:\\\/\\\/www.pruvost-sports.com\\\/boutique\\\/\"},{\"@type\":\"ListItem\",\"position\":2,\"name\":\"Boutique\",\"item\":\"https:\\\/\\\/www.pruvost-sports.com\\\/boutique\\\/boutique\\\/\"},{\"@type\":\"ListItem\",\"position\":3,\"name\":\"Thermom\u00e8tre \u00e0 sonde digital\"}]},{\"@type\":\"WebSite\",\"@id\":\"https:\\\/\\\/www.pruvost-sports.com\\\/boutique\\\/#website\",\"url\":\"https:\\\/\\\/www.pruvost-sports.com\\\/boutique\\\/\",\"name\":\"Pruvost sport piscine\",\"description\":\"\",\"potentialAction\":[{\"@type\":\"SearchAction\",\"target\":{\"@type\":\"EntryPoint\",\"urlTemplate\":\"https:\\\/\\\/www.pruvost-sports.com\\\/boutique\\\/?s={search_term_string}\"},\"query-input\":{\"@type\":\"PropertyValueSpecification\",\"valueRequired\":true,\"valueName\":\"search_term_string\"}}],\"inLanguage\":\"fr-FR\"}]}<\/script>\n<!-- \/ Yoast SEO plugin. -->","yoast_head_json":{"title":"thermom\u00e8tre sonde thermom\u00e8tre digital thermom\u00e8tre piscine","description":"Thermom\u00e8tre \u00e0 sonde digital","robots":{"index":"index","follow":"follow","max-snippet":"max-snippet:-1","max-image-preview":"max-image-preview:large","max-video-preview":"max-video-preview:-1"},"canonical":"https:\/\/www.pruvost-sports.com\/boutique\/produit\/thermometre-a-sonde-digital\/","og_locale":"fr_FR","og_type":"article","og_title":"thermom\u00e8tre sonde thermom\u00e8tre digital thermom\u00e8tre piscine","og_description":"Thermom\u00e8tre \u00e0 sonde digital","og_url":"https:\/\/www.pruvost-sports.com\/boutique\/produit\/thermometre-a-sonde-digital\/","og_site_name":"Pruvost sport piscine","og_image":[{"width":600,"height":600,"url":"https:\/\/www.pruvost-sports.com\/boutique\/wp-content\/uploads\/2015\/11\/977-Thermometre-a-sonde-digital.jpg","type":"image\/jpeg"}],"twitter_card":"summary_large_image","schema":{"@context":"https:\/\/schema.org","@graph":[{"@type":"WebPage","@id":"https:\/\/www.pruvost-sports.com\/boutique\/produit\/thermometre-a-sonde-digital\/","url":"https:\/\/www.pruvost-sports.com\/boutique\/produit\/thermometre-a-sonde-digital\/","name":"thermom\u00e8tre sonde thermom\u00e8tre digital thermom\u00e8tre piscine","isPartOf":{"@id":"https:\/\/www.pruvost-sports.com\/boutique\/#website"},"primaryImageOfPage":{"@id":"https:\/\/www.pruvost-sports.com\/boutique\/produit\/thermometre-a-sonde-digital\/#primaryimage"},"image":{"@id":"https:\/\/www.pruvost-sports.com\/boutique\/produit\/thermometre-a-sonde-digital\/#primaryimage"},"thumbnailUrl":"https:\/\/www.pruvost-sports.com\/boutique\/wp-content\/uploads\/2015\/11\/977-Thermometre-a-sonde-digital.jpg","datePublished":"2015-11-10T14:19:27+00:00","description":"Thermom\u00e8tre \u00e0 sonde digital","breadcrumb":{"@id":"https:\/\/www.pruvost-sports.com\/boutique\/produit\/thermometre-a-sonde-digital\/#breadcrumb"},"inLanguage":"fr-FR","potentialAction":[{"@type":"ReadAction","target":["https:\/\/www.pruvost-sports.com\/boutique\/produit\/thermometre-a-sonde-digital\/"]}]},{"@type":"ImageObject","inLanguage":"fr-FR","@id":"https:\/\/www.pruvost-sports.com\/boutique\/produit\/thermometre-a-sonde-digital\/#primaryimage","url":"https:\/\/www.pruvost-sports.com\/boutique\/wp-content\/uploads\/2015\/11\/977-Thermometre-a-sonde-digital.jpg","contentUrl":"https:\/\/www.pruvost-sports.com\/boutique\/wp-content\/uploads\/2015\/11\/977-Thermometre-a-sonde-digital.jpg","width":600,"height":600,"caption":"Thermom\u00e8tre \u00e0 sonde digital"},{"@type":"BreadcrumbList","@id":"https:\/\/www.pruvost-sports.com\/boutique\/produit\/thermometre-a-sonde-digital\/#breadcrumb","itemListElement":[{"@type":"ListItem","position":1,"name":"Accueil","item":"https:\/\/www.pruvost-sports.com\/boutique\/"},{"@type":"ListItem","position":2,"name":"Boutique","item":"https:\/\/www.pruvost-sports.com\/boutique\/boutique\/"},{"@type":"ListItem","position":3,"name":"Thermom\u00e8tre \u00e0 sonde digital"}]},{"@type":"WebSite","@id":"https:\/\/www.pruvost-sports.com\/boutique\/#website","url":"https:\/\/www.pruvost-sports.com\/boutique\/","name":"Pruvost sport piscine","description":"","potentialAction":[{"@type":"SearchAction","target":{"@type":"EntryPoint","urlTemplate":"https:\/\/www.pruvost-sports.com\/boutique\/?s={search_term_string}"},"query-input":{"@type":"PropertyValueSpecification","valueRequired":true,"valueName":"search_term_string"}}],"inLanguage":"fr-FR"}]}},"_links":{"self":[{"href":"https:\/\/www.pruvost-sports.com\/boutique\/wp-json\/wp\/v2\/product\/3670","targetHints":{"allow":["GET"]}}],"collection":[{"href":"https:\/\/www.pruvost-sports.com\/boutique\/wp-json\/wp\/v2\/product"}],"about":[{"href":"https:\/\/www.pruvost-sports.com\/boutique\/wp-json\/wp\/v2\/types\/product"}],"wp:featuredmedia":[{"embeddable":true,"href":"https:\/\/www.pruvost-sports.com\/boutique\/wp-json\/wp\/v2\/media\/3669"}],"wp:attachment":[{"href":"https:\/\/www.pruvost-sports.com\/boutique\/wp-json\/wp\/v2\/media?parent=3670"}],"wp:term":[{"taxonomy":"product_brand","embeddable":true,"href":"https:\/\/www.pruvost-sports.com\/boutique\/wp-json\/wp\/v2\/product_brand?post=3670"},{"taxonomy":"product_cat","embeddable":true,"href":"https:\/\/www.pruvost-sports.com\/boutique\/wp-json\/wp\/v2\/product_cat?post=3670"},{"taxonomy":"product_tag","embeddable":true,"href":"https:\/\/www.pruvost-sports.com\/boutique\/wp-json\/wp\/v2\/product_tag?post=3670"}],"curies":[{"name":"wp","href":"https:\/\/api.w.org\/{rel}","templated":true}]}}