{"id":3509,"date":"2015-08-18T16:37:37","date_gmt":"2015-08-18T14:37:37","guid":{"rendered":"https:\/\/www.pruvost-sports.com\/boutique\/?product=photometre-pc-multi-direct"},"modified":"2024-12-04T09:56:51","modified_gmt":"2024-12-04T08:56:51","slug":"photometre-pc-multi-direct","status":"publish","type":"product","link":"https:\/\/www.pruvost-sports.com\/boutique\/produit\/photometre-pc-multi-direct\/","title":{"rendered":"Photom\u00e8tre PC Multi-direct"},"content":{"rendered":"<p><strong><span style=\"text-decoration: underline;\">Contenu de la malette:<\/span><\/strong><\/p>\n<ul>\n<li>Photom\u00e8tre<\/li>\n<li>Piles rechargeables, 7 x AA NiMH 1100mAh<\/li>\n<li>Chargeur secteur, 100-240 V<\/li>\n<li>C\u00e2ble de connexion au PC , RS232<\/li>\n<li>3 flacons \u00d8 24 mm<\/li>\n<li>3 flacons \u00d8 16 mm<\/li>\n<li>2 adaptateurs pour flacon pour tube \u00d8 16 mm et 13 mm<\/li>\n<li>3 seringues 1 ml, 5ml et 10 ml<\/li>\n<li>Gobelet en plastique 100 ml<\/li>\n<li>Mode d&#8217;emploi et la feuille de garantie<\/li>\n<\/ul>\n","protected":false},"excerpt":{"rendered":"<p>Le Photom\u00e8tre PC Multi-direct permet d&rsquo;analyser jusqu&rsquo;a 44 param\u00e8tres:<\/p>\n<p>Alcalinit\u00e9 totale<br \/>\nAluminium<br \/>\nAmmoniaque<br \/>\nBiguanides (PHMB)<br \/>\nDioxyde de chlore<br \/>\nBrome<br \/>\nChlore<br \/>\nCuivre<br \/>\nDuret\u00e9 calcique<br \/>\nDuret\u00e9 totale<br \/>\nFer<br \/>\nHypochlorite de sodium<br \/>\nIndice de Langelier<br \/>\nIode<br \/>\nOxyg\u00e8ne actif<br \/>\nOzone<br \/>\nPeroxyde d&rsquo;hydrog\u00e8ne<br \/>\npH<br \/>\nPhosphate<br \/>\nStabilisant (Acide cyanurique)<br \/>\nSulfateUr\u00e9e<br \/>\nWater-Balance<\/p>\n","protected":false},"featured_media":3508,"template":"","meta":[],"product_brand":[],"product_cat":[60],"product_tag":[1685,1688,1687],"class_list":{"0":"post-3509","1":"product","2":"type-product","3":"status-publish","4":"has-post-thumbnail","6":"product_cat-analyse-et-produit-de-traitement","7":"product_tag-photometre","8":"product_tag-photometre-multi-direct","9":"product_tag-photometre-piscine","11":"entry","12":"has-media","14":"first","15":"instock","16":"shipping-taxable","17":"purchasable","18":"product-type-simple","19":"col","20":"span_1_of_4","21":"owp-content-center","22":"owp-thumbs-layout-horizontal","23":"owp-btn-normal","24":"owp-tabs-layout-horizontal","25":"has-no-thumbnails"},"yoast_head":"<!-- This site is optimized with the Yoast SEO plugin v27.5 - https:\/\/yoast.com\/product\/yoast-seo-wordpress\/ -->\n<title>photom\u00e8tre photom\u00e8tre piscine photom\u00e8tre multi-direct<\/title>\n<meta name=\"description\" content=\"Photom\u00e8tre Multi-direct\" \/>\n<meta name=\"robots\" content=\"index, follow, max-snippet:-1, max-image-preview:large, max-video-preview:-1\" \/>\n<link rel=\"canonical\" href=\"https:\/\/www.pruvost-sports.com\/boutique\/produit\/photometre-pc-multi-direct\/\" \/>\n<meta property=\"og:locale\" content=\"fr_FR\" \/>\n<meta property=\"og:type\" content=\"article\" \/>\n<meta property=\"og:title\" content=\"photom\u00e8tre photom\u00e8tre piscine photom\u00e8tre multi-direct\" \/>\n<meta property=\"og:description\" content=\"Photom\u00e8tre Multi-direct\" \/>\n<meta property=\"og:url\" content=\"https:\/\/www.pruvost-sports.com\/boutique\/produit\/photometre-pc-multi-direct\/\" \/>\n<meta property=\"og:site_name\" content=\"Pruvost sport piscine\" \/>\n<meta property=\"article:modified_time\" content=\"2024-12-04T08:56:51+00:00\" \/>\n<meta property=\"og:image\" content=\"https:\/\/www.pruvost-sports.com\/boutique\/wp-content\/uploads\/2015\/08\/920-Photometre-PC-Multi-direct.jpg\" \/>\n\t<meta property=\"og:image:width\" content=\"800\" \/>\n\t<meta property=\"og:image:height\" content=\"800\" \/>\n\t<meta property=\"og:image:type\" content=\"image\/jpeg\" \/>\n<meta name=\"twitter:card\" content=\"summary_large_image\" \/>\n<meta name=\"twitter:label1\" content=\"Dur\u00e9e de lecture estim\u00e9e\" \/>\n\t<meta name=\"twitter:data1\" content=\"1 minute\" \/>\n<script type=\"application\/ld+json\" class=\"yoast-schema-graph\">{\"@context\":\"https:\\\/\\\/schema.org\",\"@graph\":[{\"@type\":\"WebPage\",\"@id\":\"https:\\\/\\\/www.pruvost-sports.com\\\/boutique\\\/produit\\\/photometre-pc-multi-direct\\\/\",\"url\":\"https:\\\/\\\/www.pruvost-sports.com\\\/boutique\\\/produit\\\/photometre-pc-multi-direct\\\/\",\"name\":\"photom\u00e8tre photom\u00e8tre piscine photom\u00e8tre multi-direct\",\"isPartOf\":{\"@id\":\"https:\\\/\\\/www.pruvost-sports.com\\\/boutique\\\/#website\"},\"primaryImageOfPage\":{\"@id\":\"https:\\\/\\\/www.pruvost-sports.com\\\/boutique\\\/produit\\\/photometre-pc-multi-direct\\\/#primaryimage\"},\"image\":{\"@id\":\"https:\\\/\\\/www.pruvost-sports.com\\\/boutique\\\/produit\\\/photometre-pc-multi-direct\\\/#primaryimage\"},\"thumbnailUrl\":\"https:\\\/\\\/www.pruvost-sports.com\\\/boutique\\\/wp-content\\\/uploads\\\/2015\\\/08\\\/920-Photometre-PC-Multi-direct.jpg\",\"datePublished\":\"2015-08-18T14:37:37+00:00\",\"dateModified\":\"2024-12-04T08:56:51+00:00\",\"description\":\"Photom\u00e8tre Multi-direct\",\"breadcrumb\":{\"@id\":\"https:\\\/\\\/www.pruvost-sports.com\\\/boutique\\\/produit\\\/photometre-pc-multi-direct\\\/#breadcrumb\"},\"inLanguage\":\"fr-FR\",\"potentialAction\":[{\"@type\":\"ReadAction\",\"target\":[\"https:\\\/\\\/www.pruvost-sports.com\\\/boutique\\\/produit\\\/photometre-pc-multi-direct\\\/\"]}]},{\"@type\":\"ImageObject\",\"inLanguage\":\"fr-FR\",\"@id\":\"https:\\\/\\\/www.pruvost-sports.com\\\/boutique\\\/produit\\\/photometre-pc-multi-direct\\\/#primaryimage\",\"url\":\"https:\\\/\\\/www.pruvost-sports.com\\\/boutique\\\/wp-content\\\/uploads\\\/2015\\\/08\\\/920-Photometre-PC-Multi-direct.jpg\",\"contentUrl\":\"https:\\\/\\\/www.pruvost-sports.com\\\/boutique\\\/wp-content\\\/uploads\\\/2015\\\/08\\\/920-Photometre-PC-Multi-direct.jpg\",\"width\":800,\"height\":800,\"caption\":\"Photom\u00e8tre PC Multi-direct\"},{\"@type\":\"BreadcrumbList\",\"@id\":\"https:\\\/\\\/www.pruvost-sports.com\\\/boutique\\\/produit\\\/photometre-pc-multi-direct\\\/#breadcrumb\",\"itemListElement\":[{\"@type\":\"ListItem\",\"position\":1,\"name\":\"Accueil\",\"item\":\"https:\\\/\\\/www.pruvost-sports.com\\\/boutique\\\/\"},{\"@type\":\"ListItem\",\"position\":2,\"name\":\"Boutique\",\"item\":\"https:\\\/\\\/www.pruvost-sports.com\\\/boutique\\\/boutique\\\/\"},{\"@type\":\"ListItem\",\"position\":3,\"name\":\"Photom\u00e8tre PC Multi-direct\"}]},{\"@type\":\"WebSite\",\"@id\":\"https:\\\/\\\/www.pruvost-sports.com\\\/boutique\\\/#website\",\"url\":\"https:\\\/\\\/www.pruvost-sports.com\\\/boutique\\\/\",\"name\":\"Pruvost sport piscine\",\"description\":\"\",\"potentialAction\":[{\"@type\":\"SearchAction\",\"target\":{\"@type\":\"EntryPoint\",\"urlTemplate\":\"https:\\\/\\\/www.pruvost-sports.com\\\/boutique\\\/?s={search_term_string}\"},\"query-input\":{\"@type\":\"PropertyValueSpecification\",\"valueRequired\":true,\"valueName\":\"search_term_string\"}}],\"inLanguage\":\"fr-FR\"}]}<\/script>\n<!-- \/ Yoast SEO plugin. -->","yoast_head_json":{"title":"photom\u00e8tre photom\u00e8tre piscine photom\u00e8tre multi-direct","description":"Photom\u00e8tre Multi-direct","robots":{"index":"index","follow":"follow","max-snippet":"max-snippet:-1","max-image-preview":"max-image-preview:large","max-video-preview":"max-video-preview:-1"},"canonical":"https:\/\/www.pruvost-sports.com\/boutique\/produit\/photometre-pc-multi-direct\/","og_locale":"fr_FR","og_type":"article","og_title":"photom\u00e8tre photom\u00e8tre piscine photom\u00e8tre multi-direct","og_description":"Photom\u00e8tre Multi-direct","og_url":"https:\/\/www.pruvost-sports.com\/boutique\/produit\/photometre-pc-multi-direct\/","og_site_name":"Pruvost sport piscine","article_modified_time":"2024-12-04T08:56:51+00:00","og_image":[{"width":800,"height":800,"url":"https:\/\/www.pruvost-sports.com\/boutique\/wp-content\/uploads\/2015\/08\/920-Photometre-PC-Multi-direct.jpg","type":"image\/jpeg"}],"twitter_card":"summary_large_image","twitter_misc":{"Dur\u00e9e de lecture estim\u00e9e":"1 minute"},"schema":{"@context":"https:\/\/schema.org","@graph":[{"@type":"WebPage","@id":"https:\/\/www.pruvost-sports.com\/boutique\/produit\/photometre-pc-multi-direct\/","url":"https:\/\/www.pruvost-sports.com\/boutique\/produit\/photometre-pc-multi-direct\/","name":"photom\u00e8tre photom\u00e8tre piscine photom\u00e8tre multi-direct","isPartOf":{"@id":"https:\/\/www.pruvost-sports.com\/boutique\/#website"},"primaryImageOfPage":{"@id":"https:\/\/www.pruvost-sports.com\/boutique\/produit\/photometre-pc-multi-direct\/#primaryimage"},"image":{"@id":"https:\/\/www.pruvost-sports.com\/boutique\/produit\/photometre-pc-multi-direct\/#primaryimage"},"thumbnailUrl":"https:\/\/www.pruvost-sports.com\/boutique\/wp-content\/uploads\/2015\/08\/920-Photometre-PC-Multi-direct.jpg","datePublished":"2015-08-18T14:37:37+00:00","dateModified":"2024-12-04T08:56:51+00:00","description":"Photom\u00e8tre Multi-direct","breadcrumb":{"@id":"https:\/\/www.pruvost-sports.com\/boutique\/produit\/photometre-pc-multi-direct\/#breadcrumb"},"inLanguage":"fr-FR","potentialAction":[{"@type":"ReadAction","target":["https:\/\/www.pruvost-sports.com\/boutique\/produit\/photometre-pc-multi-direct\/"]}]},{"@type":"ImageObject","inLanguage":"fr-FR","@id":"https:\/\/www.pruvost-sports.com\/boutique\/produit\/photometre-pc-multi-direct\/#primaryimage","url":"https:\/\/www.pruvost-sports.com\/boutique\/wp-content\/uploads\/2015\/08\/920-Photometre-PC-Multi-direct.jpg","contentUrl":"https:\/\/www.pruvost-sports.com\/boutique\/wp-content\/uploads\/2015\/08\/920-Photometre-PC-Multi-direct.jpg","width":800,"height":800,"caption":"Photom\u00e8tre PC Multi-direct"},{"@type":"BreadcrumbList","@id":"https:\/\/www.pruvost-sports.com\/boutique\/produit\/photometre-pc-multi-direct\/#breadcrumb","itemListElement":[{"@type":"ListItem","position":1,"name":"Accueil","item":"https:\/\/www.pruvost-sports.com\/boutique\/"},{"@type":"ListItem","position":2,"name":"Boutique","item":"https:\/\/www.pruvost-sports.com\/boutique\/boutique\/"},{"@type":"ListItem","position":3,"name":"Photom\u00e8tre PC Multi-direct"}]},{"@type":"WebSite","@id":"https:\/\/www.pruvost-sports.com\/boutique\/#website","url":"https:\/\/www.pruvost-sports.com\/boutique\/","name":"Pruvost sport piscine","description":"","potentialAction":[{"@type":"SearchAction","target":{"@type":"EntryPoint","urlTemplate":"https:\/\/www.pruvost-sports.com\/boutique\/?s={search_term_string}"},"query-input":{"@type":"PropertyValueSpecification","valueRequired":true,"valueName":"search_term_string"}}],"inLanguage":"fr-FR"}]}},"_links":{"self":[{"href":"https:\/\/www.pruvost-sports.com\/boutique\/wp-json\/wp\/v2\/product\/3509","targetHints":{"allow":["GET"]}}],"collection":[{"href":"https:\/\/www.pruvost-sports.com\/boutique\/wp-json\/wp\/v2\/product"}],"about":[{"href":"https:\/\/www.pruvost-sports.com\/boutique\/wp-json\/wp\/v2\/types\/product"}],"wp:featuredmedia":[{"embeddable":true,"href":"https:\/\/www.pruvost-sports.com\/boutique\/wp-json\/wp\/v2\/media\/3508"}],"wp:attachment":[{"href":"https:\/\/www.pruvost-sports.com\/boutique\/wp-json\/wp\/v2\/media?parent=3509"}],"wp:term":[{"taxonomy":"product_brand","embeddable":true,"href":"https:\/\/www.pruvost-sports.com\/boutique\/wp-json\/wp\/v2\/product_brand?post=3509"},{"taxonomy":"product_cat","embeddable":true,"href":"https:\/\/www.pruvost-sports.com\/boutique\/wp-json\/wp\/v2\/product_cat?post=3509"},{"taxonomy":"product_tag","embeddable":true,"href":"https:\/\/www.pruvost-sports.com\/boutique\/wp-json\/wp\/v2\/product_tag?post=3509"}],"curies":[{"name":"wp","href":"https:\/\/api.w.org\/{rel}","templated":true}]}}