{"id":3506,"date":"2015-08-18T16:09:38","date_gmt":"2015-08-18T14:09:38","guid":{"rendered":"https:\/\/www.pruvost-sports.com\/boutique\/?product=photometre-pm620"},"modified":"2024-12-04T09:57:50","modified_gmt":"2024-12-04T08:57:50","slug":"photometre-pm620","status":"publish","type":"product","link":"https:\/\/www.pruvost-sports.com\/boutique\/produit\/photometre-pm620\/","title":{"rendered":"Photom\u00e8tre PM620"},"content":{"rendered":"<p>Livr\u00e9 avec :<\/p>\n<ul>\n<li>Appareil en coffre plastique<\/li>\n<li>4 piles (AA)<\/li>\n<li>3 cuvettes rondes \u00d8 24 mm<\/li>\n<li>1 agitateur, 1 brosse et 1 seringue<\/li>\n<li>1 r\u00e9cipient de mesure 100 ml<\/li>\n<li>D\u00e9claration de garantie<\/li>\n<li>Mode d&#8217;emploi<\/li>\n<li>100 r\u00e9actifsen pastilles pour chlore (libre, combin\u00e9, total) pH, stabilisant, alcalinit\u00e9 totale<\/li>\n<\/ul>\n","protected":false},"excerpt":{"rendered":"<p>Le Photom\u00e8tre PM 620 permet d&rsquo;analyser jusqu&rsquo;a 34 param\u00e8tres:<\/p>\n<p>Alcalinit\u00e9 totale<br \/>\nAluminium<br \/>\nAmmoniaque<br \/>\nBiguanides (PHMB)<br \/>\nDioxyde de chlore<br \/>\nBrome<br \/>\nChlore<br \/>\nCuivre<br \/>\nDuret\u00e9 calcique<br \/>\nDuret\u00e9 totale<br \/>\nFer<br \/>\nHypochlorite de sodium<br \/>\nIndice de Langelier<br \/>\nIode<br \/>\nOxyg\u00e8ne actif<br \/>\nOzone<br \/>\nPeroxyde d&rsquo;hydrog\u00e8ne<br \/>\npH<br \/>\nPhosphate<br \/>\nStabilisant (Acide cyanurique)<br \/>\nSulfateUr\u00e9e<br \/>\nWater-Balance<\/p>\n","protected":false},"featured_media":3505,"template":"","meta":[],"product_brand":[],"product_cat":[60],"product_tag":[1685,1687,1686],"class_list":{"0":"post-3506","1":"product","2":"type-product","3":"status-publish","4":"has-post-thumbnail","6":"product_cat-analyse-et-produit-de-traitement","7":"product_tag-photometre","8":"product_tag-photometre-piscine","9":"product_tag-photometre-pm620","11":"entry","12":"has-media","14":"first","15":"instock","16":"shipping-taxable","17":"purchasable","18":"product-type-simple","19":"col","20":"span_1_of_4","21":"owp-content-center","22":"owp-thumbs-layout-horizontal","23":"owp-btn-normal","24":"owp-tabs-layout-horizontal","25":"has-no-thumbnails"},"yoast_head":"<!-- This site is optimized with the Yoast SEO plugin v27.5 - https:\/\/yoast.com\/product\/yoast-seo-wordpress\/ -->\n<title>photom\u00e8tre 3 en 1 photom\u00e8tre piscine photom\u00e8tre PM620<\/title>\n<meta name=\"description\" content=\"Photom\u00e8tre PM620\" \/>\n<meta name=\"robots\" content=\"index, follow, max-snippet:-1, max-image-preview:large, max-video-preview:-1\" \/>\n<link rel=\"canonical\" href=\"https:\/\/www.pruvost-sports.com\/boutique\/produit\/photometre-pm620\/\" \/>\n<meta property=\"og:locale\" content=\"fr_FR\" \/>\n<meta property=\"og:type\" content=\"article\" \/>\n<meta property=\"og:title\" content=\"photom\u00e8tre 3 en 1 photom\u00e8tre piscine photom\u00e8tre PM620\" \/>\n<meta property=\"og:description\" content=\"Photom\u00e8tre PM620\" \/>\n<meta property=\"og:url\" content=\"https:\/\/www.pruvost-sports.com\/boutique\/produit\/photometre-pm620\/\" \/>\n<meta property=\"og:site_name\" content=\"Pruvost sport piscine\" \/>\n<meta property=\"article:modified_time\" content=\"2024-12-04T08:57:50+00:00\" \/>\n<meta property=\"og:image\" content=\"https:\/\/www.pruvost-sports.com\/boutique\/wp-content\/uploads\/2015\/08\/919-Photometre-PM620.jpg\" \/>\n\t<meta property=\"og:image:width\" content=\"800\" \/>\n\t<meta property=\"og:image:height\" content=\"800\" \/>\n\t<meta property=\"og:image:type\" content=\"image\/jpeg\" \/>\n<meta name=\"twitter:card\" content=\"summary_large_image\" \/>\n<meta name=\"twitter:label1\" content=\"Dur\u00e9e de lecture estim\u00e9e\" \/>\n\t<meta name=\"twitter:data1\" content=\"1 minute\" \/>\n<script type=\"application\/ld+json\" class=\"yoast-schema-graph\">{\"@context\":\"https:\\\/\\\/schema.org\",\"@graph\":[{\"@type\":\"WebPage\",\"@id\":\"https:\\\/\\\/www.pruvost-sports.com\\\/boutique\\\/produit\\\/photometre-pm620\\\/\",\"url\":\"https:\\\/\\\/www.pruvost-sports.com\\\/boutique\\\/produit\\\/photometre-pm620\\\/\",\"name\":\"photom\u00e8tre 3 en 1 photom\u00e8tre piscine photom\u00e8tre PM620\",\"isPartOf\":{\"@id\":\"https:\\\/\\\/www.pruvost-sports.com\\\/boutique\\\/#website\"},\"primaryImageOfPage\":{\"@id\":\"https:\\\/\\\/www.pruvost-sports.com\\\/boutique\\\/produit\\\/photometre-pm620\\\/#primaryimage\"},\"image\":{\"@id\":\"https:\\\/\\\/www.pruvost-sports.com\\\/boutique\\\/produit\\\/photometre-pm620\\\/#primaryimage\"},\"thumbnailUrl\":\"https:\\\/\\\/www.pruvost-sports.com\\\/boutique\\\/wp-content\\\/uploads\\\/2015\\\/08\\\/919-Photometre-PM620.jpg\",\"datePublished\":\"2015-08-18T14:09:38+00:00\",\"dateModified\":\"2024-12-04T08:57:50+00:00\",\"description\":\"Photom\u00e8tre PM620\",\"breadcrumb\":{\"@id\":\"https:\\\/\\\/www.pruvost-sports.com\\\/boutique\\\/produit\\\/photometre-pm620\\\/#breadcrumb\"},\"inLanguage\":\"fr-FR\",\"potentialAction\":[{\"@type\":\"ReadAction\",\"target\":[\"https:\\\/\\\/www.pruvost-sports.com\\\/boutique\\\/produit\\\/photometre-pm620\\\/\"]}]},{\"@type\":\"ImageObject\",\"inLanguage\":\"fr-FR\",\"@id\":\"https:\\\/\\\/www.pruvost-sports.com\\\/boutique\\\/produit\\\/photometre-pm620\\\/#primaryimage\",\"url\":\"https:\\\/\\\/www.pruvost-sports.com\\\/boutique\\\/wp-content\\\/uploads\\\/2015\\\/08\\\/919-Photometre-PM620.jpg\",\"contentUrl\":\"https:\\\/\\\/www.pruvost-sports.com\\\/boutique\\\/wp-content\\\/uploads\\\/2015\\\/08\\\/919-Photometre-PM620.jpg\",\"width\":800,\"height\":800,\"caption\":\"Photom\u00e8tre PM620\"},{\"@type\":\"BreadcrumbList\",\"@id\":\"https:\\\/\\\/www.pruvost-sports.com\\\/boutique\\\/produit\\\/photometre-pm620\\\/#breadcrumb\",\"itemListElement\":[{\"@type\":\"ListItem\",\"position\":1,\"name\":\"Accueil\",\"item\":\"https:\\\/\\\/www.pruvost-sports.com\\\/boutique\\\/\"},{\"@type\":\"ListItem\",\"position\":2,\"name\":\"Boutique\",\"item\":\"https:\\\/\\\/www.pruvost-sports.com\\\/boutique\\\/boutique\\\/\"},{\"@type\":\"ListItem\",\"position\":3,\"name\":\"Photom\u00e8tre PM620\"}]},{\"@type\":\"WebSite\",\"@id\":\"https:\\\/\\\/www.pruvost-sports.com\\\/boutique\\\/#website\",\"url\":\"https:\\\/\\\/www.pruvost-sports.com\\\/boutique\\\/\",\"name\":\"Pruvost sport piscine\",\"description\":\"\",\"potentialAction\":[{\"@type\":\"SearchAction\",\"target\":{\"@type\":\"EntryPoint\",\"urlTemplate\":\"https:\\\/\\\/www.pruvost-sports.com\\\/boutique\\\/?s={search_term_string}\"},\"query-input\":{\"@type\":\"PropertyValueSpecification\",\"valueRequired\":true,\"valueName\":\"search_term_string\"}}],\"inLanguage\":\"fr-FR\"}]}<\/script>\n<!-- \/ Yoast SEO plugin. -->","yoast_head_json":{"title":"photom\u00e8tre 3 en 1 photom\u00e8tre piscine photom\u00e8tre PM620","description":"Photom\u00e8tre PM620","robots":{"index":"index","follow":"follow","max-snippet":"max-snippet:-1","max-image-preview":"max-image-preview:large","max-video-preview":"max-video-preview:-1"},"canonical":"https:\/\/www.pruvost-sports.com\/boutique\/produit\/photometre-pm620\/","og_locale":"fr_FR","og_type":"article","og_title":"photom\u00e8tre 3 en 1 photom\u00e8tre piscine photom\u00e8tre PM620","og_description":"Photom\u00e8tre PM620","og_url":"https:\/\/www.pruvost-sports.com\/boutique\/produit\/photometre-pm620\/","og_site_name":"Pruvost sport piscine","article_modified_time":"2024-12-04T08:57:50+00:00","og_image":[{"width":800,"height":800,"url":"https:\/\/www.pruvost-sports.com\/boutique\/wp-content\/uploads\/2015\/08\/919-Photometre-PM620.jpg","type":"image\/jpeg"}],"twitter_card":"summary_large_image","twitter_misc":{"Dur\u00e9e de lecture estim\u00e9e":"1 minute"},"schema":{"@context":"https:\/\/schema.org","@graph":[{"@type":"WebPage","@id":"https:\/\/www.pruvost-sports.com\/boutique\/produit\/photometre-pm620\/","url":"https:\/\/www.pruvost-sports.com\/boutique\/produit\/photometre-pm620\/","name":"photom\u00e8tre 3 en 1 photom\u00e8tre piscine photom\u00e8tre PM620","isPartOf":{"@id":"https:\/\/www.pruvost-sports.com\/boutique\/#website"},"primaryImageOfPage":{"@id":"https:\/\/www.pruvost-sports.com\/boutique\/produit\/photometre-pm620\/#primaryimage"},"image":{"@id":"https:\/\/www.pruvost-sports.com\/boutique\/produit\/photometre-pm620\/#primaryimage"},"thumbnailUrl":"https:\/\/www.pruvost-sports.com\/boutique\/wp-content\/uploads\/2015\/08\/919-Photometre-PM620.jpg","datePublished":"2015-08-18T14:09:38+00:00","dateModified":"2024-12-04T08:57:50+00:00","description":"Photom\u00e8tre PM620","breadcrumb":{"@id":"https:\/\/www.pruvost-sports.com\/boutique\/produit\/photometre-pm620\/#breadcrumb"},"inLanguage":"fr-FR","potentialAction":[{"@type":"ReadAction","target":["https:\/\/www.pruvost-sports.com\/boutique\/produit\/photometre-pm620\/"]}]},{"@type":"ImageObject","inLanguage":"fr-FR","@id":"https:\/\/www.pruvost-sports.com\/boutique\/produit\/photometre-pm620\/#primaryimage","url":"https:\/\/www.pruvost-sports.com\/boutique\/wp-content\/uploads\/2015\/08\/919-Photometre-PM620.jpg","contentUrl":"https:\/\/www.pruvost-sports.com\/boutique\/wp-content\/uploads\/2015\/08\/919-Photometre-PM620.jpg","width":800,"height":800,"caption":"Photom\u00e8tre PM620"},{"@type":"BreadcrumbList","@id":"https:\/\/www.pruvost-sports.com\/boutique\/produit\/photometre-pm620\/#breadcrumb","itemListElement":[{"@type":"ListItem","position":1,"name":"Accueil","item":"https:\/\/www.pruvost-sports.com\/boutique\/"},{"@type":"ListItem","position":2,"name":"Boutique","item":"https:\/\/www.pruvost-sports.com\/boutique\/boutique\/"},{"@type":"ListItem","position":3,"name":"Photom\u00e8tre PM620"}]},{"@type":"WebSite","@id":"https:\/\/www.pruvost-sports.com\/boutique\/#website","url":"https:\/\/www.pruvost-sports.com\/boutique\/","name":"Pruvost sport piscine","description":"","potentialAction":[{"@type":"SearchAction","target":{"@type":"EntryPoint","urlTemplate":"https:\/\/www.pruvost-sports.com\/boutique\/?s={search_term_string}"},"query-input":{"@type":"PropertyValueSpecification","valueRequired":true,"valueName":"search_term_string"}}],"inLanguage":"fr-FR"}]}},"_links":{"self":[{"href":"https:\/\/www.pruvost-sports.com\/boutique\/wp-json\/wp\/v2\/product\/3506","targetHints":{"allow":["GET"]}}],"collection":[{"href":"https:\/\/www.pruvost-sports.com\/boutique\/wp-json\/wp\/v2\/product"}],"about":[{"href":"https:\/\/www.pruvost-sports.com\/boutique\/wp-json\/wp\/v2\/types\/product"}],"wp:featuredmedia":[{"embeddable":true,"href":"https:\/\/www.pruvost-sports.com\/boutique\/wp-json\/wp\/v2\/media\/3505"}],"wp:attachment":[{"href":"https:\/\/www.pruvost-sports.com\/boutique\/wp-json\/wp\/v2\/media?parent=3506"}],"wp:term":[{"taxonomy":"product_brand","embeddable":true,"href":"https:\/\/www.pruvost-sports.com\/boutique\/wp-json\/wp\/v2\/product_brand?post=3506"},{"taxonomy":"product_cat","embeddable":true,"href":"https:\/\/www.pruvost-sports.com\/boutique\/wp-json\/wp\/v2\/product_cat?post=3506"},{"taxonomy":"product_tag","embeddable":true,"href":"https:\/\/www.pruvost-sports.com\/boutique\/wp-json\/wp\/v2\/product_tag?post=3506"}],"curies":[{"name":"wp","href":"https:\/\/api.w.org\/{rel}","templated":true}]}}