{"id":3188,"date":"2015-06-02T15:58:58","date_gmt":"2015-06-02T13:58:58","guid":{"rendered":"https:\/\/www.pruvost-sports.com\/boutique\/?product=chaise-de-surveillance-polypropylene-80-cm-5"},"modified":"2024-12-16T16:53:57","modified_gmt":"2024-12-16T15:53:57","slug":"chaise-de-surveillance-polypropylene-80-cm-5","status":"publish","type":"product","link":"https:\/\/www.pruvost-sports.com\/boutique\/produit\/chaise-de-surveillance-polypropylene-80-cm-5\/","title":{"rendered":"Chaise de surveillance polypropyl\u00e8ne"},"content":{"rendered":"","protected":false},"excerpt":{"rendered":"<p><strong>Chaise de surveillance en Polypropyl\u00e8ne<\/strong><\/p>\n<p>Fabriqu\u00e9 \u00e0 partir de plastique recycl\u00e9s et de la visserie inox.<br \/>\nPorte gobelet et porte parasol inclus.<br \/>\nStructure anti-d\u00e9rapante sur l&rsquo;assise.<br \/>\nRoulettes en option.<\/p>\n<p>&nbsp;<\/p>\n<p>Dimensions (L x P x H) :<\/p>\n<ul>\n<li><strong>1<\/strong> marches : 74 x 84 x\u00a0 140 cm &#8211; Poids :\u00a0 35 Kg &#8211; Hauteur de l&rsquo;assise : 80 cm<\/li>\n<li><strong>2<\/strong> marches : 76 x 104 x\u00a0 155 cm &#8211; Poids :\u00a0 50 Kg &#8211; Hauteur de l&rsquo;assise : 100 cm<\/li>\n<li><strong>3<\/strong> marches : 76 x 109 x\u00a0 180 cm &#8211; Poids :\u00a0 63 Kg &#8211; Hauteur de l&rsquo;assise : 127 cm<\/li>\n<li><strong>4<\/strong> marches : 168 x 125 x\u00a0 210 cm &#8211; Poids :\u00a0 86 Kg &#8211; Hauteur de l&rsquo;assise : 152 cm<\/li>\n<\/ul>\n","protected":false},"featured_media":7784,"template":"","meta":[],"product_brand":[],"product_cat":[51],"product_tag":[726,1422,1423,1421],"class_list":{"0":"post-3188","1":"product","2":"type-product","3":"status-publish","4":"has-post-thumbnail","6":"product_cat-surveillance-baignade","7":"product_tag-chaise-de-surveillance","8":"product_tag-chaise-de-surveillance-piscine","9":"product_tag-chaise-de-surveillance-piscine-p","10":"product_tag-chaise-de-surveillance-plastique","11":"pa_nombredemarches-2771","12":"pa_nombredemarches-326","13":"pa_nombredemarches-327","14":"pa_nombredemarches-328","16":"entry","17":"has-media","19":"first","20":"instock","21":"shipping-taxable","22":"purchasable","23":"product-type-variable","24":"col","25":"span_1_of_4","26":"owp-content-center","27":"owp-thumbs-layout-horizontal","28":"owp-btn-normal","29":"owp-tabs-layout-horizontal"},"yoast_head":"<!-- This site is optimized with the Yoast SEO plugin v27.5 - https:\/\/yoast.com\/product\/yoast-seo-wordpress\/ -->\n<title>chaise de surveillance plastique chaise de surveillance piscine<\/title>\n<meta name=\"description\" content=\"Chaise de surveillance polypropyl\u00e8ne\" \/>\n<meta name=\"robots\" content=\"index, follow, max-snippet:-1, max-image-preview:large, max-video-preview:-1\" \/>\n<link rel=\"canonical\" href=\"https:\/\/www.pruvost-sports.com\/boutique\/produit\/chaise-de-surveillance-polypropylene-80-cm-5\/\" \/>\n<meta property=\"og:locale\" content=\"fr_FR\" \/>\n<meta property=\"og:type\" content=\"article\" \/>\n<meta property=\"og:title\" content=\"chaise de surveillance plastique chaise de surveillance piscine\" \/>\n<meta property=\"og:description\" content=\"Chaise de surveillance polypropyl\u00e8ne\" \/>\n<meta property=\"og:url\" content=\"https:\/\/www.pruvost-sports.com\/boutique\/produit\/chaise-de-surveillance-polypropylene-80-cm-5\/\" \/>\n<meta property=\"og:site_name\" content=\"Pruvost sport piscine\" \/>\n<meta property=\"article:modified_time\" content=\"2024-12-16T15:53:57+00:00\" \/>\n<meta property=\"og:image\" content=\"https:\/\/www.pruvost-sports.com\/boutique\/wp-content\/uploads\/2015\/06\/chaise-site.jpg\" \/>\n\t<meta property=\"og:image:width\" content=\"1468\" \/>\n\t<meta property=\"og:image:height\" content=\"1500\" \/>\n\t<meta property=\"og:image:type\" content=\"image\/jpeg\" \/>\n<meta name=\"twitter:card\" content=\"summary_large_image\" \/>\n<meta name=\"twitter:label1\" content=\"Dur\u00e9e de lecture estim\u00e9e\" \/>\n\t<meta name=\"twitter:data1\" content=\"1 minute\" \/>\n<script type=\"application\/ld+json\" class=\"yoast-schema-graph\">{\"@context\":\"https:\\\/\\\/schema.org\",\"@graph\":[{\"@type\":\"WebPage\",\"@id\":\"https:\\\/\\\/www.pruvost-sports.com\\\/boutique\\\/produit\\\/chaise-de-surveillance-polypropylene-80-cm-5\\\/\",\"url\":\"https:\\\/\\\/www.pruvost-sports.com\\\/boutique\\\/produit\\\/chaise-de-surveillance-polypropylene-80-cm-5\\\/\",\"name\":\"chaise de surveillance plastique chaise de surveillance piscine\",\"isPartOf\":{\"@id\":\"https:\\\/\\\/www.pruvost-sports.com\\\/boutique\\\/#website\"},\"primaryImageOfPage\":{\"@id\":\"https:\\\/\\\/www.pruvost-sports.com\\\/boutique\\\/produit\\\/chaise-de-surveillance-polypropylene-80-cm-5\\\/#primaryimage\"},\"image\":{\"@id\":\"https:\\\/\\\/www.pruvost-sports.com\\\/boutique\\\/produit\\\/chaise-de-surveillance-polypropylene-80-cm-5\\\/#primaryimage\"},\"thumbnailUrl\":\"https:\\\/\\\/www.pruvost-sports.com\\\/boutique\\\/wp-content\\\/uploads\\\/2015\\\/06\\\/chaise-site.jpg\",\"datePublished\":\"2015-06-02T13:58:58+00:00\",\"dateModified\":\"2024-12-16T15:53:57+00:00\",\"description\":\"Chaise de surveillance polypropyl\u00e8ne\",\"breadcrumb\":{\"@id\":\"https:\\\/\\\/www.pruvost-sports.com\\\/boutique\\\/produit\\\/chaise-de-surveillance-polypropylene-80-cm-5\\\/#breadcrumb\"},\"inLanguage\":\"fr-FR\",\"potentialAction\":[{\"@type\":\"ReadAction\",\"target\":[\"https:\\\/\\\/www.pruvost-sports.com\\\/boutique\\\/produit\\\/chaise-de-surveillance-polypropylene-80-cm-5\\\/\"]}]},{\"@type\":\"ImageObject\",\"inLanguage\":\"fr-FR\",\"@id\":\"https:\\\/\\\/www.pruvost-sports.com\\\/boutique\\\/produit\\\/chaise-de-surveillance-polypropylene-80-cm-5\\\/#primaryimage\",\"url\":\"https:\\\/\\\/www.pruvost-sports.com\\\/boutique\\\/wp-content\\\/uploads\\\/2015\\\/06\\\/chaise-site.jpg\",\"contentUrl\":\"https:\\\/\\\/www.pruvost-sports.com\\\/boutique\\\/wp-content\\\/uploads\\\/2015\\\/06\\\/chaise-site.jpg\",\"width\":1468,\"height\":1500},{\"@type\":\"BreadcrumbList\",\"@id\":\"https:\\\/\\\/www.pruvost-sports.com\\\/boutique\\\/produit\\\/chaise-de-surveillance-polypropylene-80-cm-5\\\/#breadcrumb\",\"itemListElement\":[{\"@type\":\"ListItem\",\"position\":1,\"name\":\"Accueil\",\"item\":\"https:\\\/\\\/www.pruvost-sports.com\\\/boutique\\\/\"},{\"@type\":\"ListItem\",\"position\":2,\"name\":\"Boutique\",\"item\":\"https:\\\/\\\/www.pruvost-sports.com\\\/boutique\\\/boutique\\\/\"},{\"@type\":\"ListItem\",\"position\":3,\"name\":\"Chaise de surveillance polypropyl\u00e8ne\"}]},{\"@type\":\"WebSite\",\"@id\":\"https:\\\/\\\/www.pruvost-sports.com\\\/boutique\\\/#website\",\"url\":\"https:\\\/\\\/www.pruvost-sports.com\\\/boutique\\\/\",\"name\":\"Pruvost sport piscine\",\"description\":\"\",\"potentialAction\":[{\"@type\":\"SearchAction\",\"target\":{\"@type\":\"EntryPoint\",\"urlTemplate\":\"https:\\\/\\\/www.pruvost-sports.com\\\/boutique\\\/?s={search_term_string}\"},\"query-input\":{\"@type\":\"PropertyValueSpecification\",\"valueRequired\":true,\"valueName\":\"search_term_string\"}}],\"inLanguage\":\"fr-FR\"}]}<\/script>\n<!-- \/ Yoast SEO plugin. -->","yoast_head_json":{"title":"chaise de surveillance plastique chaise de surveillance piscine","description":"Chaise de surveillance polypropyl\u00e8ne","robots":{"index":"index","follow":"follow","max-snippet":"max-snippet:-1","max-image-preview":"max-image-preview:large","max-video-preview":"max-video-preview:-1"},"canonical":"https:\/\/www.pruvost-sports.com\/boutique\/produit\/chaise-de-surveillance-polypropylene-80-cm-5\/","og_locale":"fr_FR","og_type":"article","og_title":"chaise de surveillance plastique chaise de surveillance piscine","og_description":"Chaise de surveillance polypropyl\u00e8ne","og_url":"https:\/\/www.pruvost-sports.com\/boutique\/produit\/chaise-de-surveillance-polypropylene-80-cm-5\/","og_site_name":"Pruvost sport piscine","article_modified_time":"2024-12-16T15:53:57+00:00","og_image":[{"width":1468,"height":1500,"url":"https:\/\/www.pruvost-sports.com\/boutique\/wp-content\/uploads\/2015\/06\/chaise-site.jpg","type":"image\/jpeg"}],"twitter_card":"summary_large_image","twitter_misc":{"Dur\u00e9e de lecture estim\u00e9e":"1 minute"},"schema":{"@context":"https:\/\/schema.org","@graph":[{"@type":"WebPage","@id":"https:\/\/www.pruvost-sports.com\/boutique\/produit\/chaise-de-surveillance-polypropylene-80-cm-5\/","url":"https:\/\/www.pruvost-sports.com\/boutique\/produit\/chaise-de-surveillance-polypropylene-80-cm-5\/","name":"chaise de surveillance plastique chaise de surveillance piscine","isPartOf":{"@id":"https:\/\/www.pruvost-sports.com\/boutique\/#website"},"primaryImageOfPage":{"@id":"https:\/\/www.pruvost-sports.com\/boutique\/produit\/chaise-de-surveillance-polypropylene-80-cm-5\/#primaryimage"},"image":{"@id":"https:\/\/www.pruvost-sports.com\/boutique\/produit\/chaise-de-surveillance-polypropylene-80-cm-5\/#primaryimage"},"thumbnailUrl":"https:\/\/www.pruvost-sports.com\/boutique\/wp-content\/uploads\/2015\/06\/chaise-site.jpg","datePublished":"2015-06-02T13:58:58+00:00","dateModified":"2024-12-16T15:53:57+00:00","description":"Chaise de surveillance polypropyl\u00e8ne","breadcrumb":{"@id":"https:\/\/www.pruvost-sports.com\/boutique\/produit\/chaise-de-surveillance-polypropylene-80-cm-5\/#breadcrumb"},"inLanguage":"fr-FR","potentialAction":[{"@type":"ReadAction","target":["https:\/\/www.pruvost-sports.com\/boutique\/produit\/chaise-de-surveillance-polypropylene-80-cm-5\/"]}]},{"@type":"ImageObject","inLanguage":"fr-FR","@id":"https:\/\/www.pruvost-sports.com\/boutique\/produit\/chaise-de-surveillance-polypropylene-80-cm-5\/#primaryimage","url":"https:\/\/www.pruvost-sports.com\/boutique\/wp-content\/uploads\/2015\/06\/chaise-site.jpg","contentUrl":"https:\/\/www.pruvost-sports.com\/boutique\/wp-content\/uploads\/2015\/06\/chaise-site.jpg","width":1468,"height":1500},{"@type":"BreadcrumbList","@id":"https:\/\/www.pruvost-sports.com\/boutique\/produit\/chaise-de-surveillance-polypropylene-80-cm-5\/#breadcrumb","itemListElement":[{"@type":"ListItem","position":1,"name":"Accueil","item":"https:\/\/www.pruvost-sports.com\/boutique\/"},{"@type":"ListItem","position":2,"name":"Boutique","item":"https:\/\/www.pruvost-sports.com\/boutique\/boutique\/"},{"@type":"ListItem","position":3,"name":"Chaise de surveillance polypropyl\u00e8ne"}]},{"@type":"WebSite","@id":"https:\/\/www.pruvost-sports.com\/boutique\/#website","url":"https:\/\/www.pruvost-sports.com\/boutique\/","name":"Pruvost sport piscine","description":"","potentialAction":[{"@type":"SearchAction","target":{"@type":"EntryPoint","urlTemplate":"https:\/\/www.pruvost-sports.com\/boutique\/?s={search_term_string}"},"query-input":{"@type":"PropertyValueSpecification","valueRequired":true,"valueName":"search_term_string"}}],"inLanguage":"fr-FR"}]}},"_links":{"self":[{"href":"https:\/\/www.pruvost-sports.com\/boutique\/wp-json\/wp\/v2\/product\/3188","targetHints":{"allow":["GET"]}}],"collection":[{"href":"https:\/\/www.pruvost-sports.com\/boutique\/wp-json\/wp\/v2\/product"}],"about":[{"href":"https:\/\/www.pruvost-sports.com\/boutique\/wp-json\/wp\/v2\/types\/product"}],"wp:featuredmedia":[{"embeddable":true,"href":"https:\/\/www.pruvost-sports.com\/boutique\/wp-json\/wp\/v2\/media\/7784"}],"wp:attachment":[{"href":"https:\/\/www.pruvost-sports.com\/boutique\/wp-json\/wp\/v2\/media?parent=3188"}],"wp:term":[{"taxonomy":"product_brand","embeddable":true,"href":"https:\/\/www.pruvost-sports.com\/boutique\/wp-json\/wp\/v2\/product_brand?post=3188"},{"taxonomy":"product_cat","embeddable":true,"href":"https:\/\/www.pruvost-sports.com\/boutique\/wp-json\/wp\/v2\/product_cat?post=3188"},{"taxonomy":"product_tag","embeddable":true,"href":"https:\/\/www.pruvost-sports.com\/boutique\/wp-json\/wp\/v2\/product_tag?post=3188"}],"curies":[{"name":"wp","href":"https:\/\/api.w.org\/{rel}","templated":true}]}}