{"id":3134,"date":"2014-12-17T15:58:09","date_gmt":"2014-12-17T14:58:09","guid":{"rendered":"https:\/\/www.pruvost-sports.com\/boutique\/?product=element-de-ponton"},"modified":"2024-01-17T15:45:40","modified_gmt":"2024-01-17T14:45:40","slug":"element-de-ponton","status":"publish","type":"product","link":"https:\/\/www.pruvost-sports.com\/boutique\/produit\/element-de-ponton\/","title":{"rendered":"El\u00e9ment de Ponton"},"content":{"rendered":"","protected":false},"excerpt":{"rendered":"<p><strong>El\u00e9ment de Ponton<br \/>\n<\/strong><\/p>\n<p>Dimensions : 200 x 50 x 8.5 cm<\/p>\n<p>Assemblage par sangles\u00a0<span style=\"text-decoration: underline;\"><a href=\"https:\/\/www.pruvost-sports.com\/boutique\/produit\/sangle-boucle-inox\/\">A99<\/a><\/span><\/p>\n<p>&nbsp;<\/p>\n<p>Lot de 6 \u00e9l\u00e9ments vendu en r\u00e9ference\u00a0<span style=\"text-decoration: underline;\"><a href=\"\/boutique\/radeau-et-tapis\/591-ponton-a-elements.html\">A27<\/a><\/span><\/p>\n","protected":false},"featured_media":3133,"template":"","meta":[],"product_brand":[],"product_cat":[63],"product_tag":[1544,1542,1540,1538],"class_list":{"0":"post-3134","1":"product","2":"type-product","3":"status-publish","4":"has-post-thumbnail","6":"product_cat-radeau-et-tapis","7":"product_tag-element-ponton","8":"product_tag-ponceau-a-elements","9":"product_tag-pont-de-riviere","10":"product_tag-ponton-a-elements","12":"entry","13":"has-media","15":"first","16":"instock","17":"shipping-taxable","18":"purchasable","19":"product-type-simple","20":"col","21":"span_1_of_4","22":"owp-content-center","23":"owp-thumbs-layout-horizontal","24":"owp-btn-normal","25":"owp-tabs-layout-horizontal","26":"has-no-thumbnails"},"yoast_head":"<!-- This site is optimized with the Yoast SEO plugin v27.5 - https:\/\/yoast.com\/product\/yoast-seo-wordpress\/ -->\n<title>ponton \u00e9l\u00e9ments piscine ludique ponceau ponton \u00e9l\u00e9ment<\/title>\n<meta name=\"description\" content=\"Ponton \u00e0 \u00e9l\u00e9ments\" \/>\n<meta name=\"robots\" content=\"index, follow, max-snippet:-1, max-image-preview:large, max-video-preview:-1\" \/>\n<link rel=\"canonical\" href=\"https:\/\/www.pruvost-sports.com\/boutique\/produit\/element-de-ponton\/\" \/>\n<meta property=\"og:locale\" content=\"fr_FR\" \/>\n<meta property=\"og:type\" content=\"article\" \/>\n<meta property=\"og:title\" content=\"ponton \u00e9l\u00e9ments piscine ludique ponceau ponton \u00e9l\u00e9ment\" \/>\n<meta property=\"og:description\" content=\"Ponton \u00e0 \u00e9l\u00e9ments\" \/>\n<meta property=\"og:url\" content=\"https:\/\/www.pruvost-sports.com\/boutique\/produit\/element-de-ponton\/\" \/>\n<meta property=\"og:site_name\" content=\"Pruvost sport piscine\" \/>\n<meta property=\"article:modified_time\" content=\"2024-01-17T14:45:40+00:00\" \/>\n<meta property=\"og:image\" content=\"https:\/\/www.pruvost-sports.com\/boutique\/wp-content\/uploads\/2014\/12\/1707-Element-de-Ponton.jpg\" \/>\n\t<meta property=\"og:image:width\" content=\"1583\" \/>\n\t<meta property=\"og:image:height\" content=\"1201\" \/>\n\t<meta property=\"og:image:type\" content=\"image\/jpeg\" \/>\n<meta name=\"twitter:card\" content=\"summary_large_image\" \/>\n<script type=\"application\/ld+json\" class=\"yoast-schema-graph\">{\"@context\":\"https:\\\/\\\/schema.org\",\"@graph\":[{\"@type\":\"WebPage\",\"@id\":\"https:\\\/\\\/www.pruvost-sports.com\\\/boutique\\\/produit\\\/element-de-ponton\\\/\",\"url\":\"https:\\\/\\\/www.pruvost-sports.com\\\/boutique\\\/produit\\\/element-de-ponton\\\/\",\"name\":\"ponton \u00e9l\u00e9ments piscine ludique ponceau ponton \u00e9l\u00e9ment\",\"isPartOf\":{\"@id\":\"https:\\\/\\\/www.pruvost-sports.com\\\/boutique\\\/#website\"},\"primaryImageOfPage\":{\"@id\":\"https:\\\/\\\/www.pruvost-sports.com\\\/boutique\\\/produit\\\/element-de-ponton\\\/#primaryimage\"},\"image\":{\"@id\":\"https:\\\/\\\/www.pruvost-sports.com\\\/boutique\\\/produit\\\/element-de-ponton\\\/#primaryimage\"},\"thumbnailUrl\":\"https:\\\/\\\/www.pruvost-sports.com\\\/boutique\\\/wp-content\\\/uploads\\\/2014\\\/12\\\/1707-Element-de-Ponton.jpg\",\"datePublished\":\"2014-12-17T14:58:09+00:00\",\"dateModified\":\"2024-01-17T14:45:40+00:00\",\"description\":\"Ponton \u00e0 \u00e9l\u00e9ments\",\"breadcrumb\":{\"@id\":\"https:\\\/\\\/www.pruvost-sports.com\\\/boutique\\\/produit\\\/element-de-ponton\\\/#breadcrumb\"},\"inLanguage\":\"fr-FR\",\"potentialAction\":[{\"@type\":\"ReadAction\",\"target\":[\"https:\\\/\\\/www.pruvost-sports.com\\\/boutique\\\/produit\\\/element-de-ponton\\\/\"]}]},{\"@type\":\"ImageObject\",\"inLanguage\":\"fr-FR\",\"@id\":\"https:\\\/\\\/www.pruvost-sports.com\\\/boutique\\\/produit\\\/element-de-ponton\\\/#primaryimage\",\"url\":\"https:\\\/\\\/www.pruvost-sports.com\\\/boutique\\\/wp-content\\\/uploads\\\/2014\\\/12\\\/1707-Element-de-Ponton.jpg\",\"contentUrl\":\"https:\\\/\\\/www.pruvost-sports.com\\\/boutique\\\/wp-content\\\/uploads\\\/2014\\\/12\\\/1707-Element-de-Ponton.jpg\",\"width\":1583,\"height\":1201,\"caption\":\"El\u00e9ment de Ponton\"},{\"@type\":\"BreadcrumbList\",\"@id\":\"https:\\\/\\\/www.pruvost-sports.com\\\/boutique\\\/produit\\\/element-de-ponton\\\/#breadcrumb\",\"itemListElement\":[{\"@type\":\"ListItem\",\"position\":1,\"name\":\"Accueil\",\"item\":\"https:\\\/\\\/www.pruvost-sports.com\\\/boutique\\\/\"},{\"@type\":\"ListItem\",\"position\":2,\"name\":\"Boutique\",\"item\":\"https:\\\/\\\/www.pruvost-sports.com\\\/boutique\\\/boutique\\\/\"},{\"@type\":\"ListItem\",\"position\":3,\"name\":\"El\u00e9ment de Ponton\"}]},{\"@type\":\"WebSite\",\"@id\":\"https:\\\/\\\/www.pruvost-sports.com\\\/boutique\\\/#website\",\"url\":\"https:\\\/\\\/www.pruvost-sports.com\\\/boutique\\\/\",\"name\":\"Pruvost sport piscine\",\"description\":\"\",\"potentialAction\":[{\"@type\":\"SearchAction\",\"target\":{\"@type\":\"EntryPoint\",\"urlTemplate\":\"https:\\\/\\\/www.pruvost-sports.com\\\/boutique\\\/?s={search_term_string}\"},\"query-input\":{\"@type\":\"PropertyValueSpecification\",\"valueRequired\":true,\"valueName\":\"search_term_string\"}}],\"inLanguage\":\"fr-FR\"}]}<\/script>\n<!-- \/ Yoast SEO plugin. -->","yoast_head_json":{"title":"ponton \u00e9l\u00e9ments piscine ludique ponceau ponton \u00e9l\u00e9ment","description":"Ponton \u00e0 \u00e9l\u00e9ments","robots":{"index":"index","follow":"follow","max-snippet":"max-snippet:-1","max-image-preview":"max-image-preview:large","max-video-preview":"max-video-preview:-1"},"canonical":"https:\/\/www.pruvost-sports.com\/boutique\/produit\/element-de-ponton\/","og_locale":"fr_FR","og_type":"article","og_title":"ponton \u00e9l\u00e9ments piscine ludique ponceau ponton \u00e9l\u00e9ment","og_description":"Ponton \u00e0 \u00e9l\u00e9ments","og_url":"https:\/\/www.pruvost-sports.com\/boutique\/produit\/element-de-ponton\/","og_site_name":"Pruvost sport piscine","article_modified_time":"2024-01-17T14:45:40+00:00","og_image":[{"width":1583,"height":1201,"url":"https:\/\/www.pruvost-sports.com\/boutique\/wp-content\/uploads\/2014\/12\/1707-Element-de-Ponton.jpg","type":"image\/jpeg"}],"twitter_card":"summary_large_image","schema":{"@context":"https:\/\/schema.org","@graph":[{"@type":"WebPage","@id":"https:\/\/www.pruvost-sports.com\/boutique\/produit\/element-de-ponton\/","url":"https:\/\/www.pruvost-sports.com\/boutique\/produit\/element-de-ponton\/","name":"ponton \u00e9l\u00e9ments piscine ludique ponceau ponton \u00e9l\u00e9ment","isPartOf":{"@id":"https:\/\/www.pruvost-sports.com\/boutique\/#website"},"primaryImageOfPage":{"@id":"https:\/\/www.pruvost-sports.com\/boutique\/produit\/element-de-ponton\/#primaryimage"},"image":{"@id":"https:\/\/www.pruvost-sports.com\/boutique\/produit\/element-de-ponton\/#primaryimage"},"thumbnailUrl":"https:\/\/www.pruvost-sports.com\/boutique\/wp-content\/uploads\/2014\/12\/1707-Element-de-Ponton.jpg","datePublished":"2014-12-17T14:58:09+00:00","dateModified":"2024-01-17T14:45:40+00:00","description":"Ponton \u00e0 \u00e9l\u00e9ments","breadcrumb":{"@id":"https:\/\/www.pruvost-sports.com\/boutique\/produit\/element-de-ponton\/#breadcrumb"},"inLanguage":"fr-FR","potentialAction":[{"@type":"ReadAction","target":["https:\/\/www.pruvost-sports.com\/boutique\/produit\/element-de-ponton\/"]}]},{"@type":"ImageObject","inLanguage":"fr-FR","@id":"https:\/\/www.pruvost-sports.com\/boutique\/produit\/element-de-ponton\/#primaryimage","url":"https:\/\/www.pruvost-sports.com\/boutique\/wp-content\/uploads\/2014\/12\/1707-Element-de-Ponton.jpg","contentUrl":"https:\/\/www.pruvost-sports.com\/boutique\/wp-content\/uploads\/2014\/12\/1707-Element-de-Ponton.jpg","width":1583,"height":1201,"caption":"El\u00e9ment de Ponton"},{"@type":"BreadcrumbList","@id":"https:\/\/www.pruvost-sports.com\/boutique\/produit\/element-de-ponton\/#breadcrumb","itemListElement":[{"@type":"ListItem","position":1,"name":"Accueil","item":"https:\/\/www.pruvost-sports.com\/boutique\/"},{"@type":"ListItem","position":2,"name":"Boutique","item":"https:\/\/www.pruvost-sports.com\/boutique\/boutique\/"},{"@type":"ListItem","position":3,"name":"El\u00e9ment de Ponton"}]},{"@type":"WebSite","@id":"https:\/\/www.pruvost-sports.com\/boutique\/#website","url":"https:\/\/www.pruvost-sports.com\/boutique\/","name":"Pruvost sport piscine","description":"","potentialAction":[{"@type":"SearchAction","target":{"@type":"EntryPoint","urlTemplate":"https:\/\/www.pruvost-sports.com\/boutique\/?s={search_term_string}"},"query-input":{"@type":"PropertyValueSpecification","valueRequired":true,"valueName":"search_term_string"}}],"inLanguage":"fr-FR"}]}},"_links":{"self":[{"href":"https:\/\/www.pruvost-sports.com\/boutique\/wp-json\/wp\/v2\/product\/3134","targetHints":{"allow":["GET"]}}],"collection":[{"href":"https:\/\/www.pruvost-sports.com\/boutique\/wp-json\/wp\/v2\/product"}],"about":[{"href":"https:\/\/www.pruvost-sports.com\/boutique\/wp-json\/wp\/v2\/types\/product"}],"wp:featuredmedia":[{"embeddable":true,"href":"https:\/\/www.pruvost-sports.com\/boutique\/wp-json\/wp\/v2\/media\/3133"}],"wp:attachment":[{"href":"https:\/\/www.pruvost-sports.com\/boutique\/wp-json\/wp\/v2\/media?parent=3134"}],"wp:term":[{"taxonomy":"product_brand","embeddable":true,"href":"https:\/\/www.pruvost-sports.com\/boutique\/wp-json\/wp\/v2\/product_brand?post=3134"},{"taxonomy":"product_cat","embeddable":true,"href":"https:\/\/www.pruvost-sports.com\/boutique\/wp-json\/wp\/v2\/product_cat?post=3134"},{"taxonomy":"product_tag","embeddable":true,"href":"https:\/\/www.pruvost-sports.com\/boutique\/wp-json\/wp\/v2\/product_tag?post=3134"}],"curies":[{"name":"wp","href":"https:\/\/api.w.org\/{rel}","templated":true}]}}