{"id":3019,"date":"2014-12-12T11:43:17","date_gmt":"2014-12-12T10:43:17","guid":{"rendered":"https:\/\/www.pruvost-sports.com\/boutique\/?product=ligne-de-nage-mousse-2"},"modified":"2023-12-12T14:51:03","modified_gmt":"2023-12-12T13:51:03","slug":"ligne-de-nage-mousse-2","status":"publish","type":"product","link":"https:\/\/www.pruvost-sports.com\/boutique\/produit\/ligne-de-nage-mousse-2\/","title":{"rendered":"Ligne de nage polystyr\u00e8ne"},"content":{"rendered":"<p>&#8211; Flotteur en Polystyr\u00e8ne<\/p>\n<p>&#8211; Entretoise tranparente<\/p>\n<p>&#8211; Corde Polypropyl\u00e8ne ou C\u00e2ble Acier<\/p>\n<p>&#8211; Differentes couleurs et longueurs disponibles : nous contacter<\/p>\n","protected":false},"excerpt":{"rendered":"<p>Ligne de nage en polystyr\u00e8ne compact<\/p>\n","protected":false},"featured_media":3011,"template":"","meta":[],"product_brand":[],"product_cat":[2765],"product_tag":[1519,1520,1518],"class_list":{"0":"post-3019","1":"product","2":"type-product","3":"status-publish","4":"has-post-thumbnail","6":"product_cat-ligne-de-nage","7":"product_tag-flotteur-polystyrene-compact","8":"product_tag-ligne-deau-polystyrene","9":"product_tag-ligne-de-nage-polystyrene","10":"pa_entretoisesetflotteurs-1flotteuraumetre","11":"pa_entretoisesetflotteurs-2flotteursaumetre","12":"pa_entretoisesetflotteurs-3flotteursaumetre","13":"pa_entretoisesetflotteurs-4flotteursaumetre","14":"pa_longueur-25m","15":"pa_longueur-50m","16":"pa_matiere-corde","17":"pa_matiere-inox","19":"entry","20":"has-media","22":"first","23":"instock","24":"shipping-taxable","25":"purchasable","26":"product-type-variable","27":"has-default-attributes","28":"col","29":"span_1_of_4","30":"owp-content-center","31":"owp-thumbs-layout-horizontal","32":"owp-btn-normal","33":"owp-tabs-layout-horizontal","34":"has-no-thumbnails"},"yoast_head":"<!-- This site is optimized with the Yoast SEO plugin v27.5 - https:\/\/yoast.com\/product\/yoast-seo-wordpress\/ -->\n<title>ligne de nage polystyr\u00e8ne ligne d&#039;eau polystyr\u00e8ne compact flotteur polystyr\u00e8ne<\/title>\n<meta name=\"description\" content=\"Ligne de nage en polystyr\u00e8ne compact\" \/>\n<meta name=\"robots\" content=\"index, follow, max-snippet:-1, max-image-preview:large, max-video-preview:-1\" \/>\n<link rel=\"canonical\" href=\"https:\/\/www.pruvost-sports.com\/boutique\/produit\/ligne-de-nage-mousse-2\/\" \/>\n<meta property=\"og:locale\" content=\"fr_FR\" \/>\n<meta property=\"og:type\" content=\"article\" \/>\n<meta property=\"og:title\" content=\"ligne de nage polystyr\u00e8ne ligne d&#039;eau polystyr\u00e8ne compact flotteur polystyr\u00e8ne\" \/>\n<meta property=\"og:description\" content=\"Ligne de nage en polystyr\u00e8ne compact\" \/>\n<meta property=\"og:url\" content=\"https:\/\/www.pruvost-sports.com\/boutique\/produit\/ligne-de-nage-mousse-2\/\" \/>\n<meta property=\"og:site_name\" content=\"Pruvost sport piscine\" \/>\n<meta property=\"article:modified_time\" content=\"2023-12-12T13:51:03+00:00\" \/>\n<meta property=\"og:image\" content=\"https:\/\/www.pruvost-sports.com\/boutique\/wp-content\/uploads\/2014\/12\/814-Ligne-de-nage-polystyrene.jpg\" \/>\n\t<meta property=\"og:image:width\" content=\"1600\" \/>\n\t<meta property=\"og:image:height\" content=\"1067\" \/>\n\t<meta property=\"og:image:type\" content=\"image\/jpeg\" \/>\n<meta name=\"twitter:card\" content=\"summary_large_image\" \/>\n<meta name=\"twitter:label1\" content=\"Dur\u00e9e de lecture estim\u00e9e\" \/>\n\t<meta name=\"twitter:data1\" content=\"1 minute\" \/>\n<script type=\"application\/ld+json\" class=\"yoast-schema-graph\">{\"@context\":\"https:\\\/\\\/schema.org\",\"@graph\":[{\"@type\":\"WebPage\",\"@id\":\"https:\\\/\\\/www.pruvost-sports.com\\\/boutique\\\/produit\\\/ligne-de-nage-mousse-2\\\/\",\"url\":\"https:\\\/\\\/www.pruvost-sports.com\\\/boutique\\\/produit\\\/ligne-de-nage-mousse-2\\\/\",\"name\":\"ligne de nage polystyr\u00e8ne ligne d'eau polystyr\u00e8ne compact flotteur polystyr\u00e8ne\",\"isPartOf\":{\"@id\":\"https:\\\/\\\/www.pruvost-sports.com\\\/boutique\\\/#website\"},\"primaryImageOfPage\":{\"@id\":\"https:\\\/\\\/www.pruvost-sports.com\\\/boutique\\\/produit\\\/ligne-de-nage-mousse-2\\\/#primaryimage\"},\"image\":{\"@id\":\"https:\\\/\\\/www.pruvost-sports.com\\\/boutique\\\/produit\\\/ligne-de-nage-mousse-2\\\/#primaryimage\"},\"thumbnailUrl\":\"https:\\\/\\\/www.pruvost-sports.com\\\/boutique\\\/wp-content\\\/uploads\\\/2014\\\/12\\\/814-Ligne-de-nage-polystyrene.jpg\",\"datePublished\":\"2014-12-12T10:43:17+00:00\",\"dateModified\":\"2023-12-12T13:51:03+00:00\",\"description\":\"Ligne de nage en polystyr\u00e8ne compact\",\"breadcrumb\":{\"@id\":\"https:\\\/\\\/www.pruvost-sports.com\\\/boutique\\\/produit\\\/ligne-de-nage-mousse-2\\\/#breadcrumb\"},\"inLanguage\":\"fr-FR\",\"potentialAction\":[{\"@type\":\"ReadAction\",\"target\":[\"https:\\\/\\\/www.pruvost-sports.com\\\/boutique\\\/produit\\\/ligne-de-nage-mousse-2\\\/\"]}]},{\"@type\":\"ImageObject\",\"inLanguage\":\"fr-FR\",\"@id\":\"https:\\\/\\\/www.pruvost-sports.com\\\/boutique\\\/produit\\\/ligne-de-nage-mousse-2\\\/#primaryimage\",\"url\":\"https:\\\/\\\/www.pruvost-sports.com\\\/boutique\\\/wp-content\\\/uploads\\\/2014\\\/12\\\/814-Ligne-de-nage-polystyrene.jpg\",\"contentUrl\":\"https:\\\/\\\/www.pruvost-sports.com\\\/boutique\\\/wp-content\\\/uploads\\\/2014\\\/12\\\/814-Ligne-de-nage-polystyrene.jpg\",\"width\":1600,\"height\":1067,\"caption\":\"Ligne de nage polystyr\u00e8ne\"},{\"@type\":\"BreadcrumbList\",\"@id\":\"https:\\\/\\\/www.pruvost-sports.com\\\/boutique\\\/produit\\\/ligne-de-nage-mousse-2\\\/#breadcrumb\",\"itemListElement\":[{\"@type\":\"ListItem\",\"position\":1,\"name\":\"Accueil\",\"item\":\"https:\\\/\\\/www.pruvost-sports.com\\\/boutique\\\/\"},{\"@type\":\"ListItem\",\"position\":2,\"name\":\"Boutique\",\"item\":\"https:\\\/\\\/www.pruvost-sports.com\\\/boutique\\\/boutique\\\/\"},{\"@type\":\"ListItem\",\"position\":3,\"name\":\"Ligne de nage polystyr\u00e8ne\"}]},{\"@type\":\"WebSite\",\"@id\":\"https:\\\/\\\/www.pruvost-sports.com\\\/boutique\\\/#website\",\"url\":\"https:\\\/\\\/www.pruvost-sports.com\\\/boutique\\\/\",\"name\":\"Pruvost sport piscine\",\"description\":\"\",\"potentialAction\":[{\"@type\":\"SearchAction\",\"target\":{\"@type\":\"EntryPoint\",\"urlTemplate\":\"https:\\\/\\\/www.pruvost-sports.com\\\/boutique\\\/?s={search_term_string}\"},\"query-input\":{\"@type\":\"PropertyValueSpecification\",\"valueRequired\":true,\"valueName\":\"search_term_string\"}}],\"inLanguage\":\"fr-FR\"}]}<\/script>\n<!-- \/ Yoast SEO plugin. -->","yoast_head_json":{"title":"ligne de nage polystyr\u00e8ne ligne d'eau polystyr\u00e8ne compact flotteur polystyr\u00e8ne","description":"Ligne de nage en polystyr\u00e8ne compact","robots":{"index":"index","follow":"follow","max-snippet":"max-snippet:-1","max-image-preview":"max-image-preview:large","max-video-preview":"max-video-preview:-1"},"canonical":"https:\/\/www.pruvost-sports.com\/boutique\/produit\/ligne-de-nage-mousse-2\/","og_locale":"fr_FR","og_type":"article","og_title":"ligne de nage polystyr\u00e8ne ligne d'eau polystyr\u00e8ne compact flotteur polystyr\u00e8ne","og_description":"Ligne de nage en polystyr\u00e8ne compact","og_url":"https:\/\/www.pruvost-sports.com\/boutique\/produit\/ligne-de-nage-mousse-2\/","og_site_name":"Pruvost sport piscine","article_modified_time":"2023-12-12T13:51:03+00:00","og_image":[{"width":1600,"height":1067,"url":"https:\/\/www.pruvost-sports.com\/boutique\/wp-content\/uploads\/2014\/12\/814-Ligne-de-nage-polystyrene.jpg","type":"image\/jpeg"}],"twitter_card":"summary_large_image","twitter_misc":{"Dur\u00e9e de lecture estim\u00e9e":"1 minute"},"schema":{"@context":"https:\/\/schema.org","@graph":[{"@type":"WebPage","@id":"https:\/\/www.pruvost-sports.com\/boutique\/produit\/ligne-de-nage-mousse-2\/","url":"https:\/\/www.pruvost-sports.com\/boutique\/produit\/ligne-de-nage-mousse-2\/","name":"ligne de nage polystyr\u00e8ne ligne d'eau polystyr\u00e8ne compact flotteur polystyr\u00e8ne","isPartOf":{"@id":"https:\/\/www.pruvost-sports.com\/boutique\/#website"},"primaryImageOfPage":{"@id":"https:\/\/www.pruvost-sports.com\/boutique\/produit\/ligne-de-nage-mousse-2\/#primaryimage"},"image":{"@id":"https:\/\/www.pruvost-sports.com\/boutique\/produit\/ligne-de-nage-mousse-2\/#primaryimage"},"thumbnailUrl":"https:\/\/www.pruvost-sports.com\/boutique\/wp-content\/uploads\/2014\/12\/814-Ligne-de-nage-polystyrene.jpg","datePublished":"2014-12-12T10:43:17+00:00","dateModified":"2023-12-12T13:51:03+00:00","description":"Ligne de nage en polystyr\u00e8ne compact","breadcrumb":{"@id":"https:\/\/www.pruvost-sports.com\/boutique\/produit\/ligne-de-nage-mousse-2\/#breadcrumb"},"inLanguage":"fr-FR","potentialAction":[{"@type":"ReadAction","target":["https:\/\/www.pruvost-sports.com\/boutique\/produit\/ligne-de-nage-mousse-2\/"]}]},{"@type":"ImageObject","inLanguage":"fr-FR","@id":"https:\/\/www.pruvost-sports.com\/boutique\/produit\/ligne-de-nage-mousse-2\/#primaryimage","url":"https:\/\/www.pruvost-sports.com\/boutique\/wp-content\/uploads\/2014\/12\/814-Ligne-de-nage-polystyrene.jpg","contentUrl":"https:\/\/www.pruvost-sports.com\/boutique\/wp-content\/uploads\/2014\/12\/814-Ligne-de-nage-polystyrene.jpg","width":1600,"height":1067,"caption":"Ligne de nage polystyr\u00e8ne"},{"@type":"BreadcrumbList","@id":"https:\/\/www.pruvost-sports.com\/boutique\/produit\/ligne-de-nage-mousse-2\/#breadcrumb","itemListElement":[{"@type":"ListItem","position":1,"name":"Accueil","item":"https:\/\/www.pruvost-sports.com\/boutique\/"},{"@type":"ListItem","position":2,"name":"Boutique","item":"https:\/\/www.pruvost-sports.com\/boutique\/boutique\/"},{"@type":"ListItem","position":3,"name":"Ligne de nage polystyr\u00e8ne"}]},{"@type":"WebSite","@id":"https:\/\/www.pruvost-sports.com\/boutique\/#website","url":"https:\/\/www.pruvost-sports.com\/boutique\/","name":"Pruvost sport piscine","description":"","potentialAction":[{"@type":"SearchAction","target":{"@type":"EntryPoint","urlTemplate":"https:\/\/www.pruvost-sports.com\/boutique\/?s={search_term_string}"},"query-input":{"@type":"PropertyValueSpecification","valueRequired":true,"valueName":"search_term_string"}}],"inLanguage":"fr-FR"}]}},"_links":{"self":[{"href":"https:\/\/www.pruvost-sports.com\/boutique\/wp-json\/wp\/v2\/product\/3019","targetHints":{"allow":["GET"]}}],"collection":[{"href":"https:\/\/www.pruvost-sports.com\/boutique\/wp-json\/wp\/v2\/product"}],"about":[{"href":"https:\/\/www.pruvost-sports.com\/boutique\/wp-json\/wp\/v2\/types\/product"}],"wp:featuredmedia":[{"embeddable":true,"href":"https:\/\/www.pruvost-sports.com\/boutique\/wp-json\/wp\/v2\/media\/3011"}],"wp:attachment":[{"href":"https:\/\/www.pruvost-sports.com\/boutique\/wp-json\/wp\/v2\/media?parent=3019"}],"wp:term":[{"taxonomy":"product_brand","embeddable":true,"href":"https:\/\/www.pruvost-sports.com\/boutique\/wp-json\/wp\/v2\/product_brand?post=3019"},{"taxonomy":"product_cat","embeddable":true,"href":"https:\/\/www.pruvost-sports.com\/boutique\/wp-json\/wp\/v2\/product_cat?post=3019"},{"taxonomy":"product_tag","embeddable":true,"href":"https:\/\/www.pruvost-sports.com\/boutique\/wp-json\/wp\/v2\/product_tag?post=3019"}],"curies":[{"name":"wp","href":"https:\/\/api.w.org\/{rel}","templated":true}]}}