{"id":2843,"date":"2014-11-10T11:04:12","date_gmt":"2014-11-10T10:04:12","guid":{"rendered":"https:\/\/www.pruvost-sports.com\/boutique\/?product=seche-cheveux-pistolet"},"modified":"2024-12-16T15:35:54","modified_gmt":"2024-12-16T14:35:54","slug":"seche-cheveux-pistolet","status":"publish","type":"product","link":"https:\/\/www.pruvost-sports.com\/boutique\/produit\/seche-cheveux-pistolet\/","title":{"rendered":"S\u00e8che-cheveux pistolet"},"content":{"rendered":"<p><strong>Caract\u00e9ristiques principales :<\/strong><\/p>\n<p>\u2022 Capot en ABS tr\u00e8s robuste<br \/>\n\u2022 D\u00e9clenchement par bouton poussoir<br \/>\n\u2022 C\u00e2ble spiral\u00e9 Caract\u00e9ristiques techniques<br \/>\n\u2022 Support mural inclus \u2013 s\u00e9parable du s\u00e8che-cheveux<br \/>\n\u2022 Puissance nominale : 2000 W<br \/>\n\u2022 Niveau sonore : 72 dB<br \/>\n\u2022 2 vitesses d\u2019air \u2013 3 temp\u00e9ratures<br \/>\n\u2022 Tension d\u2019alimentation : 220\/230 V<br \/>\n\u2022 Fr\u00e9quence : 50\/60 Hz<\/p>\n<p><strong>Dimensions :<\/strong><\/p>\n<p>\u2022 SC: L 230 x P 90 x H 240 mm &#8211; 0.50 Kg<br \/>\n\u2022 Support: L122 x P88 x H122 mm &#8211; 0.50 Kg<\/p>\n","protected":false},"excerpt":{"rendered":"<p><strong>S\u00e8che-cheveux pistolet pour collectivit\u00e9s<\/strong><\/p>\n<p>Appareil \u00e0 usage mixte destin\u00e9 aux petites collectivit\u00e9s.<br \/>\nId\u00e9al pour les centres de thalasso, les vestiaires des moniteurs, les installations m\u00e9dicales&#8230;<\/p>\n","protected":false},"featured_media":2842,"template":"","meta":[],"product_brand":[],"product_cat":[82],"product_tag":[1063,1487,1488],"class_list":{"0":"post-2843","1":"product","2":"type-product","3":"status-publish","4":"has-post-thumbnail","6":"product_cat-seche-cheveux","7":"product_tag-seche-cheveux-piscine","8":"product_tag-seche-cheveux-pistolet","9":"product_tag-seche-cheveux-pistolet-piscine","11":"entry","12":"has-media","14":"first","15":"instock","16":"shipping-taxable","17":"purchasable","18":"product-type-simple","19":"col","20":"span_1_of_4","21":"owp-content-center","22":"owp-thumbs-layout-horizontal","23":"owp-btn-normal","24":"owp-tabs-layout-horizontal","25":"has-no-thumbnails"},"yoast_head":"<!-- This site is optimized with the Yoast SEO plugin v27.5 - https:\/\/yoast.com\/product\/yoast-seo-wordpress\/ -->\n<title>s\u00e8che-cheveux piscine s\u00e8che-cheveux collectivit\u00e9s s\u00e8che-cheveux pistolet<\/title>\n<meta name=\"description\" content=\"S\u00e8che-cheveux pistolet piscine\" \/>\n<meta name=\"robots\" content=\"index, follow, max-snippet:-1, max-image-preview:large, max-video-preview:-1\" \/>\n<link rel=\"canonical\" href=\"https:\/\/www.pruvost-sports.com\/boutique\/produit\/seche-cheveux-pistolet\/\" \/>\n<meta property=\"og:locale\" content=\"fr_FR\" \/>\n<meta property=\"og:type\" content=\"article\" \/>\n<meta property=\"og:title\" content=\"s\u00e8che-cheveux piscine s\u00e8che-cheveux collectivit\u00e9s s\u00e8che-cheveux pistolet\" \/>\n<meta property=\"og:description\" content=\"S\u00e8che-cheveux pistolet piscine\" \/>\n<meta property=\"og:url\" content=\"https:\/\/www.pruvost-sports.com\/boutique\/produit\/seche-cheveux-pistolet\/\" \/>\n<meta property=\"og:site_name\" content=\"Pruvost sport piscine\" \/>\n<meta property=\"article:modified_time\" content=\"2024-12-16T14:35:54+00:00\" \/>\n<meta property=\"og:image\" content=\"https:\/\/www.pruvost-sports.com\/boutique\/wp-content\/uploads\/2014\/11\/1489-Seche-cheveux-pistolet.jpg\" \/>\n\t<meta property=\"og:image:width\" content=\"431\" \/>\n\t<meta property=\"og:image:height\" content=\"486\" \/>\n\t<meta property=\"og:image:type\" content=\"image\/jpeg\" \/>\n<meta name=\"twitter:card\" content=\"summary_large_image\" \/>\n<meta name=\"twitter:label1\" content=\"Dur\u00e9e de lecture estim\u00e9e\" \/>\n\t<meta name=\"twitter:data1\" content=\"1 minute\" \/>\n<script type=\"application\/ld+json\" class=\"yoast-schema-graph\">{\"@context\":\"https:\\\/\\\/schema.org\",\"@graph\":[{\"@type\":\"WebPage\",\"@id\":\"https:\\\/\\\/www.pruvost-sports.com\\\/boutique\\\/produit\\\/seche-cheveux-pistolet\\\/\",\"url\":\"https:\\\/\\\/www.pruvost-sports.com\\\/boutique\\\/produit\\\/seche-cheveux-pistolet\\\/\",\"name\":\"s\u00e8che-cheveux piscine s\u00e8che-cheveux collectivit\u00e9s s\u00e8che-cheveux pistolet\",\"isPartOf\":{\"@id\":\"https:\\\/\\\/www.pruvost-sports.com\\\/boutique\\\/#website\"},\"primaryImageOfPage\":{\"@id\":\"https:\\\/\\\/www.pruvost-sports.com\\\/boutique\\\/produit\\\/seche-cheveux-pistolet\\\/#primaryimage\"},\"image\":{\"@id\":\"https:\\\/\\\/www.pruvost-sports.com\\\/boutique\\\/produit\\\/seche-cheveux-pistolet\\\/#primaryimage\"},\"thumbnailUrl\":\"https:\\\/\\\/www.pruvost-sports.com\\\/boutique\\\/wp-content\\\/uploads\\\/2014\\\/11\\\/1489-Seche-cheveux-pistolet.jpg\",\"datePublished\":\"2014-11-10T10:04:12+00:00\",\"dateModified\":\"2024-12-16T14:35:54+00:00\",\"description\":\"S\u00e8che-cheveux pistolet piscine\",\"breadcrumb\":{\"@id\":\"https:\\\/\\\/www.pruvost-sports.com\\\/boutique\\\/produit\\\/seche-cheveux-pistolet\\\/#breadcrumb\"},\"inLanguage\":\"fr-FR\",\"potentialAction\":[{\"@type\":\"ReadAction\",\"target\":[\"https:\\\/\\\/www.pruvost-sports.com\\\/boutique\\\/produit\\\/seche-cheveux-pistolet\\\/\"]}]},{\"@type\":\"ImageObject\",\"inLanguage\":\"fr-FR\",\"@id\":\"https:\\\/\\\/www.pruvost-sports.com\\\/boutique\\\/produit\\\/seche-cheveux-pistolet\\\/#primaryimage\",\"url\":\"https:\\\/\\\/www.pruvost-sports.com\\\/boutique\\\/wp-content\\\/uploads\\\/2014\\\/11\\\/1489-Seche-cheveux-pistolet.jpg\",\"contentUrl\":\"https:\\\/\\\/www.pruvost-sports.com\\\/boutique\\\/wp-content\\\/uploads\\\/2014\\\/11\\\/1489-Seche-cheveux-pistolet.jpg\",\"width\":431,\"height\":486,\"caption\":\"S\u00e8che-cheveux pistolet\"},{\"@type\":\"BreadcrumbList\",\"@id\":\"https:\\\/\\\/www.pruvost-sports.com\\\/boutique\\\/produit\\\/seche-cheveux-pistolet\\\/#breadcrumb\",\"itemListElement\":[{\"@type\":\"ListItem\",\"position\":1,\"name\":\"Accueil\",\"item\":\"https:\\\/\\\/www.pruvost-sports.com\\\/boutique\\\/\"},{\"@type\":\"ListItem\",\"position\":2,\"name\":\"Boutique\",\"item\":\"https:\\\/\\\/www.pruvost-sports.com\\\/boutique\\\/boutique\\\/\"},{\"@type\":\"ListItem\",\"position\":3,\"name\":\"S\u00e8che-cheveux pistolet\"}]},{\"@type\":\"WebSite\",\"@id\":\"https:\\\/\\\/www.pruvost-sports.com\\\/boutique\\\/#website\",\"url\":\"https:\\\/\\\/www.pruvost-sports.com\\\/boutique\\\/\",\"name\":\"Pruvost sport piscine\",\"description\":\"\",\"potentialAction\":[{\"@type\":\"SearchAction\",\"target\":{\"@type\":\"EntryPoint\",\"urlTemplate\":\"https:\\\/\\\/www.pruvost-sports.com\\\/boutique\\\/?s={search_term_string}\"},\"query-input\":{\"@type\":\"PropertyValueSpecification\",\"valueRequired\":true,\"valueName\":\"search_term_string\"}}],\"inLanguage\":\"fr-FR\"}]}<\/script>\n<!-- \/ Yoast SEO plugin. -->","yoast_head_json":{"title":"s\u00e8che-cheveux piscine s\u00e8che-cheveux collectivit\u00e9s s\u00e8che-cheveux pistolet","description":"S\u00e8che-cheveux pistolet piscine","robots":{"index":"index","follow":"follow","max-snippet":"max-snippet:-1","max-image-preview":"max-image-preview:large","max-video-preview":"max-video-preview:-1"},"canonical":"https:\/\/www.pruvost-sports.com\/boutique\/produit\/seche-cheveux-pistolet\/","og_locale":"fr_FR","og_type":"article","og_title":"s\u00e8che-cheveux piscine s\u00e8che-cheveux collectivit\u00e9s s\u00e8che-cheveux pistolet","og_description":"S\u00e8che-cheveux pistolet piscine","og_url":"https:\/\/www.pruvost-sports.com\/boutique\/produit\/seche-cheveux-pistolet\/","og_site_name":"Pruvost sport piscine","article_modified_time":"2024-12-16T14:35:54+00:00","og_image":[{"width":431,"height":486,"url":"https:\/\/www.pruvost-sports.com\/boutique\/wp-content\/uploads\/2014\/11\/1489-Seche-cheveux-pistolet.jpg","type":"image\/jpeg"}],"twitter_card":"summary_large_image","twitter_misc":{"Dur\u00e9e de lecture estim\u00e9e":"1 minute"},"schema":{"@context":"https:\/\/schema.org","@graph":[{"@type":"WebPage","@id":"https:\/\/www.pruvost-sports.com\/boutique\/produit\/seche-cheveux-pistolet\/","url":"https:\/\/www.pruvost-sports.com\/boutique\/produit\/seche-cheveux-pistolet\/","name":"s\u00e8che-cheveux piscine s\u00e8che-cheveux collectivit\u00e9s s\u00e8che-cheveux pistolet","isPartOf":{"@id":"https:\/\/www.pruvost-sports.com\/boutique\/#website"},"primaryImageOfPage":{"@id":"https:\/\/www.pruvost-sports.com\/boutique\/produit\/seche-cheveux-pistolet\/#primaryimage"},"image":{"@id":"https:\/\/www.pruvost-sports.com\/boutique\/produit\/seche-cheveux-pistolet\/#primaryimage"},"thumbnailUrl":"https:\/\/www.pruvost-sports.com\/boutique\/wp-content\/uploads\/2014\/11\/1489-Seche-cheveux-pistolet.jpg","datePublished":"2014-11-10T10:04:12+00:00","dateModified":"2024-12-16T14:35:54+00:00","description":"S\u00e8che-cheveux pistolet piscine","breadcrumb":{"@id":"https:\/\/www.pruvost-sports.com\/boutique\/produit\/seche-cheveux-pistolet\/#breadcrumb"},"inLanguage":"fr-FR","potentialAction":[{"@type":"ReadAction","target":["https:\/\/www.pruvost-sports.com\/boutique\/produit\/seche-cheveux-pistolet\/"]}]},{"@type":"ImageObject","inLanguage":"fr-FR","@id":"https:\/\/www.pruvost-sports.com\/boutique\/produit\/seche-cheveux-pistolet\/#primaryimage","url":"https:\/\/www.pruvost-sports.com\/boutique\/wp-content\/uploads\/2014\/11\/1489-Seche-cheveux-pistolet.jpg","contentUrl":"https:\/\/www.pruvost-sports.com\/boutique\/wp-content\/uploads\/2014\/11\/1489-Seche-cheveux-pistolet.jpg","width":431,"height":486,"caption":"S\u00e8che-cheveux pistolet"},{"@type":"BreadcrumbList","@id":"https:\/\/www.pruvost-sports.com\/boutique\/produit\/seche-cheveux-pistolet\/#breadcrumb","itemListElement":[{"@type":"ListItem","position":1,"name":"Accueil","item":"https:\/\/www.pruvost-sports.com\/boutique\/"},{"@type":"ListItem","position":2,"name":"Boutique","item":"https:\/\/www.pruvost-sports.com\/boutique\/boutique\/"},{"@type":"ListItem","position":3,"name":"S\u00e8che-cheveux pistolet"}]},{"@type":"WebSite","@id":"https:\/\/www.pruvost-sports.com\/boutique\/#website","url":"https:\/\/www.pruvost-sports.com\/boutique\/","name":"Pruvost sport piscine","description":"","potentialAction":[{"@type":"SearchAction","target":{"@type":"EntryPoint","urlTemplate":"https:\/\/www.pruvost-sports.com\/boutique\/?s={search_term_string}"},"query-input":{"@type":"PropertyValueSpecification","valueRequired":true,"valueName":"search_term_string"}}],"inLanguage":"fr-FR"}]}},"_links":{"self":[{"href":"https:\/\/www.pruvost-sports.com\/boutique\/wp-json\/wp\/v2\/product\/2843","targetHints":{"allow":["GET"]}}],"collection":[{"href":"https:\/\/www.pruvost-sports.com\/boutique\/wp-json\/wp\/v2\/product"}],"about":[{"href":"https:\/\/www.pruvost-sports.com\/boutique\/wp-json\/wp\/v2\/types\/product"}],"wp:featuredmedia":[{"embeddable":true,"href":"https:\/\/www.pruvost-sports.com\/boutique\/wp-json\/wp\/v2\/media\/2842"}],"wp:attachment":[{"href":"https:\/\/www.pruvost-sports.com\/boutique\/wp-json\/wp\/v2\/media?parent=2843"}],"wp:term":[{"taxonomy":"product_brand","embeddable":true,"href":"https:\/\/www.pruvost-sports.com\/boutique\/wp-json\/wp\/v2\/product_brand?post=2843"},{"taxonomy":"product_cat","embeddable":true,"href":"https:\/\/www.pruvost-sports.com\/boutique\/wp-json\/wp\/v2\/product_cat?post=2843"},{"taxonomy":"product_tag","embeddable":true,"href":"https:\/\/www.pruvost-sports.com\/boutique\/wp-json\/wp\/v2\/product_tag?post=2843"}],"curies":[{"name":"wp","href":"https:\/\/api.w.org\/{rel}","templated":true}]}}