{"id":2822,"date":"2014-10-31T11:29:08","date_gmt":"2014-10-31T10:29:08","guid":{"rendered":"https:\/\/www.pruvost-sports.com\/boutique\/?product=tensiometre-electronique"},"modified":"2014-10-31T11:29:08","modified_gmt":"2014-10-31T10:29:08","slug":"tensiometre-electronique","status":"publish","type":"product","link":"https:\/\/www.pruvost-sports.com\/boutique\/produit\/tensiometre-electronique\/","title":{"rendered":"Tensiom\u00e8tre \u00e9lectronique"},"content":{"rendered":"<p>Gonflage et affichage digital automatiques des valeurs systoliques, diastoliques et du pouls.<br \/>Prise de mesure rapide et silencieuse. Design ultra-compact. Ecran large.<br \/>Prise de mesures par m&eacute;thode oscillom&eacute;trique.<br \/>D&eacute;tection d&rsquo;arythmie gr&acirc;ce au syst&egrave;me exclusif IHB. M&eacute;morisation des 30 derni&egrave;res mesures.<br \/>Circonf&eacute;rence du poignet de 13,5 &agrave; 21,5 cm. Plage de mesure 20 &agrave; 280 mmHg et 40 &agrave; 180 bpm.<br \/>Pr&eacute;cision de la mesure de +-3 mmHg. Livr&eacute; avec piles et bo&icirc;tier de transport.<br \/>Conforme &agrave; la Norme IEC 60601-1-2 : 2001.<br \/>Largeur 6,3 cm, hauteur 5,6 cm, profondeur 2,1 cm. Poids 82 g. Garantie &agrave; vie<\/p>\n","protected":false},"excerpt":{"rendered":"<h1>Tensiom&egrave;tre&nbsp; &eacute;lectronique<\/h1>\n<p>Voir caract&eacute;ristique ci dessous<\/p>\n","protected":false},"featured_media":2820,"template":"","meta":[],"product_brand":[],"product_cat":[26],"product_tag":[1477,1478,1479],"class_list":{"0":"post-2822","1":"product","2":"type-product","3":"status-publish","4":"has-post-thumbnail","6":"product_cat-infirmerie","7":"product_tag-tensiometre","8":"product_tag-tensiometre-electronique","9":"product_tag-tensiometre-piscine","11":"entry","12":"has-media","14":"first","15":"instock","16":"shipping-taxable","17":"purchasable","18":"product-type-simple","19":"col","20":"span_1_of_4","21":"owp-content-center","22":"owp-thumbs-layout-horizontal","23":"owp-btn-normal","24":"owp-tabs-layout-horizontal","25":"has-no-thumbnails"},"yoast_head":"<!-- This site is optimized with the Yoast SEO plugin v27.5 - https:\/\/yoast.com\/product\/yoast-seo-wordpress\/ -->\n<title>tensiom\u00e8tre \u00e9lectronique tensiom\u00e8tre piscine<\/title>\n<meta name=\"description\" content=\"Tensiom\u00e8tre \u00e9lectronique\" \/>\n<meta name=\"robots\" content=\"index, follow, max-snippet:-1, max-image-preview:large, max-video-preview:-1\" \/>\n<link rel=\"canonical\" href=\"https:\/\/www.pruvost-sports.com\/boutique\/produit\/tensiometre-electronique\/\" \/>\n<meta property=\"og:locale\" content=\"fr_FR\" \/>\n<meta property=\"og:type\" content=\"article\" \/>\n<meta property=\"og:title\" content=\"tensiom\u00e8tre \u00e9lectronique tensiom\u00e8tre piscine\" \/>\n<meta property=\"og:description\" content=\"Tensiom\u00e8tre \u00e9lectronique\" \/>\n<meta property=\"og:url\" content=\"https:\/\/www.pruvost-sports.com\/boutique\/produit\/tensiometre-electronique\/\" \/>\n<meta property=\"og:site_name\" content=\"Pruvost sport piscine\" \/>\n<meta property=\"og:image\" content=\"https:\/\/www.pruvost-sports.com\/boutique\/wp-content\/uploads\/2014\/10\/774-Tensiometre-electronique.jpg\" \/>\n\t<meta property=\"og:image:width\" content=\"465\" \/>\n\t<meta property=\"og:image:height\" content=\"500\" \/>\n\t<meta property=\"og:image:type\" content=\"image\/jpeg\" \/>\n<meta name=\"twitter:card\" content=\"summary_large_image\" \/>\n<meta name=\"twitter:label1\" content=\"Dur\u00e9e de lecture estim\u00e9e\" \/>\n\t<meta name=\"twitter:data1\" content=\"1 minute\" \/>\n<script type=\"application\/ld+json\" class=\"yoast-schema-graph\">{\"@context\":\"https:\\\/\\\/schema.org\",\"@graph\":[{\"@type\":\"WebPage\",\"@id\":\"https:\\\/\\\/www.pruvost-sports.com\\\/boutique\\\/produit\\\/tensiometre-electronique\\\/\",\"url\":\"https:\\\/\\\/www.pruvost-sports.com\\\/boutique\\\/produit\\\/tensiometre-electronique\\\/\",\"name\":\"tensiom\u00e8tre \u00e9lectronique tensiom\u00e8tre piscine\",\"isPartOf\":{\"@id\":\"https:\\\/\\\/www.pruvost-sports.com\\\/boutique\\\/#website\"},\"primaryImageOfPage\":{\"@id\":\"https:\\\/\\\/www.pruvost-sports.com\\\/boutique\\\/produit\\\/tensiometre-electronique\\\/#primaryimage\"},\"image\":{\"@id\":\"https:\\\/\\\/www.pruvost-sports.com\\\/boutique\\\/produit\\\/tensiometre-electronique\\\/#primaryimage\"},\"thumbnailUrl\":\"https:\\\/\\\/www.pruvost-sports.com\\\/boutique\\\/wp-content\\\/uploads\\\/2014\\\/10\\\/774-Tensiometre-electronique.jpg\",\"datePublished\":\"2014-10-31T10:29:08+00:00\",\"description\":\"Tensiom\u00e8tre \u00e9lectronique\",\"breadcrumb\":{\"@id\":\"https:\\\/\\\/www.pruvost-sports.com\\\/boutique\\\/produit\\\/tensiometre-electronique\\\/#breadcrumb\"},\"inLanguage\":\"fr-FR\",\"potentialAction\":[{\"@type\":\"ReadAction\",\"target\":[\"https:\\\/\\\/www.pruvost-sports.com\\\/boutique\\\/produit\\\/tensiometre-electronique\\\/\"]}]},{\"@type\":\"ImageObject\",\"inLanguage\":\"fr-FR\",\"@id\":\"https:\\\/\\\/www.pruvost-sports.com\\\/boutique\\\/produit\\\/tensiometre-electronique\\\/#primaryimage\",\"url\":\"https:\\\/\\\/www.pruvost-sports.com\\\/boutique\\\/wp-content\\\/uploads\\\/2014\\\/10\\\/774-Tensiometre-electronique.jpg\",\"contentUrl\":\"https:\\\/\\\/www.pruvost-sports.com\\\/boutique\\\/wp-content\\\/uploads\\\/2014\\\/10\\\/774-Tensiometre-electronique.jpg\",\"width\":465,\"height\":500,\"caption\":\"Tensiom\u00e8tre \u00e9lectronique\"},{\"@type\":\"BreadcrumbList\",\"@id\":\"https:\\\/\\\/www.pruvost-sports.com\\\/boutique\\\/produit\\\/tensiometre-electronique\\\/#breadcrumb\",\"itemListElement\":[{\"@type\":\"ListItem\",\"position\":1,\"name\":\"Accueil\",\"item\":\"https:\\\/\\\/www.pruvost-sports.com\\\/boutique\\\/\"},{\"@type\":\"ListItem\",\"position\":2,\"name\":\"Boutique\",\"item\":\"https:\\\/\\\/www.pruvost-sports.com\\\/boutique\\\/boutique\\\/\"},{\"@type\":\"ListItem\",\"position\":3,\"name\":\"Tensiom\u00e8tre \u00e9lectronique\"}]},{\"@type\":\"WebSite\",\"@id\":\"https:\\\/\\\/www.pruvost-sports.com\\\/boutique\\\/#website\",\"url\":\"https:\\\/\\\/www.pruvost-sports.com\\\/boutique\\\/\",\"name\":\"Pruvost sport piscine\",\"description\":\"\",\"potentialAction\":[{\"@type\":\"SearchAction\",\"target\":{\"@type\":\"EntryPoint\",\"urlTemplate\":\"https:\\\/\\\/www.pruvost-sports.com\\\/boutique\\\/?s={search_term_string}\"},\"query-input\":{\"@type\":\"PropertyValueSpecification\",\"valueRequired\":true,\"valueName\":\"search_term_string\"}}],\"inLanguage\":\"fr-FR\"}]}<\/script>\n<!-- \/ Yoast SEO plugin. -->","yoast_head_json":{"title":"tensiom\u00e8tre \u00e9lectronique tensiom\u00e8tre piscine","description":"Tensiom\u00e8tre \u00e9lectronique","robots":{"index":"index","follow":"follow","max-snippet":"max-snippet:-1","max-image-preview":"max-image-preview:large","max-video-preview":"max-video-preview:-1"},"canonical":"https:\/\/www.pruvost-sports.com\/boutique\/produit\/tensiometre-electronique\/","og_locale":"fr_FR","og_type":"article","og_title":"tensiom\u00e8tre \u00e9lectronique tensiom\u00e8tre piscine","og_description":"Tensiom\u00e8tre \u00e9lectronique","og_url":"https:\/\/www.pruvost-sports.com\/boutique\/produit\/tensiometre-electronique\/","og_site_name":"Pruvost sport piscine","og_image":[{"width":465,"height":500,"url":"https:\/\/www.pruvost-sports.com\/boutique\/wp-content\/uploads\/2014\/10\/774-Tensiometre-electronique.jpg","type":"image\/jpeg"}],"twitter_card":"summary_large_image","twitter_misc":{"Dur\u00e9e de lecture estim\u00e9e":"1 minute"},"schema":{"@context":"https:\/\/schema.org","@graph":[{"@type":"WebPage","@id":"https:\/\/www.pruvost-sports.com\/boutique\/produit\/tensiometre-electronique\/","url":"https:\/\/www.pruvost-sports.com\/boutique\/produit\/tensiometre-electronique\/","name":"tensiom\u00e8tre \u00e9lectronique tensiom\u00e8tre piscine","isPartOf":{"@id":"https:\/\/www.pruvost-sports.com\/boutique\/#website"},"primaryImageOfPage":{"@id":"https:\/\/www.pruvost-sports.com\/boutique\/produit\/tensiometre-electronique\/#primaryimage"},"image":{"@id":"https:\/\/www.pruvost-sports.com\/boutique\/produit\/tensiometre-electronique\/#primaryimage"},"thumbnailUrl":"https:\/\/www.pruvost-sports.com\/boutique\/wp-content\/uploads\/2014\/10\/774-Tensiometre-electronique.jpg","datePublished":"2014-10-31T10:29:08+00:00","description":"Tensiom\u00e8tre \u00e9lectronique","breadcrumb":{"@id":"https:\/\/www.pruvost-sports.com\/boutique\/produit\/tensiometre-electronique\/#breadcrumb"},"inLanguage":"fr-FR","potentialAction":[{"@type":"ReadAction","target":["https:\/\/www.pruvost-sports.com\/boutique\/produit\/tensiometre-electronique\/"]}]},{"@type":"ImageObject","inLanguage":"fr-FR","@id":"https:\/\/www.pruvost-sports.com\/boutique\/produit\/tensiometre-electronique\/#primaryimage","url":"https:\/\/www.pruvost-sports.com\/boutique\/wp-content\/uploads\/2014\/10\/774-Tensiometre-electronique.jpg","contentUrl":"https:\/\/www.pruvost-sports.com\/boutique\/wp-content\/uploads\/2014\/10\/774-Tensiometre-electronique.jpg","width":465,"height":500,"caption":"Tensiom\u00e8tre \u00e9lectronique"},{"@type":"BreadcrumbList","@id":"https:\/\/www.pruvost-sports.com\/boutique\/produit\/tensiometre-electronique\/#breadcrumb","itemListElement":[{"@type":"ListItem","position":1,"name":"Accueil","item":"https:\/\/www.pruvost-sports.com\/boutique\/"},{"@type":"ListItem","position":2,"name":"Boutique","item":"https:\/\/www.pruvost-sports.com\/boutique\/boutique\/"},{"@type":"ListItem","position":3,"name":"Tensiom\u00e8tre \u00e9lectronique"}]},{"@type":"WebSite","@id":"https:\/\/www.pruvost-sports.com\/boutique\/#website","url":"https:\/\/www.pruvost-sports.com\/boutique\/","name":"Pruvost sport piscine","description":"","potentialAction":[{"@type":"SearchAction","target":{"@type":"EntryPoint","urlTemplate":"https:\/\/www.pruvost-sports.com\/boutique\/?s={search_term_string}"},"query-input":{"@type":"PropertyValueSpecification","valueRequired":true,"valueName":"search_term_string"}}],"inLanguage":"fr-FR"}]}},"_links":{"self":[{"href":"https:\/\/www.pruvost-sports.com\/boutique\/wp-json\/wp\/v2\/product\/2822","targetHints":{"allow":["GET"]}}],"collection":[{"href":"https:\/\/www.pruvost-sports.com\/boutique\/wp-json\/wp\/v2\/product"}],"about":[{"href":"https:\/\/www.pruvost-sports.com\/boutique\/wp-json\/wp\/v2\/types\/product"}],"wp:featuredmedia":[{"embeddable":true,"href":"https:\/\/www.pruvost-sports.com\/boutique\/wp-json\/wp\/v2\/media\/2820"}],"wp:attachment":[{"href":"https:\/\/www.pruvost-sports.com\/boutique\/wp-json\/wp\/v2\/media?parent=2822"}],"wp:term":[{"taxonomy":"product_brand","embeddable":true,"href":"https:\/\/www.pruvost-sports.com\/boutique\/wp-json\/wp\/v2\/product_brand?post=2822"},{"taxonomy":"product_cat","embeddable":true,"href":"https:\/\/www.pruvost-sports.com\/boutique\/wp-json\/wp\/v2\/product_cat?post=2822"},{"taxonomy":"product_tag","embeddable":true,"href":"https:\/\/www.pruvost-sports.com\/boutique\/wp-json\/wp\/v2\/product_tag?post=2822"}],"curies":[{"name":"wp","href":"https:\/\/api.w.org\/{rel}","templated":true}]}}