{"id":2752,"date":"2014-09-22T15:58:41","date_gmt":"2014-09-22T13:58:41","guid":{"rendered":"https:\/\/www.pruvost-sports.com\/boutique\/?product=megaphone"},"modified":"2025-06-24T11:13:05","modified_gmt":"2025-06-24T09:13:05","slug":"megaphone","status":"publish","type":"product","link":"https:\/\/www.pruvost-sports.com\/boutique\/produit\/megaphone\/","title":{"rendered":"Porte voix &#8211; 30 W"},"content":{"rendered":"","protected":false},"excerpt":{"rendered":"<p>M\u00e9gaphone porte voix \u00e9quip\u00e9 d&rsquo;un amplificateur 30 Watts pour une port\u00e9e optimale jusqu&rsquo;\u00e0 500 m.<\/p>\n<div id=\"short_description_content\" class=\"rte align_justify\">\n<p>Le micro permet une libert\u00e9 d&rsquo;utilisation et offre un meilleur contr\u00f4le de l&rsquo;appareil.<\/p>\n<p>il est possible d&rsquo;utiliser le m\u00e9gaphone pour diffuser des messages pr\u00e9enregistr\u00e9s (12 secondes) gr\u00e2ce \u00e0 la fonction enregistrement<\/p>\n<ul>\n<li>Entr\u00e9es USB, SD et AUX<\/li>\n<li>Contr\u00f4les MP3<\/li>\n<li>Rechargeable<\/li>\n<li>M\u00e9moire pour enregistrement d&rsquo;un message de 12s<\/li>\n<li>Micro et sir\u00e8ne incorpor\u00e9s<\/li>\n<li>Poign\u00e9e et sangle<\/li>\n<li>Corps en ABS<\/li>\n<\/ul>\n<ul>\n<li>\n<table class=\"table w-100 table-striped\" style=\"height: 154px;\" width=\"516\">\n<tbody>\n<tr>\n<td>Puissance RMS\/max<\/td>\n<td>20\/35W<\/td>\n<\/tr>\n<tr>\n<td>Poids<\/td>\n<td>0.835kg<\/td>\n<\/tr>\n<tr>\n<td>Dims<\/td>\n<td>diam.200 x 340mm<\/td>\n<\/tr>\n<tr>\n<td>Alim<\/td>\n<td>Batteries rechargeables au Lithium-ion (incluses)<\/td>\n<\/tr>\n<tr>\n<td>Port\u00e9e approximative<\/td>\n<td>500m<\/td>\n<\/tr>\n<\/tbody>\n<\/table>\n<\/li>\n<\/ul>\n<\/div>\n","protected":false},"featured_media":2751,"template":"","meta":[],"product_brand":[],"product_cat":[51],"product_tag":[1442,1441,1440],"class_list":{"0":"post-2752","1":"product","2":"type-product","3":"status-publish","4":"has-post-thumbnail","6":"product_cat-surveillance-baignade","7":"product_tag-haut-parleur","8":"product_tag-megaphone","9":"product_tag-porte-voix","11":"entry","12":"has-media","14":"first","15":"instock","16":"shipping-taxable","17":"purchasable","18":"product-type-simple","19":"col","20":"span_1_of_4","21":"owp-content-center","22":"owp-thumbs-layout-horizontal","23":"owp-btn-normal","24":"owp-tabs-layout-horizontal","25":"has-no-thumbnails"},"yoast_head":"<!-- This site is optimized with the Yoast SEO plugin v27.5 - https:\/\/yoast.com\/product\/yoast-seo-wordpress\/ -->\n<title>m\u00e9gaphone haut parleur porte voix<\/title>\n<meta name=\"description\" content=\"M\u00e9gaphone\" \/>\n<meta name=\"robots\" content=\"index, follow, max-snippet:-1, max-image-preview:large, max-video-preview:-1\" \/>\n<link rel=\"canonical\" href=\"https:\/\/www.pruvost-sports.com\/boutique\/produit\/megaphone\/\" \/>\n<meta property=\"og:locale\" content=\"fr_FR\" \/>\n<meta property=\"og:type\" content=\"article\" \/>\n<meta property=\"og:title\" content=\"m\u00e9gaphone haut parleur porte voix\" \/>\n<meta property=\"og:description\" content=\"M\u00e9gaphone\" \/>\n<meta property=\"og:url\" content=\"https:\/\/www.pruvost-sports.com\/boutique\/produit\/megaphone\/\" \/>\n<meta property=\"og:site_name\" content=\"Pruvost sport piscine\" \/>\n<meta property=\"article:modified_time\" content=\"2025-06-24T09:13:05+00:00\" \/>\n<meta property=\"og:image\" content=\"https:\/\/www.pruvost-sports.com\/boutique\/wp-content\/uploads\/2014\/09\/743-Megaphone.jpg\" \/>\n\t<meta property=\"og:image:width\" content=\"600\" \/>\n\t<meta property=\"og:image:height\" content=\"600\" \/>\n\t<meta property=\"og:image:type\" content=\"image\/jpeg\" \/>\n<meta name=\"twitter:card\" content=\"summary_large_image\" \/>\n<meta name=\"twitter:label1\" content=\"Dur\u00e9e de lecture estim\u00e9e\" \/>\n\t<meta name=\"twitter:data1\" content=\"1 minute\" \/>\n<script type=\"application\/ld+json\" class=\"yoast-schema-graph\">{\"@context\":\"https:\\\/\\\/schema.org\",\"@graph\":[{\"@type\":\"WebPage\",\"@id\":\"https:\\\/\\\/www.pruvost-sports.com\\\/boutique\\\/produit\\\/megaphone\\\/\",\"url\":\"https:\\\/\\\/www.pruvost-sports.com\\\/boutique\\\/produit\\\/megaphone\\\/\",\"name\":\"m\u00e9gaphone haut parleur porte voix\",\"isPartOf\":{\"@id\":\"https:\\\/\\\/www.pruvost-sports.com\\\/boutique\\\/#website\"},\"primaryImageOfPage\":{\"@id\":\"https:\\\/\\\/www.pruvost-sports.com\\\/boutique\\\/produit\\\/megaphone\\\/#primaryimage\"},\"image\":{\"@id\":\"https:\\\/\\\/www.pruvost-sports.com\\\/boutique\\\/produit\\\/megaphone\\\/#primaryimage\"},\"thumbnailUrl\":\"https:\\\/\\\/www.pruvost-sports.com\\\/boutique\\\/wp-content\\\/uploads\\\/2014\\\/09\\\/743-Megaphone.jpg\",\"datePublished\":\"2014-09-22T13:58:41+00:00\",\"dateModified\":\"2025-06-24T09:13:05+00:00\",\"description\":\"M\u00e9gaphone\",\"breadcrumb\":{\"@id\":\"https:\\\/\\\/www.pruvost-sports.com\\\/boutique\\\/produit\\\/megaphone\\\/#breadcrumb\"},\"inLanguage\":\"fr-FR\",\"potentialAction\":[{\"@type\":\"ReadAction\",\"target\":[\"https:\\\/\\\/www.pruvost-sports.com\\\/boutique\\\/produit\\\/megaphone\\\/\"]}]},{\"@type\":\"ImageObject\",\"inLanguage\":\"fr-FR\",\"@id\":\"https:\\\/\\\/www.pruvost-sports.com\\\/boutique\\\/produit\\\/megaphone\\\/#primaryimage\",\"url\":\"https:\\\/\\\/www.pruvost-sports.com\\\/boutique\\\/wp-content\\\/uploads\\\/2014\\\/09\\\/743-Megaphone.jpg\",\"contentUrl\":\"https:\\\/\\\/www.pruvost-sports.com\\\/boutique\\\/wp-content\\\/uploads\\\/2014\\\/09\\\/743-Megaphone.jpg\",\"width\":600,\"height\":600,\"caption\":\"Megaphone\"},{\"@type\":\"BreadcrumbList\",\"@id\":\"https:\\\/\\\/www.pruvost-sports.com\\\/boutique\\\/produit\\\/megaphone\\\/#breadcrumb\",\"itemListElement\":[{\"@type\":\"ListItem\",\"position\":1,\"name\":\"Accueil\",\"item\":\"https:\\\/\\\/www.pruvost-sports.com\\\/boutique\\\/\"},{\"@type\":\"ListItem\",\"position\":2,\"name\":\"Boutique\",\"item\":\"https:\\\/\\\/www.pruvost-sports.com\\\/boutique\\\/boutique\\\/\"},{\"@type\":\"ListItem\",\"position\":3,\"name\":\"Porte voix &#8211; 30 W\"}]},{\"@type\":\"WebSite\",\"@id\":\"https:\\\/\\\/www.pruvost-sports.com\\\/boutique\\\/#website\",\"url\":\"https:\\\/\\\/www.pruvost-sports.com\\\/boutique\\\/\",\"name\":\"Pruvost sport piscine\",\"description\":\"\",\"potentialAction\":[{\"@type\":\"SearchAction\",\"target\":{\"@type\":\"EntryPoint\",\"urlTemplate\":\"https:\\\/\\\/www.pruvost-sports.com\\\/boutique\\\/?s={search_term_string}\"},\"query-input\":{\"@type\":\"PropertyValueSpecification\",\"valueRequired\":true,\"valueName\":\"search_term_string\"}}],\"inLanguage\":\"fr-FR\"}]}<\/script>\n<!-- \/ Yoast SEO plugin. -->","yoast_head_json":{"title":"m\u00e9gaphone haut parleur porte voix","description":"M\u00e9gaphone","robots":{"index":"index","follow":"follow","max-snippet":"max-snippet:-1","max-image-preview":"max-image-preview:large","max-video-preview":"max-video-preview:-1"},"canonical":"https:\/\/www.pruvost-sports.com\/boutique\/produit\/megaphone\/","og_locale":"fr_FR","og_type":"article","og_title":"m\u00e9gaphone haut parleur porte voix","og_description":"M\u00e9gaphone","og_url":"https:\/\/www.pruvost-sports.com\/boutique\/produit\/megaphone\/","og_site_name":"Pruvost sport piscine","article_modified_time":"2025-06-24T09:13:05+00:00","og_image":[{"width":600,"height":600,"url":"https:\/\/www.pruvost-sports.com\/boutique\/wp-content\/uploads\/2014\/09\/743-Megaphone.jpg","type":"image\/jpeg"}],"twitter_card":"summary_large_image","twitter_misc":{"Dur\u00e9e de lecture estim\u00e9e":"1 minute"},"schema":{"@context":"https:\/\/schema.org","@graph":[{"@type":"WebPage","@id":"https:\/\/www.pruvost-sports.com\/boutique\/produit\/megaphone\/","url":"https:\/\/www.pruvost-sports.com\/boutique\/produit\/megaphone\/","name":"m\u00e9gaphone haut parleur porte voix","isPartOf":{"@id":"https:\/\/www.pruvost-sports.com\/boutique\/#website"},"primaryImageOfPage":{"@id":"https:\/\/www.pruvost-sports.com\/boutique\/produit\/megaphone\/#primaryimage"},"image":{"@id":"https:\/\/www.pruvost-sports.com\/boutique\/produit\/megaphone\/#primaryimage"},"thumbnailUrl":"https:\/\/www.pruvost-sports.com\/boutique\/wp-content\/uploads\/2014\/09\/743-Megaphone.jpg","datePublished":"2014-09-22T13:58:41+00:00","dateModified":"2025-06-24T09:13:05+00:00","description":"M\u00e9gaphone","breadcrumb":{"@id":"https:\/\/www.pruvost-sports.com\/boutique\/produit\/megaphone\/#breadcrumb"},"inLanguage":"fr-FR","potentialAction":[{"@type":"ReadAction","target":["https:\/\/www.pruvost-sports.com\/boutique\/produit\/megaphone\/"]}]},{"@type":"ImageObject","inLanguage":"fr-FR","@id":"https:\/\/www.pruvost-sports.com\/boutique\/produit\/megaphone\/#primaryimage","url":"https:\/\/www.pruvost-sports.com\/boutique\/wp-content\/uploads\/2014\/09\/743-Megaphone.jpg","contentUrl":"https:\/\/www.pruvost-sports.com\/boutique\/wp-content\/uploads\/2014\/09\/743-Megaphone.jpg","width":600,"height":600,"caption":"Megaphone"},{"@type":"BreadcrumbList","@id":"https:\/\/www.pruvost-sports.com\/boutique\/produit\/megaphone\/#breadcrumb","itemListElement":[{"@type":"ListItem","position":1,"name":"Accueil","item":"https:\/\/www.pruvost-sports.com\/boutique\/"},{"@type":"ListItem","position":2,"name":"Boutique","item":"https:\/\/www.pruvost-sports.com\/boutique\/boutique\/"},{"@type":"ListItem","position":3,"name":"Porte voix &#8211; 30 W"}]},{"@type":"WebSite","@id":"https:\/\/www.pruvost-sports.com\/boutique\/#website","url":"https:\/\/www.pruvost-sports.com\/boutique\/","name":"Pruvost sport piscine","description":"","potentialAction":[{"@type":"SearchAction","target":{"@type":"EntryPoint","urlTemplate":"https:\/\/www.pruvost-sports.com\/boutique\/?s={search_term_string}"},"query-input":{"@type":"PropertyValueSpecification","valueRequired":true,"valueName":"search_term_string"}}],"inLanguage":"fr-FR"}]}},"_links":{"self":[{"href":"https:\/\/www.pruvost-sports.com\/boutique\/wp-json\/wp\/v2\/product\/2752","targetHints":{"allow":["GET"]}}],"collection":[{"href":"https:\/\/www.pruvost-sports.com\/boutique\/wp-json\/wp\/v2\/product"}],"about":[{"href":"https:\/\/www.pruvost-sports.com\/boutique\/wp-json\/wp\/v2\/types\/product"}],"wp:featuredmedia":[{"embeddable":true,"href":"https:\/\/www.pruvost-sports.com\/boutique\/wp-json\/wp\/v2\/media\/2751"}],"wp:attachment":[{"href":"https:\/\/www.pruvost-sports.com\/boutique\/wp-json\/wp\/v2\/media?parent=2752"}],"wp:term":[{"taxonomy":"product_brand","embeddable":true,"href":"https:\/\/www.pruvost-sports.com\/boutique\/wp-json\/wp\/v2\/product_brand?post=2752"},{"taxonomy":"product_cat","embeddable":true,"href":"https:\/\/www.pruvost-sports.com\/boutique\/wp-json\/wp\/v2\/product_cat?post=2752"},{"taxonomy":"product_tag","embeddable":true,"href":"https:\/\/www.pruvost-sports.com\/boutique\/wp-json\/wp\/v2\/product_tag?post=2752"}],"curies":[{"name":"wp","href":"https:\/\/api.w.org\/{rel}","templated":true}]}}