{"id":2669,"date":"2014-09-12T15:30:28","date_gmt":"2014-09-12T13:30:28","guid":{"rendered":"https:\/\/www.pruvost-sports.com\/boutique\/?product=aquabike-ar3-2"},"modified":"2024-05-06T09:41:54","modified_gmt":"2024-05-06T07:41:54","slug":"aquabike-ar3-2","status":"publish","type":"product","link":"https:\/\/www.pruvost-sports.com\/boutique\/produit\/aquabike-ar3-2\/","title":{"rendered":"Aquabike &#8211; WR3"},"content":{"rendered":"<p>T\u00e9l\u00e9chargez la fiche technique.<\/p>\n","protected":false},"excerpt":{"rendered":"<p>Cet aquabike facile \u00e0 utiliser s\u2019adapte \u00e0 tous !<br \/>\nSon poids l\u00e9ger et une base stable en font un \u00e9quipement de s\u00e9curit\u00e9.<br \/>\nContr\u00f4lez votre intensit\u00e9 et exercez-vous \u00e0 votre rythme.<br \/>\nPratiquer de l\u2019aquabike procure plaisir et d\u00e9tente.<br \/>\nCon\u00e7u pour l\u2019exercice individuel et la remise en forme<br \/>\nc\u2019est le v\u00e9lo que toutes les piscines doivent avoir.<\/p>\n","protected":false},"featured_media":2667,"template":"","meta":[],"product_brand":[],"product_cat":[62,22],"product_tag":[754,757,755,756],"class_list":{"0":"post-2669","1":"product","2":"type-product","3":"status-publish","4":"has-post-thumbnail","6":"product_cat-aquabike","7":"product_cat-aquagym-et-aquabike","8":"product_tag-aquabike","9":"product_tag-aquaspinning","10":"product_tag-aquatraining","11":"product_tag-velo-piscine","13":"entry","14":"has-media","16":"first","17":"instock","18":"shipping-taxable","19":"purchasable","20":"product-type-simple","21":"col","22":"span_1_of_4","23":"owp-content-center","24":"owp-thumbs-layout-horizontal","25":"owp-btn-normal","26":"owp-tabs-layout-horizontal","27":"has-no-thumbnails"},"yoast_head":"<!-- This site is optimized with the Yoast SEO plugin v27.5 - https:\/\/yoast.com\/product\/yoast-seo-wordpress\/ -->\n<title>Aquabike v\u00e9lo piscine aquatraining aquagym<\/title>\n<meta name=\"description\" content=\"Aquabike\" \/>\n<meta name=\"robots\" content=\"index, follow, max-snippet:-1, max-image-preview:large, max-video-preview:-1\" \/>\n<link rel=\"canonical\" href=\"https:\/\/www.pruvost-sports.com\/boutique\/produit\/aquabike-ar3-2\/\" \/>\n<meta property=\"og:locale\" content=\"fr_FR\" \/>\n<meta property=\"og:type\" content=\"article\" \/>\n<meta property=\"og:title\" content=\"Aquabike v\u00e9lo piscine aquatraining aquagym\" \/>\n<meta property=\"og:description\" content=\"Aquabike\" \/>\n<meta property=\"og:url\" content=\"https:\/\/www.pruvost-sports.com\/boutique\/produit\/aquabike-ar3-2\/\" \/>\n<meta property=\"og:site_name\" content=\"Pruvost sport piscine\" \/>\n<meta property=\"article:modified_time\" content=\"2024-05-06T07:41:54+00:00\" \/>\n<meta property=\"og:image\" content=\"https:\/\/www.pruvost-sports.com\/boutique\/wp-content\/uploads\/2014\/09\/715-Aquabike-AR3.jpg\" \/>\n\t<meta property=\"og:image:width\" content=\"2560\" \/>\n\t<meta property=\"og:image:height\" content=\"1600\" \/>\n\t<meta property=\"og:image:type\" content=\"image\/jpeg\" \/>\n<meta name=\"twitter:card\" content=\"summary_large_image\" \/>\n<meta name=\"twitter:label1\" content=\"Dur\u00e9e de lecture estim\u00e9e\" \/>\n\t<meta name=\"twitter:data1\" content=\"1 minute\" \/>\n<script type=\"application\/ld+json\" class=\"yoast-schema-graph\">{\"@context\":\"https:\\\/\\\/schema.org\",\"@graph\":[{\"@type\":\"WebPage\",\"@id\":\"https:\\\/\\\/www.pruvost-sports.com\\\/boutique\\\/produit\\\/aquabike-ar3-2\\\/\",\"url\":\"https:\\\/\\\/www.pruvost-sports.com\\\/boutique\\\/produit\\\/aquabike-ar3-2\\\/\",\"name\":\"Aquabike v\u00e9lo piscine aquatraining aquagym\",\"isPartOf\":{\"@id\":\"https:\\\/\\\/www.pruvost-sports.com\\\/boutique\\\/#website\"},\"primaryImageOfPage\":{\"@id\":\"https:\\\/\\\/www.pruvost-sports.com\\\/boutique\\\/produit\\\/aquabike-ar3-2\\\/#primaryimage\"},\"image\":{\"@id\":\"https:\\\/\\\/www.pruvost-sports.com\\\/boutique\\\/produit\\\/aquabike-ar3-2\\\/#primaryimage\"},\"thumbnailUrl\":\"https:\\\/\\\/www.pruvost-sports.com\\\/boutique\\\/wp-content\\\/uploads\\\/2014\\\/09\\\/715-Aquabike-AR3.jpg\",\"datePublished\":\"2014-09-12T13:30:28+00:00\",\"dateModified\":\"2024-05-06T07:41:54+00:00\",\"description\":\"Aquabike\",\"breadcrumb\":{\"@id\":\"https:\\\/\\\/www.pruvost-sports.com\\\/boutique\\\/produit\\\/aquabike-ar3-2\\\/#breadcrumb\"},\"inLanguage\":\"fr-FR\",\"potentialAction\":[{\"@type\":\"ReadAction\",\"target\":[\"https:\\\/\\\/www.pruvost-sports.com\\\/boutique\\\/produit\\\/aquabike-ar3-2\\\/\"]}]},{\"@type\":\"ImageObject\",\"inLanguage\":\"fr-FR\",\"@id\":\"https:\\\/\\\/www.pruvost-sports.com\\\/boutique\\\/produit\\\/aquabike-ar3-2\\\/#primaryimage\",\"url\":\"https:\\\/\\\/www.pruvost-sports.com\\\/boutique\\\/wp-content\\\/uploads\\\/2014\\\/09\\\/715-Aquabike-AR3.jpg\",\"contentUrl\":\"https:\\\/\\\/www.pruvost-sports.com\\\/boutique\\\/wp-content\\\/uploads\\\/2014\\\/09\\\/715-Aquabike-AR3.jpg\",\"width\":2560,\"height\":1600,\"caption\":\"Aquabike - AR3\"},{\"@type\":\"BreadcrumbList\",\"@id\":\"https:\\\/\\\/www.pruvost-sports.com\\\/boutique\\\/produit\\\/aquabike-ar3-2\\\/#breadcrumb\",\"itemListElement\":[{\"@type\":\"ListItem\",\"position\":1,\"name\":\"Accueil\",\"item\":\"https:\\\/\\\/www.pruvost-sports.com\\\/boutique\\\/\"},{\"@type\":\"ListItem\",\"position\":2,\"name\":\"Boutique\",\"item\":\"https:\\\/\\\/www.pruvost-sports.com\\\/boutique\\\/boutique\\\/\"},{\"@type\":\"ListItem\",\"position\":3,\"name\":\"Aquabike &#8211; WR3\"}]},{\"@type\":\"WebSite\",\"@id\":\"https:\\\/\\\/www.pruvost-sports.com\\\/boutique\\\/#website\",\"url\":\"https:\\\/\\\/www.pruvost-sports.com\\\/boutique\\\/\",\"name\":\"Pruvost sport piscine\",\"description\":\"\",\"potentialAction\":[{\"@type\":\"SearchAction\",\"target\":{\"@type\":\"EntryPoint\",\"urlTemplate\":\"https:\\\/\\\/www.pruvost-sports.com\\\/boutique\\\/?s={search_term_string}\"},\"query-input\":{\"@type\":\"PropertyValueSpecification\",\"valueRequired\":true,\"valueName\":\"search_term_string\"}}],\"inLanguage\":\"fr-FR\"}]}<\/script>\n<!-- \/ Yoast SEO plugin. -->","yoast_head_json":{"title":"Aquabike v\u00e9lo piscine aquatraining aquagym","description":"Aquabike","robots":{"index":"index","follow":"follow","max-snippet":"max-snippet:-1","max-image-preview":"max-image-preview:large","max-video-preview":"max-video-preview:-1"},"canonical":"https:\/\/www.pruvost-sports.com\/boutique\/produit\/aquabike-ar3-2\/","og_locale":"fr_FR","og_type":"article","og_title":"Aquabike v\u00e9lo piscine aquatraining aquagym","og_description":"Aquabike","og_url":"https:\/\/www.pruvost-sports.com\/boutique\/produit\/aquabike-ar3-2\/","og_site_name":"Pruvost sport piscine","article_modified_time":"2024-05-06T07:41:54+00:00","og_image":[{"width":2560,"height":1600,"url":"https:\/\/www.pruvost-sports.com\/boutique\/wp-content\/uploads\/2014\/09\/715-Aquabike-AR3.jpg","type":"image\/jpeg"}],"twitter_card":"summary_large_image","twitter_misc":{"Dur\u00e9e de lecture estim\u00e9e":"1 minute"},"schema":{"@context":"https:\/\/schema.org","@graph":[{"@type":"WebPage","@id":"https:\/\/www.pruvost-sports.com\/boutique\/produit\/aquabike-ar3-2\/","url":"https:\/\/www.pruvost-sports.com\/boutique\/produit\/aquabike-ar3-2\/","name":"Aquabike v\u00e9lo piscine aquatraining aquagym","isPartOf":{"@id":"https:\/\/www.pruvost-sports.com\/boutique\/#website"},"primaryImageOfPage":{"@id":"https:\/\/www.pruvost-sports.com\/boutique\/produit\/aquabike-ar3-2\/#primaryimage"},"image":{"@id":"https:\/\/www.pruvost-sports.com\/boutique\/produit\/aquabike-ar3-2\/#primaryimage"},"thumbnailUrl":"https:\/\/www.pruvost-sports.com\/boutique\/wp-content\/uploads\/2014\/09\/715-Aquabike-AR3.jpg","datePublished":"2014-09-12T13:30:28+00:00","dateModified":"2024-05-06T07:41:54+00:00","description":"Aquabike","breadcrumb":{"@id":"https:\/\/www.pruvost-sports.com\/boutique\/produit\/aquabike-ar3-2\/#breadcrumb"},"inLanguage":"fr-FR","potentialAction":[{"@type":"ReadAction","target":["https:\/\/www.pruvost-sports.com\/boutique\/produit\/aquabike-ar3-2\/"]}]},{"@type":"ImageObject","inLanguage":"fr-FR","@id":"https:\/\/www.pruvost-sports.com\/boutique\/produit\/aquabike-ar3-2\/#primaryimage","url":"https:\/\/www.pruvost-sports.com\/boutique\/wp-content\/uploads\/2014\/09\/715-Aquabike-AR3.jpg","contentUrl":"https:\/\/www.pruvost-sports.com\/boutique\/wp-content\/uploads\/2014\/09\/715-Aquabike-AR3.jpg","width":2560,"height":1600,"caption":"Aquabike - AR3"},{"@type":"BreadcrumbList","@id":"https:\/\/www.pruvost-sports.com\/boutique\/produit\/aquabike-ar3-2\/#breadcrumb","itemListElement":[{"@type":"ListItem","position":1,"name":"Accueil","item":"https:\/\/www.pruvost-sports.com\/boutique\/"},{"@type":"ListItem","position":2,"name":"Boutique","item":"https:\/\/www.pruvost-sports.com\/boutique\/boutique\/"},{"@type":"ListItem","position":3,"name":"Aquabike &#8211; WR3"}]},{"@type":"WebSite","@id":"https:\/\/www.pruvost-sports.com\/boutique\/#website","url":"https:\/\/www.pruvost-sports.com\/boutique\/","name":"Pruvost sport piscine","description":"","potentialAction":[{"@type":"SearchAction","target":{"@type":"EntryPoint","urlTemplate":"https:\/\/www.pruvost-sports.com\/boutique\/?s={search_term_string}"},"query-input":{"@type":"PropertyValueSpecification","valueRequired":true,"valueName":"search_term_string"}}],"inLanguage":"fr-FR"}]}},"_links":{"self":[{"href":"https:\/\/www.pruvost-sports.com\/boutique\/wp-json\/wp\/v2\/product\/2669","targetHints":{"allow":["GET"]}}],"collection":[{"href":"https:\/\/www.pruvost-sports.com\/boutique\/wp-json\/wp\/v2\/product"}],"about":[{"href":"https:\/\/www.pruvost-sports.com\/boutique\/wp-json\/wp\/v2\/types\/product"}],"wp:featuredmedia":[{"embeddable":true,"href":"https:\/\/www.pruvost-sports.com\/boutique\/wp-json\/wp\/v2\/media\/2667"}],"wp:attachment":[{"href":"https:\/\/www.pruvost-sports.com\/boutique\/wp-json\/wp\/v2\/media?parent=2669"}],"wp:term":[{"taxonomy":"product_brand","embeddable":true,"href":"https:\/\/www.pruvost-sports.com\/boutique\/wp-json\/wp\/v2\/product_brand?post=2669"},{"taxonomy":"product_cat","embeddable":true,"href":"https:\/\/www.pruvost-sports.com\/boutique\/wp-json\/wp\/v2\/product_cat?post=2669"},{"taxonomy":"product_tag","embeddable":true,"href":"https:\/\/www.pruvost-sports.com\/boutique\/wp-json\/wp\/v2\/product_tag?post=2669"}],"curies":[{"name":"wp","href":"https:\/\/api.w.org\/{rel}","templated":true}]}}