{"id":2663,"date":"2014-09-12T15:20:28","date_gmt":"2014-09-12T13:20:28","guid":{"rendered":"https:\/\/www.pruvost-sports.com\/boutique\/?product=aquabike-ar1"},"modified":"2024-05-06T09:46:53","modified_gmt":"2024-05-06T07:46:53","slug":"aquabike-ar1","status":"publish","type":"product","link":"https:\/\/www.pruvost-sports.com\/boutique\/produit\/aquabike-ar1\/","title":{"rendered":"Aquabike &#8211; WR5"},"content":{"rendered":"<p>T\u00e9l\u00e9chargez la fiche technique.<\/p>\n","protected":false},"excerpt":{"rendered":"<p>Le top de l\u2019aquabike sportif.<br \/>\nFacile et intuitif, une r\u00e9sistance r\u00e9glable unique, type spinning<br \/>\npermet une pratique de haut niveau.<br \/>\nGr\u00e2ce \u00e0 notre nouveau guidon extr\u00eamement r\u00e9sistant et plus<br \/>\nergonomique, pratiquez une activit\u00e9 sportive intense et compl\u00e8te.<br \/>\nR\u00e9glez facilement votre aquabike gr\u00e2ce au nouveau syst\u00e8me<br \/>\nclick &amp; turn et profitez des derni\u00e8res innovations.<\/p>\n","protected":false},"featured_media":2662,"template":"","meta":[],"product_brand":[],"product_cat":[2760,62,22],"product_tag":[754,757,755,756],"class_list":{"0":"post-2663","1":"product","2":"type-product","3":"status-publish","4":"has-post-thumbnail","6":"product_cat-a-la-une","7":"product_cat-aquabike","8":"product_cat-aquagym-et-aquabike","9":"product_tag-aquabike","10":"product_tag-aquaspinning","11":"product_tag-aquatraining","12":"product_tag-velo-piscine","14":"entry","15":"has-media","17":"first","18":"instock","19":"shipping-taxable","20":"purchasable","21":"product-type-simple","22":"col","23":"span_1_of_4","24":"owp-content-center","25":"owp-thumbs-layout-horizontal","26":"owp-btn-normal","27":"owp-tabs-layout-horizontal","28":"has-no-thumbnails"},"yoast_head":"<!-- This site is optimized with the Yoast SEO plugin v27.5 - https:\/\/yoast.com\/product\/yoast-seo-wordpress\/ -->\n<title>Aquabike v\u00e9lo piscine aquatraining aquagym<\/title>\n<meta name=\"description\" content=\"Aquabike\" \/>\n<meta name=\"robots\" content=\"index, follow, max-snippet:-1, max-image-preview:large, max-video-preview:-1\" \/>\n<link rel=\"canonical\" href=\"https:\/\/www.pruvost-sports.com\/boutique\/produit\/aquabike-ar1\/\" \/>\n<meta property=\"og:locale\" content=\"fr_FR\" \/>\n<meta property=\"og:type\" content=\"article\" \/>\n<meta property=\"og:title\" content=\"Aquabike v\u00e9lo piscine aquatraining aquagym\" \/>\n<meta property=\"og:description\" content=\"Aquabike\" \/>\n<meta property=\"og:url\" content=\"https:\/\/www.pruvost-sports.com\/boutique\/produit\/aquabike-ar1\/\" \/>\n<meta property=\"og:site_name\" content=\"Pruvost sport piscine\" \/>\n<meta property=\"article:modified_time\" content=\"2024-05-06T07:46:53+00:00\" \/>\n<meta property=\"og:image\" content=\"https:\/\/www.pruvost-sports.com\/boutique\/wp-content\/uploads\/2014\/09\/713-Aquabike-AR1.jpg\" \/>\n\t<meta property=\"og:image:width\" content=\"1654\" \/>\n\t<meta property=\"og:image:height\" content=\"1589\" \/>\n\t<meta property=\"og:image:type\" content=\"image\/jpeg\" \/>\n<meta name=\"twitter:card\" content=\"summary_large_image\" \/>\n<meta name=\"twitter:label1\" content=\"Dur\u00e9e de lecture estim\u00e9e\" \/>\n\t<meta name=\"twitter:data1\" content=\"1 minute\" \/>\n<script type=\"application\/ld+json\" class=\"yoast-schema-graph\">{\"@context\":\"https:\\\/\\\/schema.org\",\"@graph\":[{\"@type\":\"WebPage\",\"@id\":\"https:\\\/\\\/www.pruvost-sports.com\\\/boutique\\\/produit\\\/aquabike-ar1\\\/\",\"url\":\"https:\\\/\\\/www.pruvost-sports.com\\\/boutique\\\/produit\\\/aquabike-ar1\\\/\",\"name\":\"Aquabike v\u00e9lo piscine aquatraining aquagym\",\"isPartOf\":{\"@id\":\"https:\\\/\\\/www.pruvost-sports.com\\\/boutique\\\/#website\"},\"primaryImageOfPage\":{\"@id\":\"https:\\\/\\\/www.pruvost-sports.com\\\/boutique\\\/produit\\\/aquabike-ar1\\\/#primaryimage\"},\"image\":{\"@id\":\"https:\\\/\\\/www.pruvost-sports.com\\\/boutique\\\/produit\\\/aquabike-ar1\\\/#primaryimage\"},\"thumbnailUrl\":\"https:\\\/\\\/www.pruvost-sports.com\\\/boutique\\\/wp-content\\\/uploads\\\/2014\\\/09\\\/713-Aquabike-AR1.jpg\",\"datePublished\":\"2014-09-12T13:20:28+00:00\",\"dateModified\":\"2024-05-06T07:46:53+00:00\",\"description\":\"Aquabike\",\"breadcrumb\":{\"@id\":\"https:\\\/\\\/www.pruvost-sports.com\\\/boutique\\\/produit\\\/aquabike-ar1\\\/#breadcrumb\"},\"inLanguage\":\"fr-FR\",\"potentialAction\":[{\"@type\":\"ReadAction\",\"target\":[\"https:\\\/\\\/www.pruvost-sports.com\\\/boutique\\\/produit\\\/aquabike-ar1\\\/\"]}]},{\"@type\":\"ImageObject\",\"inLanguage\":\"fr-FR\",\"@id\":\"https:\\\/\\\/www.pruvost-sports.com\\\/boutique\\\/produit\\\/aquabike-ar1\\\/#primaryimage\",\"url\":\"https:\\\/\\\/www.pruvost-sports.com\\\/boutique\\\/wp-content\\\/uploads\\\/2014\\\/09\\\/713-Aquabike-AR1.jpg\",\"contentUrl\":\"https:\\\/\\\/www.pruvost-sports.com\\\/boutique\\\/wp-content\\\/uploads\\\/2014\\\/09\\\/713-Aquabike-AR1.jpg\",\"width\":1654,\"height\":1589,\"caption\":\"Aquabike - AR1\"},{\"@type\":\"BreadcrumbList\",\"@id\":\"https:\\\/\\\/www.pruvost-sports.com\\\/boutique\\\/produit\\\/aquabike-ar1\\\/#breadcrumb\",\"itemListElement\":[{\"@type\":\"ListItem\",\"position\":1,\"name\":\"Accueil\",\"item\":\"https:\\\/\\\/www.pruvost-sports.com\\\/boutique\\\/\"},{\"@type\":\"ListItem\",\"position\":2,\"name\":\"Boutique\",\"item\":\"https:\\\/\\\/www.pruvost-sports.com\\\/boutique\\\/boutique\\\/\"},{\"@type\":\"ListItem\",\"position\":3,\"name\":\"Aquabike &#8211; WR5\"}]},{\"@type\":\"WebSite\",\"@id\":\"https:\\\/\\\/www.pruvost-sports.com\\\/boutique\\\/#website\",\"url\":\"https:\\\/\\\/www.pruvost-sports.com\\\/boutique\\\/\",\"name\":\"Pruvost sport piscine\",\"description\":\"\",\"potentialAction\":[{\"@type\":\"SearchAction\",\"target\":{\"@type\":\"EntryPoint\",\"urlTemplate\":\"https:\\\/\\\/www.pruvost-sports.com\\\/boutique\\\/?s={search_term_string}\"},\"query-input\":{\"@type\":\"PropertyValueSpecification\",\"valueRequired\":true,\"valueName\":\"search_term_string\"}}],\"inLanguage\":\"fr-FR\"}]}<\/script>\n<!-- \/ Yoast SEO plugin. -->","yoast_head_json":{"title":"Aquabike v\u00e9lo piscine aquatraining aquagym","description":"Aquabike","robots":{"index":"index","follow":"follow","max-snippet":"max-snippet:-1","max-image-preview":"max-image-preview:large","max-video-preview":"max-video-preview:-1"},"canonical":"https:\/\/www.pruvost-sports.com\/boutique\/produit\/aquabike-ar1\/","og_locale":"fr_FR","og_type":"article","og_title":"Aquabike v\u00e9lo piscine aquatraining aquagym","og_description":"Aquabike","og_url":"https:\/\/www.pruvost-sports.com\/boutique\/produit\/aquabike-ar1\/","og_site_name":"Pruvost sport piscine","article_modified_time":"2024-05-06T07:46:53+00:00","og_image":[{"width":1654,"height":1589,"url":"https:\/\/www.pruvost-sports.com\/boutique\/wp-content\/uploads\/2014\/09\/713-Aquabike-AR1.jpg","type":"image\/jpeg"}],"twitter_card":"summary_large_image","twitter_misc":{"Dur\u00e9e de lecture estim\u00e9e":"1 minute"},"schema":{"@context":"https:\/\/schema.org","@graph":[{"@type":"WebPage","@id":"https:\/\/www.pruvost-sports.com\/boutique\/produit\/aquabike-ar1\/","url":"https:\/\/www.pruvost-sports.com\/boutique\/produit\/aquabike-ar1\/","name":"Aquabike v\u00e9lo piscine aquatraining aquagym","isPartOf":{"@id":"https:\/\/www.pruvost-sports.com\/boutique\/#website"},"primaryImageOfPage":{"@id":"https:\/\/www.pruvost-sports.com\/boutique\/produit\/aquabike-ar1\/#primaryimage"},"image":{"@id":"https:\/\/www.pruvost-sports.com\/boutique\/produit\/aquabike-ar1\/#primaryimage"},"thumbnailUrl":"https:\/\/www.pruvost-sports.com\/boutique\/wp-content\/uploads\/2014\/09\/713-Aquabike-AR1.jpg","datePublished":"2014-09-12T13:20:28+00:00","dateModified":"2024-05-06T07:46:53+00:00","description":"Aquabike","breadcrumb":{"@id":"https:\/\/www.pruvost-sports.com\/boutique\/produit\/aquabike-ar1\/#breadcrumb"},"inLanguage":"fr-FR","potentialAction":[{"@type":"ReadAction","target":["https:\/\/www.pruvost-sports.com\/boutique\/produit\/aquabike-ar1\/"]}]},{"@type":"ImageObject","inLanguage":"fr-FR","@id":"https:\/\/www.pruvost-sports.com\/boutique\/produit\/aquabike-ar1\/#primaryimage","url":"https:\/\/www.pruvost-sports.com\/boutique\/wp-content\/uploads\/2014\/09\/713-Aquabike-AR1.jpg","contentUrl":"https:\/\/www.pruvost-sports.com\/boutique\/wp-content\/uploads\/2014\/09\/713-Aquabike-AR1.jpg","width":1654,"height":1589,"caption":"Aquabike - AR1"},{"@type":"BreadcrumbList","@id":"https:\/\/www.pruvost-sports.com\/boutique\/produit\/aquabike-ar1\/#breadcrumb","itemListElement":[{"@type":"ListItem","position":1,"name":"Accueil","item":"https:\/\/www.pruvost-sports.com\/boutique\/"},{"@type":"ListItem","position":2,"name":"Boutique","item":"https:\/\/www.pruvost-sports.com\/boutique\/boutique\/"},{"@type":"ListItem","position":3,"name":"Aquabike &#8211; WR5"}]},{"@type":"WebSite","@id":"https:\/\/www.pruvost-sports.com\/boutique\/#website","url":"https:\/\/www.pruvost-sports.com\/boutique\/","name":"Pruvost sport piscine","description":"","potentialAction":[{"@type":"SearchAction","target":{"@type":"EntryPoint","urlTemplate":"https:\/\/www.pruvost-sports.com\/boutique\/?s={search_term_string}"},"query-input":{"@type":"PropertyValueSpecification","valueRequired":true,"valueName":"search_term_string"}}],"inLanguage":"fr-FR"}]}},"_links":{"self":[{"href":"https:\/\/www.pruvost-sports.com\/boutique\/wp-json\/wp\/v2\/product\/2663","targetHints":{"allow":["GET"]}}],"collection":[{"href":"https:\/\/www.pruvost-sports.com\/boutique\/wp-json\/wp\/v2\/product"}],"about":[{"href":"https:\/\/www.pruvost-sports.com\/boutique\/wp-json\/wp\/v2\/types\/product"}],"wp:featuredmedia":[{"embeddable":true,"href":"https:\/\/www.pruvost-sports.com\/boutique\/wp-json\/wp\/v2\/media\/2662"}],"wp:attachment":[{"href":"https:\/\/www.pruvost-sports.com\/boutique\/wp-json\/wp\/v2\/media?parent=2663"}],"wp:term":[{"taxonomy":"product_brand","embeddable":true,"href":"https:\/\/www.pruvost-sports.com\/boutique\/wp-json\/wp\/v2\/product_brand?post=2663"},{"taxonomy":"product_cat","embeddable":true,"href":"https:\/\/www.pruvost-sports.com\/boutique\/wp-json\/wp\/v2\/product_cat?post=2663"},{"taxonomy":"product_tag","embeddable":true,"href":"https:\/\/www.pruvost-sports.com\/boutique\/wp-json\/wp\/v2\/product_tag?post=2663"}],"curies":[{"name":"wp","href":"https:\/\/api.w.org\/{rel}","templated":true}]}}