{"id":2614,"date":"2024-04-10T09:36:25","date_gmt":"2024-04-10T07:36:25","guid":{"rendered":"https:\/\/www.pruvost-sports.com\/boutique\/?post_type=product&#038;p=2614"},"modified":"2024-04-10T09:36:26","modified_gmt":"2024-04-10T07:36:26","slug":"fauteuil-hippocampe-plage","status":"publish","type":"product","link":"https:\/\/www.pruvost-sports.com\/boutique\/produit\/fauteuil-hippocampe-plage\/","title":{"rendered":"Fauteuil Hippocampe plage"},"content":{"rendered":"<p><span class=\"accroche\" style=\"text-decoration: underline;\"><span class=\"accroche\" style=\"text-decoration: underline;\">Tout terrain <\/span><\/span><span class=\"accroche\"><span class=\"accroche\">: <\/span><\/span>Le fauteuil roulant de plage, tout-terrain\u00a0Hippocampe offre l\u2019acc\u00e8s aux personnes handicap\u00e9es \u00e0 des terrains difficiles voire impossibles en fauteuil roulant de ville: plage, baignade, chemin de randonn\u00e9es, chemins enneig\u00e9s.<\/p>\n<p><span class=\"accroche\" style=\"text-decoration: underline;\">Autonome ou accompagn\u00e9\u00a0<\/span><span class=\"accroche\">: <\/span><span class=\"style4\">En autonomie (en descente ou \u00e0 plat) ou accompagn\u00e9 gr\u00e2ce \u00e0 sa barre de pouss\u00e9e ou au kit de traction\u00a0 le fauteuil roulant Hippocampe vous permettra de d\u00e9couvrir de nouveaux horizons.<br \/>\n<\/span><br \/>\n<span class=\"style4\"><span class=\"accroche\" style=\"text-decoration: underline;\">Confortable :<\/span> Assise, accoudoirs, appui-t\u00eate\u00a0sont compos\u00e9s d&rsquo;une mousse \u00a0\u00e9paisse et confortable\u00a0hydrophobe, elle n&rsquo;absorbe pas l&rsquo;eau et\u00a0s\u00e8che rapidement. Ses tubes gain\u00e9s bleus ou roses\u00a0 confortables au toucher ne\u00a0chauffent pas au soleil.<\/span><br \/>\n<span class=\"style4\">\u00a0<\/span><br \/>\n<span class=\"accroche\" style=\"text-decoration: underline;\">L\u00e9ger, d\u00e9montable et transportable :<\/span><span class=\"style4\">\u00a0Sa petite taille, son dossier rabattable, sa barre de pouss\u00e9e amovible, ses roues d\u00e9montables (en moins d\u2019une minute) et son poids de 17kg le rendent facilement transportable et peu encombrant pour le stocker chez vous, dans son sac pour voyager (en option), dans un coffre de toit ou\u00a0dans un poste de secours.<\/span><\/p>\n<p><span class=\"style4\"><span class=\"accroche\" style=\"text-decoration: underline;\">Design :<\/span> Son look jeune et sa silhouette moderne feront de lui votre compagnon id\u00e9al. Le fauteuil Hippocampe a d\u2019ailleurs re\u00e7u de nombreux prix de design.<\/span><\/p>\n<p><span class=\"accroche\" style=\"text-decoration: underline;\">Fiable, r\u00e9sistant :<\/span>Fabriqu\u00e9 en France le fauteuil roulant Hippocampe est compos\u00e9 de mat\u00e9riaux inoxydables provenant d&rsquo;entreprises locales nationales ou internationales.<\/p>\n<p><span class=\"accroche\" style=\"text-decoration: underline;\">Certifi\u00e9\u00a0:\u00a0<\/span> Le fauteuil roulant de plage, tout-terrain Hippocampe et certaines options sont certifi\u00e9s par le CERAH donc pris en charge s\u00e9curit\u00e9 sociale<a class=\"accroche\" href=\"http:\/\/www.vipamat.com\/codes-lppr-hippocampe.php\" target=\"_blank\" rel=\"noopener\"> (code LPPR), <\/a>il est certifi\u00e9 NF sant\u00e9, NF collectivit\u00e9s\u00a0et FDA.<\/p>\n<p><span class=\"accroche\" style=\"text-decoration: underline;\">R\u00e9volutionnaire :<\/span><span class=\"style4\"> Le fauteuil roulant Hippocampe est un fauteuil roulant de plage, tout-terrain reconnu \u00e0 travers le monde. <\/span><span class=\"style4\">Son premier objectif est de rendre accessibles les plages et les activit\u00e9s nautiques, il \u00e9quipe aujourd\u2019hui plus de 200 plages en France et \u00e0 l\u2019\u00e9tranger <\/span><\/p>\n<p>&nbsp;<\/p>\n","protected":false},"excerpt":{"rendered":"<div class=\"cms_bloc cms_bloc_title\">\n<h2>Le fauteuil roulant de plage Hippocampe<\/h2>\n<\/div>\n","protected":false},"featured_media":2613,"template":"","meta":[],"product_brand":[],"product_cat":[81],"product_tag":[1398,1401,1400,1402],"class_list":{"0":"post-2614","1":"product","2":"type-product","3":"status-publish","4":"has-post-thumbnail","6":"product_cat-aide-aux-pmr","7":"product_tag-fauteuil-hippocampe","8":"product_tag-fauteuil-hippocampe-plage","9":"product_tag-fauteuil-roulant-plage","10":"product_tag-fauteuil-roulant-tout-terrain","12":"entry","13":"has-media","15":"first","16":"instock","17":"shipping-taxable","18":"purchasable","19":"product-type-simple","20":"col","21":"span_1_of_4","22":"owp-content-center","23":"owp-thumbs-layout-horizontal","24":"owp-btn-normal","25":"owp-tabs-layout-horizontal","26":"has-no-thumbnails"},"yoast_head":"<!-- This site is optimized with the Yoast SEO plugin v27.5 - https:\/\/yoast.com\/product\/yoast-seo-wordpress\/ -->\n<title>fauteuil roulant hippocampe fauteuil roulant plage fauteuil roulant tout terrain<\/title>\n<meta name=\"description\" content=\"fauteuil roulant Hippocampe\" \/>\n<meta name=\"robots\" content=\"index, follow, max-snippet:-1, max-image-preview:large, max-video-preview:-1\" \/>\n<link rel=\"canonical\" href=\"https:\/\/www.pruvost-sports.com\/boutique\/produit\/fauteuil-hippocampe-plage\/\" \/>\n<meta property=\"og:locale\" content=\"fr_FR\" \/>\n<meta property=\"og:type\" content=\"article\" \/>\n<meta property=\"og:title\" content=\"fauteuil roulant hippocampe fauteuil roulant plage fauteuil roulant tout terrain\" \/>\n<meta property=\"og:description\" content=\"fauteuil roulant Hippocampe\" \/>\n<meta property=\"og:url\" content=\"https:\/\/www.pruvost-sports.com\/boutique\/produit\/fauteuil-hippocampe-plage\/\" \/>\n<meta property=\"og:site_name\" content=\"Pruvost sport piscine\" \/>\n<meta property=\"article:modified_time\" content=\"2024-04-10T07:36:26+00:00\" \/>\n<meta property=\"og:image\" content=\"https:\/\/www.pruvost-sports.com\/boutique\/wp-content\/uploads\/2014\/08\/692-Fauteuil-Hippocampe-plage.jpg\" \/>\n\t<meta property=\"og:image:width\" content=\"800\" \/>\n\t<meta property=\"og:image:height\" content=\"800\" \/>\n\t<meta property=\"og:image:type\" content=\"image\/jpeg\" \/>\n<meta name=\"twitter:card\" content=\"summary_large_image\" \/>\n<meta name=\"twitter:label1\" content=\"Dur\u00e9e de lecture estim\u00e9e\" \/>\n\t<meta name=\"twitter:data1\" content=\"2 minutes\" \/>\n<script type=\"application\/ld+json\" class=\"yoast-schema-graph\">{\"@context\":\"https:\\\/\\\/schema.org\",\"@graph\":[{\"@type\":\"WebPage\",\"@id\":\"https:\\\/\\\/www.pruvost-sports.com\\\/boutique\\\/produit\\\/fauteuil-hippocampe-plage\\\/\",\"url\":\"https:\\\/\\\/www.pruvost-sports.com\\\/boutique\\\/produit\\\/fauteuil-hippocampe-plage\\\/\",\"name\":\"fauteuil roulant hippocampe fauteuil roulant plage fauteuil roulant tout terrain\",\"isPartOf\":{\"@id\":\"https:\\\/\\\/www.pruvost-sports.com\\\/boutique\\\/#website\"},\"primaryImageOfPage\":{\"@id\":\"https:\\\/\\\/www.pruvost-sports.com\\\/boutique\\\/produit\\\/fauteuil-hippocampe-plage\\\/#primaryimage\"},\"image\":{\"@id\":\"https:\\\/\\\/www.pruvost-sports.com\\\/boutique\\\/produit\\\/fauteuil-hippocampe-plage\\\/#primaryimage\"},\"thumbnailUrl\":\"https:\\\/\\\/www.pruvost-sports.com\\\/boutique\\\/wp-content\\\/uploads\\\/2014\\\/08\\\/692-Fauteuil-Hippocampe-plage.jpg\",\"datePublished\":\"2024-04-10T07:36:25+00:00\",\"dateModified\":\"2024-04-10T07:36:26+00:00\",\"description\":\"fauteuil roulant Hippocampe\",\"breadcrumb\":{\"@id\":\"https:\\\/\\\/www.pruvost-sports.com\\\/boutique\\\/produit\\\/fauteuil-hippocampe-plage\\\/#breadcrumb\"},\"inLanguage\":\"fr-FR\",\"potentialAction\":[{\"@type\":\"ReadAction\",\"target\":[\"https:\\\/\\\/www.pruvost-sports.com\\\/boutique\\\/produit\\\/fauteuil-hippocampe-plage\\\/\"]}]},{\"@type\":\"ImageObject\",\"inLanguage\":\"fr-FR\",\"@id\":\"https:\\\/\\\/www.pruvost-sports.com\\\/boutique\\\/produit\\\/fauteuil-hippocampe-plage\\\/#primaryimage\",\"url\":\"https:\\\/\\\/www.pruvost-sports.com\\\/boutique\\\/wp-content\\\/uploads\\\/2014\\\/08\\\/692-Fauteuil-Hippocampe-plage.jpg\",\"contentUrl\":\"https:\\\/\\\/www.pruvost-sports.com\\\/boutique\\\/wp-content\\\/uploads\\\/2014\\\/08\\\/692-Fauteuil-Hippocampe-plage.jpg\",\"width\":800,\"height\":800,\"caption\":\"Fauteuil Hippocampe plage\"},{\"@type\":\"BreadcrumbList\",\"@id\":\"https:\\\/\\\/www.pruvost-sports.com\\\/boutique\\\/produit\\\/fauteuil-hippocampe-plage\\\/#breadcrumb\",\"itemListElement\":[{\"@type\":\"ListItem\",\"position\":1,\"name\":\"Accueil\",\"item\":\"https:\\\/\\\/www.pruvost-sports.com\\\/boutique\\\/\"},{\"@type\":\"ListItem\",\"position\":2,\"name\":\"Boutique\",\"item\":\"https:\\\/\\\/www.pruvost-sports.com\\\/boutique\\\/boutique\\\/\"},{\"@type\":\"ListItem\",\"position\":3,\"name\":\"Fauteuil Hippocampe plage\"}]},{\"@type\":\"WebSite\",\"@id\":\"https:\\\/\\\/www.pruvost-sports.com\\\/boutique\\\/#website\",\"url\":\"https:\\\/\\\/www.pruvost-sports.com\\\/boutique\\\/\",\"name\":\"Pruvost sport piscine\",\"description\":\"\",\"potentialAction\":[{\"@type\":\"SearchAction\",\"target\":{\"@type\":\"EntryPoint\",\"urlTemplate\":\"https:\\\/\\\/www.pruvost-sports.com\\\/boutique\\\/?s={search_term_string}\"},\"query-input\":{\"@type\":\"PropertyValueSpecification\",\"valueRequired\":true,\"valueName\":\"search_term_string\"}}],\"inLanguage\":\"fr-FR\"}]}<\/script>\n<!-- \/ Yoast SEO plugin. -->","yoast_head_json":{"title":"fauteuil roulant hippocampe fauteuil roulant plage fauteuil roulant tout terrain","description":"fauteuil roulant Hippocampe","robots":{"index":"index","follow":"follow","max-snippet":"max-snippet:-1","max-image-preview":"max-image-preview:large","max-video-preview":"max-video-preview:-1"},"canonical":"https:\/\/www.pruvost-sports.com\/boutique\/produit\/fauteuil-hippocampe-plage\/","og_locale":"fr_FR","og_type":"article","og_title":"fauteuil roulant hippocampe fauteuil roulant plage fauteuil roulant tout terrain","og_description":"fauteuil roulant Hippocampe","og_url":"https:\/\/www.pruvost-sports.com\/boutique\/produit\/fauteuil-hippocampe-plage\/","og_site_name":"Pruvost sport piscine","article_modified_time":"2024-04-10T07:36:26+00:00","og_image":[{"width":800,"height":800,"url":"https:\/\/www.pruvost-sports.com\/boutique\/wp-content\/uploads\/2014\/08\/692-Fauteuil-Hippocampe-plage.jpg","type":"image\/jpeg"}],"twitter_card":"summary_large_image","twitter_misc":{"Dur\u00e9e de lecture estim\u00e9e":"2 minutes"},"schema":{"@context":"https:\/\/schema.org","@graph":[{"@type":"WebPage","@id":"https:\/\/www.pruvost-sports.com\/boutique\/produit\/fauteuil-hippocampe-plage\/","url":"https:\/\/www.pruvost-sports.com\/boutique\/produit\/fauteuil-hippocampe-plage\/","name":"fauteuil roulant hippocampe fauteuil roulant plage fauteuil roulant tout terrain","isPartOf":{"@id":"https:\/\/www.pruvost-sports.com\/boutique\/#website"},"primaryImageOfPage":{"@id":"https:\/\/www.pruvost-sports.com\/boutique\/produit\/fauteuil-hippocampe-plage\/#primaryimage"},"image":{"@id":"https:\/\/www.pruvost-sports.com\/boutique\/produit\/fauteuil-hippocampe-plage\/#primaryimage"},"thumbnailUrl":"https:\/\/www.pruvost-sports.com\/boutique\/wp-content\/uploads\/2014\/08\/692-Fauteuil-Hippocampe-plage.jpg","datePublished":"2024-04-10T07:36:25+00:00","dateModified":"2024-04-10T07:36:26+00:00","description":"fauteuil roulant Hippocampe","breadcrumb":{"@id":"https:\/\/www.pruvost-sports.com\/boutique\/produit\/fauteuil-hippocampe-plage\/#breadcrumb"},"inLanguage":"fr-FR","potentialAction":[{"@type":"ReadAction","target":["https:\/\/www.pruvost-sports.com\/boutique\/produit\/fauteuil-hippocampe-plage\/"]}]},{"@type":"ImageObject","inLanguage":"fr-FR","@id":"https:\/\/www.pruvost-sports.com\/boutique\/produit\/fauteuil-hippocampe-plage\/#primaryimage","url":"https:\/\/www.pruvost-sports.com\/boutique\/wp-content\/uploads\/2014\/08\/692-Fauteuil-Hippocampe-plage.jpg","contentUrl":"https:\/\/www.pruvost-sports.com\/boutique\/wp-content\/uploads\/2014\/08\/692-Fauteuil-Hippocampe-plage.jpg","width":800,"height":800,"caption":"Fauteuil Hippocampe plage"},{"@type":"BreadcrumbList","@id":"https:\/\/www.pruvost-sports.com\/boutique\/produit\/fauteuil-hippocampe-plage\/#breadcrumb","itemListElement":[{"@type":"ListItem","position":1,"name":"Accueil","item":"https:\/\/www.pruvost-sports.com\/boutique\/"},{"@type":"ListItem","position":2,"name":"Boutique","item":"https:\/\/www.pruvost-sports.com\/boutique\/boutique\/"},{"@type":"ListItem","position":3,"name":"Fauteuil Hippocampe plage"}]},{"@type":"WebSite","@id":"https:\/\/www.pruvost-sports.com\/boutique\/#website","url":"https:\/\/www.pruvost-sports.com\/boutique\/","name":"Pruvost sport piscine","description":"","potentialAction":[{"@type":"SearchAction","target":{"@type":"EntryPoint","urlTemplate":"https:\/\/www.pruvost-sports.com\/boutique\/?s={search_term_string}"},"query-input":{"@type":"PropertyValueSpecification","valueRequired":true,"valueName":"search_term_string"}}],"inLanguage":"fr-FR"}]}},"_links":{"self":[{"href":"https:\/\/www.pruvost-sports.com\/boutique\/wp-json\/wp\/v2\/product\/2614","targetHints":{"allow":["GET"]}}],"collection":[{"href":"https:\/\/www.pruvost-sports.com\/boutique\/wp-json\/wp\/v2\/product"}],"about":[{"href":"https:\/\/www.pruvost-sports.com\/boutique\/wp-json\/wp\/v2\/types\/product"}],"wp:featuredmedia":[{"embeddable":true,"href":"https:\/\/www.pruvost-sports.com\/boutique\/wp-json\/wp\/v2\/media\/2613"}],"wp:attachment":[{"href":"https:\/\/www.pruvost-sports.com\/boutique\/wp-json\/wp\/v2\/media?parent=2614"}],"wp:term":[{"taxonomy":"product_brand","embeddable":true,"href":"https:\/\/www.pruvost-sports.com\/boutique\/wp-json\/wp\/v2\/product_brand?post=2614"},{"taxonomy":"product_cat","embeddable":true,"href":"https:\/\/www.pruvost-sports.com\/boutique\/wp-json\/wp\/v2\/product_cat?post=2614"},{"taxonomy":"product_tag","embeddable":true,"href":"https:\/\/www.pruvost-sports.com\/boutique\/wp-json\/wp\/v2\/product_tag?post=2614"}],"curies":[{"name":"wp","href":"https:\/\/api.w.org\/{rel}","templated":true}]}}