{"id":2612,"date":"2024-04-10T09:36:28","date_gmt":"2024-04-10T07:36:28","guid":{"rendered":"https:\/\/www.pruvost-sports.com\/boutique\/?post_type=product&#038;p=2612"},"modified":"2024-04-10T09:36:28","modified_gmt":"2024-04-10T07:36:28","slug":"fauteuil-hippocampe-piscine","status":"publish","type":"product","link":"https:\/\/www.pruvost-sports.com\/boutique\/produit\/fauteuil-hippocampe-piscine\/","title":{"rendered":"Fauteuil Hippocampe piscine"},"content":{"rendered":"<div class=\"cms_bloc cms_bloc_text\">\n<p><span class=\"style33\">Gr\u00e2ce \u00e0 ce fauteuil roulant,\u00a0les personnes handicap\u00e9es\u00a0pourront\u00a0se d\u00e9placer librement dans\u00a0les vestiaires, la douche de <\/span><span class=\"style37\">la piscine sans utiliser\u00a0leurs fauteuils roulants de ville et donc sans les ab\u00eemer.<\/span><\/p>\n<p><span class=\"style37\">Tr\u00e8s mobile grace \u00e0 son carrossage <\/span>, son assise en mousse hydrophobe apporte le confort n\u00e9cessaire pour rester assis dans une zone humide, son assise basse permet d&rsquo;\u00eatre stable et de descendre des marches ou un plan inclin\u00e9\u00a0afin d&rsquo;\u00eatre immerg\u00e9\u00a0pour nager.<\/p>\n<p>L&rsquo;utilisation du fauteuil roulant de piscine Hippocampe permettra d&rsquo;\u00e9viter les probl\u00e8mes d\u2019hygi\u00e8ne li\u00e9s \u00e0 l\u2019acc\u00e8s d\u2019un fauteuil roulant\u00a0de ville\u00a0aux abords du bassin\u00a0ou dans le bassin.<\/p>\n<\/div>\n<p><span class=\"style37\">La natation est la discipline sportive la plus pratiqu\u00e9e par les personnes handicap\u00e9es, elle permet au plus grand nombre\u00a0 (du handicap l\u00e9ger au handicap lourd) d\u2019utiliser leurs capacit\u00e9s motrices en situation d\u2019apesanteur.<\/span><\/p>\n<p>Il est fabriqu\u00e9 en France est certifi\u00e9 NF collectivit\u00e9s gage de qualit\u00e9.<\/p>\n","protected":false},"excerpt":{"rendered":"<div class=\"cms_bloc cms_bloc_title\">\n<h2>Le fauteuil roulant de piscine Hippocampe<\/h2>\n<\/div>\n","protected":false},"featured_media":2609,"template":"","meta":[],"product_brand":[],"product_cat":[81],"product_tag":[1398,1359,1399],"class_list":{"0":"post-2612","1":"product","2":"type-product","3":"status-publish","4":"has-post-thumbnail","6":"product_cat-aide-aux-pmr","7":"product_tag-fauteuil-hippocampe","8":"product_tag-fauteuil-roulant-piscine","9":"product_tag-fauteuille-roulant-hippocampe","11":"entry","12":"has-media","14":"first","15":"instock","16":"shipping-taxable","17":"purchasable","18":"product-type-simple","19":"col","20":"span_1_of_4","21":"owp-content-center","22":"owp-thumbs-layout-horizontal","23":"owp-btn-normal","24":"owp-tabs-layout-horizontal"},"yoast_head":"<!-- This site is optimized with the Yoast SEO plugin v27.5 - https:\/\/yoast.com\/product\/yoast-seo-wordpress\/ -->\n<title>fauteuil roulant hippocampe fauteuil roulant piscine<\/title>\n<meta name=\"description\" content=\"fauteuil roulant Hippocampe\" \/>\n<meta name=\"robots\" content=\"index, follow, max-snippet:-1, max-image-preview:large, max-video-preview:-1\" \/>\n<link rel=\"canonical\" href=\"https:\/\/www.pruvost-sports.com\/boutique\/produit\/fauteuil-hippocampe-piscine\/\" \/>\n<meta property=\"og:locale\" content=\"fr_FR\" \/>\n<meta property=\"og:type\" content=\"article\" \/>\n<meta property=\"og:title\" content=\"fauteuil roulant hippocampe fauteuil roulant piscine\" \/>\n<meta property=\"og:description\" content=\"fauteuil roulant Hippocampe\" \/>\n<meta property=\"og:url\" content=\"https:\/\/www.pruvost-sports.com\/boutique\/produit\/fauteuil-hippocampe-piscine\/\" \/>\n<meta property=\"og:site_name\" content=\"Pruvost sport piscine\" \/>\n<meta property=\"og:image\" content=\"https:\/\/www.pruvost-sports.com\/boutique\/wp-content\/uploads\/2014\/08\/690-Fauteuil-Hippocampe-piscine-scaled.jpg\" \/>\n\t<meta property=\"og:image:width\" content=\"2560\" \/>\n\t<meta property=\"og:image:height\" content=\"1920\" \/>\n\t<meta property=\"og:image:type\" content=\"image\/jpeg\" \/>\n<meta name=\"twitter:card\" content=\"summary_large_image\" \/>\n<meta name=\"twitter:label1\" content=\"Dur\u00e9e de lecture estim\u00e9e\" \/>\n\t<meta name=\"twitter:data1\" content=\"1 minute\" \/>\n<script type=\"application\/ld+json\" class=\"yoast-schema-graph\">{\"@context\":\"https:\\\/\\\/schema.org\",\"@graph\":[{\"@type\":\"WebPage\",\"@id\":\"https:\\\/\\\/www.pruvost-sports.com\\\/boutique\\\/produit\\\/fauteuil-hippocampe-piscine\\\/\",\"url\":\"https:\\\/\\\/www.pruvost-sports.com\\\/boutique\\\/produit\\\/fauteuil-hippocampe-piscine\\\/\",\"name\":\"fauteuil roulant hippocampe fauteuil roulant piscine\",\"isPartOf\":{\"@id\":\"https:\\\/\\\/www.pruvost-sports.com\\\/boutique\\\/#website\"},\"primaryImageOfPage\":{\"@id\":\"https:\\\/\\\/www.pruvost-sports.com\\\/boutique\\\/produit\\\/fauteuil-hippocampe-piscine\\\/#primaryimage\"},\"image\":{\"@id\":\"https:\\\/\\\/www.pruvost-sports.com\\\/boutique\\\/produit\\\/fauteuil-hippocampe-piscine\\\/#primaryimage\"},\"thumbnailUrl\":\"https:\\\/\\\/www.pruvost-sports.com\\\/boutique\\\/wp-content\\\/uploads\\\/2014\\\/08\\\/690-Fauteuil-Hippocampe-piscine-scaled.jpg\",\"datePublished\":\"2024-04-10T07:36:28+00:00\",\"description\":\"fauteuil roulant Hippocampe\",\"breadcrumb\":{\"@id\":\"https:\\\/\\\/www.pruvost-sports.com\\\/boutique\\\/produit\\\/fauteuil-hippocampe-piscine\\\/#breadcrumb\"},\"inLanguage\":\"fr-FR\",\"potentialAction\":[{\"@type\":\"ReadAction\",\"target\":[\"https:\\\/\\\/www.pruvost-sports.com\\\/boutique\\\/produit\\\/fauteuil-hippocampe-piscine\\\/\"]}]},{\"@type\":\"ImageObject\",\"inLanguage\":\"fr-FR\",\"@id\":\"https:\\\/\\\/www.pruvost-sports.com\\\/boutique\\\/produit\\\/fauteuil-hippocampe-piscine\\\/#primaryimage\",\"url\":\"https:\\\/\\\/www.pruvost-sports.com\\\/boutique\\\/wp-content\\\/uploads\\\/2014\\\/08\\\/690-Fauteuil-Hippocampe-piscine-scaled.jpg\",\"contentUrl\":\"https:\\\/\\\/www.pruvost-sports.com\\\/boutique\\\/wp-content\\\/uploads\\\/2014\\\/08\\\/690-Fauteuil-Hippocampe-piscine-scaled.jpg\",\"width\":2560,\"height\":1920,\"caption\":\"Fauteuil Hippocampe piscine\"},{\"@type\":\"BreadcrumbList\",\"@id\":\"https:\\\/\\\/www.pruvost-sports.com\\\/boutique\\\/produit\\\/fauteuil-hippocampe-piscine\\\/#breadcrumb\",\"itemListElement\":[{\"@type\":\"ListItem\",\"position\":1,\"name\":\"Accueil\",\"item\":\"https:\\\/\\\/www.pruvost-sports.com\\\/boutique\\\/\"},{\"@type\":\"ListItem\",\"position\":2,\"name\":\"Boutique\",\"item\":\"https:\\\/\\\/www.pruvost-sports.com\\\/boutique\\\/boutique\\\/\"},{\"@type\":\"ListItem\",\"position\":3,\"name\":\"Fauteuil Hippocampe piscine\"}]},{\"@type\":\"WebSite\",\"@id\":\"https:\\\/\\\/www.pruvost-sports.com\\\/boutique\\\/#website\",\"url\":\"https:\\\/\\\/www.pruvost-sports.com\\\/boutique\\\/\",\"name\":\"Pruvost sport piscine\",\"description\":\"\",\"potentialAction\":[{\"@type\":\"SearchAction\",\"target\":{\"@type\":\"EntryPoint\",\"urlTemplate\":\"https:\\\/\\\/www.pruvost-sports.com\\\/boutique\\\/?s={search_term_string}\"},\"query-input\":{\"@type\":\"PropertyValueSpecification\",\"valueRequired\":true,\"valueName\":\"search_term_string\"}}],\"inLanguage\":\"fr-FR\"}]}<\/script>\n<!-- \/ Yoast SEO plugin. -->","yoast_head_json":{"title":"fauteuil roulant hippocampe fauteuil roulant piscine","description":"fauteuil roulant Hippocampe","robots":{"index":"index","follow":"follow","max-snippet":"max-snippet:-1","max-image-preview":"max-image-preview:large","max-video-preview":"max-video-preview:-1"},"canonical":"https:\/\/www.pruvost-sports.com\/boutique\/produit\/fauteuil-hippocampe-piscine\/","og_locale":"fr_FR","og_type":"article","og_title":"fauteuil roulant hippocampe fauteuil roulant piscine","og_description":"fauteuil roulant Hippocampe","og_url":"https:\/\/www.pruvost-sports.com\/boutique\/produit\/fauteuil-hippocampe-piscine\/","og_site_name":"Pruvost sport piscine","og_image":[{"width":2560,"height":1920,"url":"https:\/\/www.pruvost-sports.com\/boutique\/wp-content\/uploads\/2014\/08\/690-Fauteuil-Hippocampe-piscine-scaled.jpg","type":"image\/jpeg"}],"twitter_card":"summary_large_image","twitter_misc":{"Dur\u00e9e de lecture estim\u00e9e":"1 minute"},"schema":{"@context":"https:\/\/schema.org","@graph":[{"@type":"WebPage","@id":"https:\/\/www.pruvost-sports.com\/boutique\/produit\/fauteuil-hippocampe-piscine\/","url":"https:\/\/www.pruvost-sports.com\/boutique\/produit\/fauteuil-hippocampe-piscine\/","name":"fauteuil roulant hippocampe fauteuil roulant piscine","isPartOf":{"@id":"https:\/\/www.pruvost-sports.com\/boutique\/#website"},"primaryImageOfPage":{"@id":"https:\/\/www.pruvost-sports.com\/boutique\/produit\/fauteuil-hippocampe-piscine\/#primaryimage"},"image":{"@id":"https:\/\/www.pruvost-sports.com\/boutique\/produit\/fauteuil-hippocampe-piscine\/#primaryimage"},"thumbnailUrl":"https:\/\/www.pruvost-sports.com\/boutique\/wp-content\/uploads\/2014\/08\/690-Fauteuil-Hippocampe-piscine-scaled.jpg","datePublished":"2024-04-10T07:36:28+00:00","description":"fauteuil roulant Hippocampe","breadcrumb":{"@id":"https:\/\/www.pruvost-sports.com\/boutique\/produit\/fauteuil-hippocampe-piscine\/#breadcrumb"},"inLanguage":"fr-FR","potentialAction":[{"@type":"ReadAction","target":["https:\/\/www.pruvost-sports.com\/boutique\/produit\/fauteuil-hippocampe-piscine\/"]}]},{"@type":"ImageObject","inLanguage":"fr-FR","@id":"https:\/\/www.pruvost-sports.com\/boutique\/produit\/fauteuil-hippocampe-piscine\/#primaryimage","url":"https:\/\/www.pruvost-sports.com\/boutique\/wp-content\/uploads\/2014\/08\/690-Fauteuil-Hippocampe-piscine-scaled.jpg","contentUrl":"https:\/\/www.pruvost-sports.com\/boutique\/wp-content\/uploads\/2014\/08\/690-Fauteuil-Hippocampe-piscine-scaled.jpg","width":2560,"height":1920,"caption":"Fauteuil Hippocampe piscine"},{"@type":"BreadcrumbList","@id":"https:\/\/www.pruvost-sports.com\/boutique\/produit\/fauteuil-hippocampe-piscine\/#breadcrumb","itemListElement":[{"@type":"ListItem","position":1,"name":"Accueil","item":"https:\/\/www.pruvost-sports.com\/boutique\/"},{"@type":"ListItem","position":2,"name":"Boutique","item":"https:\/\/www.pruvost-sports.com\/boutique\/boutique\/"},{"@type":"ListItem","position":3,"name":"Fauteuil Hippocampe piscine"}]},{"@type":"WebSite","@id":"https:\/\/www.pruvost-sports.com\/boutique\/#website","url":"https:\/\/www.pruvost-sports.com\/boutique\/","name":"Pruvost sport piscine","description":"","potentialAction":[{"@type":"SearchAction","target":{"@type":"EntryPoint","urlTemplate":"https:\/\/www.pruvost-sports.com\/boutique\/?s={search_term_string}"},"query-input":{"@type":"PropertyValueSpecification","valueRequired":true,"valueName":"search_term_string"}}],"inLanguage":"fr-FR"}]}},"_links":{"self":[{"href":"https:\/\/www.pruvost-sports.com\/boutique\/wp-json\/wp\/v2\/product\/2612","targetHints":{"allow":["GET"]}}],"collection":[{"href":"https:\/\/www.pruvost-sports.com\/boutique\/wp-json\/wp\/v2\/product"}],"about":[{"href":"https:\/\/www.pruvost-sports.com\/boutique\/wp-json\/wp\/v2\/types\/product"}],"wp:featuredmedia":[{"embeddable":true,"href":"https:\/\/www.pruvost-sports.com\/boutique\/wp-json\/wp\/v2\/media\/2609"}],"wp:attachment":[{"href":"https:\/\/www.pruvost-sports.com\/boutique\/wp-json\/wp\/v2\/media?parent=2612"}],"wp:term":[{"taxonomy":"product_brand","embeddable":true,"href":"https:\/\/www.pruvost-sports.com\/boutique\/wp-json\/wp\/v2\/product_brand?post=2612"},{"taxonomy":"product_cat","embeddable":true,"href":"https:\/\/www.pruvost-sports.com\/boutique\/wp-json\/wp\/v2\/product_cat?post=2612"},{"taxonomy":"product_tag","embeddable":true,"href":"https:\/\/www.pruvost-sports.com\/boutique\/wp-json\/wp\/v2\/product_tag?post=2612"}],"curies":[{"name":"wp","href":"https:\/\/api.w.org\/{rel}","templated":true}]}}