{"id":2604,"date":"2014-08-29T10:04:43","date_gmt":"2014-08-29T08:04:43","guid":{"rendered":"https:\/\/www.pruvost-sports.com\/boutique\/?product=serrure-a-code-3"},"modified":"2024-12-16T15:17:10","modified_gmt":"2024-12-16T14:17:10","slug":"serrure-a-code-3","status":"publish","type":"product","link":"https:\/\/www.pruvost-sports.com\/boutique\/produit\/serrure-a-code-3\/","title":{"rendered":"Serrure \u00e0 code"},"content":{"rendered":"<p>\u2227 Technologie touch, avec clavier tactile<br \/>\n\u2227 Disponible comme serrure libre ou fixe<br \/>\n\u2227 Disponible en finition noire ou blanche<br \/>\n\u2227 2 diff\u00e9rents orifices de fixations disponibles<br \/>\n\u2227 Versions pour utilisation en milieux humides ou secs<br \/>\ndisponibles<br \/>\n\u2227 Longueur du code d&rsquo;utilisateur s\u00e9lectionnable : 4, 5 ou<br \/>\n6 chiffres (par logiciel ou \u00e0 pr\u00e9ciser \u00e0 la commande)<br \/>\n\u2227 LED en 3 couleurs indiquant le statut de la serrure<br \/>\n(vert, rouge, ambre)<br \/>\n\u2227 LED clignotante pour indiquer le statut de la serrure<br \/>\nferm\u00e9e (par logiciel ou \u00e0 pr\u00e9ciser \u00e0 la commande)<br \/>\n\u2227 Ouverture automatique (par logiciel)<br \/>\n\u2227 Ouverture par dur\u00e9e: par exemple 3 heures apr\u00e8s la<br \/>\nfermeture de la serrure (par logiciel)<br \/>\n\u2227 Avertissement et d\u00e9tection de piles faibles<br \/>\n\u2227 Ouverture d&rsquo;urgence<br \/>\n\u2227 Cl\u00e9 de programmation sans contact avec port USB<br \/>\npour connexion PC<br \/>\n\u2227 Interface de communication sans contact entre le<br \/>\npasse partout et la serrure<\/p>\n","protected":false},"excerpt":{"rendered":"<p>OCS TOUCH LOCK<\/p>\n<p>Est un syt\u00e8me fiable de serrure sans cl\u00e9, autonome sans branchement \u00e9lectrique et informatique.<br \/>\nAvec possibilit\u00e9 de programmer une ouverture automatique apr\u00e8s une dur\u00e9e \u00e9tablie ou une heure sp\u00e9cifique.<\/p>\n<ul>\n<li>Faible d&rsquo;entretien<\/li>\n<li>Piles \u00e0 tres longue dur\u00e9e de vie<\/li>\n<li>Utilisation par multiples utilisateurs<\/li>\n<li>Confort et s\u00e9curit\u00e9 pour vos clients<\/li>\n<\/ul>\n","protected":false},"featured_media":2602,"template":"","meta":[],"product_brand":[],"product_cat":[59],"product_tag":[1397,1395,1386,1396,1394],"class_list":{"0":"post-2604","1":"product","2":"type-product","3":"status-publish","4":"has-post-thumbnail","6":"product_cat-serrures-et-monnayeurs","7":"product_tag-ocs-touch-ojmar","8":"product_tag-serrure-a-code-casiers","9":"product_tag-serrure-a-code-piscine","10":"product_tag-serrure-tactile-casiers","11":"product_tag-serrure-tactile-piscine","12":"pa_couleur-blanc","13":"pa_couleur-noir","15":"entry","16":"has-media","18":"first","19":"instock","20":"shipping-taxable","21":"purchasable","22":"product-type-variable","23":"has-default-attributes","24":"col","25":"span_1_of_4","26":"owp-content-center","27":"owp-thumbs-layout-horizontal","28":"owp-btn-normal","29":"owp-tabs-layout-horizontal"},"yoast_head":"<!-- This site is optimized with the Yoast SEO plugin v27.5 - https:\/\/yoast.com\/product\/yoast-seo-wordpress\/ -->\n<title>serrure \u00e0 code piscine serrure tactile casier piscine<\/title>\n<meta name=\"description\" content=\"Serrure \u00e0 carte piscine\" \/>\n<meta name=\"robots\" content=\"index, follow, max-snippet:-1, max-image-preview:large, max-video-preview:-1\" \/>\n<link rel=\"canonical\" href=\"https:\/\/www.pruvost-sports.com\/boutique\/produit\/serrure-a-code-3\/\" \/>\n<meta property=\"og:locale\" content=\"fr_FR\" \/>\n<meta property=\"og:type\" content=\"article\" \/>\n<meta property=\"og:title\" content=\"serrure \u00e0 code piscine serrure tactile casier piscine\" \/>\n<meta property=\"og:description\" content=\"Serrure \u00e0 carte piscine\" \/>\n<meta property=\"og:url\" content=\"https:\/\/www.pruvost-sports.com\/boutique\/produit\/serrure-a-code-3\/\" \/>\n<meta property=\"og:site_name\" content=\"Pruvost sport piscine\" \/>\n<meta property=\"article:modified_time\" content=\"2024-12-16T14:17:10+00:00\" \/>\n<meta property=\"og:image\" content=\"https:\/\/www.pruvost-sports.com\/boutique\/wp-content\/uploads\/2014\/08\/687-Serrure-a-code.jpg\" \/>\n\t<meta property=\"og:image:width\" content=\"800\" \/>\n\t<meta property=\"og:image:height\" content=\"800\" \/>\n\t<meta property=\"og:image:type\" content=\"image\/jpeg\" \/>\n<meta name=\"twitter:card\" content=\"summary_large_image\" \/>\n<meta name=\"twitter:label1\" content=\"Dur\u00e9e de lecture estim\u00e9e\" \/>\n\t<meta name=\"twitter:data1\" content=\"1 minute\" \/>\n<script type=\"application\/ld+json\" class=\"yoast-schema-graph\">{\"@context\":\"https:\\\/\\\/schema.org\",\"@graph\":[{\"@type\":\"WebPage\",\"@id\":\"https:\\\/\\\/www.pruvost-sports.com\\\/boutique\\\/produit\\\/serrure-a-code-3\\\/\",\"url\":\"https:\\\/\\\/www.pruvost-sports.com\\\/boutique\\\/produit\\\/serrure-a-code-3\\\/\",\"name\":\"serrure \u00e0 code piscine serrure tactile casier piscine\",\"isPartOf\":{\"@id\":\"https:\\\/\\\/www.pruvost-sports.com\\\/boutique\\\/#website\"},\"primaryImageOfPage\":{\"@id\":\"https:\\\/\\\/www.pruvost-sports.com\\\/boutique\\\/produit\\\/serrure-a-code-3\\\/#primaryimage\"},\"image\":{\"@id\":\"https:\\\/\\\/www.pruvost-sports.com\\\/boutique\\\/produit\\\/serrure-a-code-3\\\/#primaryimage\"},\"thumbnailUrl\":\"https:\\\/\\\/www.pruvost-sports.com\\\/boutique\\\/wp-content\\\/uploads\\\/2014\\\/08\\\/687-Serrure-a-code.jpg\",\"datePublished\":\"2014-08-29T08:04:43+00:00\",\"dateModified\":\"2024-12-16T14:17:10+00:00\",\"description\":\"Serrure \u00e0 carte piscine\",\"breadcrumb\":{\"@id\":\"https:\\\/\\\/www.pruvost-sports.com\\\/boutique\\\/produit\\\/serrure-a-code-3\\\/#breadcrumb\"},\"inLanguage\":\"fr-FR\",\"potentialAction\":[{\"@type\":\"ReadAction\",\"target\":[\"https:\\\/\\\/www.pruvost-sports.com\\\/boutique\\\/produit\\\/serrure-a-code-3\\\/\"]}]},{\"@type\":\"ImageObject\",\"inLanguage\":\"fr-FR\",\"@id\":\"https:\\\/\\\/www.pruvost-sports.com\\\/boutique\\\/produit\\\/serrure-a-code-3\\\/#primaryimage\",\"url\":\"https:\\\/\\\/www.pruvost-sports.com\\\/boutique\\\/wp-content\\\/uploads\\\/2014\\\/08\\\/687-Serrure-a-code.jpg\",\"contentUrl\":\"https:\\\/\\\/www.pruvost-sports.com\\\/boutique\\\/wp-content\\\/uploads\\\/2014\\\/08\\\/687-Serrure-a-code.jpg\",\"width\":800,\"height\":800,\"caption\":\"Serrure \u00e0 code\"},{\"@type\":\"BreadcrumbList\",\"@id\":\"https:\\\/\\\/www.pruvost-sports.com\\\/boutique\\\/produit\\\/serrure-a-code-3\\\/#breadcrumb\",\"itemListElement\":[{\"@type\":\"ListItem\",\"position\":1,\"name\":\"Accueil\",\"item\":\"https:\\\/\\\/www.pruvost-sports.com\\\/boutique\\\/\"},{\"@type\":\"ListItem\",\"position\":2,\"name\":\"Boutique\",\"item\":\"https:\\\/\\\/www.pruvost-sports.com\\\/boutique\\\/boutique\\\/\"},{\"@type\":\"ListItem\",\"position\":3,\"name\":\"Serrure \u00e0 code\"}]},{\"@type\":\"WebSite\",\"@id\":\"https:\\\/\\\/www.pruvost-sports.com\\\/boutique\\\/#website\",\"url\":\"https:\\\/\\\/www.pruvost-sports.com\\\/boutique\\\/\",\"name\":\"Pruvost sport piscine\",\"description\":\"\",\"potentialAction\":[{\"@type\":\"SearchAction\",\"target\":{\"@type\":\"EntryPoint\",\"urlTemplate\":\"https:\\\/\\\/www.pruvost-sports.com\\\/boutique\\\/?s={search_term_string}\"},\"query-input\":{\"@type\":\"PropertyValueSpecification\",\"valueRequired\":true,\"valueName\":\"search_term_string\"}}],\"inLanguage\":\"fr-FR\"}]}<\/script>\n<!-- \/ Yoast SEO plugin. -->","yoast_head_json":{"title":"serrure \u00e0 code piscine serrure tactile casier piscine","description":"Serrure \u00e0 carte piscine","robots":{"index":"index","follow":"follow","max-snippet":"max-snippet:-1","max-image-preview":"max-image-preview:large","max-video-preview":"max-video-preview:-1"},"canonical":"https:\/\/www.pruvost-sports.com\/boutique\/produit\/serrure-a-code-3\/","og_locale":"fr_FR","og_type":"article","og_title":"serrure \u00e0 code piscine serrure tactile casier piscine","og_description":"Serrure \u00e0 carte piscine","og_url":"https:\/\/www.pruvost-sports.com\/boutique\/produit\/serrure-a-code-3\/","og_site_name":"Pruvost sport piscine","article_modified_time":"2024-12-16T14:17:10+00:00","og_image":[{"width":800,"height":800,"url":"https:\/\/www.pruvost-sports.com\/boutique\/wp-content\/uploads\/2014\/08\/687-Serrure-a-code.jpg","type":"image\/jpeg"}],"twitter_card":"summary_large_image","twitter_misc":{"Dur\u00e9e de lecture estim\u00e9e":"1 minute"},"schema":{"@context":"https:\/\/schema.org","@graph":[{"@type":"WebPage","@id":"https:\/\/www.pruvost-sports.com\/boutique\/produit\/serrure-a-code-3\/","url":"https:\/\/www.pruvost-sports.com\/boutique\/produit\/serrure-a-code-3\/","name":"serrure \u00e0 code piscine serrure tactile casier piscine","isPartOf":{"@id":"https:\/\/www.pruvost-sports.com\/boutique\/#website"},"primaryImageOfPage":{"@id":"https:\/\/www.pruvost-sports.com\/boutique\/produit\/serrure-a-code-3\/#primaryimage"},"image":{"@id":"https:\/\/www.pruvost-sports.com\/boutique\/produit\/serrure-a-code-3\/#primaryimage"},"thumbnailUrl":"https:\/\/www.pruvost-sports.com\/boutique\/wp-content\/uploads\/2014\/08\/687-Serrure-a-code.jpg","datePublished":"2014-08-29T08:04:43+00:00","dateModified":"2024-12-16T14:17:10+00:00","description":"Serrure \u00e0 carte piscine","breadcrumb":{"@id":"https:\/\/www.pruvost-sports.com\/boutique\/produit\/serrure-a-code-3\/#breadcrumb"},"inLanguage":"fr-FR","potentialAction":[{"@type":"ReadAction","target":["https:\/\/www.pruvost-sports.com\/boutique\/produit\/serrure-a-code-3\/"]}]},{"@type":"ImageObject","inLanguage":"fr-FR","@id":"https:\/\/www.pruvost-sports.com\/boutique\/produit\/serrure-a-code-3\/#primaryimage","url":"https:\/\/www.pruvost-sports.com\/boutique\/wp-content\/uploads\/2014\/08\/687-Serrure-a-code.jpg","contentUrl":"https:\/\/www.pruvost-sports.com\/boutique\/wp-content\/uploads\/2014\/08\/687-Serrure-a-code.jpg","width":800,"height":800,"caption":"Serrure \u00e0 code"},{"@type":"BreadcrumbList","@id":"https:\/\/www.pruvost-sports.com\/boutique\/produit\/serrure-a-code-3\/#breadcrumb","itemListElement":[{"@type":"ListItem","position":1,"name":"Accueil","item":"https:\/\/www.pruvost-sports.com\/boutique\/"},{"@type":"ListItem","position":2,"name":"Boutique","item":"https:\/\/www.pruvost-sports.com\/boutique\/boutique\/"},{"@type":"ListItem","position":3,"name":"Serrure \u00e0 code"}]},{"@type":"WebSite","@id":"https:\/\/www.pruvost-sports.com\/boutique\/#website","url":"https:\/\/www.pruvost-sports.com\/boutique\/","name":"Pruvost sport piscine","description":"","potentialAction":[{"@type":"SearchAction","target":{"@type":"EntryPoint","urlTemplate":"https:\/\/www.pruvost-sports.com\/boutique\/?s={search_term_string}"},"query-input":{"@type":"PropertyValueSpecification","valueRequired":true,"valueName":"search_term_string"}}],"inLanguage":"fr-FR"}]}},"_links":{"self":[{"href":"https:\/\/www.pruvost-sports.com\/boutique\/wp-json\/wp\/v2\/product\/2604","targetHints":{"allow":["GET"]}}],"collection":[{"href":"https:\/\/www.pruvost-sports.com\/boutique\/wp-json\/wp\/v2\/product"}],"about":[{"href":"https:\/\/www.pruvost-sports.com\/boutique\/wp-json\/wp\/v2\/types\/product"}],"wp:featuredmedia":[{"embeddable":true,"href":"https:\/\/www.pruvost-sports.com\/boutique\/wp-json\/wp\/v2\/media\/2602"}],"wp:attachment":[{"href":"https:\/\/www.pruvost-sports.com\/boutique\/wp-json\/wp\/v2\/media?parent=2604"}],"wp:term":[{"taxonomy":"product_brand","embeddable":true,"href":"https:\/\/www.pruvost-sports.com\/boutique\/wp-json\/wp\/v2\/product_brand?post=2604"},{"taxonomy":"product_cat","embeddable":true,"href":"https:\/\/www.pruvost-sports.com\/boutique\/wp-json\/wp\/v2\/product_cat?post=2604"},{"taxonomy":"product_tag","embeddable":true,"href":"https:\/\/www.pruvost-sports.com\/boutique\/wp-json\/wp\/v2\/product_tag?post=2604"}],"curies":[{"name":"wp","href":"https:\/\/api.w.org\/{rel}","templated":true}]}}