{"id":2587,"date":"2014-08-29T09:39:49","date_gmt":"2014-08-29T07:39:49","guid":{"rendered":"https:\/\/www.pruvost-sports.com\/boutique\/?product=serrure-monnayeur-75-blanche"},"modified":"2024-05-06T15:38:07","modified_gmt":"2024-05-06T13:38:07","slug":"serrure-monnayeur-75-blanche","status":"publish","type":"product","link":"https:\/\/www.pruvost-sports.com\/boutique\/produit\/serrure-monnayeur-75-blanche\/","title":{"rendered":"Serrure monnayeur 75"},"content":{"rendered":"<p>Livr\u00e9 avec 2 cl\u00e9s utilisateurs<\/p>\n<p>R\u00e9f\u00e9rence V25 = cl\u00e9 standard \/ R\u00e9f\u00e9rence V26 = cl\u00e9 de s\u00fbret\u00e9<\/p>\n<p>BOITIER :\u00a0 Polycarbonate + ABS. R\u00e9sistance \u00e9lev\u00e9e \u00e0 l\u2019impact et \u00e0 la torsion<br \/>\nPI\u00c8CES INTERNES :\u00a0 Zamak<br \/>\nCANON :\u00a0 Laiton chrom\u00e9<br \/>\nCL\u00c9 :\u00a0 Laiton nickel\u00e9 (R\u00c9F. 75 ) ou Maillechort nickel\u00e9 (R\u00c9F. 76 )<br \/>\nPISTONS : Acier inoxydable<\/p>\n","protected":false},"excerpt":{"rendered":"<p>Serrure Monnayeur 1 ou 2 \u20ac &#8211; cl\u00e9 standard<\/p>\n<p>Tous les mat\u00e9riaux utilis\u00e9s pour fabriquer notre gamme de serrures \u00e0 monnaie offrent une grande r\u00e9sistance \u00e0 la corrosion. Ils constituent donc la solution id\u00e9ale pour les milieux humides.<br \/>\nLe cylindre interchangeable est un \u00e9l\u00e9ment de s\u00e9curit\u00e9 important en cas de perte ou de vol de la cl\u00e9.<\/p>\n","protected":false},"featured_media":2586,"template":"","meta":[],"product_brand":[],"product_cat":[2760,59],"product_tag":[1390,1322,1319,1320,1324],"class_list":{"0":"post-2587","1":"product","2":"type-product","3":"status-publish","4":"has-post-thumbnail","6":"product_cat-a-la-une","7":"product_cat-serrures-et-monnayeurs","8":"product_tag-monnayeur-blanc","9":"product_tag-monnayeur-piscine","10":"product_tag-serrure-casiers-piscine","11":"product_tag-serrure-monnayeur-piscine","12":"product_tag-serrure-piscine","13":"pa_couleur-blanc","14":"pa_couleur-noir","16":"entry","17":"has-media","19":"first","20":"instock","21":"shipping-taxable","22":"purchasable","23":"product-type-simple","24":"col","25":"span_1_of_4","26":"owp-content-center","27":"owp-thumbs-layout-horizontal","28":"owp-btn-normal","29":"owp-tabs-layout-horizontal","30":"has-no-thumbnails"},"yoast_head":"<!-- This site is optimized with the Yoast SEO plugin v27.5 - https:\/\/yoast.com\/product\/yoast-seo-wordpress\/ -->\n<title>serrure casier piscine monnayeur piscine serrure monnayeur blanche piscine<\/title>\n<meta name=\"description\" content=\"Serrure monnayeur casier\" \/>\n<meta name=\"robots\" content=\"index, follow, max-snippet:-1, max-image-preview:large, max-video-preview:-1\" \/>\n<link rel=\"canonical\" href=\"https:\/\/www.pruvost-sports.com\/boutique\/produit\/serrure-monnayeur-75-blanche\/\" \/>\n<meta property=\"og:locale\" content=\"fr_FR\" \/>\n<meta property=\"og:type\" content=\"article\" \/>\n<meta property=\"og:title\" content=\"serrure casier piscine monnayeur piscine serrure monnayeur blanche piscine\" \/>\n<meta property=\"og:description\" content=\"Serrure monnayeur casier\" \/>\n<meta property=\"og:url\" content=\"https:\/\/www.pruvost-sports.com\/boutique\/produit\/serrure-monnayeur-75-blanche\/\" \/>\n<meta property=\"og:site_name\" content=\"Pruvost sport piscine\" \/>\n<meta property=\"article:modified_time\" content=\"2024-05-06T13:38:07+00:00\" \/>\n<meta property=\"og:image\" content=\"https:\/\/www.pruvost-sports.com\/boutique\/wp-content\/uploads\/2014\/08\/683-Serrure-monnayeur-75.jpg\" \/>\n\t<meta property=\"og:image:width\" content=\"800\" \/>\n\t<meta property=\"og:image:height\" content=\"800\" \/>\n\t<meta property=\"og:image:type\" content=\"image\/jpeg\" \/>\n<meta name=\"twitter:card\" content=\"summary_large_image\" \/>\n<meta name=\"twitter:label1\" content=\"Dur\u00e9e de lecture estim\u00e9e\" \/>\n\t<meta name=\"twitter:data1\" content=\"1 minute\" \/>\n<script type=\"application\/ld+json\" class=\"yoast-schema-graph\">{\"@context\":\"https:\\\/\\\/schema.org\",\"@graph\":[{\"@type\":\"WebPage\",\"@id\":\"https:\\\/\\\/www.pruvost-sports.com\\\/boutique\\\/produit\\\/serrure-monnayeur-75-blanche\\\/\",\"url\":\"https:\\\/\\\/www.pruvost-sports.com\\\/boutique\\\/produit\\\/serrure-monnayeur-75-blanche\\\/\",\"name\":\"serrure casier piscine monnayeur piscine serrure monnayeur blanche piscine\",\"isPartOf\":{\"@id\":\"https:\\\/\\\/www.pruvost-sports.com\\\/boutique\\\/#website\"},\"primaryImageOfPage\":{\"@id\":\"https:\\\/\\\/www.pruvost-sports.com\\\/boutique\\\/produit\\\/serrure-monnayeur-75-blanche\\\/#primaryimage\"},\"image\":{\"@id\":\"https:\\\/\\\/www.pruvost-sports.com\\\/boutique\\\/produit\\\/serrure-monnayeur-75-blanche\\\/#primaryimage\"},\"thumbnailUrl\":\"https:\\\/\\\/www.pruvost-sports.com\\\/boutique\\\/wp-content\\\/uploads\\\/2014\\\/08\\\/683-Serrure-monnayeur-75.jpg\",\"datePublished\":\"2014-08-29T07:39:49+00:00\",\"dateModified\":\"2024-05-06T13:38:07+00:00\",\"description\":\"Serrure monnayeur casier\",\"breadcrumb\":{\"@id\":\"https:\\\/\\\/www.pruvost-sports.com\\\/boutique\\\/produit\\\/serrure-monnayeur-75-blanche\\\/#breadcrumb\"},\"inLanguage\":\"fr-FR\",\"potentialAction\":[{\"@type\":\"ReadAction\",\"target\":[\"https:\\\/\\\/www.pruvost-sports.com\\\/boutique\\\/produit\\\/serrure-monnayeur-75-blanche\\\/\"]}]},{\"@type\":\"ImageObject\",\"inLanguage\":\"fr-FR\",\"@id\":\"https:\\\/\\\/www.pruvost-sports.com\\\/boutique\\\/produit\\\/serrure-monnayeur-75-blanche\\\/#primaryimage\",\"url\":\"https:\\\/\\\/www.pruvost-sports.com\\\/boutique\\\/wp-content\\\/uploads\\\/2014\\\/08\\\/683-Serrure-monnayeur-75.jpg\",\"contentUrl\":\"https:\\\/\\\/www.pruvost-sports.com\\\/boutique\\\/wp-content\\\/uploads\\\/2014\\\/08\\\/683-Serrure-monnayeur-75.jpg\",\"width\":800,\"height\":800,\"caption\":\"Serrure monnayeur 75\"},{\"@type\":\"BreadcrumbList\",\"@id\":\"https:\\\/\\\/www.pruvost-sports.com\\\/boutique\\\/produit\\\/serrure-monnayeur-75-blanche\\\/#breadcrumb\",\"itemListElement\":[{\"@type\":\"ListItem\",\"position\":1,\"name\":\"Accueil\",\"item\":\"https:\\\/\\\/www.pruvost-sports.com\\\/boutique\\\/\"},{\"@type\":\"ListItem\",\"position\":2,\"name\":\"Boutique\",\"item\":\"https:\\\/\\\/www.pruvost-sports.com\\\/boutique\\\/boutique\\\/\"},{\"@type\":\"ListItem\",\"position\":3,\"name\":\"Serrure monnayeur 75\"}]},{\"@type\":\"WebSite\",\"@id\":\"https:\\\/\\\/www.pruvost-sports.com\\\/boutique\\\/#website\",\"url\":\"https:\\\/\\\/www.pruvost-sports.com\\\/boutique\\\/\",\"name\":\"Pruvost sport piscine\",\"description\":\"\",\"potentialAction\":[{\"@type\":\"SearchAction\",\"target\":{\"@type\":\"EntryPoint\",\"urlTemplate\":\"https:\\\/\\\/www.pruvost-sports.com\\\/boutique\\\/?s={search_term_string}\"},\"query-input\":{\"@type\":\"PropertyValueSpecification\",\"valueRequired\":true,\"valueName\":\"search_term_string\"}}],\"inLanguage\":\"fr-FR\"}]}<\/script>\n<!-- \/ Yoast SEO plugin. -->","yoast_head_json":{"title":"serrure casier piscine monnayeur piscine serrure monnayeur blanche piscine","description":"Serrure monnayeur casier","robots":{"index":"index","follow":"follow","max-snippet":"max-snippet:-1","max-image-preview":"max-image-preview:large","max-video-preview":"max-video-preview:-1"},"canonical":"https:\/\/www.pruvost-sports.com\/boutique\/produit\/serrure-monnayeur-75-blanche\/","og_locale":"fr_FR","og_type":"article","og_title":"serrure casier piscine monnayeur piscine serrure monnayeur blanche piscine","og_description":"Serrure monnayeur casier","og_url":"https:\/\/www.pruvost-sports.com\/boutique\/produit\/serrure-monnayeur-75-blanche\/","og_site_name":"Pruvost sport piscine","article_modified_time":"2024-05-06T13:38:07+00:00","og_image":[{"width":800,"height":800,"url":"https:\/\/www.pruvost-sports.com\/boutique\/wp-content\/uploads\/2014\/08\/683-Serrure-monnayeur-75.jpg","type":"image\/jpeg"}],"twitter_card":"summary_large_image","twitter_misc":{"Dur\u00e9e de lecture estim\u00e9e":"1 minute"},"schema":{"@context":"https:\/\/schema.org","@graph":[{"@type":"WebPage","@id":"https:\/\/www.pruvost-sports.com\/boutique\/produit\/serrure-monnayeur-75-blanche\/","url":"https:\/\/www.pruvost-sports.com\/boutique\/produit\/serrure-monnayeur-75-blanche\/","name":"serrure casier piscine monnayeur piscine serrure monnayeur blanche piscine","isPartOf":{"@id":"https:\/\/www.pruvost-sports.com\/boutique\/#website"},"primaryImageOfPage":{"@id":"https:\/\/www.pruvost-sports.com\/boutique\/produit\/serrure-monnayeur-75-blanche\/#primaryimage"},"image":{"@id":"https:\/\/www.pruvost-sports.com\/boutique\/produit\/serrure-monnayeur-75-blanche\/#primaryimage"},"thumbnailUrl":"https:\/\/www.pruvost-sports.com\/boutique\/wp-content\/uploads\/2014\/08\/683-Serrure-monnayeur-75.jpg","datePublished":"2014-08-29T07:39:49+00:00","dateModified":"2024-05-06T13:38:07+00:00","description":"Serrure monnayeur casier","breadcrumb":{"@id":"https:\/\/www.pruvost-sports.com\/boutique\/produit\/serrure-monnayeur-75-blanche\/#breadcrumb"},"inLanguage":"fr-FR","potentialAction":[{"@type":"ReadAction","target":["https:\/\/www.pruvost-sports.com\/boutique\/produit\/serrure-monnayeur-75-blanche\/"]}]},{"@type":"ImageObject","inLanguage":"fr-FR","@id":"https:\/\/www.pruvost-sports.com\/boutique\/produit\/serrure-monnayeur-75-blanche\/#primaryimage","url":"https:\/\/www.pruvost-sports.com\/boutique\/wp-content\/uploads\/2014\/08\/683-Serrure-monnayeur-75.jpg","contentUrl":"https:\/\/www.pruvost-sports.com\/boutique\/wp-content\/uploads\/2014\/08\/683-Serrure-monnayeur-75.jpg","width":800,"height":800,"caption":"Serrure monnayeur 75"},{"@type":"BreadcrumbList","@id":"https:\/\/www.pruvost-sports.com\/boutique\/produit\/serrure-monnayeur-75-blanche\/#breadcrumb","itemListElement":[{"@type":"ListItem","position":1,"name":"Accueil","item":"https:\/\/www.pruvost-sports.com\/boutique\/"},{"@type":"ListItem","position":2,"name":"Boutique","item":"https:\/\/www.pruvost-sports.com\/boutique\/boutique\/"},{"@type":"ListItem","position":3,"name":"Serrure monnayeur 75"}]},{"@type":"WebSite","@id":"https:\/\/www.pruvost-sports.com\/boutique\/#website","url":"https:\/\/www.pruvost-sports.com\/boutique\/","name":"Pruvost sport piscine","description":"","potentialAction":[{"@type":"SearchAction","target":{"@type":"EntryPoint","urlTemplate":"https:\/\/www.pruvost-sports.com\/boutique\/?s={search_term_string}"},"query-input":{"@type":"PropertyValueSpecification","valueRequired":true,"valueName":"search_term_string"}}],"inLanguage":"fr-FR"}]}},"_links":{"self":[{"href":"https:\/\/www.pruvost-sports.com\/boutique\/wp-json\/wp\/v2\/product\/2587","targetHints":{"allow":["GET"]}}],"collection":[{"href":"https:\/\/www.pruvost-sports.com\/boutique\/wp-json\/wp\/v2\/product"}],"about":[{"href":"https:\/\/www.pruvost-sports.com\/boutique\/wp-json\/wp\/v2\/types\/product"}],"wp:featuredmedia":[{"embeddable":true,"href":"https:\/\/www.pruvost-sports.com\/boutique\/wp-json\/wp\/v2\/media\/2586"}],"wp:attachment":[{"href":"https:\/\/www.pruvost-sports.com\/boutique\/wp-json\/wp\/v2\/media?parent=2587"}],"wp:term":[{"taxonomy":"product_brand","embeddable":true,"href":"https:\/\/www.pruvost-sports.com\/boutique\/wp-json\/wp\/v2\/product_brand?post=2587"},{"taxonomy":"product_cat","embeddable":true,"href":"https:\/\/www.pruvost-sports.com\/boutique\/wp-json\/wp\/v2\/product_cat?post=2587"},{"taxonomy":"product_tag","embeddable":true,"href":"https:\/\/www.pruvost-sports.com\/boutique\/wp-json\/wp\/v2\/product_tag?post=2587"}],"curies":[{"name":"wp","href":"https:\/\/api.w.org\/{rel}","templated":true}]}}