{"id":2584,"date":"2014-08-25T16:22:48","date_gmt":"2014-08-25T14:22:48","guid":{"rendered":"https:\/\/www.pruvost-sports.com\/boutique\/?product=serrure-a-monnayeur"},"modified":"2024-12-13T16:56:38","modified_gmt":"2024-12-13T15:56:38","slug":"serrure-a-monnayeur","status":"publish","type":"product","link":"https:\/\/www.pruvost-sports.com\/boutique\/produit\/serrure-a-monnayeur\/","title":{"rendered":"Serrure  \u00e0 monnayeur"},"content":{"rendered":"<p>Version \u2018\u2019charni\u00e8res \u00e0 droite et \u00e0 gauche\u2019\u2019<br \/>\n\u2022 Cylindre chrom\u00e9 \u00e0 7 pistons en ligne<br \/>\n\u2022 2 cl\u00e9s haute r\u00e9sistance en Maillechort<br \/>\n\u2022 Bracelet sur demande<br \/>\n\u2022 Traitement finition \u00e9lectrolytique<br \/>\n\u2022 Mod\u00e8le adapt\u00e9 \u00e0 une utilisation en atmosph\u00e8re chlor\u00e9e<br \/>\n\u2022 Cylindre retirable<br \/>\n\u2022 Syt\u00e8me passe-partout (cl\u00e9 \u00e0 commander s\u00e9par\u00e9ment)<br \/>\n\u2022 Op\u00e9rable avec pi\u00e8ce ou jeton :<br \/>\n20mm , \u00d8 , 31mm<br \/>\n1,5mm , \u00e9p , 3,2mm<br \/>\n\u2022 Serrure fournie avec bac r\u00e9cup\u00e9rateur de pi\u00e8ce ou jeton &amp; rosace<\/p>\n","protected":false},"excerpt":{"rendered":"<p>Serrure \u00e0 monnayeur<\/p>\n","protected":false},"featured_media":2583,"template":"","meta":[],"product_brand":[],"product_cat":[59],"product_tag":[1389,1322,1387,1388],"class_list":{"0":"post-2584","1":"product","2":"type-product","3":"status-publish","4":"has-post-thumbnail","6":"product_cat-serrures-et-monnayeurs","7":"product_tag-monnayeur-casier-piscine","8":"product_tag-monnayeur-piscine","9":"product_tag-serrure-a-monnayeur","10":"product_tag-serrure-a-monnayeur-piscine","12":"entry","13":"has-media","15":"first","16":"instock","17":"shipping-taxable","18":"purchasable","19":"product-type-simple","20":"col","21":"span_1_of_4","22":"owp-content-center","23":"owp-thumbs-layout-horizontal","24":"owp-btn-normal","25":"owp-tabs-layout-horizontal","26":"has-no-thumbnails"},"yoast_head":"<!-- This site is optimized with the Yoast SEO plugin v27.5 - https:\/\/yoast.com\/product\/yoast-seo-wordpress\/ -->\n<title>serrure \u00e0 monnayeur serrure piscine monnayeur casier piscine<\/title>\n<meta name=\"description\" content=\"Serrure \u00e0 monnayeur\" \/>\n<meta name=\"robots\" content=\"index, follow, max-snippet:-1, max-image-preview:large, max-video-preview:-1\" \/>\n<link rel=\"canonical\" href=\"https:\/\/www.pruvost-sports.com\/boutique\/produit\/serrure-a-monnayeur\/\" \/>\n<meta property=\"og:locale\" content=\"fr_FR\" \/>\n<meta property=\"og:type\" content=\"article\" \/>\n<meta property=\"og:title\" content=\"serrure \u00e0 monnayeur serrure piscine monnayeur casier piscine\" \/>\n<meta property=\"og:description\" content=\"Serrure \u00e0 monnayeur\" \/>\n<meta property=\"og:url\" content=\"https:\/\/www.pruvost-sports.com\/boutique\/produit\/serrure-a-monnayeur\/\" \/>\n<meta property=\"og:site_name\" content=\"Pruvost sport piscine\" \/>\n<meta property=\"article:modified_time\" content=\"2024-12-13T15:56:38+00:00\" \/>\n<meta property=\"og:image\" content=\"https:\/\/www.pruvost-sports.com\/boutique\/wp-content\/uploads\/2014\/08\/682-Serrure-a-monnayeur.jpg\" \/>\n\t<meta property=\"og:image:width\" content=\"800\" \/>\n\t<meta property=\"og:image:height\" content=\"800\" \/>\n\t<meta property=\"og:image:type\" content=\"image\/jpeg\" \/>\n<meta name=\"twitter:card\" content=\"summary_large_image\" \/>\n<meta name=\"twitter:label1\" content=\"Dur\u00e9e de lecture estim\u00e9e\" \/>\n\t<meta name=\"twitter:data1\" content=\"1 minute\" \/>\n<script type=\"application\/ld+json\" class=\"yoast-schema-graph\">{\"@context\":\"https:\\\/\\\/schema.org\",\"@graph\":[{\"@type\":\"WebPage\",\"@id\":\"https:\\\/\\\/www.pruvost-sports.com\\\/boutique\\\/produit\\\/serrure-a-monnayeur\\\/\",\"url\":\"https:\\\/\\\/www.pruvost-sports.com\\\/boutique\\\/produit\\\/serrure-a-monnayeur\\\/\",\"name\":\"serrure \u00e0 monnayeur serrure piscine monnayeur casier piscine\",\"isPartOf\":{\"@id\":\"https:\\\/\\\/www.pruvost-sports.com\\\/boutique\\\/#website\"},\"primaryImageOfPage\":{\"@id\":\"https:\\\/\\\/www.pruvost-sports.com\\\/boutique\\\/produit\\\/serrure-a-monnayeur\\\/#primaryimage\"},\"image\":{\"@id\":\"https:\\\/\\\/www.pruvost-sports.com\\\/boutique\\\/produit\\\/serrure-a-monnayeur\\\/#primaryimage\"},\"thumbnailUrl\":\"https:\\\/\\\/www.pruvost-sports.com\\\/boutique\\\/wp-content\\\/uploads\\\/2014\\\/08\\\/682-Serrure-a-monnayeur.jpg\",\"datePublished\":\"2014-08-25T14:22:48+00:00\",\"dateModified\":\"2024-12-13T15:56:38+00:00\",\"description\":\"Serrure \u00e0 monnayeur\",\"breadcrumb\":{\"@id\":\"https:\\\/\\\/www.pruvost-sports.com\\\/boutique\\\/produit\\\/serrure-a-monnayeur\\\/#breadcrumb\"},\"inLanguage\":\"fr-FR\",\"potentialAction\":[{\"@type\":\"ReadAction\",\"target\":[\"https:\\\/\\\/www.pruvost-sports.com\\\/boutique\\\/produit\\\/serrure-a-monnayeur\\\/\"]}]},{\"@type\":\"ImageObject\",\"inLanguage\":\"fr-FR\",\"@id\":\"https:\\\/\\\/www.pruvost-sports.com\\\/boutique\\\/produit\\\/serrure-a-monnayeur\\\/#primaryimage\",\"url\":\"https:\\\/\\\/www.pruvost-sports.com\\\/boutique\\\/wp-content\\\/uploads\\\/2014\\\/08\\\/682-Serrure-a-monnayeur.jpg\",\"contentUrl\":\"https:\\\/\\\/www.pruvost-sports.com\\\/boutique\\\/wp-content\\\/uploads\\\/2014\\\/08\\\/682-Serrure-a-monnayeur.jpg\",\"width\":800,\"height\":800,\"caption\":\"Serrure \u00e0 monnayeur\"},{\"@type\":\"BreadcrumbList\",\"@id\":\"https:\\\/\\\/www.pruvost-sports.com\\\/boutique\\\/produit\\\/serrure-a-monnayeur\\\/#breadcrumb\",\"itemListElement\":[{\"@type\":\"ListItem\",\"position\":1,\"name\":\"Accueil\",\"item\":\"https:\\\/\\\/www.pruvost-sports.com\\\/boutique\\\/\"},{\"@type\":\"ListItem\",\"position\":2,\"name\":\"Boutique\",\"item\":\"https:\\\/\\\/www.pruvost-sports.com\\\/boutique\\\/boutique\\\/\"},{\"@type\":\"ListItem\",\"position\":3,\"name\":\"Serrure \u00e0 monnayeur\"}]},{\"@type\":\"WebSite\",\"@id\":\"https:\\\/\\\/www.pruvost-sports.com\\\/boutique\\\/#website\",\"url\":\"https:\\\/\\\/www.pruvost-sports.com\\\/boutique\\\/\",\"name\":\"Pruvost sport piscine\",\"description\":\"\",\"potentialAction\":[{\"@type\":\"SearchAction\",\"target\":{\"@type\":\"EntryPoint\",\"urlTemplate\":\"https:\\\/\\\/www.pruvost-sports.com\\\/boutique\\\/?s={search_term_string}\"},\"query-input\":{\"@type\":\"PropertyValueSpecification\",\"valueRequired\":true,\"valueName\":\"search_term_string\"}}],\"inLanguage\":\"fr-FR\"}]}<\/script>\n<!-- \/ Yoast SEO plugin. -->","yoast_head_json":{"title":"serrure \u00e0 monnayeur serrure piscine monnayeur casier piscine","description":"Serrure \u00e0 monnayeur","robots":{"index":"index","follow":"follow","max-snippet":"max-snippet:-1","max-image-preview":"max-image-preview:large","max-video-preview":"max-video-preview:-1"},"canonical":"https:\/\/www.pruvost-sports.com\/boutique\/produit\/serrure-a-monnayeur\/","og_locale":"fr_FR","og_type":"article","og_title":"serrure \u00e0 monnayeur serrure piscine monnayeur casier piscine","og_description":"Serrure \u00e0 monnayeur","og_url":"https:\/\/www.pruvost-sports.com\/boutique\/produit\/serrure-a-monnayeur\/","og_site_name":"Pruvost sport piscine","article_modified_time":"2024-12-13T15:56:38+00:00","og_image":[{"width":800,"height":800,"url":"https:\/\/www.pruvost-sports.com\/boutique\/wp-content\/uploads\/2014\/08\/682-Serrure-a-monnayeur.jpg","type":"image\/jpeg"}],"twitter_card":"summary_large_image","twitter_misc":{"Dur\u00e9e de lecture estim\u00e9e":"1 minute"},"schema":{"@context":"https:\/\/schema.org","@graph":[{"@type":"WebPage","@id":"https:\/\/www.pruvost-sports.com\/boutique\/produit\/serrure-a-monnayeur\/","url":"https:\/\/www.pruvost-sports.com\/boutique\/produit\/serrure-a-monnayeur\/","name":"serrure \u00e0 monnayeur serrure piscine monnayeur casier piscine","isPartOf":{"@id":"https:\/\/www.pruvost-sports.com\/boutique\/#website"},"primaryImageOfPage":{"@id":"https:\/\/www.pruvost-sports.com\/boutique\/produit\/serrure-a-monnayeur\/#primaryimage"},"image":{"@id":"https:\/\/www.pruvost-sports.com\/boutique\/produit\/serrure-a-monnayeur\/#primaryimage"},"thumbnailUrl":"https:\/\/www.pruvost-sports.com\/boutique\/wp-content\/uploads\/2014\/08\/682-Serrure-a-monnayeur.jpg","datePublished":"2014-08-25T14:22:48+00:00","dateModified":"2024-12-13T15:56:38+00:00","description":"Serrure \u00e0 monnayeur","breadcrumb":{"@id":"https:\/\/www.pruvost-sports.com\/boutique\/produit\/serrure-a-monnayeur\/#breadcrumb"},"inLanguage":"fr-FR","potentialAction":[{"@type":"ReadAction","target":["https:\/\/www.pruvost-sports.com\/boutique\/produit\/serrure-a-monnayeur\/"]}]},{"@type":"ImageObject","inLanguage":"fr-FR","@id":"https:\/\/www.pruvost-sports.com\/boutique\/produit\/serrure-a-monnayeur\/#primaryimage","url":"https:\/\/www.pruvost-sports.com\/boutique\/wp-content\/uploads\/2014\/08\/682-Serrure-a-monnayeur.jpg","contentUrl":"https:\/\/www.pruvost-sports.com\/boutique\/wp-content\/uploads\/2014\/08\/682-Serrure-a-monnayeur.jpg","width":800,"height":800,"caption":"Serrure \u00e0 monnayeur"},{"@type":"BreadcrumbList","@id":"https:\/\/www.pruvost-sports.com\/boutique\/produit\/serrure-a-monnayeur\/#breadcrumb","itemListElement":[{"@type":"ListItem","position":1,"name":"Accueil","item":"https:\/\/www.pruvost-sports.com\/boutique\/"},{"@type":"ListItem","position":2,"name":"Boutique","item":"https:\/\/www.pruvost-sports.com\/boutique\/boutique\/"},{"@type":"ListItem","position":3,"name":"Serrure \u00e0 monnayeur"}]},{"@type":"WebSite","@id":"https:\/\/www.pruvost-sports.com\/boutique\/#website","url":"https:\/\/www.pruvost-sports.com\/boutique\/","name":"Pruvost sport piscine","description":"","potentialAction":[{"@type":"SearchAction","target":{"@type":"EntryPoint","urlTemplate":"https:\/\/www.pruvost-sports.com\/boutique\/?s={search_term_string}"},"query-input":{"@type":"PropertyValueSpecification","valueRequired":true,"valueName":"search_term_string"}}],"inLanguage":"fr-FR"}]}},"_links":{"self":[{"href":"https:\/\/www.pruvost-sports.com\/boutique\/wp-json\/wp\/v2\/product\/2584","targetHints":{"allow":["GET"]}}],"collection":[{"href":"https:\/\/www.pruvost-sports.com\/boutique\/wp-json\/wp\/v2\/product"}],"about":[{"href":"https:\/\/www.pruvost-sports.com\/boutique\/wp-json\/wp\/v2\/types\/product"}],"wp:featuredmedia":[{"embeddable":true,"href":"https:\/\/www.pruvost-sports.com\/boutique\/wp-json\/wp\/v2\/media\/2583"}],"wp:attachment":[{"href":"https:\/\/www.pruvost-sports.com\/boutique\/wp-json\/wp\/v2\/media?parent=2584"}],"wp:term":[{"taxonomy":"product_brand","embeddable":true,"href":"https:\/\/www.pruvost-sports.com\/boutique\/wp-json\/wp\/v2\/product_brand?post=2584"},{"taxonomy":"product_cat","embeddable":true,"href":"https:\/\/www.pruvost-sports.com\/boutique\/wp-json\/wp\/v2\/product_cat?post=2584"},{"taxonomy":"product_tag","embeddable":true,"href":"https:\/\/www.pruvost-sports.com\/boutique\/wp-json\/wp\/v2\/product_tag?post=2584"}],"curies":[{"name":"wp","href":"https:\/\/api.w.org\/{rel}","templated":true}]}}