{"id":2581,"date":"2014-08-25T15:43:54","date_gmt":"2014-08-25T13:43:54","guid":{"rendered":"https:\/\/www.pruvost-sports.com\/boutique\/?product=serrure-a-code"},"modified":"2025-03-17T11:22:42","modified_gmt":"2025-03-17T10:22:42","slug":"serrure-a-code","status":"publish","type":"product","link":"https:\/\/www.pruvost-sports.com\/boutique\/produit\/serrure-a-code\/","title":{"rendered":"Serrure \u00e0 code"},"content":{"rendered":"<p>1\/ Couleur noir , argent ou blanc<br \/>\n2\/ Serrure de secours<br \/>\n3\/ Fixation en trois points<br \/>\n4\/ Une grande vari\u00e9t\u00e9 de cames<br \/>\n5\/Voyants LED<br \/>\n6\/clavier sonore<br \/>\n7\/\u00c9tat de la batterie indication<br \/>\n8\/ Code ma\u00eetre \u00e0 8 chiffres<br \/>\n9\/Code de sous-ma\u00eetre \u00e0 6 chiffres<br \/>\n10\/Codes d&rsquo;utilisateur \u00e0 4 chiffres<br \/>\n11\/ Modes d&rsquo;utilisation priv\u00e9es ou publiques<br \/>\n12\/Deux longueurs de canon (20mm\/24mm)<br \/>\n13\/Le mode de d\u00e9verrouillage Auto<br \/>\n14\/Mode de technicien<br \/>\n15\/2 piles x AA incluses<br \/>\n16\/Jusqu&rsquo;\u00e0 50.000 cycles par paire de piles<\/p>\n","protected":false},"excerpt":{"rendered":"<p>Serrure \u00e0 code<\/p>\n","protected":false},"featured_media":8782,"template":"","meta":[],"product_brand":[],"product_cat":[59],"product_tag":[1383,1385,1386,1384],"class_list":{"0":"post-2581","1":"product","2":"type-product","3":"status-publish","4":"has-post-thumbnail","6":"product_cat-serrures-et-monnayeurs","7":"product_tag-serrure-a-code","8":"product_tag-serrure-a-code-casier","9":"product_tag-serrure-a-code-piscine","10":"product_tag-serrure-a-combinaison-digitale","12":"entry","13":"has-media","15":"first","16":"instock","17":"shipping-taxable","18":"purchasable","19":"product-type-simple","20":"col","21":"span_1_of_4","22":"owp-content-center","23":"owp-thumbs-layout-horizontal","24":"owp-btn-normal","25":"owp-tabs-layout-horizontal","26":"has-no-thumbnails"},"yoast_head":"<!-- This site is optimized with the Yoast SEO plugin v27.5 - https:\/\/yoast.com\/product\/yoast-seo-wordpress\/ -->\n<title>serrure \u00e0 code piscine serrure \u00e0 combinaison digitale casier piscine<\/title>\n<meta name=\"description\" content=\"Serrure \u00e0 code\" \/>\n<meta name=\"robots\" content=\"index, follow, max-snippet:-1, max-image-preview:large, max-video-preview:-1\" \/>\n<link rel=\"canonical\" href=\"https:\/\/www.pruvost-sports.com\/boutique\/produit\/serrure-a-code\/\" \/>\n<meta property=\"og:locale\" content=\"fr_FR\" \/>\n<meta property=\"og:type\" content=\"article\" \/>\n<meta property=\"og:title\" content=\"serrure \u00e0 code piscine serrure \u00e0 combinaison digitale casier piscine\" \/>\n<meta property=\"og:description\" content=\"Serrure \u00e0 code\" \/>\n<meta property=\"og:url\" content=\"https:\/\/www.pruvost-sports.com\/boutique\/produit\/serrure-a-code\/\" \/>\n<meta property=\"og:site_name\" content=\"Pruvost sport piscine\" \/>\n<meta property=\"article:modified_time\" content=\"2025-03-17T10:22:42+00:00\" \/>\n<meta property=\"og:image\" content=\"https:\/\/www.pruvost-sports.com\/boutique\/wp-content\/uploads\/2014\/08\/1576-Serrure-a-code-1.jpg\" \/>\n\t<meta property=\"og:image:width\" content=\"525\" \/>\n\t<meta property=\"og:image:height\" content=\"1500\" \/>\n\t<meta property=\"og:image:type\" content=\"image\/jpeg\" \/>\n<meta name=\"twitter:card\" content=\"summary_large_image\" \/>\n<meta name=\"twitter:label1\" content=\"Dur\u00e9e de lecture estim\u00e9e\" \/>\n\t<meta name=\"twitter:data1\" content=\"1 minute\" \/>\n<script type=\"application\/ld+json\" class=\"yoast-schema-graph\">{\"@context\":\"https:\\\/\\\/schema.org\",\"@graph\":[{\"@type\":\"WebPage\",\"@id\":\"https:\\\/\\\/www.pruvost-sports.com\\\/boutique\\\/produit\\\/serrure-a-code\\\/\",\"url\":\"https:\\\/\\\/www.pruvost-sports.com\\\/boutique\\\/produit\\\/serrure-a-code\\\/\",\"name\":\"serrure \u00e0 code piscine serrure \u00e0 combinaison digitale casier piscine\",\"isPartOf\":{\"@id\":\"https:\\\/\\\/www.pruvost-sports.com\\\/boutique\\\/#website\"},\"primaryImageOfPage\":{\"@id\":\"https:\\\/\\\/www.pruvost-sports.com\\\/boutique\\\/produit\\\/serrure-a-code\\\/#primaryimage\"},\"image\":{\"@id\":\"https:\\\/\\\/www.pruvost-sports.com\\\/boutique\\\/produit\\\/serrure-a-code\\\/#primaryimage\"},\"thumbnailUrl\":\"https:\\\/\\\/www.pruvost-sports.com\\\/boutique\\\/wp-content\\\/uploads\\\/2014\\\/08\\\/1576-Serrure-a-code-1.jpg\",\"datePublished\":\"2014-08-25T13:43:54+00:00\",\"dateModified\":\"2025-03-17T10:22:42+00:00\",\"description\":\"Serrure \u00e0 code\",\"breadcrumb\":{\"@id\":\"https:\\\/\\\/www.pruvost-sports.com\\\/boutique\\\/produit\\\/serrure-a-code\\\/#breadcrumb\"},\"inLanguage\":\"fr-FR\",\"potentialAction\":[{\"@type\":\"ReadAction\",\"target\":[\"https:\\\/\\\/www.pruvost-sports.com\\\/boutique\\\/produit\\\/serrure-a-code\\\/\"]}]},{\"@type\":\"ImageObject\",\"inLanguage\":\"fr-FR\",\"@id\":\"https:\\\/\\\/www.pruvost-sports.com\\\/boutique\\\/produit\\\/serrure-a-code\\\/#primaryimage\",\"url\":\"https:\\\/\\\/www.pruvost-sports.com\\\/boutique\\\/wp-content\\\/uploads\\\/2014\\\/08\\\/1576-Serrure-a-code-1.jpg\",\"contentUrl\":\"https:\\\/\\\/www.pruvost-sports.com\\\/boutique\\\/wp-content\\\/uploads\\\/2014\\\/08\\\/1576-Serrure-a-code-1.jpg\",\"width\":525,\"height\":1500},{\"@type\":\"BreadcrumbList\",\"@id\":\"https:\\\/\\\/www.pruvost-sports.com\\\/boutique\\\/produit\\\/serrure-a-code\\\/#breadcrumb\",\"itemListElement\":[{\"@type\":\"ListItem\",\"position\":1,\"name\":\"Accueil\",\"item\":\"https:\\\/\\\/www.pruvost-sports.com\\\/boutique\\\/\"},{\"@type\":\"ListItem\",\"position\":2,\"name\":\"Boutique\",\"item\":\"https:\\\/\\\/www.pruvost-sports.com\\\/boutique\\\/boutique\\\/\"},{\"@type\":\"ListItem\",\"position\":3,\"name\":\"Serrure \u00e0 code\"}]},{\"@type\":\"WebSite\",\"@id\":\"https:\\\/\\\/www.pruvost-sports.com\\\/boutique\\\/#website\",\"url\":\"https:\\\/\\\/www.pruvost-sports.com\\\/boutique\\\/\",\"name\":\"Pruvost sport piscine\",\"description\":\"\",\"potentialAction\":[{\"@type\":\"SearchAction\",\"target\":{\"@type\":\"EntryPoint\",\"urlTemplate\":\"https:\\\/\\\/www.pruvost-sports.com\\\/boutique\\\/?s={search_term_string}\"},\"query-input\":{\"@type\":\"PropertyValueSpecification\",\"valueRequired\":true,\"valueName\":\"search_term_string\"}}],\"inLanguage\":\"fr-FR\"}]}<\/script>\n<!-- \/ Yoast SEO plugin. -->","yoast_head_json":{"title":"serrure \u00e0 code piscine serrure \u00e0 combinaison digitale casier piscine","description":"Serrure \u00e0 code","robots":{"index":"index","follow":"follow","max-snippet":"max-snippet:-1","max-image-preview":"max-image-preview:large","max-video-preview":"max-video-preview:-1"},"canonical":"https:\/\/www.pruvost-sports.com\/boutique\/produit\/serrure-a-code\/","og_locale":"fr_FR","og_type":"article","og_title":"serrure \u00e0 code piscine serrure \u00e0 combinaison digitale casier piscine","og_description":"Serrure \u00e0 code","og_url":"https:\/\/www.pruvost-sports.com\/boutique\/produit\/serrure-a-code\/","og_site_name":"Pruvost sport piscine","article_modified_time":"2025-03-17T10:22:42+00:00","og_image":[{"width":525,"height":1500,"url":"https:\/\/www.pruvost-sports.com\/boutique\/wp-content\/uploads\/2014\/08\/1576-Serrure-a-code-1.jpg","type":"image\/jpeg"}],"twitter_card":"summary_large_image","twitter_misc":{"Dur\u00e9e de lecture estim\u00e9e":"1 minute"},"schema":{"@context":"https:\/\/schema.org","@graph":[{"@type":"WebPage","@id":"https:\/\/www.pruvost-sports.com\/boutique\/produit\/serrure-a-code\/","url":"https:\/\/www.pruvost-sports.com\/boutique\/produit\/serrure-a-code\/","name":"serrure \u00e0 code piscine serrure \u00e0 combinaison digitale casier piscine","isPartOf":{"@id":"https:\/\/www.pruvost-sports.com\/boutique\/#website"},"primaryImageOfPage":{"@id":"https:\/\/www.pruvost-sports.com\/boutique\/produit\/serrure-a-code\/#primaryimage"},"image":{"@id":"https:\/\/www.pruvost-sports.com\/boutique\/produit\/serrure-a-code\/#primaryimage"},"thumbnailUrl":"https:\/\/www.pruvost-sports.com\/boutique\/wp-content\/uploads\/2014\/08\/1576-Serrure-a-code-1.jpg","datePublished":"2014-08-25T13:43:54+00:00","dateModified":"2025-03-17T10:22:42+00:00","description":"Serrure \u00e0 code","breadcrumb":{"@id":"https:\/\/www.pruvost-sports.com\/boutique\/produit\/serrure-a-code\/#breadcrumb"},"inLanguage":"fr-FR","potentialAction":[{"@type":"ReadAction","target":["https:\/\/www.pruvost-sports.com\/boutique\/produit\/serrure-a-code\/"]}]},{"@type":"ImageObject","inLanguage":"fr-FR","@id":"https:\/\/www.pruvost-sports.com\/boutique\/produit\/serrure-a-code\/#primaryimage","url":"https:\/\/www.pruvost-sports.com\/boutique\/wp-content\/uploads\/2014\/08\/1576-Serrure-a-code-1.jpg","contentUrl":"https:\/\/www.pruvost-sports.com\/boutique\/wp-content\/uploads\/2014\/08\/1576-Serrure-a-code-1.jpg","width":525,"height":1500},{"@type":"BreadcrumbList","@id":"https:\/\/www.pruvost-sports.com\/boutique\/produit\/serrure-a-code\/#breadcrumb","itemListElement":[{"@type":"ListItem","position":1,"name":"Accueil","item":"https:\/\/www.pruvost-sports.com\/boutique\/"},{"@type":"ListItem","position":2,"name":"Boutique","item":"https:\/\/www.pruvost-sports.com\/boutique\/boutique\/"},{"@type":"ListItem","position":3,"name":"Serrure \u00e0 code"}]},{"@type":"WebSite","@id":"https:\/\/www.pruvost-sports.com\/boutique\/#website","url":"https:\/\/www.pruvost-sports.com\/boutique\/","name":"Pruvost sport piscine","description":"","potentialAction":[{"@type":"SearchAction","target":{"@type":"EntryPoint","urlTemplate":"https:\/\/www.pruvost-sports.com\/boutique\/?s={search_term_string}"},"query-input":{"@type":"PropertyValueSpecification","valueRequired":true,"valueName":"search_term_string"}}],"inLanguage":"fr-FR"}]}},"_links":{"self":[{"href":"https:\/\/www.pruvost-sports.com\/boutique\/wp-json\/wp\/v2\/product\/2581","targetHints":{"allow":["GET"]}}],"collection":[{"href":"https:\/\/www.pruvost-sports.com\/boutique\/wp-json\/wp\/v2\/product"}],"about":[{"href":"https:\/\/www.pruvost-sports.com\/boutique\/wp-json\/wp\/v2\/types\/product"}],"wp:featuredmedia":[{"embeddable":true,"href":"https:\/\/www.pruvost-sports.com\/boutique\/wp-json\/wp\/v2\/media\/8782"}],"wp:attachment":[{"href":"https:\/\/www.pruvost-sports.com\/boutique\/wp-json\/wp\/v2\/media?parent=2581"}],"wp:term":[{"taxonomy":"product_brand","embeddable":true,"href":"https:\/\/www.pruvost-sports.com\/boutique\/wp-json\/wp\/v2\/product_brand?post=2581"},{"taxonomy":"product_cat","embeddable":true,"href":"https:\/\/www.pruvost-sports.com\/boutique\/wp-json\/wp\/v2\/product_cat?post=2581"},{"taxonomy":"product_tag","embeddable":true,"href":"https:\/\/www.pruvost-sports.com\/boutique\/wp-json\/wp\/v2\/product_tag?post=2581"}],"curies":[{"name":"wp","href":"https:\/\/api.w.org\/{rel}","templated":true}]}}