{"id":2407,"date":"2014-07-08T09:54:50","date_gmt":"2014-07-08T07:54:50","guid":{"rendered":"https:\/\/www.pruvost-sports.com\/boutique\/?product=serrure-monnayeur-45"},"modified":"2024-12-16T15:19:25","modified_gmt":"2024-12-16T14:19:25","slug":"serrure-monnayeur-45","status":"publish","type":"product","link":"https:\/\/www.pruvost-sports.com\/boutique\/produit\/serrure-monnayeur-45\/","title":{"rendered":"Serrure monnayeur .45"},"content":{"rendered":"<p>Serrure Monnayeur 1 ou 2 \u20ac<\/p>\n<p>Tous les mat\u00e9riaux utilis\u00e9s pour fabriquer notre gamme de serrures \u00e0<br \/>\nmonnaie offrent une grande r\u00e9sistance \u00e0 la corrosion ; ils constituent donc<br \/>\nla solution id\u00e9ale pour les milieux humides.<br \/>\nCanon Interchangeable en laiton avec 6 pistons en acier inoxydable<br \/>\nBoitier en Polycarbonate<\/p>\n","protected":false},"excerpt":{"rendered":"<p>Produit remplac\u00e9 par la<span style=\"text-decoration: underline;\"><strong> <a href=\"\/boutique\/serrures-et-monnayeurs\/504-serrure-monnayeur-75-blanche.html\">serrure V25<\/a><\/strong><\/span>, m\u00eames entres-axes et m\u00eames diam\u00e8tres de per\u00e7age :<\/p>\n","protected":false},"featured_media":2406,"template":"","meta":[],"product_brand":[],"product_cat":[59],"product_tag":[1322,1319,1320,1324],"class_list":{"0":"post-2407","1":"product","2":"type-product","3":"status-publish","4":"has-post-thumbnail","6":"product_cat-serrures-et-monnayeurs","7":"product_tag-monnayeur-piscine","8":"product_tag-serrure-casiers-piscine","9":"product_tag-serrure-monnayeur-piscine","10":"product_tag-serrure-piscine","12":"entry","13":"has-media","15":"first","16":"instock","17":"shipping-taxable","18":"purchasable","19":"product-type-simple","20":"col","21":"span_1_of_4","22":"owp-content-center","23":"owp-thumbs-layout-horizontal","24":"owp-btn-normal","25":"owp-tabs-layout-horizontal","26":"has-no-thumbnails"},"yoast_head":"<!-- This site is optimized with the Yoast SEO plugin v27.5 - https:\/\/yoast.com\/product\/yoast-seo-wordpress\/ -->\n<title>serrure casier piscine monnayeur piscine<\/title>\n<meta name=\"description\" content=\"Serrure monnayeur casier\" \/>\n<meta name=\"robots\" content=\"index, follow, max-snippet:-1, max-image-preview:large, max-video-preview:-1\" \/>\n<link rel=\"canonical\" href=\"https:\/\/www.pruvost-sports.com\/boutique\/produit\/serrure-monnayeur-45\/\" \/>\n<meta property=\"og:locale\" content=\"fr_FR\" \/>\n<meta property=\"og:type\" content=\"article\" \/>\n<meta property=\"og:title\" content=\"serrure casier piscine monnayeur piscine\" \/>\n<meta property=\"og:description\" content=\"Serrure monnayeur casier\" \/>\n<meta property=\"og:url\" content=\"https:\/\/www.pruvost-sports.com\/boutique\/produit\/serrure-monnayeur-45\/\" \/>\n<meta property=\"og:site_name\" content=\"Pruvost sport piscine\" \/>\n<meta property=\"article:modified_time\" content=\"2024-12-16T14:19:25+00:00\" \/>\n<meta property=\"og:image\" content=\"https:\/\/www.pruvost-sports.com\/boutique\/wp-content\/uploads\/2014\/07\/631-Serrure-monnayeur-.45.jpg\" \/>\n\t<meta property=\"og:image:width\" content=\"520\" \/>\n\t<meta property=\"og:image:height\" content=\"402\" \/>\n\t<meta property=\"og:image:type\" content=\"image\/jpeg\" \/>\n<meta name=\"twitter:card\" content=\"summary_large_image\" \/>\n<meta name=\"twitter:label1\" content=\"Dur\u00e9e de lecture estim\u00e9e\" \/>\n\t<meta name=\"twitter:data1\" content=\"1 minute\" \/>\n<script type=\"application\/ld+json\" class=\"yoast-schema-graph\">{\"@context\":\"https:\\\/\\\/schema.org\",\"@graph\":[{\"@type\":\"WebPage\",\"@id\":\"https:\\\/\\\/www.pruvost-sports.com\\\/boutique\\\/produit\\\/serrure-monnayeur-45\\\/\",\"url\":\"https:\\\/\\\/www.pruvost-sports.com\\\/boutique\\\/produit\\\/serrure-monnayeur-45\\\/\",\"name\":\"serrure casier piscine monnayeur piscine\",\"isPartOf\":{\"@id\":\"https:\\\/\\\/www.pruvost-sports.com\\\/boutique\\\/#website\"},\"primaryImageOfPage\":{\"@id\":\"https:\\\/\\\/www.pruvost-sports.com\\\/boutique\\\/produit\\\/serrure-monnayeur-45\\\/#primaryimage\"},\"image\":{\"@id\":\"https:\\\/\\\/www.pruvost-sports.com\\\/boutique\\\/produit\\\/serrure-monnayeur-45\\\/#primaryimage\"},\"thumbnailUrl\":\"https:\\\/\\\/www.pruvost-sports.com\\\/boutique\\\/wp-content\\\/uploads\\\/2014\\\/07\\\/631-Serrure-monnayeur-.45.jpg\",\"datePublished\":\"2014-07-08T07:54:50+00:00\",\"dateModified\":\"2024-12-16T14:19:25+00:00\",\"description\":\"Serrure monnayeur casier\",\"breadcrumb\":{\"@id\":\"https:\\\/\\\/www.pruvost-sports.com\\\/boutique\\\/produit\\\/serrure-monnayeur-45\\\/#breadcrumb\"},\"inLanguage\":\"fr-FR\",\"potentialAction\":[{\"@type\":\"ReadAction\",\"target\":[\"https:\\\/\\\/www.pruvost-sports.com\\\/boutique\\\/produit\\\/serrure-monnayeur-45\\\/\"]}]},{\"@type\":\"ImageObject\",\"inLanguage\":\"fr-FR\",\"@id\":\"https:\\\/\\\/www.pruvost-sports.com\\\/boutique\\\/produit\\\/serrure-monnayeur-45\\\/#primaryimage\",\"url\":\"https:\\\/\\\/www.pruvost-sports.com\\\/boutique\\\/wp-content\\\/uploads\\\/2014\\\/07\\\/631-Serrure-monnayeur-.45.jpg\",\"contentUrl\":\"https:\\\/\\\/www.pruvost-sports.com\\\/boutique\\\/wp-content\\\/uploads\\\/2014\\\/07\\\/631-Serrure-monnayeur-.45.jpg\",\"width\":520,\"height\":402,\"caption\":\"Serrure monnayeur .45\"},{\"@type\":\"BreadcrumbList\",\"@id\":\"https:\\\/\\\/www.pruvost-sports.com\\\/boutique\\\/produit\\\/serrure-monnayeur-45\\\/#breadcrumb\",\"itemListElement\":[{\"@type\":\"ListItem\",\"position\":1,\"name\":\"Accueil\",\"item\":\"https:\\\/\\\/www.pruvost-sports.com\\\/boutique\\\/\"},{\"@type\":\"ListItem\",\"position\":2,\"name\":\"Boutique\",\"item\":\"https:\\\/\\\/www.pruvost-sports.com\\\/boutique\\\/boutique\\\/\"},{\"@type\":\"ListItem\",\"position\":3,\"name\":\"Serrure monnayeur .45\"}]},{\"@type\":\"WebSite\",\"@id\":\"https:\\\/\\\/www.pruvost-sports.com\\\/boutique\\\/#website\",\"url\":\"https:\\\/\\\/www.pruvost-sports.com\\\/boutique\\\/\",\"name\":\"Pruvost sport piscine\",\"description\":\"\",\"potentialAction\":[{\"@type\":\"SearchAction\",\"target\":{\"@type\":\"EntryPoint\",\"urlTemplate\":\"https:\\\/\\\/www.pruvost-sports.com\\\/boutique\\\/?s={search_term_string}\"},\"query-input\":{\"@type\":\"PropertyValueSpecification\",\"valueRequired\":true,\"valueName\":\"search_term_string\"}}],\"inLanguage\":\"fr-FR\"}]}<\/script>\n<!-- \/ Yoast SEO plugin. -->","yoast_head_json":{"title":"serrure casier piscine monnayeur piscine","description":"Serrure monnayeur casier","robots":{"index":"index","follow":"follow","max-snippet":"max-snippet:-1","max-image-preview":"max-image-preview:large","max-video-preview":"max-video-preview:-1"},"canonical":"https:\/\/www.pruvost-sports.com\/boutique\/produit\/serrure-monnayeur-45\/","og_locale":"fr_FR","og_type":"article","og_title":"serrure casier piscine monnayeur piscine","og_description":"Serrure monnayeur casier","og_url":"https:\/\/www.pruvost-sports.com\/boutique\/produit\/serrure-monnayeur-45\/","og_site_name":"Pruvost sport piscine","article_modified_time":"2024-12-16T14:19:25+00:00","og_image":[{"width":520,"height":402,"url":"https:\/\/www.pruvost-sports.com\/boutique\/wp-content\/uploads\/2014\/07\/631-Serrure-monnayeur-.45.jpg","type":"image\/jpeg"}],"twitter_card":"summary_large_image","twitter_misc":{"Dur\u00e9e de lecture estim\u00e9e":"1 minute"},"schema":{"@context":"https:\/\/schema.org","@graph":[{"@type":"WebPage","@id":"https:\/\/www.pruvost-sports.com\/boutique\/produit\/serrure-monnayeur-45\/","url":"https:\/\/www.pruvost-sports.com\/boutique\/produit\/serrure-monnayeur-45\/","name":"serrure casier piscine monnayeur piscine","isPartOf":{"@id":"https:\/\/www.pruvost-sports.com\/boutique\/#website"},"primaryImageOfPage":{"@id":"https:\/\/www.pruvost-sports.com\/boutique\/produit\/serrure-monnayeur-45\/#primaryimage"},"image":{"@id":"https:\/\/www.pruvost-sports.com\/boutique\/produit\/serrure-monnayeur-45\/#primaryimage"},"thumbnailUrl":"https:\/\/www.pruvost-sports.com\/boutique\/wp-content\/uploads\/2014\/07\/631-Serrure-monnayeur-.45.jpg","datePublished":"2014-07-08T07:54:50+00:00","dateModified":"2024-12-16T14:19:25+00:00","description":"Serrure monnayeur casier","breadcrumb":{"@id":"https:\/\/www.pruvost-sports.com\/boutique\/produit\/serrure-monnayeur-45\/#breadcrumb"},"inLanguage":"fr-FR","potentialAction":[{"@type":"ReadAction","target":["https:\/\/www.pruvost-sports.com\/boutique\/produit\/serrure-monnayeur-45\/"]}]},{"@type":"ImageObject","inLanguage":"fr-FR","@id":"https:\/\/www.pruvost-sports.com\/boutique\/produit\/serrure-monnayeur-45\/#primaryimage","url":"https:\/\/www.pruvost-sports.com\/boutique\/wp-content\/uploads\/2014\/07\/631-Serrure-monnayeur-.45.jpg","contentUrl":"https:\/\/www.pruvost-sports.com\/boutique\/wp-content\/uploads\/2014\/07\/631-Serrure-monnayeur-.45.jpg","width":520,"height":402,"caption":"Serrure monnayeur .45"},{"@type":"BreadcrumbList","@id":"https:\/\/www.pruvost-sports.com\/boutique\/produit\/serrure-monnayeur-45\/#breadcrumb","itemListElement":[{"@type":"ListItem","position":1,"name":"Accueil","item":"https:\/\/www.pruvost-sports.com\/boutique\/"},{"@type":"ListItem","position":2,"name":"Boutique","item":"https:\/\/www.pruvost-sports.com\/boutique\/boutique\/"},{"@type":"ListItem","position":3,"name":"Serrure monnayeur .45"}]},{"@type":"WebSite","@id":"https:\/\/www.pruvost-sports.com\/boutique\/#website","url":"https:\/\/www.pruvost-sports.com\/boutique\/","name":"Pruvost sport piscine","description":"","potentialAction":[{"@type":"SearchAction","target":{"@type":"EntryPoint","urlTemplate":"https:\/\/www.pruvost-sports.com\/boutique\/?s={search_term_string}"},"query-input":{"@type":"PropertyValueSpecification","valueRequired":true,"valueName":"search_term_string"}}],"inLanguage":"fr-FR"}]}},"_links":{"self":[{"href":"https:\/\/www.pruvost-sports.com\/boutique\/wp-json\/wp\/v2\/product\/2407","targetHints":{"allow":["GET"]}}],"collection":[{"href":"https:\/\/www.pruvost-sports.com\/boutique\/wp-json\/wp\/v2\/product"}],"about":[{"href":"https:\/\/www.pruvost-sports.com\/boutique\/wp-json\/wp\/v2\/types\/product"}],"wp:featuredmedia":[{"embeddable":true,"href":"https:\/\/www.pruvost-sports.com\/boutique\/wp-json\/wp\/v2\/media\/2406"}],"wp:attachment":[{"href":"https:\/\/www.pruvost-sports.com\/boutique\/wp-json\/wp\/v2\/media?parent=2407"}],"wp:term":[{"taxonomy":"product_brand","embeddable":true,"href":"https:\/\/www.pruvost-sports.com\/boutique\/wp-json\/wp\/v2\/product_brand?post=2407"},{"taxonomy":"product_cat","embeddable":true,"href":"https:\/\/www.pruvost-sports.com\/boutique\/wp-json\/wp\/v2\/product_cat?post=2407"},{"taxonomy":"product_tag","embeddable":true,"href":"https:\/\/www.pruvost-sports.com\/boutique\/wp-json\/wp\/v2\/product_tag?post=2407"}],"curies":[{"name":"wp","href":"https:\/\/api.w.org\/{rel}","templated":true}]}}