{"id":2269,"date":"2014-06-30T10:58:22","date_gmt":"2014-06-30T08:58:22","guid":{"rendered":"https:\/\/www.pruvost-sports.com\/boutique\/?product=ballon-paille-lot-de-10"},"modified":"2024-01-31T16:05:58","modified_gmt":"2024-01-31T15:05:58","slug":"ballon-paille-lot-de-10","status":"publish","type":"product","link":"https:\/\/www.pruvost-sports.com\/boutique\/produit\/ballon-paille-lot-de-10\/","title":{"rendered":"Ballon paille &#8211; lot de 10"},"content":{"rendered":"","protected":false},"excerpt":{"rendered":"<p>Ballon paille- lot de 10<\/p>\n<p>\u00d8 25 cm\u00a0 &#8211; 90 gr<\/p>\n<p>Ballon souple et tr\u00e8s l\u00e9ger en mousse de polyur\u00e9thane gonflable \u00e0 la bouche \u00e0 l&rsquo;aide d&rsquo;une paille.<\/p>\n","protected":false},"featured_media":2266,"template":"","meta":[],"product_brand":[],"product_cat":[36,2769],"product_tag":[1264,1263,1262,1259],"class_list":{"0":"post-2269","1":"product","2":"type-product","3":"status-publish","4":"has-post-thumbnail","6":"product_cat-balles-et-ballons","7":"product_cat-divers-aquagym","8":"product_tag-ballon-aquagym","9":"product_tag-ballon-gonflable","10":"product_tag-ballon-paille","11":"product_tag-ballon-piscine","13":"entry","14":"has-media","16":"first","17":"instock","18":"shipping-taxable","19":"purchasable","20":"product-type-simple","21":"col","22":"span_1_of_4","23":"owp-content-center","24":"owp-thumbs-layout-horizontal","25":"owp-btn-normal","26":"owp-tabs-layout-horizontal"},"yoast_head":"<!-- This site is optimized with the Yoast SEO plugin v27.5 - https:\/\/yoast.com\/product\/yoast-seo-wordpress\/ -->\n<title>ballon paille ballon aquagym ballon gonflable<\/title>\n<meta name=\"description\" content=\"Ballon paille - lot de 10\" \/>\n<meta name=\"robots\" content=\"index, follow, max-snippet:-1, max-image-preview:large, max-video-preview:-1\" \/>\n<link rel=\"canonical\" href=\"https:\/\/www.pruvost-sports.com\/boutique\/produit\/ballon-paille-lot-de-10\/\" \/>\n<meta property=\"og:locale\" content=\"fr_FR\" \/>\n<meta property=\"og:type\" content=\"article\" \/>\n<meta property=\"og:title\" content=\"ballon paille ballon aquagym ballon gonflable\" \/>\n<meta property=\"og:description\" content=\"Ballon paille - lot de 10\" \/>\n<meta property=\"og:url\" content=\"https:\/\/www.pruvost-sports.com\/boutique\/produit\/ballon-paille-lot-de-10\/\" \/>\n<meta property=\"og:site_name\" content=\"Pruvost sport piscine\" \/>\n<meta property=\"article:modified_time\" content=\"2024-01-31T15:05:58+00:00\" \/>\n<meta property=\"og:image\" content=\"https:\/\/www.pruvost-sports.com\/boutique\/wp-content\/uploads\/2014\/06\/595-Ballon-paille-lot-de-10-scaled.jpg\" \/>\n\t<meta property=\"og:image:width\" content=\"2560\" \/>\n\t<meta property=\"og:image:height\" content=\"1800\" \/>\n\t<meta property=\"og:image:type\" content=\"image\/jpeg\" \/>\n<meta name=\"twitter:card\" content=\"summary_large_image\" \/>\n<meta name=\"twitter:label1\" content=\"Dur\u00e9e de lecture estim\u00e9e\" \/>\n\t<meta name=\"twitter:data1\" content=\"1 minute\" \/>\n<script type=\"application\/ld+json\" class=\"yoast-schema-graph\">{\"@context\":\"https:\\\/\\\/schema.org\",\"@graph\":[{\"@type\":\"WebPage\",\"@id\":\"https:\\\/\\\/www.pruvost-sports.com\\\/boutique\\\/produit\\\/ballon-paille-lot-de-10\\\/\",\"url\":\"https:\\\/\\\/www.pruvost-sports.com\\\/boutique\\\/produit\\\/ballon-paille-lot-de-10\\\/\",\"name\":\"ballon paille ballon aquagym ballon gonflable\",\"isPartOf\":{\"@id\":\"https:\\\/\\\/www.pruvost-sports.com\\\/boutique\\\/#website\"},\"primaryImageOfPage\":{\"@id\":\"https:\\\/\\\/www.pruvost-sports.com\\\/boutique\\\/produit\\\/ballon-paille-lot-de-10\\\/#primaryimage\"},\"image\":{\"@id\":\"https:\\\/\\\/www.pruvost-sports.com\\\/boutique\\\/produit\\\/ballon-paille-lot-de-10\\\/#primaryimage\"},\"thumbnailUrl\":\"https:\\\/\\\/www.pruvost-sports.com\\\/boutique\\\/wp-content\\\/uploads\\\/2014\\\/06\\\/595-Ballon-paille-lot-de-10-scaled.jpg\",\"datePublished\":\"2014-06-30T08:58:22+00:00\",\"dateModified\":\"2024-01-31T15:05:58+00:00\",\"description\":\"Ballon paille - lot de 10\",\"breadcrumb\":{\"@id\":\"https:\\\/\\\/www.pruvost-sports.com\\\/boutique\\\/produit\\\/ballon-paille-lot-de-10\\\/#breadcrumb\"},\"inLanguage\":\"fr-FR\",\"potentialAction\":[{\"@type\":\"ReadAction\",\"target\":[\"https:\\\/\\\/www.pruvost-sports.com\\\/boutique\\\/produit\\\/ballon-paille-lot-de-10\\\/\"]}]},{\"@type\":\"ImageObject\",\"inLanguage\":\"fr-FR\",\"@id\":\"https:\\\/\\\/www.pruvost-sports.com\\\/boutique\\\/produit\\\/ballon-paille-lot-de-10\\\/#primaryimage\",\"url\":\"https:\\\/\\\/www.pruvost-sports.com\\\/boutique\\\/wp-content\\\/uploads\\\/2014\\\/06\\\/595-Ballon-paille-lot-de-10-scaled.jpg\",\"contentUrl\":\"https:\\\/\\\/www.pruvost-sports.com\\\/boutique\\\/wp-content\\\/uploads\\\/2014\\\/06\\\/595-Ballon-paille-lot-de-10-scaled.jpg\",\"width\":2560,\"height\":1800,\"caption\":\"Ballon paille - lot de 10\"},{\"@type\":\"BreadcrumbList\",\"@id\":\"https:\\\/\\\/www.pruvost-sports.com\\\/boutique\\\/produit\\\/ballon-paille-lot-de-10\\\/#breadcrumb\",\"itemListElement\":[{\"@type\":\"ListItem\",\"position\":1,\"name\":\"Accueil\",\"item\":\"https:\\\/\\\/www.pruvost-sports.com\\\/boutique\\\/\"},{\"@type\":\"ListItem\",\"position\":2,\"name\":\"Boutique\",\"item\":\"https:\\\/\\\/www.pruvost-sports.com\\\/boutique\\\/boutique\\\/\"},{\"@type\":\"ListItem\",\"position\":3,\"name\":\"Ballon paille &#8211; lot de 10\"}]},{\"@type\":\"WebSite\",\"@id\":\"https:\\\/\\\/www.pruvost-sports.com\\\/boutique\\\/#website\",\"url\":\"https:\\\/\\\/www.pruvost-sports.com\\\/boutique\\\/\",\"name\":\"Pruvost sport piscine\",\"description\":\"\",\"potentialAction\":[{\"@type\":\"SearchAction\",\"target\":{\"@type\":\"EntryPoint\",\"urlTemplate\":\"https:\\\/\\\/www.pruvost-sports.com\\\/boutique\\\/?s={search_term_string}\"},\"query-input\":{\"@type\":\"PropertyValueSpecification\",\"valueRequired\":true,\"valueName\":\"search_term_string\"}}],\"inLanguage\":\"fr-FR\"}]}<\/script>\n<!-- \/ Yoast SEO plugin. -->","yoast_head_json":{"title":"ballon paille ballon aquagym ballon gonflable","description":"Ballon paille - lot de 10","robots":{"index":"index","follow":"follow","max-snippet":"max-snippet:-1","max-image-preview":"max-image-preview:large","max-video-preview":"max-video-preview:-1"},"canonical":"https:\/\/www.pruvost-sports.com\/boutique\/produit\/ballon-paille-lot-de-10\/","og_locale":"fr_FR","og_type":"article","og_title":"ballon paille ballon aquagym ballon gonflable","og_description":"Ballon paille - lot de 10","og_url":"https:\/\/www.pruvost-sports.com\/boutique\/produit\/ballon-paille-lot-de-10\/","og_site_name":"Pruvost sport piscine","article_modified_time":"2024-01-31T15:05:58+00:00","og_image":[{"width":2560,"height":1800,"url":"https:\/\/www.pruvost-sports.com\/boutique\/wp-content\/uploads\/2014\/06\/595-Ballon-paille-lot-de-10-scaled.jpg","type":"image\/jpeg"}],"twitter_card":"summary_large_image","twitter_misc":{"Dur\u00e9e de lecture estim\u00e9e":"1 minute"},"schema":{"@context":"https:\/\/schema.org","@graph":[{"@type":"WebPage","@id":"https:\/\/www.pruvost-sports.com\/boutique\/produit\/ballon-paille-lot-de-10\/","url":"https:\/\/www.pruvost-sports.com\/boutique\/produit\/ballon-paille-lot-de-10\/","name":"ballon paille ballon aquagym ballon gonflable","isPartOf":{"@id":"https:\/\/www.pruvost-sports.com\/boutique\/#website"},"primaryImageOfPage":{"@id":"https:\/\/www.pruvost-sports.com\/boutique\/produit\/ballon-paille-lot-de-10\/#primaryimage"},"image":{"@id":"https:\/\/www.pruvost-sports.com\/boutique\/produit\/ballon-paille-lot-de-10\/#primaryimage"},"thumbnailUrl":"https:\/\/www.pruvost-sports.com\/boutique\/wp-content\/uploads\/2014\/06\/595-Ballon-paille-lot-de-10-scaled.jpg","datePublished":"2014-06-30T08:58:22+00:00","dateModified":"2024-01-31T15:05:58+00:00","description":"Ballon paille - lot de 10","breadcrumb":{"@id":"https:\/\/www.pruvost-sports.com\/boutique\/produit\/ballon-paille-lot-de-10\/#breadcrumb"},"inLanguage":"fr-FR","potentialAction":[{"@type":"ReadAction","target":["https:\/\/www.pruvost-sports.com\/boutique\/produit\/ballon-paille-lot-de-10\/"]}]},{"@type":"ImageObject","inLanguage":"fr-FR","@id":"https:\/\/www.pruvost-sports.com\/boutique\/produit\/ballon-paille-lot-de-10\/#primaryimage","url":"https:\/\/www.pruvost-sports.com\/boutique\/wp-content\/uploads\/2014\/06\/595-Ballon-paille-lot-de-10-scaled.jpg","contentUrl":"https:\/\/www.pruvost-sports.com\/boutique\/wp-content\/uploads\/2014\/06\/595-Ballon-paille-lot-de-10-scaled.jpg","width":2560,"height":1800,"caption":"Ballon paille - lot de 10"},{"@type":"BreadcrumbList","@id":"https:\/\/www.pruvost-sports.com\/boutique\/produit\/ballon-paille-lot-de-10\/#breadcrumb","itemListElement":[{"@type":"ListItem","position":1,"name":"Accueil","item":"https:\/\/www.pruvost-sports.com\/boutique\/"},{"@type":"ListItem","position":2,"name":"Boutique","item":"https:\/\/www.pruvost-sports.com\/boutique\/boutique\/"},{"@type":"ListItem","position":3,"name":"Ballon paille &#8211; lot de 10"}]},{"@type":"WebSite","@id":"https:\/\/www.pruvost-sports.com\/boutique\/#website","url":"https:\/\/www.pruvost-sports.com\/boutique\/","name":"Pruvost sport piscine","description":"","potentialAction":[{"@type":"SearchAction","target":{"@type":"EntryPoint","urlTemplate":"https:\/\/www.pruvost-sports.com\/boutique\/?s={search_term_string}"},"query-input":{"@type":"PropertyValueSpecification","valueRequired":true,"valueName":"search_term_string"}}],"inLanguage":"fr-FR"}]}},"_links":{"self":[{"href":"https:\/\/www.pruvost-sports.com\/boutique\/wp-json\/wp\/v2\/product\/2269","targetHints":{"allow":["GET"]}}],"collection":[{"href":"https:\/\/www.pruvost-sports.com\/boutique\/wp-json\/wp\/v2\/product"}],"about":[{"href":"https:\/\/www.pruvost-sports.com\/boutique\/wp-json\/wp\/v2\/types\/product"}],"wp:featuredmedia":[{"embeddable":true,"href":"https:\/\/www.pruvost-sports.com\/boutique\/wp-json\/wp\/v2\/media\/2266"}],"wp:attachment":[{"href":"https:\/\/www.pruvost-sports.com\/boutique\/wp-json\/wp\/v2\/media?parent=2269"}],"wp:term":[{"taxonomy":"product_brand","embeddable":true,"href":"https:\/\/www.pruvost-sports.com\/boutique\/wp-json\/wp\/v2\/product_brand?post=2269"},{"taxonomy":"product_cat","embeddable":true,"href":"https:\/\/www.pruvost-sports.com\/boutique\/wp-json\/wp\/v2\/product_cat?post=2269"},{"taxonomy":"product_tag","embeddable":true,"href":"https:\/\/www.pruvost-sports.com\/boutique\/wp-json\/wp\/v2\/product_tag?post=2269"}],"curies":[{"name":"wp","href":"https:\/\/api.w.org\/{rel}","templated":true}]}}