{"id":195,"date":"2014-04-18T09:50:55","date_gmt":"2014-04-18T07:50:55","guid":{"rendered":"https:\/\/www.pruvost-sports.com\/boutique\/?product=bracelets-lestes-1-kg"},"modified":"2024-01-31T16:03:43","modified_gmt":"2024-01-31T15:03:43","slug":"bracelets-lestes-1-kg","status":"publish","type":"product","link":"https:\/\/www.pruvost-sports.com\/boutique\/produit\/bracelets-lestes-1-kg\/","title":{"rendered":"Bracelets lest\u00e9s &#8211; 1 Kg"},"content":{"rendered":"<p>MATIERE :<br \/>\n&#8211; Housse : polyurethane mesh, nylon velcro<br \/>\n&#8211; Lests : silicone composite (silica gel)<\/p>\n","protected":false},"excerpt":{"rendered":"<p>Bracelets lest\u00e9s sp\u00e9cialement con\u00e7u pour une utilisation en milieu aquatique.<\/p>\n<p>Existe en 500 g et 1Kg<\/p>\n<p>Vendus par paire<\/p>\n","protected":false},"featured_media":193,"template":"","meta":[],"product_brand":[],"product_cat":[72,2769],"product_tag":[500,503,502,501],"class_list":{"0":"post-195","1":"product","2":"type-product","3":"status-publish","4":"has-post-thumbnail","6":"product_cat-accessoires-pour-l-aquagym","7":"product_cat-divers-aquagym","8":"product_tag-aquaband","9":"product_tag-bande-leste","10":"product_tag-bracelet-leste","11":"product_tag-bracelets-lestes","13":"entry","14":"has-media","16":"first","17":"instock","18":"shipping-taxable","19":"purchasable","20":"product-type-simple","21":"col","22":"span_1_of_4","23":"owp-content-center","24":"owp-thumbs-layout-horizontal","25":"owp-btn-normal","26":"owp-tabs-layout-horizontal"},"yoast_head":"<!-- This site is optimized with the Yoast SEO plugin v27.5 - https:\/\/yoast.com\/product\/yoast-seo-wordpress\/ -->\n<title>bracelet lest\u00e9 piscine bracelets lest\u00e9s aquagym<\/title>\n<meta name=\"description\" content=\"Bracelets lest\u00e9s 1 Kg\" \/>\n<meta name=\"robots\" content=\"index, follow, max-snippet:-1, max-image-preview:large, max-video-preview:-1\" \/>\n<link rel=\"canonical\" href=\"https:\/\/www.pruvost-sports.com\/boutique\/produit\/bracelets-lestes-1-kg\/\" \/>\n<meta property=\"og:locale\" content=\"fr_FR\" \/>\n<meta property=\"og:type\" content=\"article\" \/>\n<meta property=\"og:title\" content=\"bracelet lest\u00e9 piscine bracelets lest\u00e9s aquagym\" \/>\n<meta property=\"og:description\" content=\"Bracelets lest\u00e9s 1 Kg\" \/>\n<meta property=\"og:url\" content=\"https:\/\/www.pruvost-sports.com\/boutique\/produit\/bracelets-lestes-1-kg\/\" \/>\n<meta property=\"og:site_name\" content=\"Pruvost sport piscine\" \/>\n<meta property=\"article:modified_time\" content=\"2024-01-31T15:03:43+00:00\" \/>\n<meta property=\"og:image\" content=\"https:\/\/www.pruvost-sports.com\/boutique\/wp-content\/uploads\/2014\/04\/73-Bracelets-lestes-1-Kg.jpg\" \/>\n\t<meta property=\"og:image:width\" content=\"1480\" \/>\n\t<meta property=\"og:image:height\" content=\"1181\" \/>\n\t<meta property=\"og:image:type\" content=\"image\/jpeg\" \/>\n<meta name=\"twitter:card\" content=\"summary_large_image\" \/>\n<meta name=\"twitter:label1\" content=\"Dur\u00e9e de lecture estim\u00e9e\" \/>\n\t<meta name=\"twitter:data1\" content=\"1 minute\" \/>\n<script type=\"application\/ld+json\" class=\"yoast-schema-graph\">{\"@context\":\"https:\\\/\\\/schema.org\",\"@graph\":[{\"@type\":\"WebPage\",\"@id\":\"https:\\\/\\\/www.pruvost-sports.com\\\/boutique\\\/produit\\\/bracelets-lestes-1-kg\\\/\",\"url\":\"https:\\\/\\\/www.pruvost-sports.com\\\/boutique\\\/produit\\\/bracelets-lestes-1-kg\\\/\",\"name\":\"bracelet lest\u00e9 piscine bracelets lest\u00e9s aquagym\",\"isPartOf\":{\"@id\":\"https:\\\/\\\/www.pruvost-sports.com\\\/boutique\\\/#website\"},\"primaryImageOfPage\":{\"@id\":\"https:\\\/\\\/www.pruvost-sports.com\\\/boutique\\\/produit\\\/bracelets-lestes-1-kg\\\/#primaryimage\"},\"image\":{\"@id\":\"https:\\\/\\\/www.pruvost-sports.com\\\/boutique\\\/produit\\\/bracelets-lestes-1-kg\\\/#primaryimage\"},\"thumbnailUrl\":\"https:\\\/\\\/www.pruvost-sports.com\\\/boutique\\\/wp-content\\\/uploads\\\/2014\\\/04\\\/73-Bracelets-lestes-1-Kg.jpg\",\"datePublished\":\"2014-04-18T07:50:55+00:00\",\"dateModified\":\"2024-01-31T15:03:43+00:00\",\"description\":\"Bracelets lest\u00e9s 1 Kg\",\"breadcrumb\":{\"@id\":\"https:\\\/\\\/www.pruvost-sports.com\\\/boutique\\\/produit\\\/bracelets-lestes-1-kg\\\/#breadcrumb\"},\"inLanguage\":\"fr-FR\",\"potentialAction\":[{\"@type\":\"ReadAction\",\"target\":[\"https:\\\/\\\/www.pruvost-sports.com\\\/boutique\\\/produit\\\/bracelets-lestes-1-kg\\\/\"]}]},{\"@type\":\"ImageObject\",\"inLanguage\":\"fr-FR\",\"@id\":\"https:\\\/\\\/www.pruvost-sports.com\\\/boutique\\\/produit\\\/bracelets-lestes-1-kg\\\/#primaryimage\",\"url\":\"https:\\\/\\\/www.pruvost-sports.com\\\/boutique\\\/wp-content\\\/uploads\\\/2014\\\/04\\\/73-Bracelets-lestes-1-Kg.jpg\",\"contentUrl\":\"https:\\\/\\\/www.pruvost-sports.com\\\/boutique\\\/wp-content\\\/uploads\\\/2014\\\/04\\\/73-Bracelets-lestes-1-Kg.jpg\",\"width\":1480,\"height\":1181,\"caption\":\"Bracelets lest\u00e9s - 1 Kg\"},{\"@type\":\"BreadcrumbList\",\"@id\":\"https:\\\/\\\/www.pruvost-sports.com\\\/boutique\\\/produit\\\/bracelets-lestes-1-kg\\\/#breadcrumb\",\"itemListElement\":[{\"@type\":\"ListItem\",\"position\":1,\"name\":\"Accueil\",\"item\":\"https:\\\/\\\/www.pruvost-sports.com\\\/boutique\\\/\"},{\"@type\":\"ListItem\",\"position\":2,\"name\":\"Boutique\",\"item\":\"https:\\\/\\\/www.pruvost-sports.com\\\/boutique\\\/boutique\\\/\"},{\"@type\":\"ListItem\",\"position\":3,\"name\":\"Bracelets lest\u00e9s &#8211; 1 Kg\"}]},{\"@type\":\"WebSite\",\"@id\":\"https:\\\/\\\/www.pruvost-sports.com\\\/boutique\\\/#website\",\"url\":\"https:\\\/\\\/www.pruvost-sports.com\\\/boutique\\\/\",\"name\":\"Pruvost sport piscine\",\"description\":\"\",\"potentialAction\":[{\"@type\":\"SearchAction\",\"target\":{\"@type\":\"EntryPoint\",\"urlTemplate\":\"https:\\\/\\\/www.pruvost-sports.com\\\/boutique\\\/?s={search_term_string}\"},\"query-input\":{\"@type\":\"PropertyValueSpecification\",\"valueRequired\":true,\"valueName\":\"search_term_string\"}}],\"inLanguage\":\"fr-FR\"}]}<\/script>\n<!-- \/ Yoast SEO plugin. -->","yoast_head_json":{"title":"bracelet lest\u00e9 piscine bracelets lest\u00e9s aquagym","description":"Bracelets lest\u00e9s 1 Kg","robots":{"index":"index","follow":"follow","max-snippet":"max-snippet:-1","max-image-preview":"max-image-preview:large","max-video-preview":"max-video-preview:-1"},"canonical":"https:\/\/www.pruvost-sports.com\/boutique\/produit\/bracelets-lestes-1-kg\/","og_locale":"fr_FR","og_type":"article","og_title":"bracelet lest\u00e9 piscine bracelets lest\u00e9s aquagym","og_description":"Bracelets lest\u00e9s 1 Kg","og_url":"https:\/\/www.pruvost-sports.com\/boutique\/produit\/bracelets-lestes-1-kg\/","og_site_name":"Pruvost sport piscine","article_modified_time":"2024-01-31T15:03:43+00:00","og_image":[{"width":1480,"height":1181,"url":"https:\/\/www.pruvost-sports.com\/boutique\/wp-content\/uploads\/2014\/04\/73-Bracelets-lestes-1-Kg.jpg","type":"image\/jpeg"}],"twitter_card":"summary_large_image","twitter_misc":{"Dur\u00e9e de lecture estim\u00e9e":"1 minute"},"schema":{"@context":"https:\/\/schema.org","@graph":[{"@type":"WebPage","@id":"https:\/\/www.pruvost-sports.com\/boutique\/produit\/bracelets-lestes-1-kg\/","url":"https:\/\/www.pruvost-sports.com\/boutique\/produit\/bracelets-lestes-1-kg\/","name":"bracelet lest\u00e9 piscine bracelets lest\u00e9s aquagym","isPartOf":{"@id":"https:\/\/www.pruvost-sports.com\/boutique\/#website"},"primaryImageOfPage":{"@id":"https:\/\/www.pruvost-sports.com\/boutique\/produit\/bracelets-lestes-1-kg\/#primaryimage"},"image":{"@id":"https:\/\/www.pruvost-sports.com\/boutique\/produit\/bracelets-lestes-1-kg\/#primaryimage"},"thumbnailUrl":"https:\/\/www.pruvost-sports.com\/boutique\/wp-content\/uploads\/2014\/04\/73-Bracelets-lestes-1-Kg.jpg","datePublished":"2014-04-18T07:50:55+00:00","dateModified":"2024-01-31T15:03:43+00:00","description":"Bracelets lest\u00e9s 1 Kg","breadcrumb":{"@id":"https:\/\/www.pruvost-sports.com\/boutique\/produit\/bracelets-lestes-1-kg\/#breadcrumb"},"inLanguage":"fr-FR","potentialAction":[{"@type":"ReadAction","target":["https:\/\/www.pruvost-sports.com\/boutique\/produit\/bracelets-lestes-1-kg\/"]}]},{"@type":"ImageObject","inLanguage":"fr-FR","@id":"https:\/\/www.pruvost-sports.com\/boutique\/produit\/bracelets-lestes-1-kg\/#primaryimage","url":"https:\/\/www.pruvost-sports.com\/boutique\/wp-content\/uploads\/2014\/04\/73-Bracelets-lestes-1-Kg.jpg","contentUrl":"https:\/\/www.pruvost-sports.com\/boutique\/wp-content\/uploads\/2014\/04\/73-Bracelets-lestes-1-Kg.jpg","width":1480,"height":1181,"caption":"Bracelets lest\u00e9s - 1 Kg"},{"@type":"BreadcrumbList","@id":"https:\/\/www.pruvost-sports.com\/boutique\/produit\/bracelets-lestes-1-kg\/#breadcrumb","itemListElement":[{"@type":"ListItem","position":1,"name":"Accueil","item":"https:\/\/www.pruvost-sports.com\/boutique\/"},{"@type":"ListItem","position":2,"name":"Boutique","item":"https:\/\/www.pruvost-sports.com\/boutique\/boutique\/"},{"@type":"ListItem","position":3,"name":"Bracelets lest\u00e9s &#8211; 1 Kg"}]},{"@type":"WebSite","@id":"https:\/\/www.pruvost-sports.com\/boutique\/#website","url":"https:\/\/www.pruvost-sports.com\/boutique\/","name":"Pruvost sport piscine","description":"","potentialAction":[{"@type":"SearchAction","target":{"@type":"EntryPoint","urlTemplate":"https:\/\/www.pruvost-sports.com\/boutique\/?s={search_term_string}"},"query-input":{"@type":"PropertyValueSpecification","valueRequired":true,"valueName":"search_term_string"}}],"inLanguage":"fr-FR"}]}},"_links":{"self":[{"href":"https:\/\/www.pruvost-sports.com\/boutique\/wp-json\/wp\/v2\/product\/195","targetHints":{"allow":["GET"]}}],"collection":[{"href":"https:\/\/www.pruvost-sports.com\/boutique\/wp-json\/wp\/v2\/product"}],"about":[{"href":"https:\/\/www.pruvost-sports.com\/boutique\/wp-json\/wp\/v2\/types\/product"}],"wp:featuredmedia":[{"embeddable":true,"href":"https:\/\/www.pruvost-sports.com\/boutique\/wp-json\/wp\/v2\/media\/193"}],"wp:attachment":[{"href":"https:\/\/www.pruvost-sports.com\/boutique\/wp-json\/wp\/v2\/media?parent=195"}],"wp:term":[{"taxonomy":"product_brand","embeddable":true,"href":"https:\/\/www.pruvost-sports.com\/boutique\/wp-json\/wp\/v2\/product_brand?post=195"},{"taxonomy":"product_cat","embeddable":true,"href":"https:\/\/www.pruvost-sports.com\/boutique\/wp-json\/wp\/v2\/product_cat?post=195"},{"taxonomy":"product_tag","embeddable":true,"href":"https:\/\/www.pruvost-sports.com\/boutique\/wp-json\/wp\/v2\/product_tag?post=195"}],"curies":[{"name":"wp","href":"https:\/\/api.w.org\/{rel}","templated":true}]}}