{"id":1927,"date":"2014-06-18T11:30:53","date_gmt":"2014-06-18T09:30:53","guid":{"rendered":"https:\/\/www.pruvost-sports.com\/boutique\/?product=pack-de-reanimation-cardio-pulmonaire"},"modified":"2014-06-18T11:30:53","modified_gmt":"2014-06-18T09:30:53","slug":"pack-de-reanimation-cardio-pulmonaire","status":"publish","type":"product","link":"https:\/\/www.pruvost-sports.com\/boutique\/produit\/pack-de-reanimation-cardio-pulmonaire\/","title":{"rendered":"Pack de r\u00e9animation cardio-pulmonaire"},"content":{"rendered":"<p>Livr&eacute; avec : &bull; 1 insufflateur manuel &agrave; U.U. adulte avec masque T5 et r&eacute;servoir. &bull; 1 insufflateur manuel &agrave; U.U. nourrisson avec masque T0 et r&eacute;servoir. &bull; 1 masque &agrave; U.U. petit adulte T4. &bull; 1 masque &agrave; U.U. enfant T2. &bull; 1 filtre anti-bact&eacute;rien pour insufflateur. &bull; 1 aspirateur de mucosit&eacute;s manuel EZY VAC. &bull; 1 sonde d&rsquo;aspiration buccale.<\/p>\n","protected":false},"excerpt":{"rendered":"<p>Valise de r&eacute;animation avec support mural int&eacute;gr&eacute;. Fa&ccedil;ade transparente permet de s&rsquo;assurer de la disponibilit&eacute; de l&rsquo;ensemble du mat&eacute;riel au premier coup d&rsquo;oeil. Plastique ABS antichoc (dimensions : longueur 39,5 cm, largeur 27 cm, hauteur 13,5 cm). Equip&eacute; de l&rsquo;ensemble des dispositifs permettant la r&eacute;animation cardio-pulmonaire du nourrisson &agrave; l&rsquo;adulte.<\/p>\n","protected":false},"featured_media":1926,"template":"","meta":[],"product_brand":[],"product_cat":[26],"product_tag":[1171,1173,1172],"class_list":{"0":"post-1927","1":"product","2":"type-product","3":"status-publish","4":"has-post-thumbnail","6":"product_cat-infirmerie","7":"product_tag-kit-reanimation","8":"product_tag-trousse-reanimation","9":"product_tag-valise-reanimation","11":"entry","12":"has-media","14":"first","15":"instock","16":"shipping-taxable","17":"purchasable","18":"product-type-simple","19":"col","20":"span_1_of_4","21":"owp-content-center","22":"owp-thumbs-layout-horizontal","23":"owp-btn-normal","24":"owp-tabs-layout-horizontal","25":"has-no-thumbnails"},"yoast_head":"<!-- This site is optimized with the Yoast SEO plugin v27.5 - https:\/\/yoast.com\/product\/yoast-seo-wordpress\/ -->\n<title>trousse de r\u00e9animation valise r\u00e9animation kit r\u00e9animation<\/title>\n<meta name=\"description\" content=\"Valise de r\u00e9animation\" \/>\n<meta name=\"robots\" content=\"index, follow, max-snippet:-1, max-image-preview:large, max-video-preview:-1\" \/>\n<link rel=\"canonical\" href=\"https:\/\/www.pruvost-sports.com\/boutique\/produit\/pack-de-reanimation-cardio-pulmonaire\/\" \/>\n<meta property=\"og:locale\" content=\"fr_FR\" \/>\n<meta property=\"og:type\" content=\"article\" \/>\n<meta property=\"og:title\" content=\"trousse de r\u00e9animation valise r\u00e9animation kit r\u00e9animation\" \/>\n<meta property=\"og:description\" content=\"Valise de r\u00e9animation\" \/>\n<meta property=\"og:url\" content=\"https:\/\/www.pruvost-sports.com\/boutique\/produit\/pack-de-reanimation-cardio-pulmonaire\/\" \/>\n<meta property=\"og:site_name\" content=\"Pruvost sport piscine\" \/>\n<meta property=\"og:image\" content=\"https:\/\/www.pruvost-sports.com\/boutique\/wp-content\/uploads\/2014\/06\/499-Pack-de-reanimation-cardio-pulmonaire.jpg\" \/>\n\t<meta property=\"og:image:width\" content=\"500\" \/>\n\t<meta property=\"og:image:height\" content=\"354\" \/>\n\t<meta property=\"og:image:type\" content=\"image\/jpeg\" \/>\n<meta name=\"twitter:card\" content=\"summary_large_image\" \/>\n<script type=\"application\/ld+json\" class=\"yoast-schema-graph\">{\"@context\":\"https:\\\/\\\/schema.org\",\"@graph\":[{\"@type\":\"WebPage\",\"@id\":\"https:\\\/\\\/www.pruvost-sports.com\\\/boutique\\\/produit\\\/pack-de-reanimation-cardio-pulmonaire\\\/\",\"url\":\"https:\\\/\\\/www.pruvost-sports.com\\\/boutique\\\/produit\\\/pack-de-reanimation-cardio-pulmonaire\\\/\",\"name\":\"trousse de r\u00e9animation valise r\u00e9animation kit r\u00e9animation\",\"isPartOf\":{\"@id\":\"https:\\\/\\\/www.pruvost-sports.com\\\/boutique\\\/#website\"},\"primaryImageOfPage\":{\"@id\":\"https:\\\/\\\/www.pruvost-sports.com\\\/boutique\\\/produit\\\/pack-de-reanimation-cardio-pulmonaire\\\/#primaryimage\"},\"image\":{\"@id\":\"https:\\\/\\\/www.pruvost-sports.com\\\/boutique\\\/produit\\\/pack-de-reanimation-cardio-pulmonaire\\\/#primaryimage\"},\"thumbnailUrl\":\"https:\\\/\\\/www.pruvost-sports.com\\\/boutique\\\/wp-content\\\/uploads\\\/2014\\\/06\\\/499-Pack-de-reanimation-cardio-pulmonaire.jpg\",\"datePublished\":\"2014-06-18T09:30:53+00:00\",\"description\":\"Valise de r\u00e9animation\",\"breadcrumb\":{\"@id\":\"https:\\\/\\\/www.pruvost-sports.com\\\/boutique\\\/produit\\\/pack-de-reanimation-cardio-pulmonaire\\\/#breadcrumb\"},\"inLanguage\":\"fr-FR\",\"potentialAction\":[{\"@type\":\"ReadAction\",\"target\":[\"https:\\\/\\\/www.pruvost-sports.com\\\/boutique\\\/produit\\\/pack-de-reanimation-cardio-pulmonaire\\\/\"]}]},{\"@type\":\"ImageObject\",\"inLanguage\":\"fr-FR\",\"@id\":\"https:\\\/\\\/www.pruvost-sports.com\\\/boutique\\\/produit\\\/pack-de-reanimation-cardio-pulmonaire\\\/#primaryimage\",\"url\":\"https:\\\/\\\/www.pruvost-sports.com\\\/boutique\\\/wp-content\\\/uploads\\\/2014\\\/06\\\/499-Pack-de-reanimation-cardio-pulmonaire.jpg\",\"contentUrl\":\"https:\\\/\\\/www.pruvost-sports.com\\\/boutique\\\/wp-content\\\/uploads\\\/2014\\\/06\\\/499-Pack-de-reanimation-cardio-pulmonaire.jpg\",\"width\":500,\"height\":354,\"caption\":\"Pack de r\u00e9animation cardio-pulmonaire\"},{\"@type\":\"BreadcrumbList\",\"@id\":\"https:\\\/\\\/www.pruvost-sports.com\\\/boutique\\\/produit\\\/pack-de-reanimation-cardio-pulmonaire\\\/#breadcrumb\",\"itemListElement\":[{\"@type\":\"ListItem\",\"position\":1,\"name\":\"Accueil\",\"item\":\"https:\\\/\\\/www.pruvost-sports.com\\\/boutique\\\/\"},{\"@type\":\"ListItem\",\"position\":2,\"name\":\"Boutique\",\"item\":\"https:\\\/\\\/www.pruvost-sports.com\\\/boutique\\\/boutique\\\/\"},{\"@type\":\"ListItem\",\"position\":3,\"name\":\"Pack de r\u00e9animation cardio-pulmonaire\"}]},{\"@type\":\"WebSite\",\"@id\":\"https:\\\/\\\/www.pruvost-sports.com\\\/boutique\\\/#website\",\"url\":\"https:\\\/\\\/www.pruvost-sports.com\\\/boutique\\\/\",\"name\":\"Pruvost sport piscine\",\"description\":\"\",\"potentialAction\":[{\"@type\":\"SearchAction\",\"target\":{\"@type\":\"EntryPoint\",\"urlTemplate\":\"https:\\\/\\\/www.pruvost-sports.com\\\/boutique\\\/?s={search_term_string}\"},\"query-input\":{\"@type\":\"PropertyValueSpecification\",\"valueRequired\":true,\"valueName\":\"search_term_string\"}}],\"inLanguage\":\"fr-FR\"}]}<\/script>\n<!-- \/ Yoast SEO plugin. -->","yoast_head_json":{"title":"trousse de r\u00e9animation valise r\u00e9animation kit r\u00e9animation","description":"Valise de r\u00e9animation","robots":{"index":"index","follow":"follow","max-snippet":"max-snippet:-1","max-image-preview":"max-image-preview:large","max-video-preview":"max-video-preview:-1"},"canonical":"https:\/\/www.pruvost-sports.com\/boutique\/produit\/pack-de-reanimation-cardio-pulmonaire\/","og_locale":"fr_FR","og_type":"article","og_title":"trousse de r\u00e9animation valise r\u00e9animation kit r\u00e9animation","og_description":"Valise de r\u00e9animation","og_url":"https:\/\/www.pruvost-sports.com\/boutique\/produit\/pack-de-reanimation-cardio-pulmonaire\/","og_site_name":"Pruvost sport piscine","og_image":[{"width":500,"height":354,"url":"https:\/\/www.pruvost-sports.com\/boutique\/wp-content\/uploads\/2014\/06\/499-Pack-de-reanimation-cardio-pulmonaire.jpg","type":"image\/jpeg"}],"twitter_card":"summary_large_image","schema":{"@context":"https:\/\/schema.org","@graph":[{"@type":"WebPage","@id":"https:\/\/www.pruvost-sports.com\/boutique\/produit\/pack-de-reanimation-cardio-pulmonaire\/","url":"https:\/\/www.pruvost-sports.com\/boutique\/produit\/pack-de-reanimation-cardio-pulmonaire\/","name":"trousse de r\u00e9animation valise r\u00e9animation kit r\u00e9animation","isPartOf":{"@id":"https:\/\/www.pruvost-sports.com\/boutique\/#website"},"primaryImageOfPage":{"@id":"https:\/\/www.pruvost-sports.com\/boutique\/produit\/pack-de-reanimation-cardio-pulmonaire\/#primaryimage"},"image":{"@id":"https:\/\/www.pruvost-sports.com\/boutique\/produit\/pack-de-reanimation-cardio-pulmonaire\/#primaryimage"},"thumbnailUrl":"https:\/\/www.pruvost-sports.com\/boutique\/wp-content\/uploads\/2014\/06\/499-Pack-de-reanimation-cardio-pulmonaire.jpg","datePublished":"2014-06-18T09:30:53+00:00","description":"Valise de r\u00e9animation","breadcrumb":{"@id":"https:\/\/www.pruvost-sports.com\/boutique\/produit\/pack-de-reanimation-cardio-pulmonaire\/#breadcrumb"},"inLanguage":"fr-FR","potentialAction":[{"@type":"ReadAction","target":["https:\/\/www.pruvost-sports.com\/boutique\/produit\/pack-de-reanimation-cardio-pulmonaire\/"]}]},{"@type":"ImageObject","inLanguage":"fr-FR","@id":"https:\/\/www.pruvost-sports.com\/boutique\/produit\/pack-de-reanimation-cardio-pulmonaire\/#primaryimage","url":"https:\/\/www.pruvost-sports.com\/boutique\/wp-content\/uploads\/2014\/06\/499-Pack-de-reanimation-cardio-pulmonaire.jpg","contentUrl":"https:\/\/www.pruvost-sports.com\/boutique\/wp-content\/uploads\/2014\/06\/499-Pack-de-reanimation-cardio-pulmonaire.jpg","width":500,"height":354,"caption":"Pack de r\u00e9animation cardio-pulmonaire"},{"@type":"BreadcrumbList","@id":"https:\/\/www.pruvost-sports.com\/boutique\/produit\/pack-de-reanimation-cardio-pulmonaire\/#breadcrumb","itemListElement":[{"@type":"ListItem","position":1,"name":"Accueil","item":"https:\/\/www.pruvost-sports.com\/boutique\/"},{"@type":"ListItem","position":2,"name":"Boutique","item":"https:\/\/www.pruvost-sports.com\/boutique\/boutique\/"},{"@type":"ListItem","position":3,"name":"Pack de r\u00e9animation cardio-pulmonaire"}]},{"@type":"WebSite","@id":"https:\/\/www.pruvost-sports.com\/boutique\/#website","url":"https:\/\/www.pruvost-sports.com\/boutique\/","name":"Pruvost sport piscine","description":"","potentialAction":[{"@type":"SearchAction","target":{"@type":"EntryPoint","urlTemplate":"https:\/\/www.pruvost-sports.com\/boutique\/?s={search_term_string}"},"query-input":{"@type":"PropertyValueSpecification","valueRequired":true,"valueName":"search_term_string"}}],"inLanguage":"fr-FR"}]}},"_links":{"self":[{"href":"https:\/\/www.pruvost-sports.com\/boutique\/wp-json\/wp\/v2\/product\/1927","targetHints":{"allow":["GET"]}}],"collection":[{"href":"https:\/\/www.pruvost-sports.com\/boutique\/wp-json\/wp\/v2\/product"}],"about":[{"href":"https:\/\/www.pruvost-sports.com\/boutique\/wp-json\/wp\/v2\/types\/product"}],"wp:featuredmedia":[{"embeddable":true,"href":"https:\/\/www.pruvost-sports.com\/boutique\/wp-json\/wp\/v2\/media\/1926"}],"wp:attachment":[{"href":"https:\/\/www.pruvost-sports.com\/boutique\/wp-json\/wp\/v2\/media?parent=1927"}],"wp:term":[{"taxonomy":"product_brand","embeddable":true,"href":"https:\/\/www.pruvost-sports.com\/boutique\/wp-json\/wp\/v2\/product_brand?post=1927"},{"taxonomy":"product_cat","embeddable":true,"href":"https:\/\/www.pruvost-sports.com\/boutique\/wp-json\/wp\/v2\/product_cat?post=1927"},{"taxonomy":"product_tag","embeddable":true,"href":"https:\/\/www.pruvost-sports.com\/boutique\/wp-json\/wp\/v2\/product_tag?post=1927"}],"curies":[{"name":"wp","href":"https:\/\/api.w.org\/{rel}","templated":true}]}}