{"id":1923,"date":"2014-06-18T11:23:42","date_gmt":"2014-06-18T09:23:42","guid":{"rendered":"https:\/\/www.pruvost-sports.com\/boutique\/?product=armoire-a-pharmacie-1-portes"},"modified":"2014-06-18T11:23:42","modified_gmt":"2014-06-18T09:23:42","slug":"armoire-a-pharmacie-1-portes","status":"publish","type":"product","link":"https:\/\/www.pruvost-sports.com\/boutique\/produit\/armoire-a-pharmacie-1-portes\/","title":{"rendered":"Armoire \u00e0 pharmacie 1 porte"},"content":{"rendered":"<div id=\"p_desc\"> <\/p>\n<p>Contenu :<\/p>\n<p>&#8211; 1 attelle<br \/>&#8211; 1 bande extensible de 4,5 m x 5 cm<br \/>&#8211; 1 bande extensible de 4,5 m x 10 cm<br \/>&#8211; 2 bandes de gaze hydrophile de 3,5 m x 5 cm<br \/>&#8211; 2 bandes de gaze hydrophile de 3,5 m x 7 cm<br \/>&#8211; 2 bandes de gaze hydrophile de 3,5 m x 10 cm<br \/>&#8211; 6 compresses st&eacute;riles 5&times;5 cm<br \/>&#8211; 1 &eacute;charpe triangulaire 96&times;96 x 136 cm<br \/>&#8211; 12 &eacute;pingles de s&eacute;curit&eacute;<br \/>&#8211; 1 flacon plastique vide 100 ml<br \/>&#8211; 1 notice de premiers secours<br \/>&#8211; 1 paire de ciseaux 14 cm Lister<br \/>&#8211; 2 paires de gants vinyle<br \/>&#8211; 40 pansements adh&eacute;sifs<br \/>&#8211; 8 pansements adh&eacute;sifs 100 mm x 60 mm<br \/>&#8211; 1 pansement individuel compressif st&eacute;rile 8&times;10 cm<br \/>&#8211; 1 pansement individuel compressif st&eacute;rile 10&times;12 cm<br \/>&#8211; 2 paquets de coton 50 g<br \/>&#8211; 1 pince anatomique plastique<br \/>&#8211; 2 pochettes r&eacute;frig&eacute;rantes<br \/>&#8211; 1 rouleau de sparadrap 5 m x 2,5 cm<br \/>&#8211; 12 serviettes impr&eacute;gn&eacute;es<\/p>\n<p>Dimensions : longueur 30 cm, largeur 14 cm, hauteur 45 cm.<\/p>\n<\/p><\/div>\n","protected":false},"excerpt":{"rendered":"<p>Armoire &agrave; pharmacie en t&ocirc;le acier, peinture laqu&eacute;e blanche.<\/p>\n<p>Agencement int&eacute;rieur comprenant 3 compartiments, une<\/p>\n<p>fermeture de s&eacute;curit&eacute; &agrave; cl&eacute; et une fixation murale.<\/p>\n","protected":false},"featured_media":1921,"template":"","meta":[],"product_brand":[],"product_cat":[26],"product_tag":[1167,1170,1168],"class_list":{"0":"post-1923","1":"product","2":"type-product","3":"status-publish","4":"has-post-thumbnail","6":"product_cat-infirmerie","7":"product_tag-armoire-a-pharmacie","8":"product_tag-armoire-a-pharmacie-1-porte","9":"product_tag-armoire-a-pharmacie-piscine","11":"entry","12":"has-media","14":"first","15":"instock","16":"shipping-taxable","17":"purchasable","18":"product-type-simple","19":"col","20":"span_1_of_4","21":"owp-content-center","22":"owp-thumbs-layout-horizontal","23":"owp-btn-normal","24":"owp-tabs-layout-horizontal","25":"has-no-thumbnails"},"yoast_head":"<!-- This site is optimized with the Yoast SEO plugin v27.5 - https:\/\/yoast.com\/product\/yoast-seo-wordpress\/ -->\n<title>armoire \u00e0 pharmacie piscine armoire \u00e0 pharmacie 2 portes armoire \u00e0 pharmacie collectivit\u00e9<\/title>\n<meta name=\"description\" content=\"Armoire \u00e0 pharmacie 2 portes\" \/>\n<meta name=\"robots\" content=\"index, follow, max-snippet:-1, max-image-preview:large, max-video-preview:-1\" \/>\n<link rel=\"canonical\" href=\"https:\/\/www.pruvost-sports.com\/boutique\/produit\/armoire-a-pharmacie-1-portes\/\" \/>\n<meta property=\"og:locale\" content=\"fr_FR\" \/>\n<meta property=\"og:type\" content=\"article\" \/>\n<meta property=\"og:title\" content=\"armoire \u00e0 pharmacie piscine armoire \u00e0 pharmacie 2 portes armoire \u00e0 pharmacie collectivit\u00e9\" \/>\n<meta property=\"og:description\" content=\"Armoire \u00e0 pharmacie 2 portes\" \/>\n<meta property=\"og:url\" content=\"https:\/\/www.pruvost-sports.com\/boutique\/produit\/armoire-a-pharmacie-1-portes\/\" \/>\n<meta property=\"og:site_name\" content=\"Pruvost sport piscine\" \/>\n<meta property=\"og:image\" content=\"https:\/\/www.pruvost-sports.com\/boutique\/wp-content\/uploads\/2014\/06\/498-Armoire-a-pharmacie-1-portes.jpg\" \/>\n\t<meta property=\"og:image:width\" content=\"455\" \/>\n\t<meta property=\"og:image:height\" content=\"500\" \/>\n\t<meta property=\"og:image:type\" content=\"image\/jpeg\" \/>\n<meta name=\"twitter:card\" content=\"summary_large_image\" \/>\n<meta name=\"twitter:label1\" content=\"Dur\u00e9e de lecture estim\u00e9e\" \/>\n\t<meta name=\"twitter:data1\" content=\"1 minute\" \/>\n<script type=\"application\/ld+json\" class=\"yoast-schema-graph\">{\"@context\":\"https:\\\/\\\/schema.org\",\"@graph\":[{\"@type\":\"WebPage\",\"@id\":\"https:\\\/\\\/www.pruvost-sports.com\\\/boutique\\\/produit\\\/armoire-a-pharmacie-1-portes\\\/\",\"url\":\"https:\\\/\\\/www.pruvost-sports.com\\\/boutique\\\/produit\\\/armoire-a-pharmacie-1-portes\\\/\",\"name\":\"armoire \u00e0 pharmacie piscine armoire \u00e0 pharmacie 2 portes armoire \u00e0 pharmacie collectivit\u00e9\",\"isPartOf\":{\"@id\":\"https:\\\/\\\/www.pruvost-sports.com\\\/boutique\\\/#website\"},\"primaryImageOfPage\":{\"@id\":\"https:\\\/\\\/www.pruvost-sports.com\\\/boutique\\\/produit\\\/armoire-a-pharmacie-1-portes\\\/#primaryimage\"},\"image\":{\"@id\":\"https:\\\/\\\/www.pruvost-sports.com\\\/boutique\\\/produit\\\/armoire-a-pharmacie-1-portes\\\/#primaryimage\"},\"thumbnailUrl\":\"https:\\\/\\\/www.pruvost-sports.com\\\/boutique\\\/wp-content\\\/uploads\\\/2014\\\/06\\\/498-Armoire-a-pharmacie-1-portes.jpg\",\"datePublished\":\"2014-06-18T09:23:42+00:00\",\"description\":\"Armoire \u00e0 pharmacie 2 portes\",\"breadcrumb\":{\"@id\":\"https:\\\/\\\/www.pruvost-sports.com\\\/boutique\\\/produit\\\/armoire-a-pharmacie-1-portes\\\/#breadcrumb\"},\"inLanguage\":\"fr-FR\",\"potentialAction\":[{\"@type\":\"ReadAction\",\"target\":[\"https:\\\/\\\/www.pruvost-sports.com\\\/boutique\\\/produit\\\/armoire-a-pharmacie-1-portes\\\/\"]}]},{\"@type\":\"ImageObject\",\"inLanguage\":\"fr-FR\",\"@id\":\"https:\\\/\\\/www.pruvost-sports.com\\\/boutique\\\/produit\\\/armoire-a-pharmacie-1-portes\\\/#primaryimage\",\"url\":\"https:\\\/\\\/www.pruvost-sports.com\\\/boutique\\\/wp-content\\\/uploads\\\/2014\\\/06\\\/498-Armoire-a-pharmacie-1-portes.jpg\",\"contentUrl\":\"https:\\\/\\\/www.pruvost-sports.com\\\/boutique\\\/wp-content\\\/uploads\\\/2014\\\/06\\\/498-Armoire-a-pharmacie-1-portes.jpg\",\"width\":455,\"height\":500,\"caption\":\"Armoire \u00e0 pharmacie 1 portes\"},{\"@type\":\"BreadcrumbList\",\"@id\":\"https:\\\/\\\/www.pruvost-sports.com\\\/boutique\\\/produit\\\/armoire-a-pharmacie-1-portes\\\/#breadcrumb\",\"itemListElement\":[{\"@type\":\"ListItem\",\"position\":1,\"name\":\"Accueil\",\"item\":\"https:\\\/\\\/www.pruvost-sports.com\\\/boutique\\\/\"},{\"@type\":\"ListItem\",\"position\":2,\"name\":\"Boutique\",\"item\":\"https:\\\/\\\/www.pruvost-sports.com\\\/boutique\\\/boutique\\\/\"},{\"@type\":\"ListItem\",\"position\":3,\"name\":\"Armoire \u00e0 pharmacie 1 porte\"}]},{\"@type\":\"WebSite\",\"@id\":\"https:\\\/\\\/www.pruvost-sports.com\\\/boutique\\\/#website\",\"url\":\"https:\\\/\\\/www.pruvost-sports.com\\\/boutique\\\/\",\"name\":\"Pruvost sport piscine\",\"description\":\"\",\"potentialAction\":[{\"@type\":\"SearchAction\",\"target\":{\"@type\":\"EntryPoint\",\"urlTemplate\":\"https:\\\/\\\/www.pruvost-sports.com\\\/boutique\\\/?s={search_term_string}\"},\"query-input\":{\"@type\":\"PropertyValueSpecification\",\"valueRequired\":true,\"valueName\":\"search_term_string\"}}],\"inLanguage\":\"fr-FR\"}]}<\/script>\n<!-- \/ Yoast SEO plugin. -->","yoast_head_json":{"title":"armoire \u00e0 pharmacie piscine armoire \u00e0 pharmacie 2 portes armoire \u00e0 pharmacie collectivit\u00e9","description":"Armoire \u00e0 pharmacie 2 portes","robots":{"index":"index","follow":"follow","max-snippet":"max-snippet:-1","max-image-preview":"max-image-preview:large","max-video-preview":"max-video-preview:-1"},"canonical":"https:\/\/www.pruvost-sports.com\/boutique\/produit\/armoire-a-pharmacie-1-portes\/","og_locale":"fr_FR","og_type":"article","og_title":"armoire \u00e0 pharmacie piscine armoire \u00e0 pharmacie 2 portes armoire \u00e0 pharmacie collectivit\u00e9","og_description":"Armoire \u00e0 pharmacie 2 portes","og_url":"https:\/\/www.pruvost-sports.com\/boutique\/produit\/armoire-a-pharmacie-1-portes\/","og_site_name":"Pruvost sport piscine","og_image":[{"width":455,"height":500,"url":"https:\/\/www.pruvost-sports.com\/boutique\/wp-content\/uploads\/2014\/06\/498-Armoire-a-pharmacie-1-portes.jpg","type":"image\/jpeg"}],"twitter_card":"summary_large_image","twitter_misc":{"Dur\u00e9e de lecture estim\u00e9e":"1 minute"},"schema":{"@context":"https:\/\/schema.org","@graph":[{"@type":"WebPage","@id":"https:\/\/www.pruvost-sports.com\/boutique\/produit\/armoire-a-pharmacie-1-portes\/","url":"https:\/\/www.pruvost-sports.com\/boutique\/produit\/armoire-a-pharmacie-1-portes\/","name":"armoire \u00e0 pharmacie piscine armoire \u00e0 pharmacie 2 portes armoire \u00e0 pharmacie collectivit\u00e9","isPartOf":{"@id":"https:\/\/www.pruvost-sports.com\/boutique\/#website"},"primaryImageOfPage":{"@id":"https:\/\/www.pruvost-sports.com\/boutique\/produit\/armoire-a-pharmacie-1-portes\/#primaryimage"},"image":{"@id":"https:\/\/www.pruvost-sports.com\/boutique\/produit\/armoire-a-pharmacie-1-portes\/#primaryimage"},"thumbnailUrl":"https:\/\/www.pruvost-sports.com\/boutique\/wp-content\/uploads\/2014\/06\/498-Armoire-a-pharmacie-1-portes.jpg","datePublished":"2014-06-18T09:23:42+00:00","description":"Armoire \u00e0 pharmacie 2 portes","breadcrumb":{"@id":"https:\/\/www.pruvost-sports.com\/boutique\/produit\/armoire-a-pharmacie-1-portes\/#breadcrumb"},"inLanguage":"fr-FR","potentialAction":[{"@type":"ReadAction","target":["https:\/\/www.pruvost-sports.com\/boutique\/produit\/armoire-a-pharmacie-1-portes\/"]}]},{"@type":"ImageObject","inLanguage":"fr-FR","@id":"https:\/\/www.pruvost-sports.com\/boutique\/produit\/armoire-a-pharmacie-1-portes\/#primaryimage","url":"https:\/\/www.pruvost-sports.com\/boutique\/wp-content\/uploads\/2014\/06\/498-Armoire-a-pharmacie-1-portes.jpg","contentUrl":"https:\/\/www.pruvost-sports.com\/boutique\/wp-content\/uploads\/2014\/06\/498-Armoire-a-pharmacie-1-portes.jpg","width":455,"height":500,"caption":"Armoire \u00e0 pharmacie 1 portes"},{"@type":"BreadcrumbList","@id":"https:\/\/www.pruvost-sports.com\/boutique\/produit\/armoire-a-pharmacie-1-portes\/#breadcrumb","itemListElement":[{"@type":"ListItem","position":1,"name":"Accueil","item":"https:\/\/www.pruvost-sports.com\/boutique\/"},{"@type":"ListItem","position":2,"name":"Boutique","item":"https:\/\/www.pruvost-sports.com\/boutique\/boutique\/"},{"@type":"ListItem","position":3,"name":"Armoire \u00e0 pharmacie 1 porte"}]},{"@type":"WebSite","@id":"https:\/\/www.pruvost-sports.com\/boutique\/#website","url":"https:\/\/www.pruvost-sports.com\/boutique\/","name":"Pruvost sport piscine","description":"","potentialAction":[{"@type":"SearchAction","target":{"@type":"EntryPoint","urlTemplate":"https:\/\/www.pruvost-sports.com\/boutique\/?s={search_term_string}"},"query-input":{"@type":"PropertyValueSpecification","valueRequired":true,"valueName":"search_term_string"}}],"inLanguage":"fr-FR"}]}},"_links":{"self":[{"href":"https:\/\/www.pruvost-sports.com\/boutique\/wp-json\/wp\/v2\/product\/1923","targetHints":{"allow":["GET"]}}],"collection":[{"href":"https:\/\/www.pruvost-sports.com\/boutique\/wp-json\/wp\/v2\/product"}],"about":[{"href":"https:\/\/www.pruvost-sports.com\/boutique\/wp-json\/wp\/v2\/types\/product"}],"wp:featuredmedia":[{"embeddable":true,"href":"https:\/\/www.pruvost-sports.com\/boutique\/wp-json\/wp\/v2\/media\/1921"}],"wp:attachment":[{"href":"https:\/\/www.pruvost-sports.com\/boutique\/wp-json\/wp\/v2\/media?parent=1923"}],"wp:term":[{"taxonomy":"product_brand","embeddable":true,"href":"https:\/\/www.pruvost-sports.com\/boutique\/wp-json\/wp\/v2\/product_brand?post=1923"},{"taxonomy":"product_cat","embeddable":true,"href":"https:\/\/www.pruvost-sports.com\/boutique\/wp-json\/wp\/v2\/product_cat?post=1923"},{"taxonomy":"product_tag","embeddable":true,"href":"https:\/\/www.pruvost-sports.com\/boutique\/wp-json\/wp\/v2\/product_tag?post=1923"}],"curies":[{"name":"wp","href":"https:\/\/api.w.org\/{rel}","templated":true}]}}