{"id":1919,"date":"2014-06-18T11:21:42","date_gmt":"2014-06-18T09:21:42","guid":{"rendered":"https:\/\/www.pruvost-sports.com\/boutique\/?product=armoire-a-pharmacie-2-portes"},"modified":"2014-06-18T11:21:42","modified_gmt":"2014-06-18T09:21:42","slug":"armoire-a-pharmacie-2-portes","status":"publish","type":"product","link":"https:\/\/www.pruvost-sports.com\/boutique\/produit\/armoire-a-pharmacie-2-portes\/","title":{"rendered":"Armoire \u00e0 pharmacie 2 portes"},"content":{"rendered":"<p>Contenu :<br \/>2 Attelles aluminium 1 Bande de gaze &eacute;lastique de 4 m. x 10 cm 1 Bande de gaze &eacute;lastique de 4 m. x 5 cm 4 Bandes de gaze hydrophile de 4 m. x 10 cm 6 Bandes de gaze hydrophile de 4 m. x 5 cm 4 Bandes de gaze hydrophile de 4 m. x 7 cm 2 Bo&icirc;tes de 20 pansements adh&eacute;sifs 1 Cuvette r&eacute;niforme 4 Draps st&eacute;riles 60 x 80 cm pour br&ucirc;lures 1 Echarpe triangulaire 96 x 96 x 130 12 Epingles de s&eacute;curit&eacute; 1 Flacon plastique vide de 100 ml 1 Notice de premiers secours 1 Paire de ciseaux 14 cm Lister 2 Paires de gants Vinyle 1 Pansement adh&eacute;sif 50 cm x 6 cm 1 Pansement individuel compressif 8 x 10 cm 1 Pansement individuel compressif 10 x 12 cm 3 Pansements adh&eacute;sifs 10 cm x 6 cm 6 Paquets de 2 compresses st&eacute;riles 10 x 10 4 Paquets de coton 50 g. 1 Pince anatomique plastique 2 Pochettes de Glace instantan&eacute;e 2 Rouleaux de sparadrap 5 m. x 2,50 cm 24 Tampons imbib&eacute;s pour application des premiers soins Dimensions : longueur 53 cm, largeur 19 cm, hauteur 53 cm.<\/p>\n","protected":false},"excerpt":{"rendered":"<p>Sp&eacute;ciale collectivit&eacute; et infirmerie En m&eacute;tal, peinture laqu&eacute;e blanche Agencement int&eacute;rieur comprenant 15 compartiments Fermeture de s&eacute;curit&eacute; &agrave; cl&eacute; Fixation murale.<\/p>\n","protected":false},"featured_media":1918,"template":"","meta":[],"product_brand":[],"product_cat":[26],"product_tag":[1167,1169,1168],"class_list":{"0":"post-1919","1":"product","2":"type-product","3":"status-publish","4":"has-post-thumbnail","6":"product_cat-infirmerie","7":"product_tag-armoire-a-pharmacie","8":"product_tag-armoire-a-pharmacie-2-portes","9":"product_tag-armoire-a-pharmacie-piscine","11":"entry","12":"has-media","14":"first","15":"instock","16":"shipping-taxable","17":"purchasable","18":"product-type-simple","19":"col","20":"span_1_of_4","21":"owp-content-center","22":"owp-thumbs-layout-horizontal","23":"owp-btn-normal","24":"owp-tabs-layout-horizontal","25":"has-no-thumbnails"},"yoast_head":"<!-- This site is optimized with the Yoast SEO plugin v27.5 - https:\/\/yoast.com\/product\/yoast-seo-wordpress\/ -->\n<title>armoire \u00e0 pharmacie piscine armoire \u00e0 pharmacie 2 portes armoire \u00e0 pharmacie collectivit\u00e9<\/title>\n<meta name=\"description\" content=\"Armoire \u00e0 pharmacie 2 portes\" \/>\n<meta name=\"robots\" content=\"index, follow, max-snippet:-1, max-image-preview:large, max-video-preview:-1\" \/>\n<link rel=\"canonical\" href=\"https:\/\/www.pruvost-sports.com\/boutique\/produit\/armoire-a-pharmacie-2-portes\/\" \/>\n<meta property=\"og:locale\" content=\"fr_FR\" \/>\n<meta property=\"og:type\" content=\"article\" \/>\n<meta property=\"og:title\" content=\"armoire \u00e0 pharmacie piscine armoire \u00e0 pharmacie 2 portes armoire \u00e0 pharmacie collectivit\u00e9\" \/>\n<meta property=\"og:description\" content=\"Armoire \u00e0 pharmacie 2 portes\" \/>\n<meta property=\"og:url\" content=\"https:\/\/www.pruvost-sports.com\/boutique\/produit\/armoire-a-pharmacie-2-portes\/\" \/>\n<meta property=\"og:site_name\" content=\"Pruvost sport piscine\" \/>\n<meta property=\"og:image\" content=\"https:\/\/www.pruvost-sports.com\/boutique\/wp-content\/uploads\/2014\/06\/497-Armoire-a-pharmacie-2-portes.jpg\" \/>\n\t<meta property=\"og:image:width\" content=\"500\" \/>\n\t<meta property=\"og:image:height\" content=\"319\" \/>\n\t<meta property=\"og:image:type\" content=\"image\/jpeg\" \/>\n<meta name=\"twitter:card\" content=\"summary_large_image\" \/>\n<meta name=\"twitter:label1\" content=\"Dur\u00e9e de lecture estim\u00e9e\" \/>\n\t<meta name=\"twitter:data1\" content=\"1 minute\" \/>\n<script type=\"application\/ld+json\" class=\"yoast-schema-graph\">{\"@context\":\"https:\\\/\\\/schema.org\",\"@graph\":[{\"@type\":\"WebPage\",\"@id\":\"https:\\\/\\\/www.pruvost-sports.com\\\/boutique\\\/produit\\\/armoire-a-pharmacie-2-portes\\\/\",\"url\":\"https:\\\/\\\/www.pruvost-sports.com\\\/boutique\\\/produit\\\/armoire-a-pharmacie-2-portes\\\/\",\"name\":\"armoire \u00e0 pharmacie piscine armoire \u00e0 pharmacie 2 portes armoire \u00e0 pharmacie collectivit\u00e9\",\"isPartOf\":{\"@id\":\"https:\\\/\\\/www.pruvost-sports.com\\\/boutique\\\/#website\"},\"primaryImageOfPage\":{\"@id\":\"https:\\\/\\\/www.pruvost-sports.com\\\/boutique\\\/produit\\\/armoire-a-pharmacie-2-portes\\\/#primaryimage\"},\"image\":{\"@id\":\"https:\\\/\\\/www.pruvost-sports.com\\\/boutique\\\/produit\\\/armoire-a-pharmacie-2-portes\\\/#primaryimage\"},\"thumbnailUrl\":\"https:\\\/\\\/www.pruvost-sports.com\\\/boutique\\\/wp-content\\\/uploads\\\/2014\\\/06\\\/497-Armoire-a-pharmacie-2-portes.jpg\",\"datePublished\":\"2014-06-18T09:21:42+00:00\",\"description\":\"Armoire \u00e0 pharmacie 2 portes\",\"breadcrumb\":{\"@id\":\"https:\\\/\\\/www.pruvost-sports.com\\\/boutique\\\/produit\\\/armoire-a-pharmacie-2-portes\\\/#breadcrumb\"},\"inLanguage\":\"fr-FR\",\"potentialAction\":[{\"@type\":\"ReadAction\",\"target\":[\"https:\\\/\\\/www.pruvost-sports.com\\\/boutique\\\/produit\\\/armoire-a-pharmacie-2-portes\\\/\"]}]},{\"@type\":\"ImageObject\",\"inLanguage\":\"fr-FR\",\"@id\":\"https:\\\/\\\/www.pruvost-sports.com\\\/boutique\\\/produit\\\/armoire-a-pharmacie-2-portes\\\/#primaryimage\",\"url\":\"https:\\\/\\\/www.pruvost-sports.com\\\/boutique\\\/wp-content\\\/uploads\\\/2014\\\/06\\\/497-Armoire-a-pharmacie-2-portes.jpg\",\"contentUrl\":\"https:\\\/\\\/www.pruvost-sports.com\\\/boutique\\\/wp-content\\\/uploads\\\/2014\\\/06\\\/497-Armoire-a-pharmacie-2-portes.jpg\",\"width\":500,\"height\":319,\"caption\":\"Armoire \u00e0 pharmacie 2 portes\"},{\"@type\":\"BreadcrumbList\",\"@id\":\"https:\\\/\\\/www.pruvost-sports.com\\\/boutique\\\/produit\\\/armoire-a-pharmacie-2-portes\\\/#breadcrumb\",\"itemListElement\":[{\"@type\":\"ListItem\",\"position\":1,\"name\":\"Accueil\",\"item\":\"https:\\\/\\\/www.pruvost-sports.com\\\/boutique\\\/\"},{\"@type\":\"ListItem\",\"position\":2,\"name\":\"Boutique\",\"item\":\"https:\\\/\\\/www.pruvost-sports.com\\\/boutique\\\/boutique\\\/\"},{\"@type\":\"ListItem\",\"position\":3,\"name\":\"Armoire \u00e0 pharmacie 2 portes\"}]},{\"@type\":\"WebSite\",\"@id\":\"https:\\\/\\\/www.pruvost-sports.com\\\/boutique\\\/#website\",\"url\":\"https:\\\/\\\/www.pruvost-sports.com\\\/boutique\\\/\",\"name\":\"Pruvost sport piscine\",\"description\":\"\",\"potentialAction\":[{\"@type\":\"SearchAction\",\"target\":{\"@type\":\"EntryPoint\",\"urlTemplate\":\"https:\\\/\\\/www.pruvost-sports.com\\\/boutique\\\/?s={search_term_string}\"},\"query-input\":{\"@type\":\"PropertyValueSpecification\",\"valueRequired\":true,\"valueName\":\"search_term_string\"}}],\"inLanguage\":\"fr-FR\"}]}<\/script>\n<!-- \/ Yoast SEO plugin. -->","yoast_head_json":{"title":"armoire \u00e0 pharmacie piscine armoire \u00e0 pharmacie 2 portes armoire \u00e0 pharmacie collectivit\u00e9","description":"Armoire \u00e0 pharmacie 2 portes","robots":{"index":"index","follow":"follow","max-snippet":"max-snippet:-1","max-image-preview":"max-image-preview:large","max-video-preview":"max-video-preview:-1"},"canonical":"https:\/\/www.pruvost-sports.com\/boutique\/produit\/armoire-a-pharmacie-2-portes\/","og_locale":"fr_FR","og_type":"article","og_title":"armoire \u00e0 pharmacie piscine armoire \u00e0 pharmacie 2 portes armoire \u00e0 pharmacie collectivit\u00e9","og_description":"Armoire \u00e0 pharmacie 2 portes","og_url":"https:\/\/www.pruvost-sports.com\/boutique\/produit\/armoire-a-pharmacie-2-portes\/","og_site_name":"Pruvost sport piscine","og_image":[{"width":500,"height":319,"url":"https:\/\/www.pruvost-sports.com\/boutique\/wp-content\/uploads\/2014\/06\/497-Armoire-a-pharmacie-2-portes.jpg","type":"image\/jpeg"}],"twitter_card":"summary_large_image","twitter_misc":{"Dur\u00e9e de lecture estim\u00e9e":"1 minute"},"schema":{"@context":"https:\/\/schema.org","@graph":[{"@type":"WebPage","@id":"https:\/\/www.pruvost-sports.com\/boutique\/produit\/armoire-a-pharmacie-2-portes\/","url":"https:\/\/www.pruvost-sports.com\/boutique\/produit\/armoire-a-pharmacie-2-portes\/","name":"armoire \u00e0 pharmacie piscine armoire \u00e0 pharmacie 2 portes armoire \u00e0 pharmacie collectivit\u00e9","isPartOf":{"@id":"https:\/\/www.pruvost-sports.com\/boutique\/#website"},"primaryImageOfPage":{"@id":"https:\/\/www.pruvost-sports.com\/boutique\/produit\/armoire-a-pharmacie-2-portes\/#primaryimage"},"image":{"@id":"https:\/\/www.pruvost-sports.com\/boutique\/produit\/armoire-a-pharmacie-2-portes\/#primaryimage"},"thumbnailUrl":"https:\/\/www.pruvost-sports.com\/boutique\/wp-content\/uploads\/2014\/06\/497-Armoire-a-pharmacie-2-portes.jpg","datePublished":"2014-06-18T09:21:42+00:00","description":"Armoire \u00e0 pharmacie 2 portes","breadcrumb":{"@id":"https:\/\/www.pruvost-sports.com\/boutique\/produit\/armoire-a-pharmacie-2-portes\/#breadcrumb"},"inLanguage":"fr-FR","potentialAction":[{"@type":"ReadAction","target":["https:\/\/www.pruvost-sports.com\/boutique\/produit\/armoire-a-pharmacie-2-portes\/"]}]},{"@type":"ImageObject","inLanguage":"fr-FR","@id":"https:\/\/www.pruvost-sports.com\/boutique\/produit\/armoire-a-pharmacie-2-portes\/#primaryimage","url":"https:\/\/www.pruvost-sports.com\/boutique\/wp-content\/uploads\/2014\/06\/497-Armoire-a-pharmacie-2-portes.jpg","contentUrl":"https:\/\/www.pruvost-sports.com\/boutique\/wp-content\/uploads\/2014\/06\/497-Armoire-a-pharmacie-2-portes.jpg","width":500,"height":319,"caption":"Armoire \u00e0 pharmacie 2 portes"},{"@type":"BreadcrumbList","@id":"https:\/\/www.pruvost-sports.com\/boutique\/produit\/armoire-a-pharmacie-2-portes\/#breadcrumb","itemListElement":[{"@type":"ListItem","position":1,"name":"Accueil","item":"https:\/\/www.pruvost-sports.com\/boutique\/"},{"@type":"ListItem","position":2,"name":"Boutique","item":"https:\/\/www.pruvost-sports.com\/boutique\/boutique\/"},{"@type":"ListItem","position":3,"name":"Armoire \u00e0 pharmacie 2 portes"}]},{"@type":"WebSite","@id":"https:\/\/www.pruvost-sports.com\/boutique\/#website","url":"https:\/\/www.pruvost-sports.com\/boutique\/","name":"Pruvost sport piscine","description":"","potentialAction":[{"@type":"SearchAction","target":{"@type":"EntryPoint","urlTemplate":"https:\/\/www.pruvost-sports.com\/boutique\/?s={search_term_string}"},"query-input":{"@type":"PropertyValueSpecification","valueRequired":true,"valueName":"search_term_string"}}],"inLanguage":"fr-FR"}]}},"_links":{"self":[{"href":"https:\/\/www.pruvost-sports.com\/boutique\/wp-json\/wp\/v2\/product\/1919","targetHints":{"allow":["GET"]}}],"collection":[{"href":"https:\/\/www.pruvost-sports.com\/boutique\/wp-json\/wp\/v2\/product"}],"about":[{"href":"https:\/\/www.pruvost-sports.com\/boutique\/wp-json\/wp\/v2\/types\/product"}],"wp:featuredmedia":[{"embeddable":true,"href":"https:\/\/www.pruvost-sports.com\/boutique\/wp-json\/wp\/v2\/media\/1918"}],"wp:attachment":[{"href":"https:\/\/www.pruvost-sports.com\/boutique\/wp-json\/wp\/v2\/media?parent=1919"}],"wp:term":[{"taxonomy":"product_brand","embeddable":true,"href":"https:\/\/www.pruvost-sports.com\/boutique\/wp-json\/wp\/v2\/product_brand?post=1919"},{"taxonomy":"product_cat","embeddable":true,"href":"https:\/\/www.pruvost-sports.com\/boutique\/wp-json\/wp\/v2\/product_cat?post=1919"},{"taxonomy":"product_tag","embeddable":true,"href":"https:\/\/www.pruvost-sports.com\/boutique\/wp-json\/wp\/v2\/product_tag?post=1919"}],"curies":[{"name":"wp","href":"https:\/\/api.w.org\/{rel}","templated":true}]}}