{"id":1856,"date":"2014-06-18T09:06:22","date_gmt":"2014-06-18T07:06:22","guid":{"rendered":"https:\/\/www.pruvost-sports.com\/boutique\/?product=defibrillateur-semi-auto-hearstart"},"modified":"2014-06-18T09:06:22","modified_gmt":"2014-06-18T07:06:22","slug":"defibrillateur-semi-auto-hearstart","status":"publish","type":"product","link":"https:\/\/www.pruvost-sports.com\/boutique\/produit\/defibrillateur-semi-auto-hearstart\/","title":{"rendered":"D\u00e9fibrillateur Semi-Auto Heartstart"},"content":{"rendered":"<div id=\"p_desc\">\n<p>Le HeartStart <span class=\"caps\">HS1<\/span> est un d&eacute;fibrillateur grand public conforme aux recommandations 2005 de l&rsquo;ERC :<\/p>\n<p>1 choc et ratio compressions\/ventilations de 30:2. Si simple &agrave; faire fonctionner que le t&eacute;moin d&rsquo;un arr&ecirc;t cardiaque avec une formation minimale est potentiellement capable de sauver la vie d&rsquo;un coll&egrave;gue, d&rsquo;un ami, d&rsquo;un membre de sa famille ou d&rsquo;un anonyme pr&eacute;sent dans le public. Des instructions apaisantes &eacute;mises par une voix naturelle guident le premier intervenant dans les &eacute;tapes de la d&eacute;fibrillation<\/p>\n<p>d&rsquo;urgence et de la <span class=\"caps\">RCP<\/span>. Effectivement, non seulement l&rsquo;utilisateur est guid&eacute; pour la d&eacute;livrance du choc, mais il est aussi guid&eacute;, s&rsquo;il le souhaite, pour la r&eacute;animation cardio-pulmonaire : bouche &agrave; bouche et massage cardiaque. Rappel du geste et fr&eacute;quence du massage. Des &eacute;tudes prouvent que le HeartStart <span class=\"caps\">HS1<\/span> est plus simple &agrave; utiliser et plus s&ucirc;r que d&rsquo;autres d&eacute;fibrilllateurs automatiques : le choc n&rsquo;est<\/p>\n<p>d&eacute;livr&eacute; que si les t&eacute;moins ou l&rsquo;&eacute;quipe de secours entourant l&rsquo;utilisateur sont pr&eacute;venus et en s&eacute;curit&eacute;. Des tests automatiques complets v&eacute;rifient les fonctions vitales du HeartStart &agrave; un rythme journalier, hebdomadaire et mensuel, pour s&rsquo;assurer que le HeartStart est toujours pr&ecirc;t pour une intervention de sauvetage d&rsquo;urgence. Il utilise l&rsquo;onde <span class=\"caps\">SMART<\/span>&reg; biphasique, basse &eacute;nergie, compens&eacute;e selon l&rsquo;imp&eacute;dance trans-thoracique. C&rsquo;est la seule onde valid&eacute;e par l&rsquo;A.H.A. (American Heart Association) en classe 2a.<\/p>\n<p>Cette technologie est utilis&eacute;e sur ces <span class=\"caps\">DSA<\/span> depuis des ann&eacute;es, des milliers d&rsquo;appareils vendus ont permis cette validation suite &agrave; de tr&egrave;s nombreuses &eacute;tudes cliniques publi&eacute;es dans les plus grandes revues<\/p>\n<p>scientifiques. Livr&eacute; avec un &eacute;tui contenant les &eacute;lectrodes de d&eacute;fibrillation adultes (1 paire) et une carte guide d&rsquo;utilisation. Garantie : 5 ans en veille ou 90 chocs ou 3 heures en fonctionnement. Conforme &agrave; la norme <span class=\"caps\">EN ISO 9919<\/span>. Normes <span class=\"caps\">IEC<\/span>\/EN 60601-1-2 : compatibilit&eacute; &eacute;lectromagn&eacute;tique &ndash; Normes et essais.<\/p>\n<p>Normes <span class=\"caps\">CEI 68<\/span>-2-37 et <span class=\"caps\">CEI 68<\/span>-32 pour les vibrations, les chocs et les chutes et <span class=\"caps\">NF EN 865<\/span>.<\/p>\n<p>Dimensions : longueur 21 cm, largeur 7,1 cm, hauteur 19 cm. Poids 1,5 kg.<\/p>\n<\/p><\/div>\n","protected":false},"excerpt":{"rendered":"<p>D&eacute;fibrillateur Semi-Auto , biphasique , Hearstart HS1<\/p>\n<div id=\"p_desc\"> <\/div>\n","protected":false},"featured_media":1854,"template":"","meta":[],"product_brand":[],"product_cat":[26],"product_tag":[1116,1123,1121,1119,1117],"class_list":{"0":"post-1856","1":"product","2":"type-product","3":"status-publish","4":"has-post-thumbnail","6":"product_cat-infirmerie","7":"product_tag-defibrillateur","8":"product_tag-defibrillateur-heartstart","9":"product_tag-defibrillateur-hs1","10":"product_tag-defibrillateur-piscine","11":"product_tag-defibrillateur-semi-auto","13":"entry","14":"has-media","16":"first","17":"instock","18":"shipping-taxable","19":"purchasable","20":"product-type-simple","21":"col","22":"span_1_of_4","23":"owp-content-center","24":"owp-thumbs-layout-horizontal","25":"owp-btn-normal","26":"owp-tabs-layout-horizontal","27":"has-no-thumbnails"},"yoast_head":"<!-- This site is optimized with the Yoast SEO plugin v27.5 - https:\/\/yoast.com\/product\/yoast-seo-wordpress\/ -->\n<title>d\u00e9fibrillateur piscine d\u00e9fibrillateur HS1 d\u00e9fibrillateur hearstart<\/title>\n<meta name=\"description\" content=\"D\u00e9fibrillateur semi auto Hearstart\" \/>\n<meta name=\"robots\" content=\"index, follow, max-snippet:-1, max-image-preview:large, max-video-preview:-1\" \/>\n<link rel=\"canonical\" href=\"https:\/\/www.pruvost-sports.com\/boutique\/produit\/defibrillateur-semi-auto-hearstart\/\" \/>\n<meta property=\"og:locale\" content=\"fr_FR\" \/>\n<meta property=\"og:type\" content=\"article\" \/>\n<meta property=\"og:title\" content=\"d\u00e9fibrillateur piscine d\u00e9fibrillateur HS1 d\u00e9fibrillateur hearstart\" \/>\n<meta property=\"og:description\" content=\"D\u00e9fibrillateur semi auto Hearstart\" \/>\n<meta property=\"og:url\" content=\"https:\/\/www.pruvost-sports.com\/boutique\/produit\/defibrillateur-semi-auto-hearstart\/\" \/>\n<meta property=\"og:site_name\" content=\"Pruvost sport piscine\" \/>\n<meta property=\"og:image\" content=\"https:\/\/www.pruvost-sports.com\/boutique\/wp-content\/uploads\/2014\/06\/479-Defibrillateur-Semi-Auto-Hearstart.jpg\" \/>\n\t<meta property=\"og:image:width\" content=\"500\" \/>\n\t<meta property=\"og:image:height\" content=\"437\" \/>\n\t<meta property=\"og:image:type\" content=\"image\/jpeg\" \/>\n<meta name=\"twitter:card\" content=\"summary_large_image\" \/>\n<meta name=\"twitter:label1\" content=\"Dur\u00e9e de lecture estim\u00e9e\" \/>\n\t<meta name=\"twitter:data1\" content=\"2 minutes\" \/>\n<script type=\"application\/ld+json\" class=\"yoast-schema-graph\">{\"@context\":\"https:\\\/\\\/schema.org\",\"@graph\":[{\"@type\":\"WebPage\",\"@id\":\"https:\\\/\\\/www.pruvost-sports.com\\\/boutique\\\/produit\\\/defibrillateur-semi-auto-hearstart\\\/\",\"url\":\"https:\\\/\\\/www.pruvost-sports.com\\\/boutique\\\/produit\\\/defibrillateur-semi-auto-hearstart\\\/\",\"name\":\"d\u00e9fibrillateur piscine d\u00e9fibrillateur HS1 d\u00e9fibrillateur hearstart\",\"isPartOf\":{\"@id\":\"https:\\\/\\\/www.pruvost-sports.com\\\/boutique\\\/#website\"},\"primaryImageOfPage\":{\"@id\":\"https:\\\/\\\/www.pruvost-sports.com\\\/boutique\\\/produit\\\/defibrillateur-semi-auto-hearstart\\\/#primaryimage\"},\"image\":{\"@id\":\"https:\\\/\\\/www.pruvost-sports.com\\\/boutique\\\/produit\\\/defibrillateur-semi-auto-hearstart\\\/#primaryimage\"},\"thumbnailUrl\":\"https:\\\/\\\/www.pruvost-sports.com\\\/boutique\\\/wp-content\\\/uploads\\\/2014\\\/06\\\/479-Defibrillateur-Semi-Auto-Hearstart.jpg\",\"datePublished\":\"2014-06-18T07:06:22+00:00\",\"description\":\"D\u00e9fibrillateur semi auto Hearstart\",\"breadcrumb\":{\"@id\":\"https:\\\/\\\/www.pruvost-sports.com\\\/boutique\\\/produit\\\/defibrillateur-semi-auto-hearstart\\\/#breadcrumb\"},\"inLanguage\":\"fr-FR\",\"potentialAction\":[{\"@type\":\"ReadAction\",\"target\":[\"https:\\\/\\\/www.pruvost-sports.com\\\/boutique\\\/produit\\\/defibrillateur-semi-auto-hearstart\\\/\"]}]},{\"@type\":\"ImageObject\",\"inLanguage\":\"fr-FR\",\"@id\":\"https:\\\/\\\/www.pruvost-sports.com\\\/boutique\\\/produit\\\/defibrillateur-semi-auto-hearstart\\\/#primaryimage\",\"url\":\"https:\\\/\\\/www.pruvost-sports.com\\\/boutique\\\/wp-content\\\/uploads\\\/2014\\\/06\\\/479-Defibrillateur-Semi-Auto-Hearstart.jpg\",\"contentUrl\":\"https:\\\/\\\/www.pruvost-sports.com\\\/boutique\\\/wp-content\\\/uploads\\\/2014\\\/06\\\/479-Defibrillateur-Semi-Auto-Hearstart.jpg\",\"width\":500,\"height\":437,\"caption\":\"D\u00e9fibrillateur Semi-Auto Hearstart\"},{\"@type\":\"BreadcrumbList\",\"@id\":\"https:\\\/\\\/www.pruvost-sports.com\\\/boutique\\\/produit\\\/defibrillateur-semi-auto-hearstart\\\/#breadcrumb\",\"itemListElement\":[{\"@type\":\"ListItem\",\"position\":1,\"name\":\"Accueil\",\"item\":\"https:\\\/\\\/www.pruvost-sports.com\\\/boutique\\\/\"},{\"@type\":\"ListItem\",\"position\":2,\"name\":\"Boutique\",\"item\":\"https:\\\/\\\/www.pruvost-sports.com\\\/boutique\\\/boutique\\\/\"},{\"@type\":\"ListItem\",\"position\":3,\"name\":\"D\u00e9fibrillateur Semi-Auto Heartstart\"}]},{\"@type\":\"WebSite\",\"@id\":\"https:\\\/\\\/www.pruvost-sports.com\\\/boutique\\\/#website\",\"url\":\"https:\\\/\\\/www.pruvost-sports.com\\\/boutique\\\/\",\"name\":\"Pruvost sport piscine\",\"description\":\"\",\"potentialAction\":[{\"@type\":\"SearchAction\",\"target\":{\"@type\":\"EntryPoint\",\"urlTemplate\":\"https:\\\/\\\/www.pruvost-sports.com\\\/boutique\\\/?s={search_term_string}\"},\"query-input\":{\"@type\":\"PropertyValueSpecification\",\"valueRequired\":true,\"valueName\":\"search_term_string\"}}],\"inLanguage\":\"fr-FR\"}]}<\/script>\n<!-- \/ Yoast SEO plugin. -->","yoast_head_json":{"title":"d\u00e9fibrillateur piscine d\u00e9fibrillateur HS1 d\u00e9fibrillateur hearstart","description":"D\u00e9fibrillateur semi auto Hearstart","robots":{"index":"index","follow":"follow","max-snippet":"max-snippet:-1","max-image-preview":"max-image-preview:large","max-video-preview":"max-video-preview:-1"},"canonical":"https:\/\/www.pruvost-sports.com\/boutique\/produit\/defibrillateur-semi-auto-hearstart\/","og_locale":"fr_FR","og_type":"article","og_title":"d\u00e9fibrillateur piscine d\u00e9fibrillateur HS1 d\u00e9fibrillateur hearstart","og_description":"D\u00e9fibrillateur semi auto Hearstart","og_url":"https:\/\/www.pruvost-sports.com\/boutique\/produit\/defibrillateur-semi-auto-hearstart\/","og_site_name":"Pruvost sport piscine","og_image":[{"width":500,"height":437,"url":"https:\/\/www.pruvost-sports.com\/boutique\/wp-content\/uploads\/2014\/06\/479-Defibrillateur-Semi-Auto-Hearstart.jpg","type":"image\/jpeg"}],"twitter_card":"summary_large_image","twitter_misc":{"Dur\u00e9e de lecture estim\u00e9e":"2 minutes"},"schema":{"@context":"https:\/\/schema.org","@graph":[{"@type":"WebPage","@id":"https:\/\/www.pruvost-sports.com\/boutique\/produit\/defibrillateur-semi-auto-hearstart\/","url":"https:\/\/www.pruvost-sports.com\/boutique\/produit\/defibrillateur-semi-auto-hearstart\/","name":"d\u00e9fibrillateur piscine d\u00e9fibrillateur HS1 d\u00e9fibrillateur hearstart","isPartOf":{"@id":"https:\/\/www.pruvost-sports.com\/boutique\/#website"},"primaryImageOfPage":{"@id":"https:\/\/www.pruvost-sports.com\/boutique\/produit\/defibrillateur-semi-auto-hearstart\/#primaryimage"},"image":{"@id":"https:\/\/www.pruvost-sports.com\/boutique\/produit\/defibrillateur-semi-auto-hearstart\/#primaryimage"},"thumbnailUrl":"https:\/\/www.pruvost-sports.com\/boutique\/wp-content\/uploads\/2014\/06\/479-Defibrillateur-Semi-Auto-Hearstart.jpg","datePublished":"2014-06-18T07:06:22+00:00","description":"D\u00e9fibrillateur semi auto Hearstart","breadcrumb":{"@id":"https:\/\/www.pruvost-sports.com\/boutique\/produit\/defibrillateur-semi-auto-hearstart\/#breadcrumb"},"inLanguage":"fr-FR","potentialAction":[{"@type":"ReadAction","target":["https:\/\/www.pruvost-sports.com\/boutique\/produit\/defibrillateur-semi-auto-hearstart\/"]}]},{"@type":"ImageObject","inLanguage":"fr-FR","@id":"https:\/\/www.pruvost-sports.com\/boutique\/produit\/defibrillateur-semi-auto-hearstart\/#primaryimage","url":"https:\/\/www.pruvost-sports.com\/boutique\/wp-content\/uploads\/2014\/06\/479-Defibrillateur-Semi-Auto-Hearstart.jpg","contentUrl":"https:\/\/www.pruvost-sports.com\/boutique\/wp-content\/uploads\/2014\/06\/479-Defibrillateur-Semi-Auto-Hearstart.jpg","width":500,"height":437,"caption":"D\u00e9fibrillateur Semi-Auto Hearstart"},{"@type":"BreadcrumbList","@id":"https:\/\/www.pruvost-sports.com\/boutique\/produit\/defibrillateur-semi-auto-hearstart\/#breadcrumb","itemListElement":[{"@type":"ListItem","position":1,"name":"Accueil","item":"https:\/\/www.pruvost-sports.com\/boutique\/"},{"@type":"ListItem","position":2,"name":"Boutique","item":"https:\/\/www.pruvost-sports.com\/boutique\/boutique\/"},{"@type":"ListItem","position":3,"name":"D\u00e9fibrillateur Semi-Auto Heartstart"}]},{"@type":"WebSite","@id":"https:\/\/www.pruvost-sports.com\/boutique\/#website","url":"https:\/\/www.pruvost-sports.com\/boutique\/","name":"Pruvost sport piscine","description":"","potentialAction":[{"@type":"SearchAction","target":{"@type":"EntryPoint","urlTemplate":"https:\/\/www.pruvost-sports.com\/boutique\/?s={search_term_string}"},"query-input":{"@type":"PropertyValueSpecification","valueRequired":true,"valueName":"search_term_string"}}],"inLanguage":"fr-FR"}]}},"_links":{"self":[{"href":"https:\/\/www.pruvost-sports.com\/boutique\/wp-json\/wp\/v2\/product\/1856","targetHints":{"allow":["GET"]}}],"collection":[{"href":"https:\/\/www.pruvost-sports.com\/boutique\/wp-json\/wp\/v2\/product"}],"about":[{"href":"https:\/\/www.pruvost-sports.com\/boutique\/wp-json\/wp\/v2\/types\/product"}],"wp:featuredmedia":[{"embeddable":true,"href":"https:\/\/www.pruvost-sports.com\/boutique\/wp-json\/wp\/v2\/media\/1854"}],"wp:attachment":[{"href":"https:\/\/www.pruvost-sports.com\/boutique\/wp-json\/wp\/v2\/media?parent=1856"}],"wp:term":[{"taxonomy":"product_brand","embeddable":true,"href":"https:\/\/www.pruvost-sports.com\/boutique\/wp-json\/wp\/v2\/product_brand?post=1856"},{"taxonomy":"product_cat","embeddable":true,"href":"https:\/\/www.pruvost-sports.com\/boutique\/wp-json\/wp\/v2\/product_cat?post=1856"},{"taxonomy":"product_tag","embeddable":true,"href":"https:\/\/www.pruvost-sports.com\/boutique\/wp-json\/wp\/v2\/product_tag?post=1856"}],"curies":[{"name":"wp","href":"https:\/\/api.w.org\/{rel}","templated":true}]}}