{"id":177,"date":"2014-04-17T16:55:12","date_gmt":"2014-04-17T14:55:12","guid":{"rendered":"https:\/\/www.pruvost-sports.com\/boutique\/?product=table-a-langer-murale-horizontale-2"},"modified":"2024-12-16T15:21:14","modified_gmt":"2024-12-16T14:21:14","slug":"table-a-langer-murale-horizontale-2","status":"publish","type":"product","link":"https:\/\/www.pruvost-sports.com\/boutique\/produit\/table-a-langer-murale-horizontale-2\/","title":{"rendered":"Table \u00e0 langer murale verticale"},"content":{"rendered":"<p>&#8211; Dimensions : 690 x 545 mm<\/p>\n","protected":false},"excerpt":{"rendered":"<p>Du fait de son encombrement minimal, cette table \u00e0 langer est id\u00e9ale pour les endroits offrant un espace limit\u00e9.<\/p>\n<p>Ouverte sur 3 c\u00f4t\u00e9s, elle permet une accessibilit\u00e9 maximale.<br \/>\nSon plateau inf\u00e9rieur \u00e0 tr\u00e8s hauts rebords garantit le maximum de s\u00e9curit\u00e9 sans utiliser de sangles (pour<br \/>\n\u00eatre conforme \u00e0 la norme en vigueur)<\/p>\n","protected":false},"featured_media":175,"template":"","meta":[],"product_brand":[],"product_cat":[83,24],"product_tag":[484,488,489,487],"class_list":{"0":"post-177","1":"product","2":"type-product","3":"status-publish","4":"has-post-thumbnail","6":"product_cat-table-a-langer","7":"product_cat-vestiaire","8":"product_tag-table-a-langer","9":"product_tag-table-a-langer-homologuee-vertic","10":"product_tag-table-a-langer-murale","11":"product_tag-table-a-langer-verticale","13":"entry","14":"has-media","16":"first","17":"instock","18":"shipping-taxable","19":"purchasable","20":"product-type-simple","21":"col","22":"span_1_of_4","23":"owp-content-center","24":"owp-thumbs-layout-horizontal","25":"owp-btn-normal","26":"owp-tabs-layout-horizontal"},"yoast_head":"<!-- This site is optimized with the Yoast SEO plugin v27.5 - https:\/\/yoast.com\/product\/yoast-seo-wordpress\/ -->\n<title>Table \u00e0 langer piscine table \u00e0 langer fixation mural piscine<\/title>\n<meta name=\"description\" content=\"Table \u00e0 langer piscine\" \/>\n<meta name=\"robots\" content=\"index, follow, max-snippet:-1, max-image-preview:large, max-video-preview:-1\" \/>\n<link rel=\"canonical\" href=\"https:\/\/www.pruvost-sports.com\/boutique\/produit\/table-a-langer-murale-horizontale-2\/\" \/>\n<meta property=\"og:locale\" content=\"fr_FR\" \/>\n<meta property=\"og:type\" content=\"article\" \/>\n<meta property=\"og:title\" content=\"Table \u00e0 langer piscine table \u00e0 langer fixation mural piscine\" \/>\n<meta property=\"og:description\" content=\"Table \u00e0 langer piscine\" \/>\n<meta property=\"og:url\" content=\"https:\/\/www.pruvost-sports.com\/boutique\/produit\/table-a-langer-murale-horizontale-2\/\" \/>\n<meta property=\"og:site_name\" content=\"Pruvost sport piscine\" \/>\n<meta property=\"article:modified_time\" content=\"2024-12-16T14:21:14+00:00\" \/>\n<meta property=\"og:image\" content=\"https:\/\/www.pruvost-sports.com\/boutique\/wp-content\/uploads\/2014\/04\/60-Table-a-langer-murale-verticale.jpg\" \/>\n\t<meta property=\"og:image:width\" content=\"2036\" \/>\n\t<meta property=\"og:image:height\" content=\"1836\" \/>\n\t<meta property=\"og:image:type\" content=\"image\/jpeg\" \/>\n<meta name=\"twitter:card\" content=\"summary_large_image\" \/>\n<meta name=\"twitter:label1\" content=\"Dur\u00e9e de lecture estim\u00e9e\" \/>\n\t<meta name=\"twitter:data1\" content=\"1 minute\" \/>\n<script type=\"application\/ld+json\" class=\"yoast-schema-graph\">{\"@context\":\"https:\\\/\\\/schema.org\",\"@graph\":[{\"@type\":\"WebPage\",\"@id\":\"https:\\\/\\\/www.pruvost-sports.com\\\/boutique\\\/produit\\\/table-a-langer-murale-horizontale-2\\\/\",\"url\":\"https:\\\/\\\/www.pruvost-sports.com\\\/boutique\\\/produit\\\/table-a-langer-murale-horizontale-2\\\/\",\"name\":\"Table \u00e0 langer piscine table \u00e0 langer fixation mural piscine\",\"isPartOf\":{\"@id\":\"https:\\\/\\\/www.pruvost-sports.com\\\/boutique\\\/#website\"},\"primaryImageOfPage\":{\"@id\":\"https:\\\/\\\/www.pruvost-sports.com\\\/boutique\\\/produit\\\/table-a-langer-murale-horizontale-2\\\/#primaryimage\"},\"image\":{\"@id\":\"https:\\\/\\\/www.pruvost-sports.com\\\/boutique\\\/produit\\\/table-a-langer-murale-horizontale-2\\\/#primaryimage\"},\"thumbnailUrl\":\"https:\\\/\\\/www.pruvost-sports.com\\\/boutique\\\/wp-content\\\/uploads\\\/2014\\\/04\\\/60-Table-a-langer-murale-verticale.jpg\",\"datePublished\":\"2014-04-17T14:55:12+00:00\",\"dateModified\":\"2024-12-16T14:21:14+00:00\",\"description\":\"Table \u00e0 langer piscine\",\"breadcrumb\":{\"@id\":\"https:\\\/\\\/www.pruvost-sports.com\\\/boutique\\\/produit\\\/table-a-langer-murale-horizontale-2\\\/#breadcrumb\"},\"inLanguage\":\"fr-FR\",\"potentialAction\":[{\"@type\":\"ReadAction\",\"target\":[\"https:\\\/\\\/www.pruvost-sports.com\\\/boutique\\\/produit\\\/table-a-langer-murale-horizontale-2\\\/\"]}]},{\"@type\":\"ImageObject\",\"inLanguage\":\"fr-FR\",\"@id\":\"https:\\\/\\\/www.pruvost-sports.com\\\/boutique\\\/produit\\\/table-a-langer-murale-horizontale-2\\\/#primaryimage\",\"url\":\"https:\\\/\\\/www.pruvost-sports.com\\\/boutique\\\/wp-content\\\/uploads\\\/2014\\\/04\\\/60-Table-a-langer-murale-verticale.jpg\",\"contentUrl\":\"https:\\\/\\\/www.pruvost-sports.com\\\/boutique\\\/wp-content\\\/uploads\\\/2014\\\/04\\\/60-Table-a-langer-murale-verticale.jpg\",\"width\":2036,\"height\":1836,\"caption\":\"Table \u00e0 langer murale verticale\"},{\"@type\":\"BreadcrumbList\",\"@id\":\"https:\\\/\\\/www.pruvost-sports.com\\\/boutique\\\/produit\\\/table-a-langer-murale-horizontale-2\\\/#breadcrumb\",\"itemListElement\":[{\"@type\":\"ListItem\",\"position\":1,\"name\":\"Accueil\",\"item\":\"https:\\\/\\\/www.pruvost-sports.com\\\/boutique\\\/\"},{\"@type\":\"ListItem\",\"position\":2,\"name\":\"Boutique\",\"item\":\"https:\\\/\\\/www.pruvost-sports.com\\\/boutique\\\/boutique\\\/\"},{\"@type\":\"ListItem\",\"position\":3,\"name\":\"Table \u00e0 langer murale verticale\"}]},{\"@type\":\"WebSite\",\"@id\":\"https:\\\/\\\/www.pruvost-sports.com\\\/boutique\\\/#website\",\"url\":\"https:\\\/\\\/www.pruvost-sports.com\\\/boutique\\\/\",\"name\":\"Pruvost sport piscine\",\"description\":\"\",\"potentialAction\":[{\"@type\":\"SearchAction\",\"target\":{\"@type\":\"EntryPoint\",\"urlTemplate\":\"https:\\\/\\\/www.pruvost-sports.com\\\/boutique\\\/?s={search_term_string}\"},\"query-input\":{\"@type\":\"PropertyValueSpecification\",\"valueRequired\":true,\"valueName\":\"search_term_string\"}}],\"inLanguage\":\"fr-FR\"}]}<\/script>\n<!-- \/ Yoast SEO plugin. -->","yoast_head_json":{"title":"Table \u00e0 langer piscine table \u00e0 langer fixation mural piscine","description":"Table \u00e0 langer piscine","robots":{"index":"index","follow":"follow","max-snippet":"max-snippet:-1","max-image-preview":"max-image-preview:large","max-video-preview":"max-video-preview:-1"},"canonical":"https:\/\/www.pruvost-sports.com\/boutique\/produit\/table-a-langer-murale-horizontale-2\/","og_locale":"fr_FR","og_type":"article","og_title":"Table \u00e0 langer piscine table \u00e0 langer fixation mural piscine","og_description":"Table \u00e0 langer piscine","og_url":"https:\/\/www.pruvost-sports.com\/boutique\/produit\/table-a-langer-murale-horizontale-2\/","og_site_name":"Pruvost sport piscine","article_modified_time":"2024-12-16T14:21:14+00:00","og_image":[{"width":2036,"height":1836,"url":"https:\/\/www.pruvost-sports.com\/boutique\/wp-content\/uploads\/2014\/04\/60-Table-a-langer-murale-verticale.jpg","type":"image\/jpeg"}],"twitter_card":"summary_large_image","twitter_misc":{"Dur\u00e9e de lecture estim\u00e9e":"1 minute"},"schema":{"@context":"https:\/\/schema.org","@graph":[{"@type":"WebPage","@id":"https:\/\/www.pruvost-sports.com\/boutique\/produit\/table-a-langer-murale-horizontale-2\/","url":"https:\/\/www.pruvost-sports.com\/boutique\/produit\/table-a-langer-murale-horizontale-2\/","name":"Table \u00e0 langer piscine table \u00e0 langer fixation mural piscine","isPartOf":{"@id":"https:\/\/www.pruvost-sports.com\/boutique\/#website"},"primaryImageOfPage":{"@id":"https:\/\/www.pruvost-sports.com\/boutique\/produit\/table-a-langer-murale-horizontale-2\/#primaryimage"},"image":{"@id":"https:\/\/www.pruvost-sports.com\/boutique\/produit\/table-a-langer-murale-horizontale-2\/#primaryimage"},"thumbnailUrl":"https:\/\/www.pruvost-sports.com\/boutique\/wp-content\/uploads\/2014\/04\/60-Table-a-langer-murale-verticale.jpg","datePublished":"2014-04-17T14:55:12+00:00","dateModified":"2024-12-16T14:21:14+00:00","description":"Table \u00e0 langer piscine","breadcrumb":{"@id":"https:\/\/www.pruvost-sports.com\/boutique\/produit\/table-a-langer-murale-horizontale-2\/#breadcrumb"},"inLanguage":"fr-FR","potentialAction":[{"@type":"ReadAction","target":["https:\/\/www.pruvost-sports.com\/boutique\/produit\/table-a-langer-murale-horizontale-2\/"]}]},{"@type":"ImageObject","inLanguage":"fr-FR","@id":"https:\/\/www.pruvost-sports.com\/boutique\/produit\/table-a-langer-murale-horizontale-2\/#primaryimage","url":"https:\/\/www.pruvost-sports.com\/boutique\/wp-content\/uploads\/2014\/04\/60-Table-a-langer-murale-verticale.jpg","contentUrl":"https:\/\/www.pruvost-sports.com\/boutique\/wp-content\/uploads\/2014\/04\/60-Table-a-langer-murale-verticale.jpg","width":2036,"height":1836,"caption":"Table \u00e0 langer murale verticale"},{"@type":"BreadcrumbList","@id":"https:\/\/www.pruvost-sports.com\/boutique\/produit\/table-a-langer-murale-horizontale-2\/#breadcrumb","itemListElement":[{"@type":"ListItem","position":1,"name":"Accueil","item":"https:\/\/www.pruvost-sports.com\/boutique\/"},{"@type":"ListItem","position":2,"name":"Boutique","item":"https:\/\/www.pruvost-sports.com\/boutique\/boutique\/"},{"@type":"ListItem","position":3,"name":"Table \u00e0 langer murale verticale"}]},{"@type":"WebSite","@id":"https:\/\/www.pruvost-sports.com\/boutique\/#website","url":"https:\/\/www.pruvost-sports.com\/boutique\/","name":"Pruvost sport piscine","description":"","potentialAction":[{"@type":"SearchAction","target":{"@type":"EntryPoint","urlTemplate":"https:\/\/www.pruvost-sports.com\/boutique\/?s={search_term_string}"},"query-input":{"@type":"PropertyValueSpecification","valueRequired":true,"valueName":"search_term_string"}}],"inLanguage":"fr-FR"}]}},"_links":{"self":[{"href":"https:\/\/www.pruvost-sports.com\/boutique\/wp-json\/wp\/v2\/product\/177","targetHints":{"allow":["GET"]}}],"collection":[{"href":"https:\/\/www.pruvost-sports.com\/boutique\/wp-json\/wp\/v2\/product"}],"about":[{"href":"https:\/\/www.pruvost-sports.com\/boutique\/wp-json\/wp\/v2\/types\/product"}],"wp:featuredmedia":[{"embeddable":true,"href":"https:\/\/www.pruvost-sports.com\/boutique\/wp-json\/wp\/v2\/media\/175"}],"wp:attachment":[{"href":"https:\/\/www.pruvost-sports.com\/boutique\/wp-json\/wp\/v2\/media?parent=177"}],"wp:term":[{"taxonomy":"product_brand","embeddable":true,"href":"https:\/\/www.pruvost-sports.com\/boutique\/wp-json\/wp\/v2\/product_brand?post=177"},{"taxonomy":"product_cat","embeddable":true,"href":"https:\/\/www.pruvost-sports.com\/boutique\/wp-json\/wp\/v2\/product_cat?post=177"},{"taxonomy":"product_tag","embeddable":true,"href":"https:\/\/www.pruvost-sports.com\/boutique\/wp-json\/wp\/v2\/product_tag?post=177"}],"curies":[{"name":"wp","href":"https:\/\/api.w.org\/{rel}","templated":true}]}}