{"id":1748,"date":"2014-06-05T12:08:21","date_gmt":"2014-06-05T10:08:21","guid":{"rendered":"https:\/\/www.pruvost-sports.com\/boutique\/?product=seche-cheveux-sth-2400-z"},"modified":"2014-06-05T12:08:21","modified_gmt":"2014-06-05T10:08:21","slug":"seche-cheveux-sth-2400-z","status":"publish","type":"product","link":"https:\/\/www.pruvost-sports.com\/boutique\/produit\/seche-cheveux-sth-2400-z\/","title":{"rendered":"S\u00e8che-cheveux STH 2400 Z"},"content":{"rendered":"<p>Bo&icirc;tier d&rsquo;acier de qualit&eacute; avec paroi de 2 mm<\/p>\n<p>Puissance nominale&nbsp; : 2400 W<br \/>Puissance de chauffage : 2200 W<br \/>Puissance du moteur : 200 W<br \/>Courant d&rsquo;air : 70 l\/s<br \/>Vitesse de l&rsquo;air : 28 m\/s<br \/>Niveau phonique : 80 db<\/p>\n<p>Dimensions :<\/p>\n<p>Longueur : 28 cm<br \/>Profondeur : 25 cm<br \/>Hauteur : 24 cm<br \/>Poids : 6.6 Kg<\/p>\n","protected":false},"excerpt":{"rendered":"<p>S&egrave;che-cheveux anti-vandales<\/p>\n<p>Minuterie &eacute;lectronique.<\/p>\n<p>Dur&eacute;e de fonctionnement : 90 s<\/p>\n<p>Arr&ecirc;t automatique<\/p>\n","protected":false},"featured_media":1747,"template":"","meta":[],"product_brand":[],"product_cat":[82],"product_tag":[1065,1061,1063],"class_list":{"0":"post-1748","1":"product","2":"type-product","3":"status-publish","4":"has-post-thumbnail","6":"product_cat-seche-cheveux","7":"product_tag-seche-cheveux-automatique","8":"product_tag-seche-cheveux","9":"product_tag-seche-cheveux-piscine","11":"entry","12":"has-media","14":"first","15":"instock","16":"shipping-taxable","17":"purchasable","18":"product-type-simple","19":"col","20":"span_1_of_4","21":"owp-content-center","22":"owp-thumbs-layout-horizontal","23":"owp-btn-normal","24":"owp-tabs-layout-horizontal","25":"has-no-thumbnails"},"yoast_head":"<!-- This site is optimized with the Yoast SEO plugin v27.5 - https:\/\/yoast.com\/product\/yoast-seo-wordpress\/ -->\n<title>s\u00e8che-cheveux piscine s\u00e8che-cheveux automatique s\u00e8che-cheveux starmix<\/title>\n<meta name=\"description\" content=\"S\u00e8che-cheveux\" \/>\n<meta name=\"robots\" content=\"index, follow, max-snippet:-1, max-image-preview:large, max-video-preview:-1\" \/>\n<link rel=\"canonical\" href=\"https:\/\/www.pruvost-sports.com\/boutique\/produit\/seche-cheveux-sth-2400-z\/\" \/>\n<meta property=\"og:locale\" content=\"fr_FR\" \/>\n<meta property=\"og:type\" content=\"article\" \/>\n<meta property=\"og:title\" content=\"s\u00e8che-cheveux piscine s\u00e8che-cheveux automatique s\u00e8che-cheveux starmix\" \/>\n<meta property=\"og:description\" content=\"S\u00e8che-cheveux\" \/>\n<meta property=\"og:url\" content=\"https:\/\/www.pruvost-sports.com\/boutique\/produit\/seche-cheveux-sth-2400-z\/\" \/>\n<meta property=\"og:site_name\" content=\"Pruvost sport piscine\" \/>\n<meta property=\"og:image\" content=\"https:\/\/www.pruvost-sports.com\/boutique\/wp-content\/uploads\/2014\/06\/449-Seche-cheveux-STH-2400-Z.jpg\" \/>\n\t<meta property=\"og:image:width\" content=\"631\" \/>\n\t<meta property=\"og:image:height\" content=\"528\" \/>\n\t<meta property=\"og:image:type\" content=\"image\/jpeg\" \/>\n<meta name=\"twitter:card\" content=\"summary_large_image\" \/>\n<script type=\"application\/ld+json\" class=\"yoast-schema-graph\">{\"@context\":\"https:\\\/\\\/schema.org\",\"@graph\":[{\"@type\":\"WebPage\",\"@id\":\"https:\\\/\\\/www.pruvost-sports.com\\\/boutique\\\/produit\\\/seche-cheveux-sth-2400-z\\\/\",\"url\":\"https:\\\/\\\/www.pruvost-sports.com\\\/boutique\\\/produit\\\/seche-cheveux-sth-2400-z\\\/\",\"name\":\"s\u00e8che-cheveux piscine s\u00e8che-cheveux automatique s\u00e8che-cheveux starmix\",\"isPartOf\":{\"@id\":\"https:\\\/\\\/www.pruvost-sports.com\\\/boutique\\\/#website\"},\"primaryImageOfPage\":{\"@id\":\"https:\\\/\\\/www.pruvost-sports.com\\\/boutique\\\/produit\\\/seche-cheveux-sth-2400-z\\\/#primaryimage\"},\"image\":{\"@id\":\"https:\\\/\\\/www.pruvost-sports.com\\\/boutique\\\/produit\\\/seche-cheveux-sth-2400-z\\\/#primaryimage\"},\"thumbnailUrl\":\"https:\\\/\\\/www.pruvost-sports.com\\\/boutique\\\/wp-content\\\/uploads\\\/2014\\\/06\\\/449-Seche-cheveux-STH-2400-Z.jpg\",\"datePublished\":\"2014-06-05T10:08:21+00:00\",\"description\":\"S\u00e8che-cheveux\",\"breadcrumb\":{\"@id\":\"https:\\\/\\\/www.pruvost-sports.com\\\/boutique\\\/produit\\\/seche-cheveux-sth-2400-z\\\/#breadcrumb\"},\"inLanguage\":\"fr-FR\",\"potentialAction\":[{\"@type\":\"ReadAction\",\"target\":[\"https:\\\/\\\/www.pruvost-sports.com\\\/boutique\\\/produit\\\/seche-cheveux-sth-2400-z\\\/\"]}]},{\"@type\":\"ImageObject\",\"inLanguage\":\"fr-FR\",\"@id\":\"https:\\\/\\\/www.pruvost-sports.com\\\/boutique\\\/produit\\\/seche-cheveux-sth-2400-z\\\/#primaryimage\",\"url\":\"https:\\\/\\\/www.pruvost-sports.com\\\/boutique\\\/wp-content\\\/uploads\\\/2014\\\/06\\\/449-Seche-cheveux-STH-2400-Z.jpg\",\"contentUrl\":\"https:\\\/\\\/www.pruvost-sports.com\\\/boutique\\\/wp-content\\\/uploads\\\/2014\\\/06\\\/449-Seche-cheveux-STH-2400-Z.jpg\",\"width\":631,\"height\":528,\"caption\":\"S\u00e8che-cheveux STH 2400 Z\"},{\"@type\":\"BreadcrumbList\",\"@id\":\"https:\\\/\\\/www.pruvost-sports.com\\\/boutique\\\/produit\\\/seche-cheveux-sth-2400-z\\\/#breadcrumb\",\"itemListElement\":[{\"@type\":\"ListItem\",\"position\":1,\"name\":\"Accueil\",\"item\":\"https:\\\/\\\/www.pruvost-sports.com\\\/boutique\\\/\"},{\"@type\":\"ListItem\",\"position\":2,\"name\":\"Boutique\",\"item\":\"https:\\\/\\\/www.pruvost-sports.com\\\/boutique\\\/boutique\\\/\"},{\"@type\":\"ListItem\",\"position\":3,\"name\":\"S\u00e8che-cheveux STH 2400 Z\"}]},{\"@type\":\"WebSite\",\"@id\":\"https:\\\/\\\/www.pruvost-sports.com\\\/boutique\\\/#website\",\"url\":\"https:\\\/\\\/www.pruvost-sports.com\\\/boutique\\\/\",\"name\":\"Pruvost sport piscine\",\"description\":\"\",\"potentialAction\":[{\"@type\":\"SearchAction\",\"target\":{\"@type\":\"EntryPoint\",\"urlTemplate\":\"https:\\\/\\\/www.pruvost-sports.com\\\/boutique\\\/?s={search_term_string}\"},\"query-input\":{\"@type\":\"PropertyValueSpecification\",\"valueRequired\":true,\"valueName\":\"search_term_string\"}}],\"inLanguage\":\"fr-FR\"}]}<\/script>\n<!-- \/ Yoast SEO plugin. -->","yoast_head_json":{"title":"s\u00e8che-cheveux piscine s\u00e8che-cheveux automatique s\u00e8che-cheveux starmix","description":"S\u00e8che-cheveux","robots":{"index":"index","follow":"follow","max-snippet":"max-snippet:-1","max-image-preview":"max-image-preview:large","max-video-preview":"max-video-preview:-1"},"canonical":"https:\/\/www.pruvost-sports.com\/boutique\/produit\/seche-cheveux-sth-2400-z\/","og_locale":"fr_FR","og_type":"article","og_title":"s\u00e8che-cheveux piscine s\u00e8che-cheveux automatique s\u00e8che-cheveux starmix","og_description":"S\u00e8che-cheveux","og_url":"https:\/\/www.pruvost-sports.com\/boutique\/produit\/seche-cheveux-sth-2400-z\/","og_site_name":"Pruvost sport piscine","og_image":[{"width":631,"height":528,"url":"https:\/\/www.pruvost-sports.com\/boutique\/wp-content\/uploads\/2014\/06\/449-Seche-cheveux-STH-2400-Z.jpg","type":"image\/jpeg"}],"twitter_card":"summary_large_image","schema":{"@context":"https:\/\/schema.org","@graph":[{"@type":"WebPage","@id":"https:\/\/www.pruvost-sports.com\/boutique\/produit\/seche-cheveux-sth-2400-z\/","url":"https:\/\/www.pruvost-sports.com\/boutique\/produit\/seche-cheveux-sth-2400-z\/","name":"s\u00e8che-cheveux piscine s\u00e8che-cheveux automatique s\u00e8che-cheveux starmix","isPartOf":{"@id":"https:\/\/www.pruvost-sports.com\/boutique\/#website"},"primaryImageOfPage":{"@id":"https:\/\/www.pruvost-sports.com\/boutique\/produit\/seche-cheveux-sth-2400-z\/#primaryimage"},"image":{"@id":"https:\/\/www.pruvost-sports.com\/boutique\/produit\/seche-cheveux-sth-2400-z\/#primaryimage"},"thumbnailUrl":"https:\/\/www.pruvost-sports.com\/boutique\/wp-content\/uploads\/2014\/06\/449-Seche-cheveux-STH-2400-Z.jpg","datePublished":"2014-06-05T10:08:21+00:00","description":"S\u00e8che-cheveux","breadcrumb":{"@id":"https:\/\/www.pruvost-sports.com\/boutique\/produit\/seche-cheveux-sth-2400-z\/#breadcrumb"},"inLanguage":"fr-FR","potentialAction":[{"@type":"ReadAction","target":["https:\/\/www.pruvost-sports.com\/boutique\/produit\/seche-cheveux-sth-2400-z\/"]}]},{"@type":"ImageObject","inLanguage":"fr-FR","@id":"https:\/\/www.pruvost-sports.com\/boutique\/produit\/seche-cheveux-sth-2400-z\/#primaryimage","url":"https:\/\/www.pruvost-sports.com\/boutique\/wp-content\/uploads\/2014\/06\/449-Seche-cheveux-STH-2400-Z.jpg","contentUrl":"https:\/\/www.pruvost-sports.com\/boutique\/wp-content\/uploads\/2014\/06\/449-Seche-cheveux-STH-2400-Z.jpg","width":631,"height":528,"caption":"S\u00e8che-cheveux STH 2400 Z"},{"@type":"BreadcrumbList","@id":"https:\/\/www.pruvost-sports.com\/boutique\/produit\/seche-cheveux-sth-2400-z\/#breadcrumb","itemListElement":[{"@type":"ListItem","position":1,"name":"Accueil","item":"https:\/\/www.pruvost-sports.com\/boutique\/"},{"@type":"ListItem","position":2,"name":"Boutique","item":"https:\/\/www.pruvost-sports.com\/boutique\/boutique\/"},{"@type":"ListItem","position":3,"name":"S\u00e8che-cheveux STH 2400 Z"}]},{"@type":"WebSite","@id":"https:\/\/www.pruvost-sports.com\/boutique\/#website","url":"https:\/\/www.pruvost-sports.com\/boutique\/","name":"Pruvost sport piscine","description":"","potentialAction":[{"@type":"SearchAction","target":{"@type":"EntryPoint","urlTemplate":"https:\/\/www.pruvost-sports.com\/boutique\/?s={search_term_string}"},"query-input":{"@type":"PropertyValueSpecification","valueRequired":true,"valueName":"search_term_string"}}],"inLanguage":"fr-FR"}]}},"_links":{"self":[{"href":"https:\/\/www.pruvost-sports.com\/boutique\/wp-json\/wp\/v2\/product\/1748","targetHints":{"allow":["GET"]}}],"collection":[{"href":"https:\/\/www.pruvost-sports.com\/boutique\/wp-json\/wp\/v2\/product"}],"about":[{"href":"https:\/\/www.pruvost-sports.com\/boutique\/wp-json\/wp\/v2\/types\/product"}],"wp:featuredmedia":[{"embeddable":true,"href":"https:\/\/www.pruvost-sports.com\/boutique\/wp-json\/wp\/v2\/media\/1747"}],"wp:attachment":[{"href":"https:\/\/www.pruvost-sports.com\/boutique\/wp-json\/wp\/v2\/media?parent=1748"}],"wp:term":[{"taxonomy":"product_brand","embeddable":true,"href":"https:\/\/www.pruvost-sports.com\/boutique\/wp-json\/wp\/v2\/product_brand?post=1748"},{"taxonomy":"product_cat","embeddable":true,"href":"https:\/\/www.pruvost-sports.com\/boutique\/wp-json\/wp\/v2\/product_cat?post=1748"},{"taxonomy":"product_tag","embeddable":true,"href":"https:\/\/www.pruvost-sports.com\/boutique\/wp-json\/wp\/v2\/product_tag?post=1748"}],"curies":[{"name":"wp","href":"https:\/\/api.w.org\/{rel}","templated":true}]}}