{"id":174,"date":"2014-04-17T16:50:33","date_gmt":"2014-04-17T14:50:33","guid":{"rendered":"https:\/\/www.pruvost-sports.com\/boutique\/?product=table-a-langer-murale-horizontale"},"modified":"2026-02-03T10:23:23","modified_gmt":"2026-02-03T09:23:23","slug":"table-a-langer-murale-horizontale","status":"publish","type":"product","link":"https:\/\/www.pruvost-sports.com\/boutique\/produit\/table-a-langer-murale-horizontale\/","title":{"rendered":"Table \u00e0 langer murale horizontale"},"content":{"rendered":"<p>&#8211; Dimensions : 91.2 x 52.7 cm<\/p>\n<p>&#8211; Profondeur d&rsquo;ouverture : 53.8 cm<\/p>\n","protected":false},"excerpt":{"rendered":"<p>Table \u00e0 langer horizontale en polypropyl\u00e8ne inject\u00e9.<br \/>\nCh\u00e2ssis monocoque en acier pouvant supporter un poids allant jusqu\u2019\u00e0 90 kgs.<br \/>\nDesign \u00e9l\u00e9gant s\u2019int\u00e9grant dans un d\u00e9cor moderne.<br \/>\nAbsence de sangle pour \u00eatre en conformit\u00e9 avec les directives Fran\u00e7aises. Con\u00e7ue pour \u00eatre utilis\u00e9e<strong> jusqu\u2019\u00e0 12 mois avec un poids maximal conseill\u00e9 de 15 kg.<\/strong><\/p>\n<p>Elle est \u00e9quip\u00e9e d\u2019une\u00a0<strong>charni\u00e8re enti\u00e8rement m\u00e9tallique<\/strong>\u00a0pour une meilleure r\u00e9sistance \u00e0 l\u2019usure et une dur\u00e9e de vie prolong\u00e9e. Le\u00a0<strong>v\u00e9rin \u00e0 gaz<\/strong>\u00a0assure une ouverture et une fermeture en douceur, limitant les risques de brusques mouvements pouvant perturber le b\u00e9b\u00e9.<\/p>\n<p>Le plan \u00e0 langer est<strong>\u00a0trait\u00e9 avec la technologie Microban<\/strong>\u00ae, qui inhibe la croissance des bact\u00e9ries responsables des mauvaises odeurs, contribuant ainsi au maintien d\u2019un espace propre et sain.<\/p>\n","protected":false},"featured_media":9346,"template":"","meta":[],"product_brand":[],"product_cat":[83],"product_tag":[484,486,483,485],"class_list":{"0":"post-174","1":"product","2":"type-product","3":"status-publish","4":"has-post-thumbnail","6":"product_cat-table-a-langer","7":"product_tag-table-a-langer","8":"product_tag-table-a-langer-horizontale","9":"product_tag-table-a-langer-murale-horizontal","10":"product_tag-table-a-langer-murlae","12":"entry","13":"has-media","15":"first","16":"instock","17":"shipping-taxable","18":"purchasable","19":"product-type-simple","20":"col","21":"span_1_of_4","22":"owp-content-center","23":"owp-thumbs-layout-horizontal","24":"owp-btn-normal","25":"owp-tabs-layout-horizontal"},"yoast_head":"<!-- This site is optimized with the Yoast SEO plugin v27.5 - https:\/\/yoast.com\/product\/yoast-seo-wordpress\/ -->\n<title>Table \u00e0 langer piscine table \u00e0 langer fixation mural piscine<\/title>\n<meta name=\"description\" content=\"Table \u00e0 langer piscine\" \/>\n<meta name=\"robots\" content=\"index, follow, max-snippet:-1, max-image-preview:large, max-video-preview:-1\" \/>\n<link rel=\"canonical\" href=\"https:\/\/www.pruvost-sports.com\/boutique\/produit\/table-a-langer-murale-horizontale\/\" \/>\n<meta property=\"og:locale\" content=\"fr_FR\" \/>\n<meta property=\"og:type\" content=\"article\" \/>\n<meta property=\"og:title\" content=\"Table \u00e0 langer piscine table \u00e0 langer fixation mural piscine\" \/>\n<meta property=\"og:description\" content=\"Table \u00e0 langer piscine\" \/>\n<meta property=\"og:url\" content=\"https:\/\/www.pruvost-sports.com\/boutique\/produit\/table-a-langer-murale-horizontale\/\" \/>\n<meta property=\"og:site_name\" content=\"Pruvost sport piscine\" \/>\n<meta property=\"article:modified_time\" content=\"2026-02-03T09:23:23+00:00\" \/>\n<meta property=\"og:image\" content=\"https:\/\/www.pruvost-sports.com\/boutique\/wp-content\/uploads\/2014\/04\/v17.webp\" \/>\n\t<meta property=\"og:image:width\" content=\"375\" \/>\n\t<meta property=\"og:image:height\" content=\"375\" \/>\n\t<meta property=\"og:image:type\" content=\"image\/webp\" \/>\n<meta name=\"twitter:card\" content=\"summary_large_image\" \/>\n<meta name=\"twitter:label1\" content=\"Dur\u00e9e de lecture estim\u00e9e\" \/>\n\t<meta name=\"twitter:data1\" content=\"1 minute\" \/>\n<script type=\"application\/ld+json\" class=\"yoast-schema-graph\">{\"@context\":\"https:\\\/\\\/schema.org\",\"@graph\":[{\"@type\":\"WebPage\",\"@id\":\"https:\\\/\\\/www.pruvost-sports.com\\\/boutique\\\/produit\\\/table-a-langer-murale-horizontale\\\/\",\"url\":\"https:\\\/\\\/www.pruvost-sports.com\\\/boutique\\\/produit\\\/table-a-langer-murale-horizontale\\\/\",\"name\":\"Table \u00e0 langer piscine table \u00e0 langer fixation mural piscine\",\"isPartOf\":{\"@id\":\"https:\\\/\\\/www.pruvost-sports.com\\\/boutique\\\/#website\"},\"primaryImageOfPage\":{\"@id\":\"https:\\\/\\\/www.pruvost-sports.com\\\/boutique\\\/produit\\\/table-a-langer-murale-horizontale\\\/#primaryimage\"},\"image\":{\"@id\":\"https:\\\/\\\/www.pruvost-sports.com\\\/boutique\\\/produit\\\/table-a-langer-murale-horizontale\\\/#primaryimage\"},\"thumbnailUrl\":\"https:\\\/\\\/www.pruvost-sports.com\\\/boutique\\\/wp-content\\\/uploads\\\/2014\\\/04\\\/v17.webp\",\"datePublished\":\"2014-04-17T14:50:33+00:00\",\"dateModified\":\"2026-02-03T09:23:23+00:00\",\"description\":\"Table \u00e0 langer piscine\",\"breadcrumb\":{\"@id\":\"https:\\\/\\\/www.pruvost-sports.com\\\/boutique\\\/produit\\\/table-a-langer-murale-horizontale\\\/#breadcrumb\"},\"inLanguage\":\"fr-FR\",\"potentialAction\":[{\"@type\":\"ReadAction\",\"target\":[\"https:\\\/\\\/www.pruvost-sports.com\\\/boutique\\\/produit\\\/table-a-langer-murale-horizontale\\\/\"]}]},{\"@type\":\"ImageObject\",\"inLanguage\":\"fr-FR\",\"@id\":\"https:\\\/\\\/www.pruvost-sports.com\\\/boutique\\\/produit\\\/table-a-langer-murale-horizontale\\\/#primaryimage\",\"url\":\"https:\\\/\\\/www.pruvost-sports.com\\\/boutique\\\/wp-content\\\/uploads\\\/2014\\\/04\\\/v17.webp\",\"contentUrl\":\"https:\\\/\\\/www.pruvost-sports.com\\\/boutique\\\/wp-content\\\/uploads\\\/2014\\\/04\\\/v17.webp\",\"width\":375,\"height\":375},{\"@type\":\"BreadcrumbList\",\"@id\":\"https:\\\/\\\/www.pruvost-sports.com\\\/boutique\\\/produit\\\/table-a-langer-murale-horizontale\\\/#breadcrumb\",\"itemListElement\":[{\"@type\":\"ListItem\",\"position\":1,\"name\":\"Accueil\",\"item\":\"https:\\\/\\\/www.pruvost-sports.com\\\/boutique\\\/\"},{\"@type\":\"ListItem\",\"position\":2,\"name\":\"Boutique\",\"item\":\"https:\\\/\\\/www.pruvost-sports.com\\\/boutique\\\/boutique\\\/\"},{\"@type\":\"ListItem\",\"position\":3,\"name\":\"Table \u00e0 langer murale horizontale\"}]},{\"@type\":\"WebSite\",\"@id\":\"https:\\\/\\\/www.pruvost-sports.com\\\/boutique\\\/#website\",\"url\":\"https:\\\/\\\/www.pruvost-sports.com\\\/boutique\\\/\",\"name\":\"Pruvost sport piscine\",\"description\":\"\",\"potentialAction\":[{\"@type\":\"SearchAction\",\"target\":{\"@type\":\"EntryPoint\",\"urlTemplate\":\"https:\\\/\\\/www.pruvost-sports.com\\\/boutique\\\/?s={search_term_string}\"},\"query-input\":{\"@type\":\"PropertyValueSpecification\",\"valueRequired\":true,\"valueName\":\"search_term_string\"}}],\"inLanguage\":\"fr-FR\"}]}<\/script>\n<!-- \/ Yoast SEO plugin. -->","yoast_head_json":{"title":"Table \u00e0 langer piscine table \u00e0 langer fixation mural piscine","description":"Table \u00e0 langer piscine","robots":{"index":"index","follow":"follow","max-snippet":"max-snippet:-1","max-image-preview":"max-image-preview:large","max-video-preview":"max-video-preview:-1"},"canonical":"https:\/\/www.pruvost-sports.com\/boutique\/produit\/table-a-langer-murale-horizontale\/","og_locale":"fr_FR","og_type":"article","og_title":"Table \u00e0 langer piscine table \u00e0 langer fixation mural piscine","og_description":"Table \u00e0 langer piscine","og_url":"https:\/\/www.pruvost-sports.com\/boutique\/produit\/table-a-langer-murale-horizontale\/","og_site_name":"Pruvost sport piscine","article_modified_time":"2026-02-03T09:23:23+00:00","og_image":[{"width":375,"height":375,"url":"https:\/\/www.pruvost-sports.com\/boutique\/wp-content\/uploads\/2014\/04\/v17.webp","type":"image\/webp"}],"twitter_card":"summary_large_image","twitter_misc":{"Dur\u00e9e de lecture estim\u00e9e":"1 minute"},"schema":{"@context":"https:\/\/schema.org","@graph":[{"@type":"WebPage","@id":"https:\/\/www.pruvost-sports.com\/boutique\/produit\/table-a-langer-murale-horizontale\/","url":"https:\/\/www.pruvost-sports.com\/boutique\/produit\/table-a-langer-murale-horizontale\/","name":"Table \u00e0 langer piscine table \u00e0 langer fixation mural piscine","isPartOf":{"@id":"https:\/\/www.pruvost-sports.com\/boutique\/#website"},"primaryImageOfPage":{"@id":"https:\/\/www.pruvost-sports.com\/boutique\/produit\/table-a-langer-murale-horizontale\/#primaryimage"},"image":{"@id":"https:\/\/www.pruvost-sports.com\/boutique\/produit\/table-a-langer-murale-horizontale\/#primaryimage"},"thumbnailUrl":"https:\/\/www.pruvost-sports.com\/boutique\/wp-content\/uploads\/2014\/04\/v17.webp","datePublished":"2014-04-17T14:50:33+00:00","dateModified":"2026-02-03T09:23:23+00:00","description":"Table \u00e0 langer piscine","breadcrumb":{"@id":"https:\/\/www.pruvost-sports.com\/boutique\/produit\/table-a-langer-murale-horizontale\/#breadcrumb"},"inLanguage":"fr-FR","potentialAction":[{"@type":"ReadAction","target":["https:\/\/www.pruvost-sports.com\/boutique\/produit\/table-a-langer-murale-horizontale\/"]}]},{"@type":"ImageObject","inLanguage":"fr-FR","@id":"https:\/\/www.pruvost-sports.com\/boutique\/produit\/table-a-langer-murale-horizontale\/#primaryimage","url":"https:\/\/www.pruvost-sports.com\/boutique\/wp-content\/uploads\/2014\/04\/v17.webp","contentUrl":"https:\/\/www.pruvost-sports.com\/boutique\/wp-content\/uploads\/2014\/04\/v17.webp","width":375,"height":375},{"@type":"BreadcrumbList","@id":"https:\/\/www.pruvost-sports.com\/boutique\/produit\/table-a-langer-murale-horizontale\/#breadcrumb","itemListElement":[{"@type":"ListItem","position":1,"name":"Accueil","item":"https:\/\/www.pruvost-sports.com\/boutique\/"},{"@type":"ListItem","position":2,"name":"Boutique","item":"https:\/\/www.pruvost-sports.com\/boutique\/boutique\/"},{"@type":"ListItem","position":3,"name":"Table \u00e0 langer murale horizontale"}]},{"@type":"WebSite","@id":"https:\/\/www.pruvost-sports.com\/boutique\/#website","url":"https:\/\/www.pruvost-sports.com\/boutique\/","name":"Pruvost sport piscine","description":"","potentialAction":[{"@type":"SearchAction","target":{"@type":"EntryPoint","urlTemplate":"https:\/\/www.pruvost-sports.com\/boutique\/?s={search_term_string}"},"query-input":{"@type":"PropertyValueSpecification","valueRequired":true,"valueName":"search_term_string"}}],"inLanguage":"fr-FR"}]}},"_links":{"self":[{"href":"https:\/\/www.pruvost-sports.com\/boutique\/wp-json\/wp\/v2\/product\/174","targetHints":{"allow":["GET"]}}],"collection":[{"href":"https:\/\/www.pruvost-sports.com\/boutique\/wp-json\/wp\/v2\/product"}],"about":[{"href":"https:\/\/www.pruvost-sports.com\/boutique\/wp-json\/wp\/v2\/types\/product"}],"wp:featuredmedia":[{"embeddable":true,"href":"https:\/\/www.pruvost-sports.com\/boutique\/wp-json\/wp\/v2\/media\/9346"}],"wp:attachment":[{"href":"https:\/\/www.pruvost-sports.com\/boutique\/wp-json\/wp\/v2\/media?parent=174"}],"wp:term":[{"taxonomy":"product_brand","embeddable":true,"href":"https:\/\/www.pruvost-sports.com\/boutique\/wp-json\/wp\/v2\/product_brand?post=174"},{"taxonomy":"product_cat","embeddable":true,"href":"https:\/\/www.pruvost-sports.com\/boutique\/wp-json\/wp\/v2\/product_cat?post=174"},{"taxonomy":"product_tag","embeddable":true,"href":"https:\/\/www.pruvost-sports.com\/boutique\/wp-json\/wp\/v2\/product_tag?post=174"}],"curies":[{"name":"wp","href":"https:\/\/api.w.org\/{rel}","templated":true}]}}