{"id":1417,"date":"2014-05-28T16:00:01","date_gmt":"2014-05-28T14:00:01","guid":{"rendered":"https:\/\/www.pruvost-sports.com\/boutique\/?product=pont-de-la-rivierre-kwai"},"modified":"2024-01-17T12:12:22","modified_gmt":"2024-01-17T11:12:22","slug":"pont-de-la-rivierre-kwai","status":"publish","type":"product","link":"https:\/\/www.pruvost-sports.com\/boutique\/produit\/pont-de-la-rivierre-kwai\/","title":{"rendered":"Pont de la rivi\u00e8rre Kwa\u00ef"},"content":{"rendered":"","protected":false},"excerpt":{"rendered":"<p>Pont de la riviere Kwa\u00ef<\/p>\n<p>Ensemble de 12 \u00e9l\u00e9ments de 48 x 48 x 8 cm<\/p>\n<p>Livr\u00e9 avec corde en polypropyl\u00e8ne<\/p>\n","protected":false},"featured_media":1415,"template":"","meta":[],"product_brand":[],"product_cat":[48,66,63],"product_tag":[1004,1003,1002,1005],"class_list":{"0":"post-1417","1":"product","2":"type-product","3":"status-publish","4":"has-post-thumbnail","6":"product_cat-animation","7":"product_cat-parcours","8":"product_cat-radeau-et-tapis","9":"product_tag-pont-piscine","10":"product_tag-pont-rivierre-kwai","11":"product_tag-ponton-element","12":"product_tag-ponton-mousse","14":"entry","15":"has-media","17":"first","18":"instock","19":"shipping-taxable","20":"purchasable","21":"product-type-simple","22":"col","23":"span_1_of_4","24":"owp-content-center","25":"owp-thumbs-layout-horizontal","26":"owp-btn-normal","27":"owp-tabs-layout-horizontal"},"yoast_head":"<!-- This site is optimized with the Yoast SEO plugin v27.5 - https:\/\/yoast.com\/product\/yoast-seo-wordpress\/ -->\n<title>ponton mousse piscine pont rivierre kwai<\/title>\n<meta name=\"description\" content=\"Pont rivierre Kwa\u00ef\" \/>\n<meta name=\"robots\" content=\"index, follow, max-snippet:-1, max-image-preview:large, max-video-preview:-1\" \/>\n<link rel=\"canonical\" href=\"https:\/\/www.pruvost-sports.com\/boutique\/produit\/pont-de-la-rivierre-kwai\/\" \/>\n<meta property=\"og:locale\" content=\"fr_FR\" \/>\n<meta property=\"og:type\" content=\"article\" \/>\n<meta property=\"og:title\" content=\"ponton mousse piscine pont rivierre kwai\" \/>\n<meta property=\"og:description\" content=\"Pont rivierre Kwa\u00ef\" \/>\n<meta property=\"og:url\" content=\"https:\/\/www.pruvost-sports.com\/boutique\/produit\/pont-de-la-rivierre-kwai\/\" \/>\n<meta property=\"og:site_name\" content=\"Pruvost sport piscine\" \/>\n<meta property=\"article:modified_time\" content=\"2024-01-17T11:12:22+00:00\" \/>\n<meta property=\"og:image\" content=\"https:\/\/www.pruvost-sports.com\/boutique\/wp-content\/uploads\/2014\/05\/412-Pont-de-la-rivierre-Kwai.jpg\" \/>\n\t<meta property=\"og:image:width\" content=\"804\" \/>\n\t<meta property=\"og:image:height\" content=\"539\" \/>\n\t<meta property=\"og:image:type\" content=\"image\/jpeg\" \/>\n<meta name=\"twitter:card\" content=\"summary_large_image\" \/>\n<script type=\"application\/ld+json\" class=\"yoast-schema-graph\">{\"@context\":\"https:\\\/\\\/schema.org\",\"@graph\":[{\"@type\":\"WebPage\",\"@id\":\"https:\\\/\\\/www.pruvost-sports.com\\\/boutique\\\/produit\\\/pont-de-la-rivierre-kwai\\\/\",\"url\":\"https:\\\/\\\/www.pruvost-sports.com\\\/boutique\\\/produit\\\/pont-de-la-rivierre-kwai\\\/\",\"name\":\"ponton mousse piscine pont rivierre kwai\",\"isPartOf\":{\"@id\":\"https:\\\/\\\/www.pruvost-sports.com\\\/boutique\\\/#website\"},\"primaryImageOfPage\":{\"@id\":\"https:\\\/\\\/www.pruvost-sports.com\\\/boutique\\\/produit\\\/pont-de-la-rivierre-kwai\\\/#primaryimage\"},\"image\":{\"@id\":\"https:\\\/\\\/www.pruvost-sports.com\\\/boutique\\\/produit\\\/pont-de-la-rivierre-kwai\\\/#primaryimage\"},\"thumbnailUrl\":\"https:\\\/\\\/www.pruvost-sports.com\\\/boutique\\\/wp-content\\\/uploads\\\/2014\\\/05\\\/412-Pont-de-la-rivierre-Kwai.jpg\",\"datePublished\":\"2014-05-28T14:00:01+00:00\",\"dateModified\":\"2024-01-17T11:12:22+00:00\",\"description\":\"Pont rivierre Kwa\u00ef\",\"breadcrumb\":{\"@id\":\"https:\\\/\\\/www.pruvost-sports.com\\\/boutique\\\/produit\\\/pont-de-la-rivierre-kwai\\\/#breadcrumb\"},\"inLanguage\":\"fr-FR\",\"potentialAction\":[{\"@type\":\"ReadAction\",\"target\":[\"https:\\\/\\\/www.pruvost-sports.com\\\/boutique\\\/produit\\\/pont-de-la-rivierre-kwai\\\/\"]}]},{\"@type\":\"ImageObject\",\"inLanguage\":\"fr-FR\",\"@id\":\"https:\\\/\\\/www.pruvost-sports.com\\\/boutique\\\/produit\\\/pont-de-la-rivierre-kwai\\\/#primaryimage\",\"url\":\"https:\\\/\\\/www.pruvost-sports.com\\\/boutique\\\/wp-content\\\/uploads\\\/2014\\\/05\\\/412-Pont-de-la-rivierre-Kwai.jpg\",\"contentUrl\":\"https:\\\/\\\/www.pruvost-sports.com\\\/boutique\\\/wp-content\\\/uploads\\\/2014\\\/05\\\/412-Pont-de-la-rivierre-Kwai.jpg\",\"width\":804,\"height\":539,\"caption\":\"Pont de la rivi\u00e8rre Kwa\u00ef\"},{\"@type\":\"BreadcrumbList\",\"@id\":\"https:\\\/\\\/www.pruvost-sports.com\\\/boutique\\\/produit\\\/pont-de-la-rivierre-kwai\\\/#breadcrumb\",\"itemListElement\":[{\"@type\":\"ListItem\",\"position\":1,\"name\":\"Accueil\",\"item\":\"https:\\\/\\\/www.pruvost-sports.com\\\/boutique\\\/\"},{\"@type\":\"ListItem\",\"position\":2,\"name\":\"Boutique\",\"item\":\"https:\\\/\\\/www.pruvost-sports.com\\\/boutique\\\/boutique\\\/\"},{\"@type\":\"ListItem\",\"position\":3,\"name\":\"Pont de la rivi\u00e8rre Kwa\u00ef\"}]},{\"@type\":\"WebSite\",\"@id\":\"https:\\\/\\\/www.pruvost-sports.com\\\/boutique\\\/#website\",\"url\":\"https:\\\/\\\/www.pruvost-sports.com\\\/boutique\\\/\",\"name\":\"Pruvost sport piscine\",\"description\":\"\",\"potentialAction\":[{\"@type\":\"SearchAction\",\"target\":{\"@type\":\"EntryPoint\",\"urlTemplate\":\"https:\\\/\\\/www.pruvost-sports.com\\\/boutique\\\/?s={search_term_string}\"},\"query-input\":{\"@type\":\"PropertyValueSpecification\",\"valueRequired\":true,\"valueName\":\"search_term_string\"}}],\"inLanguage\":\"fr-FR\"}]}<\/script>\n<!-- \/ Yoast SEO plugin. -->","yoast_head_json":{"title":"ponton mousse piscine pont rivierre kwai","description":"Pont rivierre Kwa\u00ef","robots":{"index":"index","follow":"follow","max-snippet":"max-snippet:-1","max-image-preview":"max-image-preview:large","max-video-preview":"max-video-preview:-1"},"canonical":"https:\/\/www.pruvost-sports.com\/boutique\/produit\/pont-de-la-rivierre-kwai\/","og_locale":"fr_FR","og_type":"article","og_title":"ponton mousse piscine pont rivierre kwai","og_description":"Pont rivierre Kwa\u00ef","og_url":"https:\/\/www.pruvost-sports.com\/boutique\/produit\/pont-de-la-rivierre-kwai\/","og_site_name":"Pruvost sport piscine","article_modified_time":"2024-01-17T11:12:22+00:00","og_image":[{"width":804,"height":539,"url":"https:\/\/www.pruvost-sports.com\/boutique\/wp-content\/uploads\/2014\/05\/412-Pont-de-la-rivierre-Kwai.jpg","type":"image\/jpeg"}],"twitter_card":"summary_large_image","schema":{"@context":"https:\/\/schema.org","@graph":[{"@type":"WebPage","@id":"https:\/\/www.pruvost-sports.com\/boutique\/produit\/pont-de-la-rivierre-kwai\/","url":"https:\/\/www.pruvost-sports.com\/boutique\/produit\/pont-de-la-rivierre-kwai\/","name":"ponton mousse piscine pont rivierre kwai","isPartOf":{"@id":"https:\/\/www.pruvost-sports.com\/boutique\/#website"},"primaryImageOfPage":{"@id":"https:\/\/www.pruvost-sports.com\/boutique\/produit\/pont-de-la-rivierre-kwai\/#primaryimage"},"image":{"@id":"https:\/\/www.pruvost-sports.com\/boutique\/produit\/pont-de-la-rivierre-kwai\/#primaryimage"},"thumbnailUrl":"https:\/\/www.pruvost-sports.com\/boutique\/wp-content\/uploads\/2014\/05\/412-Pont-de-la-rivierre-Kwai.jpg","datePublished":"2014-05-28T14:00:01+00:00","dateModified":"2024-01-17T11:12:22+00:00","description":"Pont rivierre Kwa\u00ef","breadcrumb":{"@id":"https:\/\/www.pruvost-sports.com\/boutique\/produit\/pont-de-la-rivierre-kwai\/#breadcrumb"},"inLanguage":"fr-FR","potentialAction":[{"@type":"ReadAction","target":["https:\/\/www.pruvost-sports.com\/boutique\/produit\/pont-de-la-rivierre-kwai\/"]}]},{"@type":"ImageObject","inLanguage":"fr-FR","@id":"https:\/\/www.pruvost-sports.com\/boutique\/produit\/pont-de-la-rivierre-kwai\/#primaryimage","url":"https:\/\/www.pruvost-sports.com\/boutique\/wp-content\/uploads\/2014\/05\/412-Pont-de-la-rivierre-Kwai.jpg","contentUrl":"https:\/\/www.pruvost-sports.com\/boutique\/wp-content\/uploads\/2014\/05\/412-Pont-de-la-rivierre-Kwai.jpg","width":804,"height":539,"caption":"Pont de la rivi\u00e8rre Kwa\u00ef"},{"@type":"BreadcrumbList","@id":"https:\/\/www.pruvost-sports.com\/boutique\/produit\/pont-de-la-rivierre-kwai\/#breadcrumb","itemListElement":[{"@type":"ListItem","position":1,"name":"Accueil","item":"https:\/\/www.pruvost-sports.com\/boutique\/"},{"@type":"ListItem","position":2,"name":"Boutique","item":"https:\/\/www.pruvost-sports.com\/boutique\/boutique\/"},{"@type":"ListItem","position":3,"name":"Pont de la rivi\u00e8rre Kwa\u00ef"}]},{"@type":"WebSite","@id":"https:\/\/www.pruvost-sports.com\/boutique\/#website","url":"https:\/\/www.pruvost-sports.com\/boutique\/","name":"Pruvost sport piscine","description":"","potentialAction":[{"@type":"SearchAction","target":{"@type":"EntryPoint","urlTemplate":"https:\/\/www.pruvost-sports.com\/boutique\/?s={search_term_string}"},"query-input":{"@type":"PropertyValueSpecification","valueRequired":true,"valueName":"search_term_string"}}],"inLanguage":"fr-FR"}]}},"_links":{"self":[{"href":"https:\/\/www.pruvost-sports.com\/boutique\/wp-json\/wp\/v2\/product\/1417","targetHints":{"allow":["GET"]}}],"collection":[{"href":"https:\/\/www.pruvost-sports.com\/boutique\/wp-json\/wp\/v2\/product"}],"about":[{"href":"https:\/\/www.pruvost-sports.com\/boutique\/wp-json\/wp\/v2\/types\/product"}],"wp:featuredmedia":[{"embeddable":true,"href":"https:\/\/www.pruvost-sports.com\/boutique\/wp-json\/wp\/v2\/media\/1415"}],"wp:attachment":[{"href":"https:\/\/www.pruvost-sports.com\/boutique\/wp-json\/wp\/v2\/media?parent=1417"}],"wp:term":[{"taxonomy":"product_brand","embeddable":true,"href":"https:\/\/www.pruvost-sports.com\/boutique\/wp-json\/wp\/v2\/product_brand?post=1417"},{"taxonomy":"product_cat","embeddable":true,"href":"https:\/\/www.pruvost-sports.com\/boutique\/wp-json\/wp\/v2\/product_cat?post=1417"},{"taxonomy":"product_tag","embeddable":true,"href":"https:\/\/www.pruvost-sports.com\/boutique\/wp-json\/wp\/v2\/product_tag?post=1417"}],"curies":[{"name":"wp","href":"https:\/\/api.w.org\/{rel}","templated":true}]}}