{"id":124,"date":"2014-04-17T15:16:21","date_gmt":"2014-04-17T13:16:21","guid":{"rendered":"https:\/\/www.pruvost-sports.com\/boutique\/?product=horloge-etanche-metal-400-mm"},"modified":"2024-05-07T12:10:16","modified_gmt":"2024-05-07T10:10:16","slug":"horloge-etanche-metal-400-mm","status":"publish","type":"product","link":"https:\/\/www.pruvost-sports.com\/boutique\/produit\/horloge-etanche-metal-400-mm\/","title":{"rendered":"Horloge \u00e9tanche M\u00e9tal 40 cm"},"content":{"rendered":"<p>-Diam\u00e8tre : 400mm \/ Lisibilit\u00e9 35m<br \/>\n-Bo\u00eetier m\u00e9tal \/ Verre min\u00e9ral<br \/>\n-Mouvement quartz<br \/>\n-Etanche IP65<br \/>\n-Pile : AA (non incl.)<\/p>\n<p>-Poids : 1.8kg<\/p>\n","protected":false},"excerpt":{"rendered":"<div id=\"short_description_content\" class=\"rte align_justify\">\n<p>Horloge \u00e0 aiguilles, ext\u00e9rieure \u00e9tanche \u00e0 la pluie IP65, grand diam\u00e8tre \u00d8 40 cm.<\/p>\n<p>Horloge \u00e9quip\u00e9e d&rsquo;un verre min\u00e9ral et cadre en acier trait\u00e9 inoxydable anti corrosion et peinture anti UV.<\/p>\n<\/div>\n","protected":false},"featured_media":123,"template":"","meta":[],"product_brand":[],"product_cat":[85],"product_tag":[479,476,477],"class_list":{"0":"post-124","1":"product","2":"type-product","3":"status-publish","4":"has-post-thumbnail","6":"product_cat-horloges-et-thermometres","7":"product_tag-horloge-analogique-etanche","8":"product_tag-horloge-etanche","9":"product_tag-horloge-piscine","11":"entry","12":"has-media","14":"first","15":"instock","16":"shipping-taxable","17":"purchasable","18":"product-type-simple","19":"col","20":"span_1_of_4","21":"owp-content-center","22":"owp-thumbs-layout-horizontal","23":"owp-btn-normal","24":"owp-tabs-layout-horizontal","25":"has-no-thumbnails"},"yoast_head":"<!-- This site is optimized with the Yoast SEO plugin v27.5 - https:\/\/yoast.com\/product\/yoast-seo-wordpress\/ -->\n<title>horloge \u00e9tanche piscine horloge bassin natation horloge<\/title>\n<meta name=\"description\" content=\"Horloge \u00e9tanche\" \/>\n<meta name=\"robots\" content=\"index, follow, max-snippet:-1, max-image-preview:large, max-video-preview:-1\" \/>\n<link rel=\"canonical\" href=\"https:\/\/www.pruvost-sports.com\/boutique\/produit\/horloge-etanche-metal-400-mm\/\" \/>\n<meta property=\"og:locale\" content=\"fr_FR\" \/>\n<meta property=\"og:type\" content=\"article\" \/>\n<meta property=\"og:title\" content=\"horloge \u00e9tanche piscine horloge bassin natation horloge\" \/>\n<meta property=\"og:description\" content=\"Horloge \u00e9tanche\" \/>\n<meta property=\"og:url\" content=\"https:\/\/www.pruvost-sports.com\/boutique\/produit\/horloge-etanche-metal-400-mm\/\" \/>\n<meta property=\"og:site_name\" content=\"Pruvost sport piscine\" \/>\n<meta property=\"article:modified_time\" content=\"2024-05-07T10:10:16+00:00\" \/>\n<meta property=\"og:image\" content=\"https:\/\/www.pruvost-sports.com\/boutique\/wp-content\/uploads\/2014\/04\/49-Horloge-etanche-Metal-400-mm.jpg\" \/>\n\t<meta property=\"og:image:width\" content=\"600\" \/>\n\t<meta property=\"og:image:height\" content=\"600\" \/>\n\t<meta property=\"og:image:type\" content=\"image\/jpeg\" \/>\n<meta name=\"twitter:card\" content=\"summary_large_image\" \/>\n<meta name=\"twitter:label1\" content=\"Dur\u00e9e de lecture estim\u00e9e\" \/>\n\t<meta name=\"twitter:data1\" content=\"1 minute\" \/>\n<script type=\"application\/ld+json\" class=\"yoast-schema-graph\">{\"@context\":\"https:\\\/\\\/schema.org\",\"@graph\":[{\"@type\":\"WebPage\",\"@id\":\"https:\\\/\\\/www.pruvost-sports.com\\\/boutique\\\/produit\\\/horloge-etanche-metal-400-mm\\\/\",\"url\":\"https:\\\/\\\/www.pruvost-sports.com\\\/boutique\\\/produit\\\/horloge-etanche-metal-400-mm\\\/\",\"name\":\"horloge \u00e9tanche piscine horloge bassin natation horloge\",\"isPartOf\":{\"@id\":\"https:\\\/\\\/www.pruvost-sports.com\\\/boutique\\\/#website\"},\"primaryImageOfPage\":{\"@id\":\"https:\\\/\\\/www.pruvost-sports.com\\\/boutique\\\/produit\\\/horloge-etanche-metal-400-mm\\\/#primaryimage\"},\"image\":{\"@id\":\"https:\\\/\\\/www.pruvost-sports.com\\\/boutique\\\/produit\\\/horloge-etanche-metal-400-mm\\\/#primaryimage\"},\"thumbnailUrl\":\"https:\\\/\\\/www.pruvost-sports.com\\\/boutique\\\/wp-content\\\/uploads\\\/2014\\\/04\\\/49-Horloge-etanche-Metal-400-mm.jpg\",\"datePublished\":\"2014-04-17T13:16:21+00:00\",\"dateModified\":\"2024-05-07T10:10:16+00:00\",\"description\":\"Horloge \u00e9tanche\",\"breadcrumb\":{\"@id\":\"https:\\\/\\\/www.pruvost-sports.com\\\/boutique\\\/produit\\\/horloge-etanche-metal-400-mm\\\/#breadcrumb\"},\"inLanguage\":\"fr-FR\",\"potentialAction\":[{\"@type\":\"ReadAction\",\"target\":[\"https:\\\/\\\/www.pruvost-sports.com\\\/boutique\\\/produit\\\/horloge-etanche-metal-400-mm\\\/\"]}]},{\"@type\":\"ImageObject\",\"inLanguage\":\"fr-FR\",\"@id\":\"https:\\\/\\\/www.pruvost-sports.com\\\/boutique\\\/produit\\\/horloge-etanche-metal-400-mm\\\/#primaryimage\",\"url\":\"https:\\\/\\\/www.pruvost-sports.com\\\/boutique\\\/wp-content\\\/uploads\\\/2014\\\/04\\\/49-Horloge-etanche-Metal-400-mm.jpg\",\"contentUrl\":\"https:\\\/\\\/www.pruvost-sports.com\\\/boutique\\\/wp-content\\\/uploads\\\/2014\\\/04\\\/49-Horloge-etanche-Metal-400-mm.jpg\",\"width\":600,\"height\":600,\"caption\":\"Horloge \u00e9tanche M\u00e9tal 400 mm\"},{\"@type\":\"BreadcrumbList\",\"@id\":\"https:\\\/\\\/www.pruvost-sports.com\\\/boutique\\\/produit\\\/horloge-etanche-metal-400-mm\\\/#breadcrumb\",\"itemListElement\":[{\"@type\":\"ListItem\",\"position\":1,\"name\":\"Accueil\",\"item\":\"https:\\\/\\\/www.pruvost-sports.com\\\/boutique\\\/\"},{\"@type\":\"ListItem\",\"position\":2,\"name\":\"Boutique\",\"item\":\"https:\\\/\\\/www.pruvost-sports.com\\\/boutique\\\/boutique\\\/\"},{\"@type\":\"ListItem\",\"position\":3,\"name\":\"Horloge \u00e9tanche M\u00e9tal 40 cm\"}]},{\"@type\":\"WebSite\",\"@id\":\"https:\\\/\\\/www.pruvost-sports.com\\\/boutique\\\/#website\",\"url\":\"https:\\\/\\\/www.pruvost-sports.com\\\/boutique\\\/\",\"name\":\"Pruvost sport piscine\",\"description\":\"\",\"potentialAction\":[{\"@type\":\"SearchAction\",\"target\":{\"@type\":\"EntryPoint\",\"urlTemplate\":\"https:\\\/\\\/www.pruvost-sports.com\\\/boutique\\\/?s={search_term_string}\"},\"query-input\":{\"@type\":\"PropertyValueSpecification\",\"valueRequired\":true,\"valueName\":\"search_term_string\"}}],\"inLanguage\":\"fr-FR\"}]}<\/script>\n<!-- \/ Yoast SEO plugin. -->","yoast_head_json":{"title":"horloge \u00e9tanche piscine horloge bassin natation horloge","description":"Horloge \u00e9tanche","robots":{"index":"index","follow":"follow","max-snippet":"max-snippet:-1","max-image-preview":"max-image-preview:large","max-video-preview":"max-video-preview:-1"},"canonical":"https:\/\/www.pruvost-sports.com\/boutique\/produit\/horloge-etanche-metal-400-mm\/","og_locale":"fr_FR","og_type":"article","og_title":"horloge \u00e9tanche piscine horloge bassin natation horloge","og_description":"Horloge \u00e9tanche","og_url":"https:\/\/www.pruvost-sports.com\/boutique\/produit\/horloge-etanche-metal-400-mm\/","og_site_name":"Pruvost sport piscine","article_modified_time":"2024-05-07T10:10:16+00:00","og_image":[{"width":600,"height":600,"url":"https:\/\/www.pruvost-sports.com\/boutique\/wp-content\/uploads\/2014\/04\/49-Horloge-etanche-Metal-400-mm.jpg","type":"image\/jpeg"}],"twitter_card":"summary_large_image","twitter_misc":{"Dur\u00e9e de lecture estim\u00e9e":"1 minute"},"schema":{"@context":"https:\/\/schema.org","@graph":[{"@type":"WebPage","@id":"https:\/\/www.pruvost-sports.com\/boutique\/produit\/horloge-etanche-metal-400-mm\/","url":"https:\/\/www.pruvost-sports.com\/boutique\/produit\/horloge-etanche-metal-400-mm\/","name":"horloge \u00e9tanche piscine horloge bassin natation horloge","isPartOf":{"@id":"https:\/\/www.pruvost-sports.com\/boutique\/#website"},"primaryImageOfPage":{"@id":"https:\/\/www.pruvost-sports.com\/boutique\/produit\/horloge-etanche-metal-400-mm\/#primaryimage"},"image":{"@id":"https:\/\/www.pruvost-sports.com\/boutique\/produit\/horloge-etanche-metal-400-mm\/#primaryimage"},"thumbnailUrl":"https:\/\/www.pruvost-sports.com\/boutique\/wp-content\/uploads\/2014\/04\/49-Horloge-etanche-Metal-400-mm.jpg","datePublished":"2014-04-17T13:16:21+00:00","dateModified":"2024-05-07T10:10:16+00:00","description":"Horloge \u00e9tanche","breadcrumb":{"@id":"https:\/\/www.pruvost-sports.com\/boutique\/produit\/horloge-etanche-metal-400-mm\/#breadcrumb"},"inLanguage":"fr-FR","potentialAction":[{"@type":"ReadAction","target":["https:\/\/www.pruvost-sports.com\/boutique\/produit\/horloge-etanche-metal-400-mm\/"]}]},{"@type":"ImageObject","inLanguage":"fr-FR","@id":"https:\/\/www.pruvost-sports.com\/boutique\/produit\/horloge-etanche-metal-400-mm\/#primaryimage","url":"https:\/\/www.pruvost-sports.com\/boutique\/wp-content\/uploads\/2014\/04\/49-Horloge-etanche-Metal-400-mm.jpg","contentUrl":"https:\/\/www.pruvost-sports.com\/boutique\/wp-content\/uploads\/2014\/04\/49-Horloge-etanche-Metal-400-mm.jpg","width":600,"height":600,"caption":"Horloge \u00e9tanche M\u00e9tal 400 mm"},{"@type":"BreadcrumbList","@id":"https:\/\/www.pruvost-sports.com\/boutique\/produit\/horloge-etanche-metal-400-mm\/#breadcrumb","itemListElement":[{"@type":"ListItem","position":1,"name":"Accueil","item":"https:\/\/www.pruvost-sports.com\/boutique\/"},{"@type":"ListItem","position":2,"name":"Boutique","item":"https:\/\/www.pruvost-sports.com\/boutique\/boutique\/"},{"@type":"ListItem","position":3,"name":"Horloge \u00e9tanche M\u00e9tal 40 cm"}]},{"@type":"WebSite","@id":"https:\/\/www.pruvost-sports.com\/boutique\/#website","url":"https:\/\/www.pruvost-sports.com\/boutique\/","name":"Pruvost sport piscine","description":"","potentialAction":[{"@type":"SearchAction","target":{"@type":"EntryPoint","urlTemplate":"https:\/\/www.pruvost-sports.com\/boutique\/?s={search_term_string}"},"query-input":{"@type":"PropertyValueSpecification","valueRequired":true,"valueName":"search_term_string"}}],"inLanguage":"fr-FR"}]}},"_links":{"self":[{"href":"https:\/\/www.pruvost-sports.com\/boutique\/wp-json\/wp\/v2\/product\/124","targetHints":{"allow":["GET"]}}],"collection":[{"href":"https:\/\/www.pruvost-sports.com\/boutique\/wp-json\/wp\/v2\/product"}],"about":[{"href":"https:\/\/www.pruvost-sports.com\/boutique\/wp-json\/wp\/v2\/types\/product"}],"wp:featuredmedia":[{"embeddable":true,"href":"https:\/\/www.pruvost-sports.com\/boutique\/wp-json\/wp\/v2\/media\/123"}],"wp:attachment":[{"href":"https:\/\/www.pruvost-sports.com\/boutique\/wp-json\/wp\/v2\/media?parent=124"}],"wp:term":[{"taxonomy":"product_brand","embeddable":true,"href":"https:\/\/www.pruvost-sports.com\/boutique\/wp-json\/wp\/v2\/product_brand?post=124"},{"taxonomy":"product_cat","embeddable":true,"href":"https:\/\/www.pruvost-sports.com\/boutique\/wp-json\/wp\/v2\/product_cat?post=124"},{"taxonomy":"product_tag","embeddable":true,"href":"https:\/\/www.pruvost-sports.com\/boutique\/wp-json\/wp\/v2\/product_tag?post=124"}],"curies":[{"name":"wp","href":"https:\/\/api.w.org\/{rel}","templated":true}]}}