{"id":118,"date":"2014-04-17T14:48:18","date_gmt":"2014-04-17T12:48:18","guid":{"rendered":"https:\/\/www.pruvost-sports.com\/boutique\/?product=horloge-de-piscine-a-diodes"},"modified":"2025-01-22T09:40:02","modified_gmt":"2025-01-22T08:40:02","slug":"horloge-de-piscine-a-diodes","status":"publish","type":"product","link":"https:\/\/www.pruvost-sports.com\/boutique\/produit\/horloge-de-piscine-a-diodes\/","title":{"rendered":"Horloge de piscine \u00e0 diodes &#8211; Temp\u00e9rature bassin + air"},"content":{"rendered":"<p>-Affichage Heure\/min. temp\u00e9rature air et bassin<br \/>\n-Affichage fixe ou alternance au choix<br \/>\n-Sonde eau 30 m \/ Sonde air 3 m<br \/>\n-Chiffres 9cm \/ lisibilit\u00e9 35m<br \/>\n-Livr\u00e9 avec t\u00e9l\u00e9commande Infrarouge<br \/>\n-Dim : 460x180x90 mm \/ 3 kg<br \/>\n-Alim : 230 V \/ R\u00e9serve de marche 3 mois<\/p>\n","protected":false},"excerpt":{"rendered":"<p>Tableau d&rsquo;affichage mural \u00e9tanche \u00e0 diodes.<\/p>\n<p>Horloge 4 chiffres mn\/sec hauteur 9cm lisible \u00e0 35m<\/p>\n<p>Il poss\u00e8de une horloge hr\/min et un thermom\u00e8tre d\u00e9livrant la temp\u00e9rature de l&rsquo;air par une sonde de 3m et de l&rsquo;eau du bassin avec une sonde de 30m. Les informations sont de mani\u00e8re fixe ou alternativement. L&rsquo;afficheur est livr\u00e9 avec une t\u00e9l\u00e9commande infratouge.<\/p>\n","protected":false},"featured_media":117,"template":"","meta":[],"product_brand":[],"product_cat":[85],"product_tag":[471,473,472],"class_list":{"0":"post-118","1":"product","2":"type-product","3":"status-publish","4":"has-post-thumbnail","6":"product_cat-horloges-et-thermometres","7":"product_tag-horloge-diodes-piscine","8":"product_tag-horloge-numerique-piscine","9":"product_tag-temperature-bassin","11":"entry","12":"has-media","14":"first","15":"instock","16":"shipping-taxable","17":"purchasable","18":"product-type-simple","19":"col","20":"span_1_of_4","21":"owp-content-center","22":"owp-thumbs-layout-horizontal","23":"owp-btn-normal","24":"owp-tabs-layout-horizontal","25":"has-no-thumbnails"},"yoast_head":"<!-- This site is optimized with the Yoast SEO plugin v27.5 - https:\/\/yoast.com\/product\/yoast-seo-wordpress\/ -->\n<title>horloge piscine horloge etanche horlage bassin horloge \u00e0 diode<\/title>\n<meta name=\"description\" content=\"Horloge de piscine \u00e0 diodes\" \/>\n<meta name=\"robots\" content=\"index, follow, max-snippet:-1, max-image-preview:large, max-video-preview:-1\" \/>\n<link rel=\"canonical\" href=\"https:\/\/www.pruvost-sports.com\/boutique\/produit\/horloge-de-piscine-a-diodes\/\" \/>\n<meta property=\"og:locale\" content=\"fr_FR\" \/>\n<meta property=\"og:type\" content=\"article\" \/>\n<meta property=\"og:title\" content=\"horloge piscine horloge etanche horlage bassin horloge \u00e0 diode\" \/>\n<meta property=\"og:description\" content=\"Horloge de piscine \u00e0 diodes\" \/>\n<meta property=\"og:url\" content=\"https:\/\/www.pruvost-sports.com\/boutique\/produit\/horloge-de-piscine-a-diodes\/\" \/>\n<meta property=\"og:site_name\" content=\"Pruvost sport piscine\" \/>\n<meta property=\"article:modified_time\" content=\"2025-01-22T08:40:02+00:00\" \/>\n<meta property=\"og:image\" content=\"https:\/\/www.pruvost-sports.com\/boutique\/wp-content\/uploads\/2014\/04\/46-Horloge-de-piscine-a-diodes.jpg\" \/>\n\t<meta property=\"og:image:width\" content=\"600\" \/>\n\t<meta property=\"og:image:height\" content=\"600\" \/>\n\t<meta property=\"og:image:type\" content=\"image\/jpeg\" \/>\n<meta name=\"twitter:card\" content=\"summary_large_image\" \/>\n<meta name=\"twitter:label1\" content=\"Dur\u00e9e de lecture estim\u00e9e\" \/>\n\t<meta name=\"twitter:data1\" content=\"1 minute\" \/>\n<script type=\"application\/ld+json\" class=\"yoast-schema-graph\">{\"@context\":\"https:\\\/\\\/schema.org\",\"@graph\":[{\"@type\":\"WebPage\",\"@id\":\"https:\\\/\\\/www.pruvost-sports.com\\\/boutique\\\/produit\\\/horloge-de-piscine-a-diodes\\\/\",\"url\":\"https:\\\/\\\/www.pruvost-sports.com\\\/boutique\\\/produit\\\/horloge-de-piscine-a-diodes\\\/\",\"name\":\"horloge piscine horloge etanche horlage bassin horloge \u00e0 diode\",\"isPartOf\":{\"@id\":\"https:\\\/\\\/www.pruvost-sports.com\\\/boutique\\\/#website\"},\"primaryImageOfPage\":{\"@id\":\"https:\\\/\\\/www.pruvost-sports.com\\\/boutique\\\/produit\\\/horloge-de-piscine-a-diodes\\\/#primaryimage\"},\"image\":{\"@id\":\"https:\\\/\\\/www.pruvost-sports.com\\\/boutique\\\/produit\\\/horloge-de-piscine-a-diodes\\\/#primaryimage\"},\"thumbnailUrl\":\"https:\\\/\\\/www.pruvost-sports.com\\\/boutique\\\/wp-content\\\/uploads\\\/2014\\\/04\\\/46-Horloge-de-piscine-a-diodes.jpg\",\"datePublished\":\"2014-04-17T12:48:18+00:00\",\"dateModified\":\"2025-01-22T08:40:02+00:00\",\"description\":\"Horloge de piscine \u00e0 diodes\",\"breadcrumb\":{\"@id\":\"https:\\\/\\\/www.pruvost-sports.com\\\/boutique\\\/produit\\\/horloge-de-piscine-a-diodes\\\/#breadcrumb\"},\"inLanguage\":\"fr-FR\",\"potentialAction\":[{\"@type\":\"ReadAction\",\"target\":[\"https:\\\/\\\/www.pruvost-sports.com\\\/boutique\\\/produit\\\/horloge-de-piscine-a-diodes\\\/\"]}]},{\"@type\":\"ImageObject\",\"inLanguage\":\"fr-FR\",\"@id\":\"https:\\\/\\\/www.pruvost-sports.com\\\/boutique\\\/produit\\\/horloge-de-piscine-a-diodes\\\/#primaryimage\",\"url\":\"https:\\\/\\\/www.pruvost-sports.com\\\/boutique\\\/wp-content\\\/uploads\\\/2014\\\/04\\\/46-Horloge-de-piscine-a-diodes.jpg\",\"contentUrl\":\"https:\\\/\\\/www.pruvost-sports.com\\\/boutique\\\/wp-content\\\/uploads\\\/2014\\\/04\\\/46-Horloge-de-piscine-a-diodes.jpg\",\"width\":600,\"height\":600,\"caption\":\"Horloge de piscine \u00e0 diodes\"},{\"@type\":\"BreadcrumbList\",\"@id\":\"https:\\\/\\\/www.pruvost-sports.com\\\/boutique\\\/produit\\\/horloge-de-piscine-a-diodes\\\/#breadcrumb\",\"itemListElement\":[{\"@type\":\"ListItem\",\"position\":1,\"name\":\"Accueil\",\"item\":\"https:\\\/\\\/www.pruvost-sports.com\\\/boutique\\\/\"},{\"@type\":\"ListItem\",\"position\":2,\"name\":\"Boutique\",\"item\":\"https:\\\/\\\/www.pruvost-sports.com\\\/boutique\\\/boutique\\\/\"},{\"@type\":\"ListItem\",\"position\":3,\"name\":\"Horloge de piscine \u00e0 diodes &#8211; Temp\u00e9rature bassin + air\"}]},{\"@type\":\"WebSite\",\"@id\":\"https:\\\/\\\/www.pruvost-sports.com\\\/boutique\\\/#website\",\"url\":\"https:\\\/\\\/www.pruvost-sports.com\\\/boutique\\\/\",\"name\":\"Pruvost sport piscine\",\"description\":\"\",\"potentialAction\":[{\"@type\":\"SearchAction\",\"target\":{\"@type\":\"EntryPoint\",\"urlTemplate\":\"https:\\\/\\\/www.pruvost-sports.com\\\/boutique\\\/?s={search_term_string}\"},\"query-input\":{\"@type\":\"PropertyValueSpecification\",\"valueRequired\":true,\"valueName\":\"search_term_string\"}}],\"inLanguage\":\"fr-FR\"}]}<\/script>\n<!-- \/ Yoast SEO plugin. -->","yoast_head_json":{"title":"horloge piscine horloge etanche horlage bassin horloge \u00e0 diode","description":"Horloge de piscine \u00e0 diodes","robots":{"index":"index","follow":"follow","max-snippet":"max-snippet:-1","max-image-preview":"max-image-preview:large","max-video-preview":"max-video-preview:-1"},"canonical":"https:\/\/www.pruvost-sports.com\/boutique\/produit\/horloge-de-piscine-a-diodes\/","og_locale":"fr_FR","og_type":"article","og_title":"horloge piscine horloge etanche horlage bassin horloge \u00e0 diode","og_description":"Horloge de piscine \u00e0 diodes","og_url":"https:\/\/www.pruvost-sports.com\/boutique\/produit\/horloge-de-piscine-a-diodes\/","og_site_name":"Pruvost sport piscine","article_modified_time":"2025-01-22T08:40:02+00:00","og_image":[{"width":600,"height":600,"url":"https:\/\/www.pruvost-sports.com\/boutique\/wp-content\/uploads\/2014\/04\/46-Horloge-de-piscine-a-diodes.jpg","type":"image\/jpeg"}],"twitter_card":"summary_large_image","twitter_misc":{"Dur\u00e9e de lecture estim\u00e9e":"1 minute"},"schema":{"@context":"https:\/\/schema.org","@graph":[{"@type":"WebPage","@id":"https:\/\/www.pruvost-sports.com\/boutique\/produit\/horloge-de-piscine-a-diodes\/","url":"https:\/\/www.pruvost-sports.com\/boutique\/produit\/horloge-de-piscine-a-diodes\/","name":"horloge piscine horloge etanche horlage bassin horloge \u00e0 diode","isPartOf":{"@id":"https:\/\/www.pruvost-sports.com\/boutique\/#website"},"primaryImageOfPage":{"@id":"https:\/\/www.pruvost-sports.com\/boutique\/produit\/horloge-de-piscine-a-diodes\/#primaryimage"},"image":{"@id":"https:\/\/www.pruvost-sports.com\/boutique\/produit\/horloge-de-piscine-a-diodes\/#primaryimage"},"thumbnailUrl":"https:\/\/www.pruvost-sports.com\/boutique\/wp-content\/uploads\/2014\/04\/46-Horloge-de-piscine-a-diodes.jpg","datePublished":"2014-04-17T12:48:18+00:00","dateModified":"2025-01-22T08:40:02+00:00","description":"Horloge de piscine \u00e0 diodes","breadcrumb":{"@id":"https:\/\/www.pruvost-sports.com\/boutique\/produit\/horloge-de-piscine-a-diodes\/#breadcrumb"},"inLanguage":"fr-FR","potentialAction":[{"@type":"ReadAction","target":["https:\/\/www.pruvost-sports.com\/boutique\/produit\/horloge-de-piscine-a-diodes\/"]}]},{"@type":"ImageObject","inLanguage":"fr-FR","@id":"https:\/\/www.pruvost-sports.com\/boutique\/produit\/horloge-de-piscine-a-diodes\/#primaryimage","url":"https:\/\/www.pruvost-sports.com\/boutique\/wp-content\/uploads\/2014\/04\/46-Horloge-de-piscine-a-diodes.jpg","contentUrl":"https:\/\/www.pruvost-sports.com\/boutique\/wp-content\/uploads\/2014\/04\/46-Horloge-de-piscine-a-diodes.jpg","width":600,"height":600,"caption":"Horloge de piscine \u00e0 diodes"},{"@type":"BreadcrumbList","@id":"https:\/\/www.pruvost-sports.com\/boutique\/produit\/horloge-de-piscine-a-diodes\/#breadcrumb","itemListElement":[{"@type":"ListItem","position":1,"name":"Accueil","item":"https:\/\/www.pruvost-sports.com\/boutique\/"},{"@type":"ListItem","position":2,"name":"Boutique","item":"https:\/\/www.pruvost-sports.com\/boutique\/boutique\/"},{"@type":"ListItem","position":3,"name":"Horloge de piscine \u00e0 diodes &#8211; Temp\u00e9rature bassin + air"}]},{"@type":"WebSite","@id":"https:\/\/www.pruvost-sports.com\/boutique\/#website","url":"https:\/\/www.pruvost-sports.com\/boutique\/","name":"Pruvost sport piscine","description":"","potentialAction":[{"@type":"SearchAction","target":{"@type":"EntryPoint","urlTemplate":"https:\/\/www.pruvost-sports.com\/boutique\/?s={search_term_string}"},"query-input":{"@type":"PropertyValueSpecification","valueRequired":true,"valueName":"search_term_string"}}],"inLanguage":"fr-FR"}]}},"_links":{"self":[{"href":"https:\/\/www.pruvost-sports.com\/boutique\/wp-json\/wp\/v2\/product\/118","targetHints":{"allow":["GET"]}}],"collection":[{"href":"https:\/\/www.pruvost-sports.com\/boutique\/wp-json\/wp\/v2\/product"}],"about":[{"href":"https:\/\/www.pruvost-sports.com\/boutique\/wp-json\/wp\/v2\/types\/product"}],"wp:featuredmedia":[{"embeddable":true,"href":"https:\/\/www.pruvost-sports.com\/boutique\/wp-json\/wp\/v2\/media\/117"}],"wp:attachment":[{"href":"https:\/\/www.pruvost-sports.com\/boutique\/wp-json\/wp\/v2\/media?parent=118"}],"wp:term":[{"taxonomy":"product_brand","embeddable":true,"href":"https:\/\/www.pruvost-sports.com\/boutique\/wp-json\/wp\/v2\/product_brand?post=118"},{"taxonomy":"product_cat","embeddable":true,"href":"https:\/\/www.pruvost-sports.com\/boutique\/wp-json\/wp\/v2\/product_cat?post=118"},{"taxonomy":"product_tag","embeddable":true,"href":"https:\/\/www.pruvost-sports.com\/boutique\/wp-json\/wp\/v2\/product_tag?post=118"}],"curies":[{"name":"wp","href":"https:\/\/api.w.org\/{rel}","templated":true}]}}