{"id":1110,"date":"2014-05-23T09:10:03","date_gmt":"2014-05-23T07:10:03","guid":{"rendered":"https:\/\/www.pruvost-sports.com\/boutique\/?product=anneaux-lestes-a-lamelles-lot-de-4"},"modified":"2014-05-23T09:10:03","modified_gmt":"2014-05-23T07:10:03","slug":"anneaux-lestes-a-lamelles-lot-de-4","status":"publish","type":"product","link":"https:\/\/www.pruvost-sports.com\/boutique\/produit\/anneaux-lestes-a-lamelles-lot-de-4\/","title":{"rendered":"Anneaux lest\u00e9s  \u00e0 lamelles"},"content":{"rendered":"","protected":false},"excerpt":{"rendered":"<p>anneaux lest&eacute;s &agrave; lamelles<\/p>\n","protected":false},"featured_media":1108,"template":"","meta":[],"product_brand":[],"product_cat":[77],"product_tag":[854,857,855],"class_list":{"0":"post-1110","1":"product","2":"type-product","3":"status-publish","4":"has-post-thumbnail","6":"product_cat-objets-lestes","7":"product_tag-anneaux-lestes","8":"product_tag-anneaux-lestes-a-lamelles","9":"product_tag-anneaux-lestes-piscine","10":"pa_couleur-jaune","11":"pa_couleur-rouge","13":"entry","14":"has-media","16":"first","17":"instock","18":"shipping-taxable","19":"purchasable","20":"product-type-variable","21":"has-default-attributes","22":"col","23":"span_1_of_4","24":"owp-content-center","25":"owp-thumbs-layout-horizontal","26":"owp-btn-normal","27":"owp-tabs-layout-horizontal"},"yoast_head":"<!-- This site is optimized with the Yoast SEO plugin v27.5 - https:\/\/yoast.com\/product\/yoast-seo-wordpress\/ -->\n<title>anneaux lest\u00e9s \u00e0 lamelles piscine jeu ludique piscine<\/title>\n<meta name=\"description\" content=\"Anneaux lest\u00e9s \u00e0 lamelles piscine\" \/>\n<meta name=\"robots\" content=\"index, follow, max-snippet:-1, max-image-preview:large, max-video-preview:-1\" \/>\n<link rel=\"canonical\" href=\"https:\/\/www.pruvost-sports.com\/boutique\/produit\/anneaux-lestes-a-lamelles-lot-de-4\/\" \/>\n<meta property=\"og:locale\" content=\"fr_FR\" \/>\n<meta property=\"og:type\" content=\"article\" \/>\n<meta property=\"og:title\" content=\"anneaux lest\u00e9s \u00e0 lamelles piscine jeu ludique piscine\" \/>\n<meta property=\"og:description\" content=\"Anneaux lest\u00e9s \u00e0 lamelles piscine\" \/>\n<meta property=\"og:url\" content=\"https:\/\/www.pruvost-sports.com\/boutique\/produit\/anneaux-lestes-a-lamelles-lot-de-4\/\" \/>\n<meta property=\"og:site_name\" content=\"Pruvost sport piscine\" \/>\n<meta property=\"og:image\" content=\"https:\/\/www.pruvost-sports.com\/boutique\/wp-content\/uploads\/2014\/05\/335-Anneaux-lestes-a-lamelles-lot-de-4.jpg\" \/>\n\t<meta property=\"og:image:width\" content=\"800\" \/>\n\t<meta property=\"og:image:height\" content=\"800\" \/>\n\t<meta property=\"og:image:type\" content=\"image\/jpeg\" \/>\n<meta name=\"twitter:card\" content=\"summary_large_image\" \/>\n<script type=\"application\/ld+json\" class=\"yoast-schema-graph\">{\"@context\":\"https:\\\/\\\/schema.org\",\"@graph\":[{\"@type\":\"WebPage\",\"@id\":\"https:\\\/\\\/www.pruvost-sports.com\\\/boutique\\\/produit\\\/anneaux-lestes-a-lamelles-lot-de-4\\\/\",\"url\":\"https:\\\/\\\/www.pruvost-sports.com\\\/boutique\\\/produit\\\/anneaux-lestes-a-lamelles-lot-de-4\\\/\",\"name\":\"anneaux lest\u00e9s \u00e0 lamelles piscine jeu ludique piscine\",\"isPartOf\":{\"@id\":\"https:\\\/\\\/www.pruvost-sports.com\\\/boutique\\\/#website\"},\"primaryImageOfPage\":{\"@id\":\"https:\\\/\\\/www.pruvost-sports.com\\\/boutique\\\/produit\\\/anneaux-lestes-a-lamelles-lot-de-4\\\/#primaryimage\"},\"image\":{\"@id\":\"https:\\\/\\\/www.pruvost-sports.com\\\/boutique\\\/produit\\\/anneaux-lestes-a-lamelles-lot-de-4\\\/#primaryimage\"},\"thumbnailUrl\":\"https:\\\/\\\/www.pruvost-sports.com\\\/boutique\\\/wp-content\\\/uploads\\\/2014\\\/05\\\/335-Anneaux-lestes-a-lamelles-lot-de-4.jpg\",\"datePublished\":\"2014-05-23T07:10:03+00:00\",\"description\":\"Anneaux lest\u00e9s \u00e0 lamelles piscine\",\"breadcrumb\":{\"@id\":\"https:\\\/\\\/www.pruvost-sports.com\\\/boutique\\\/produit\\\/anneaux-lestes-a-lamelles-lot-de-4\\\/#breadcrumb\"},\"inLanguage\":\"fr-FR\",\"potentialAction\":[{\"@type\":\"ReadAction\",\"target\":[\"https:\\\/\\\/www.pruvost-sports.com\\\/boutique\\\/produit\\\/anneaux-lestes-a-lamelles-lot-de-4\\\/\"]}]},{\"@type\":\"ImageObject\",\"inLanguage\":\"fr-FR\",\"@id\":\"https:\\\/\\\/www.pruvost-sports.com\\\/boutique\\\/produit\\\/anneaux-lestes-a-lamelles-lot-de-4\\\/#primaryimage\",\"url\":\"https:\\\/\\\/www.pruvost-sports.com\\\/boutique\\\/wp-content\\\/uploads\\\/2014\\\/05\\\/335-Anneaux-lestes-a-lamelles-lot-de-4.jpg\",\"contentUrl\":\"https:\\\/\\\/www.pruvost-sports.com\\\/boutique\\\/wp-content\\\/uploads\\\/2014\\\/05\\\/335-Anneaux-lestes-a-lamelles-lot-de-4.jpg\",\"width\":800,\"height\":800,\"caption\":\"Anneaux lest\u00e9s \u00e0 lamelles - lot de 4\"},{\"@type\":\"BreadcrumbList\",\"@id\":\"https:\\\/\\\/www.pruvost-sports.com\\\/boutique\\\/produit\\\/anneaux-lestes-a-lamelles-lot-de-4\\\/#breadcrumb\",\"itemListElement\":[{\"@type\":\"ListItem\",\"position\":1,\"name\":\"Accueil\",\"item\":\"https:\\\/\\\/www.pruvost-sports.com\\\/boutique\\\/\"},{\"@type\":\"ListItem\",\"position\":2,\"name\":\"Boutique\",\"item\":\"https:\\\/\\\/www.pruvost-sports.com\\\/boutique\\\/boutique\\\/\"},{\"@type\":\"ListItem\",\"position\":3,\"name\":\"Anneaux lest\u00e9s \u00e0 lamelles\"}]},{\"@type\":\"WebSite\",\"@id\":\"https:\\\/\\\/www.pruvost-sports.com\\\/boutique\\\/#website\",\"url\":\"https:\\\/\\\/www.pruvost-sports.com\\\/boutique\\\/\",\"name\":\"Pruvost sport piscine\",\"description\":\"\",\"potentialAction\":[{\"@type\":\"SearchAction\",\"target\":{\"@type\":\"EntryPoint\",\"urlTemplate\":\"https:\\\/\\\/www.pruvost-sports.com\\\/boutique\\\/?s={search_term_string}\"},\"query-input\":{\"@type\":\"PropertyValueSpecification\",\"valueRequired\":true,\"valueName\":\"search_term_string\"}}],\"inLanguage\":\"fr-FR\"}]}<\/script>\n<!-- \/ Yoast SEO plugin. -->","yoast_head_json":{"title":"anneaux lest\u00e9s \u00e0 lamelles piscine jeu ludique piscine","description":"Anneaux lest\u00e9s \u00e0 lamelles piscine","robots":{"index":"index","follow":"follow","max-snippet":"max-snippet:-1","max-image-preview":"max-image-preview:large","max-video-preview":"max-video-preview:-1"},"canonical":"https:\/\/www.pruvost-sports.com\/boutique\/produit\/anneaux-lestes-a-lamelles-lot-de-4\/","og_locale":"fr_FR","og_type":"article","og_title":"anneaux lest\u00e9s \u00e0 lamelles piscine jeu ludique piscine","og_description":"Anneaux lest\u00e9s \u00e0 lamelles piscine","og_url":"https:\/\/www.pruvost-sports.com\/boutique\/produit\/anneaux-lestes-a-lamelles-lot-de-4\/","og_site_name":"Pruvost sport piscine","og_image":[{"width":800,"height":800,"url":"https:\/\/www.pruvost-sports.com\/boutique\/wp-content\/uploads\/2014\/05\/335-Anneaux-lestes-a-lamelles-lot-de-4.jpg","type":"image\/jpeg"}],"twitter_card":"summary_large_image","schema":{"@context":"https:\/\/schema.org","@graph":[{"@type":"WebPage","@id":"https:\/\/www.pruvost-sports.com\/boutique\/produit\/anneaux-lestes-a-lamelles-lot-de-4\/","url":"https:\/\/www.pruvost-sports.com\/boutique\/produit\/anneaux-lestes-a-lamelles-lot-de-4\/","name":"anneaux lest\u00e9s \u00e0 lamelles piscine jeu ludique piscine","isPartOf":{"@id":"https:\/\/www.pruvost-sports.com\/boutique\/#website"},"primaryImageOfPage":{"@id":"https:\/\/www.pruvost-sports.com\/boutique\/produit\/anneaux-lestes-a-lamelles-lot-de-4\/#primaryimage"},"image":{"@id":"https:\/\/www.pruvost-sports.com\/boutique\/produit\/anneaux-lestes-a-lamelles-lot-de-4\/#primaryimage"},"thumbnailUrl":"https:\/\/www.pruvost-sports.com\/boutique\/wp-content\/uploads\/2014\/05\/335-Anneaux-lestes-a-lamelles-lot-de-4.jpg","datePublished":"2014-05-23T07:10:03+00:00","description":"Anneaux lest\u00e9s \u00e0 lamelles piscine","breadcrumb":{"@id":"https:\/\/www.pruvost-sports.com\/boutique\/produit\/anneaux-lestes-a-lamelles-lot-de-4\/#breadcrumb"},"inLanguage":"fr-FR","potentialAction":[{"@type":"ReadAction","target":["https:\/\/www.pruvost-sports.com\/boutique\/produit\/anneaux-lestes-a-lamelles-lot-de-4\/"]}]},{"@type":"ImageObject","inLanguage":"fr-FR","@id":"https:\/\/www.pruvost-sports.com\/boutique\/produit\/anneaux-lestes-a-lamelles-lot-de-4\/#primaryimage","url":"https:\/\/www.pruvost-sports.com\/boutique\/wp-content\/uploads\/2014\/05\/335-Anneaux-lestes-a-lamelles-lot-de-4.jpg","contentUrl":"https:\/\/www.pruvost-sports.com\/boutique\/wp-content\/uploads\/2014\/05\/335-Anneaux-lestes-a-lamelles-lot-de-4.jpg","width":800,"height":800,"caption":"Anneaux lest\u00e9s \u00e0 lamelles - lot de 4"},{"@type":"BreadcrumbList","@id":"https:\/\/www.pruvost-sports.com\/boutique\/produit\/anneaux-lestes-a-lamelles-lot-de-4\/#breadcrumb","itemListElement":[{"@type":"ListItem","position":1,"name":"Accueil","item":"https:\/\/www.pruvost-sports.com\/boutique\/"},{"@type":"ListItem","position":2,"name":"Boutique","item":"https:\/\/www.pruvost-sports.com\/boutique\/boutique\/"},{"@type":"ListItem","position":3,"name":"Anneaux lest\u00e9s \u00e0 lamelles"}]},{"@type":"WebSite","@id":"https:\/\/www.pruvost-sports.com\/boutique\/#website","url":"https:\/\/www.pruvost-sports.com\/boutique\/","name":"Pruvost sport piscine","description":"","potentialAction":[{"@type":"SearchAction","target":{"@type":"EntryPoint","urlTemplate":"https:\/\/www.pruvost-sports.com\/boutique\/?s={search_term_string}"},"query-input":{"@type":"PropertyValueSpecification","valueRequired":true,"valueName":"search_term_string"}}],"inLanguage":"fr-FR"}]}},"_links":{"self":[{"href":"https:\/\/www.pruvost-sports.com\/boutique\/wp-json\/wp\/v2\/product\/1110","targetHints":{"allow":["GET"]}}],"collection":[{"href":"https:\/\/www.pruvost-sports.com\/boutique\/wp-json\/wp\/v2\/product"}],"about":[{"href":"https:\/\/www.pruvost-sports.com\/boutique\/wp-json\/wp\/v2\/types\/product"}],"wp:featuredmedia":[{"embeddable":true,"href":"https:\/\/www.pruvost-sports.com\/boutique\/wp-json\/wp\/v2\/media\/1108"}],"wp:attachment":[{"href":"https:\/\/www.pruvost-sports.com\/boutique\/wp-json\/wp\/v2\/media?parent=1110"}],"wp:term":[{"taxonomy":"product_brand","embeddable":true,"href":"https:\/\/www.pruvost-sports.com\/boutique\/wp-json\/wp\/v2\/product_brand?post=1110"},{"taxonomy":"product_cat","embeddable":true,"href":"https:\/\/www.pruvost-sports.com\/boutique\/wp-json\/wp\/v2\/product_cat?post=1110"},{"taxonomy":"product_tag","embeddable":true,"href":"https:\/\/www.pruvost-sports.com\/boutique\/wp-json\/wp\/v2\/product_tag?post=1110"}],"curies":[{"name":"wp","href":"https:\/\/api.w.org\/{rel}","templated":true}]}}