{"id":7408,"date":"2023-11-27T09:58:46","date_gmt":"2023-11-27T08:58:46","guid":{"rendered":"https:\/\/www.pruvost-sports.com\/boutique\/?page_id=7408"},"modified":"2023-11-27T09:59:36","modified_gmt":"2023-11-27T08:59:36","slug":"conditions-generales-de-vente","status":"publish","type":"page","link":"https:\/\/www.pruvost-sports.com\/boutique\/conditions-generales-de-vente\/","title":{"rendered":"Conditions G\u00e9n\u00e9rales de Vente"},"content":{"rendered":"\t\t<div data-elementor-type=\"wp-page\" data-elementor-id=\"7408\" class=\"elementor elementor-7408\">\n\t\t\t\t<div class=\"elementor-element elementor-element-eaba389 e-flex e-con-boxed e-con e-parent\" data-id=\"eaba389\" data-element_type=\"container\" data-e-type=\"container\">\n\t\t\t\t\t<div class=\"e-con-inner\">\n\t\t\t\t<div class=\"elementor-element elementor-element-e349ea6 elementor-widget elementor-widget-heading\" data-id=\"e349ea6\" data-element_type=\"widget\" data-e-type=\"widget\" data-widget_type=\"heading.default\">\n\t\t\t\t<div class=\"elementor-widget-container\">\n\t\t\t\t\t<h2 class=\"elementor-heading-title elementor-size-default\">CONDITIONS GENERALES DE VENTE PRUVOST SPORTS<\/h2>\t\t\t\t<\/div>\n\t\t\t\t<\/div>\n\t\t\t\t<div class=\"elementor-element elementor-element-f722ba4 elementor-widget elementor-widget-text-editor\" data-id=\"f722ba4\" data-element_type=\"widget\" data-e-type=\"widget\" data-widget_type=\"text-editor.default\">\n\t\t\t\t<div class=\"elementor-widget-container\">\n\t\t\t\t\t\t\t\t\t<div class=\"rte\"><p><strong>Le fait de passer commande implique l&rsquo;adh\u00e9sion enti\u00e8re et sans reserve de l&rsquo;acheteur professionnel ou non , aux pr\u00e9sentes conditions g\u00e9n\u00e9rales de vente , \u00e0 l&rsquo;exclusion de tout autre document, tels que prospectus, catalogue, \u00e9mis par Pruvost Sports, qui n&rsquo;ont qu&rsquo;une valeur indicative.<\/strong><\/p><p><strong>PRIX<\/strong><\/p><p>Toutes les ventes sont conclues sur la base du prix et des conditions de prix indiqu\u00e9es dans notre devis. Nos prix et renseignements port\u00e9s sur nos catalogues et tarifs sont donn\u00e9s \u00e0 titre indicatif. Seuls les prix et renseignements port\u00e9s dans nos devis nous engagent. Nous nous r\u00e9servons express\u00e9ment le droit de modifier nos prix en cas de modification de nos propres conditions d\u2019achat, de fournitures ou de fabrication.<\/p><p><strong>CONDITIONS DE PAIEMENT<\/strong><\/p><p>Pour toute confirmation de commande suite \u00e0 une demande de devis sur le site Internet\u00a0http:\/\/www.pruvost-sports.com, seul le r\u00e9glement en int\u00e9glalit\u00e9 de votre facture valide votre commande.<\/p><p>Celle-ci peut \u00eatre acquitt\u00e9e par virement bancaire ou par ch\u00e8que.<\/p><p>Pour les acheteurs publics, les factures sont payables par mandat administratif.<br \/>Les conditions de r\u00e9glement par mandat administratif sont les conditions l\u00e9gales en vigueur \u00e0 la date de la facture.<\/p><p>Nous nous r\u00e9servons le droit \u00e0 tout moment, en fonction des risques encourus, d&rsquo;exp\u00e9dier votre commande qu&rsquo;une fois le r\u00e9glement per\u00e7u.<\/p><p>Tout retard de r\u00e8glement comporte de plein droit un int\u00e9r\u00eat de retard calcul\u00e9 au taux de 1\/6<sup>\u00e8me<\/sup>\u00a0du taux d\u2019int\u00e9r\u00eat l\u00e9gal par mois de retard. En cas de retard de paiement, notre soci\u00e9t\u00e9 pourra, si bon lui semble, suspendre l\u2019ex\u00e9cution de toute commande en cours. De plus, elle pourra, 15 jours apr\u00e8s mise en demeure par lettre recommand\u00e9e avec accus\u00e9 r\u00e9ception rest\u00e9e sans effet, constater la rupture de plein droit des contrats de vente en cours, sans pr\u00e9judice des dommages et int\u00e9r\u00eats qui pourraient \u00eatre r\u00e9clam\u00e9s \u00e0 l\u2019acheteur. En cas de recouvrement forc\u00e9 des factures impay\u00e9es, le montant de celles-ci sera major\u00e9 de plein droit de 15% \u00e0 titre forfaitaire et irr\u00e9ductible. Enfin, tout d\u00e9faut de paiement entra\u00eene d\u00e9ch\u00e9ance du terme \u00e0 l\u2019\u00e9gard de toute somme qui pourrait \u00eatre due par l\u2019acqu\u00e9reur.<\/p><p>\u00a0<\/p><p><strong>TRANSPORT \/ LIVRAISON<\/strong><\/p><p>Les marchandises voyagent aux risques et p\u00e9rils du destinataire. la soci\u00e9t\u00e9 PRUVOST SPORTS d\u00e9cline toutes responsabilit\u00e9s concernant les d\u00e9g\u00e2ts et avaries r\u00e9sultant du seul fait du transport des marchandises.<\/p><p>L\u2019indemnisation de ce type de d\u00e9g\u00e2ts et avaries de transports \u00e9tant pr\u00e9vue et r\u00e9glement\u00e9e par les l\u00e9gislations nationales (Art. 105 du Code du Commerce) et les conventions internationales, l\u2019acheteur doit, en cas de sinistre constat\u00e9, d\u00e9clarer celui-ci directement au transporteur dans les 72 heures par lettre recommand\u00e9e avec accus\u00e9 de r\u00e9ception en nous adressant un double du courrier afin de pouvoir \u00eatre indemnis\u00e9.<\/p><p>N\u2019omettez pas de faire des r\u00e9serves de transport si un colis est d\u00e9t\u00e9rior\u00e9. Il est imp\u00e9ratif de d\u00e9baller la marchandise en pr\u00e9sence du transporteur. Ceci est obligatoire quand une avarie est constat\u00e9e (la mention \u00ab\u00a0sous r\u00e9serve de d\u00e9ballage\u00a0\u00bb ne suffit pas). Les r\u00e9serves doivent \u00eatre les plus pr\u00e9cises possibles.<\/p><p>La soci\u00e9t\u00e9 PRUVOST SPORTS ne pourra prendre en charge les litiges non constat\u00e9s en conformit\u00e9 \u00e0 la loi.<\/p><p><strong>FRANCO<\/strong><\/p><p>Nos prix sont nets, franco de port et d&#8217;emballage pour la France m\u00e9tropolitaine pour une commande d&rsquo;un montant sup\u00e9rieur \u00e0 800 \u20ac H.T. , except\u00e9s les pieces volumineuses et\/ou lourdes.<br \/>Toute commande inf\u00e9rieure \u00e0 800 \u20ac H.T. sera major\u00e9e de frais de port calcul\u00e9s en fonction des \u00e9l\u00e9ments qui la compose.<\/p><p><strong>DELAIS DE LIVRAISON<\/strong><\/p><p>Ils sont donn\u00e9s \u00e0 titre indicatif\u00a0; les d\u00e9passements de d\u00e9lai indiqu\u00e9s ne pourront entra\u00eener ni annulation de commande, ni paiement de dommages et int\u00e9r\u00eats, ni p\u00e9nalit\u00e9s d\u2019aucune sorte, sauf convention expresse \u00e0 la confirmation de la commande.<\/p><p><strong>LITIGES<\/strong><\/p><p>Toute r\u00e9clamation concernant l\u2019un de nos articles doit \u00eatre formul\u00e9e imp\u00e9rativement dans un d\u00e9lai de 8 jours suivant la r\u00e9ception de la marchandise et apr\u00e8s avoir obtenu notre accord pr\u00e9alable dans ce m\u00eame d\u00e9lai de 8 jours.<\/p><p>Toute autorisation de retour et\/ou \u00e9change est obligatoirement soumis \u00e0 notre accord pr\u00e9alable\u00a0: pour obtenir cette autorisation d\u2019\u00e9change ou de retour, veuillez pr\u00e9alablement nous contacter.<\/p><p>Les frais de r\u00e9exp\u00e9dition des marchandises sont \u00e0 la charge du client en cas d\u2019erreur imputable au client.<\/p><p>Les produits retourn\u00e9s en port d\u00fb ou en contre remboursement seront refus\u00e9s.<\/p><p>Les retours doivent \u00eatre effectu\u00e9s dans leurs emballages d\u2019origine.<\/p><p>\u00a0<\/p><\/div>\t\t\t\t\t\t\t\t<\/div>\n\t\t\t\t<\/div>\n\t\t\t\t\t<\/div>\n\t\t\t\t<\/div>\n\t\t\t\t<\/div>\n\t\t","protected":false},"excerpt":{"rendered":"<p>CONDITIONS GENERALES DE VENTE PRUVOST SPORTS Le fait de passer commande implique l&rsquo;adh\u00e9sion enti\u00e8re et sans reserve de l&rsquo;acheteur professionnel ou non , aux pr\u00e9sentes conditions g\u00e9n\u00e9rales de vente , \u00e0 l&rsquo;exclusion de tout autre document, tels que prospectus, catalogue, \u00e9mis par Pruvost Sports, qui n&rsquo;ont qu&rsquo;une valeur indicative. PRIX Toutes les ventes sont conclues [&hellip;]<\/p>\n","protected":false},"author":1,"featured_media":0,"parent":0,"menu_order":0,"comment_status":"closed","ping_status":"closed","template":"elementor_header_footer","meta":{"footnotes":""},"class_list":["post-7408","page","type-page","status-publish","hentry","entry","owp-thumbs-layout-horizontal","owp-btn-normal","owp-tabs-layout-horizontal","has-no-thumbnails"],"yoast_head":"<!-- This site is optimized with the Yoast SEO plugin v27.5 - https:\/\/yoast.com\/product\/yoast-seo-wordpress\/ -->\n<title>Conditions G\u00e9n\u00e9rales de Vente - Pruvost sport piscine<\/title>\n<meta name=\"robots\" content=\"index, follow, max-snippet:-1, max-image-preview:large, max-video-preview:-1\" \/>\n<link rel=\"canonical\" href=\"https:\/\/www.pruvost-sports.com\/boutique\/conditions-generales-de-vente\/\" \/>\n<meta property=\"og:locale\" content=\"fr_FR\" \/>\n<meta property=\"og:type\" content=\"article\" \/>\n<meta property=\"og:title\" content=\"Conditions G\u00e9n\u00e9rales de Vente - Pruvost sport piscine\" \/>\n<meta property=\"og:description\" content=\"CONDITIONS GENERALES DE VENTE PRUVOST SPORTS Le fait de passer commande implique l&rsquo;adh\u00e9sion enti\u00e8re et sans reserve de l&rsquo;acheteur professionnel ou non , aux pr\u00e9sentes conditions g\u00e9n\u00e9rales de vente , \u00e0 l&rsquo;exclusion de tout autre document, tels que prospectus, catalogue, \u00e9mis par Pruvost Sports, qui n&rsquo;ont qu&rsquo;une valeur indicative. PRIX Toutes les ventes sont conclues [&hellip;]\" \/>\n<meta property=\"og:url\" content=\"https:\/\/www.pruvost-sports.com\/boutique\/conditions-generales-de-vente\/\" \/>\n<meta property=\"og:site_name\" content=\"Pruvost sport piscine\" \/>\n<meta property=\"article:modified_time\" content=\"2023-11-27T08:59:36+00:00\" \/>\n<meta name=\"twitter:card\" content=\"summary_large_image\" \/>\n<meta name=\"twitter:label1\" content=\"Dur\u00e9e de lecture estim\u00e9e\" \/>\n\t<meta name=\"twitter:data1\" content=\"4 minutes\" \/>\n<script type=\"application\/ld+json\" class=\"yoast-schema-graph\">{\"@context\":\"https:\\\/\\\/schema.org\",\"@graph\":[{\"@type\":\"WebPage\",\"@id\":\"https:\\\/\\\/www.pruvost-sports.com\\\/boutique\\\/conditions-generales-de-vente\\\/\",\"url\":\"https:\\\/\\\/www.pruvost-sports.com\\\/boutique\\\/conditions-generales-de-vente\\\/\",\"name\":\"Conditions G\u00e9n\u00e9rales de Vente - Pruvost sport piscine\",\"isPartOf\":{\"@id\":\"https:\\\/\\\/www.pruvost-sports.com\\\/boutique\\\/#website\"},\"datePublished\":\"2023-11-27T08:58:46+00:00\",\"dateModified\":\"2023-11-27T08:59:36+00:00\",\"breadcrumb\":{\"@id\":\"https:\\\/\\\/www.pruvost-sports.com\\\/boutique\\\/conditions-generales-de-vente\\\/#breadcrumb\"},\"inLanguage\":\"fr-FR\",\"potentialAction\":[{\"@type\":\"ReadAction\",\"target\":[\"https:\\\/\\\/www.pruvost-sports.com\\\/boutique\\\/conditions-generales-de-vente\\\/\"]}]},{\"@type\":\"BreadcrumbList\",\"@id\":\"https:\\\/\\\/www.pruvost-sports.com\\\/boutique\\\/conditions-generales-de-vente\\\/#breadcrumb\",\"itemListElement\":[{\"@type\":\"ListItem\",\"position\":1,\"name\":\"Accueil\",\"item\":\"https:\\\/\\\/www.pruvost-sports.com\\\/boutique\\\/\"},{\"@type\":\"ListItem\",\"position\":2,\"name\":\"Conditions G\u00e9n\u00e9rales de Vente\"}]},{\"@type\":\"WebSite\",\"@id\":\"https:\\\/\\\/www.pruvost-sports.com\\\/boutique\\\/#website\",\"url\":\"https:\\\/\\\/www.pruvost-sports.com\\\/boutique\\\/\",\"name\":\"Pruvost sport piscine\",\"description\":\"\",\"potentialAction\":[{\"@type\":\"SearchAction\",\"target\":{\"@type\":\"EntryPoint\",\"urlTemplate\":\"https:\\\/\\\/www.pruvost-sports.com\\\/boutique\\\/?s={search_term_string}\"},\"query-input\":{\"@type\":\"PropertyValueSpecification\",\"valueRequired\":true,\"valueName\":\"search_term_string\"}}],\"inLanguage\":\"fr-FR\"}]}<\/script>\n<!-- \/ Yoast SEO plugin. -->","yoast_head_json":{"title":"Conditions G\u00e9n\u00e9rales de Vente - Pruvost sport piscine","robots":{"index":"index","follow":"follow","max-snippet":"max-snippet:-1","max-image-preview":"max-image-preview:large","max-video-preview":"max-video-preview:-1"},"canonical":"https:\/\/www.pruvost-sports.com\/boutique\/conditions-generales-de-vente\/","og_locale":"fr_FR","og_type":"article","og_title":"Conditions G\u00e9n\u00e9rales de Vente - Pruvost sport piscine","og_description":"CONDITIONS GENERALES DE VENTE PRUVOST SPORTS Le fait de passer commande implique l&rsquo;adh\u00e9sion enti\u00e8re et sans reserve de l&rsquo;acheteur professionnel ou non , aux pr\u00e9sentes conditions g\u00e9n\u00e9rales de vente , \u00e0 l&rsquo;exclusion de tout autre document, tels que prospectus, catalogue, \u00e9mis par Pruvost Sports, qui n&rsquo;ont qu&rsquo;une valeur indicative. PRIX Toutes les ventes sont conclues [&hellip;]","og_url":"https:\/\/www.pruvost-sports.com\/boutique\/conditions-generales-de-vente\/","og_site_name":"Pruvost sport piscine","article_modified_time":"2023-11-27T08:59:36+00:00","twitter_card":"summary_large_image","twitter_misc":{"Dur\u00e9e de lecture estim\u00e9e":"4 minutes"},"schema":{"@context":"https:\/\/schema.org","@graph":[{"@type":"WebPage","@id":"https:\/\/www.pruvost-sports.com\/boutique\/conditions-generales-de-vente\/","url":"https:\/\/www.pruvost-sports.com\/boutique\/conditions-generales-de-vente\/","name":"Conditions G\u00e9n\u00e9rales de Vente - Pruvost sport piscine","isPartOf":{"@id":"https:\/\/www.pruvost-sports.com\/boutique\/#website"},"datePublished":"2023-11-27T08:58:46+00:00","dateModified":"2023-11-27T08:59:36+00:00","breadcrumb":{"@id":"https:\/\/www.pruvost-sports.com\/boutique\/conditions-generales-de-vente\/#breadcrumb"},"inLanguage":"fr-FR","potentialAction":[{"@type":"ReadAction","target":["https:\/\/www.pruvost-sports.com\/boutique\/conditions-generales-de-vente\/"]}]},{"@type":"BreadcrumbList","@id":"https:\/\/www.pruvost-sports.com\/boutique\/conditions-generales-de-vente\/#breadcrumb","itemListElement":[{"@type":"ListItem","position":1,"name":"Accueil","item":"https:\/\/www.pruvost-sports.com\/boutique\/"},{"@type":"ListItem","position":2,"name":"Conditions G\u00e9n\u00e9rales de Vente"}]},{"@type":"WebSite","@id":"https:\/\/www.pruvost-sports.com\/boutique\/#website","url":"https:\/\/www.pruvost-sports.com\/boutique\/","name":"Pruvost sport piscine","description":"","potentialAction":[{"@type":"SearchAction","target":{"@type":"EntryPoint","urlTemplate":"https:\/\/www.pruvost-sports.com\/boutique\/?s={search_term_string}"},"query-input":{"@type":"PropertyValueSpecification","valueRequired":true,"valueName":"search_term_string"}}],"inLanguage":"fr-FR"}]}},"_links":{"self":[{"href":"https:\/\/www.pruvost-sports.com\/boutique\/wp-json\/wp\/v2\/pages\/7408","targetHints":{"allow":["GET"]}}],"collection":[{"href":"https:\/\/www.pruvost-sports.com\/boutique\/wp-json\/wp\/v2\/pages"}],"about":[{"href":"https:\/\/www.pruvost-sports.com\/boutique\/wp-json\/wp\/v2\/types\/page"}],"author":[{"embeddable":true,"href":"https:\/\/www.pruvost-sports.com\/boutique\/wp-json\/wp\/v2\/users\/1"}],"replies":[{"embeddable":true,"href":"https:\/\/www.pruvost-sports.com\/boutique\/wp-json\/wp\/v2\/comments?post=7408"}],"version-history":[{"count":7,"href":"https:\/\/www.pruvost-sports.com\/boutique\/wp-json\/wp\/v2\/pages\/7408\/revisions"}],"predecessor-version":[{"id":7415,"href":"https:\/\/www.pruvost-sports.com\/boutique\/wp-json\/wp\/v2\/pages\/7408\/revisions\/7415"}],"wp:attachment":[{"href":"https:\/\/www.pruvost-sports.com\/boutique\/wp-json\/wp\/v2\/media?parent=7408"}],"curies":[{"name":"wp","href":"https:\/\/api.w.org\/{rel}","templated":true}]}}