{"id":7403,"date":"2023-11-27T09:57:15","date_gmt":"2023-11-27T08:57:15","guid":{"rendered":"https:\/\/www.pruvost-sports.com\/boutique\/?page_id=7403"},"modified":"2023-11-27T09:58:08","modified_gmt":"2023-11-27T08:58:08","slug":"mentions-legales","status":"publish","type":"page","link":"https:\/\/www.pruvost-sports.com\/boutique\/mentions-legales\/","title":{"rendered":"Mentions l\u00e9gales"},"content":{"rendered":"\t\t<div data-elementor-type=\"wp-page\" data-elementor-id=\"7403\" class=\"elementor elementor-7403\">\n\t\t\t\t<div class=\"elementor-element elementor-element-d063a5a e-flex e-con-boxed e-con e-parent\" data-id=\"d063a5a\" data-element_type=\"container\" data-e-type=\"container\">\n\t\t\t\t\t<div class=\"e-con-inner\">\n\t\t\t\t<div class=\"elementor-element elementor-element-7168eb5 elementor-widget elementor-widget-heading\" data-id=\"7168eb5\" data-element_type=\"widget\" data-e-type=\"widget\" data-widget_type=\"heading.default\">\n\t\t\t\t<div class=\"elementor-widget-container\">\n\t\t\t\t\t<h2 class=\"elementor-heading-title elementor-size-default\">Mentions l\u00e9gales<\/h2>\t\t\t\t<\/div>\n\t\t\t\t<\/div>\n\t\t\t\t<div class=\"elementor-element elementor-element-b9df13a elementor-widget elementor-widget-text-editor\" data-id=\"b9df13a\" data-element_type=\"widget\" data-e-type=\"widget\" data-widget_type=\"text-editor.default\">\n\t\t\t\t<div class=\"elementor-widget-container\">\n\t\t\t\t\t\t\t\t\t<div class=\"rte\"><p>Votre utilisation de ce site web constitue votre acceptation des conditions g\u00e9n\u00e9rales et mentions d&rsquo;avertissement. Ce site peut contenir des liens vers d&rsquo;autres sites web. Nous n&rsquo;assumons aucune responsabilit\u00e9 sur le contenu des sites autres que ceux faisant partie de notre domaine. Vous vous engagez \u00e0 ne pas utiliser ce site \u00e0 des fins illicites ou interdites par les lois ou par les mentions l\u00e9gales et contractuelles.<\/p><p>Propri\u00e9taire du site :\u00a0PRUVOST SPORTS\u00a0<br \/>Adresse :\u00a0Z.I.N\u00b02 &#8211;\u00a027210 \u00a0BEUZEVILLE<br \/>TEL : 02 32 57 03 52<br \/>Adresse e-mail :\u00a0<a href=\"mailto:pruvost-commercial@orange.fr\">pruvost-commercial@orange.fr<\/a>\u00a0<\/p><p><strong>Contenu<\/strong><\/p><p>Nous apportons beaucoup d&rsquo;attention \u00e0 l&rsquo;exactitude des donn\u00e9es contenues sur son site web. Si n\u00e9anmoins vous trouviez une information incorrecte ou erron\u00e9e dans nos pages, merci d&rsquo;en avertir le webmaster via le formulaire de contact.<\/p><p>Les marques, logos et plus g\u00e9n\u00e9ralement tous les \u00e9l\u00e9ments de propri\u00e9t\u00e9 intellectuelle sont la propri\u00e9t\u00e9 de leur auteur, sont d\u00e9pos\u00e9s et prot\u00e9g\u00e9s \u00e0 ce titre. Toute utilisation ou reproduction est interdite. Par ailleurs, les informations contenues sur ce site doivent \u00eatre utilis\u00e9es \u00e0 des fins strictement personnelles. Tout type d&rsquo;utilisation, de reproduction, de copie ou de diffusion \u00e0 des fins commerciales est interdite.<\/p><p>Nous d\u00e9clinons toute responsabilit\u00e9 quant au contenu des informations fournies sur des sites au titre de l&rsquo;activation de liens hypertexte.<\/p><p><strong>Respect de la vie priv\u00e9e<\/strong><\/p><p>Conform\u00e9ment \u00e0 l&rsquo;article 34 de la Loi Informatique et Libert\u00e9s, vous disposez d&rsquo;un droit d&rsquo;acc\u00e8s, de modification, de rectification et de suppression des donn\u00e9es qui vous concernent. Pour exercer ce droit d&rsquo;acc\u00e8s, adressez-vous au webmaster via le formulaire de contact.<\/p><p><strong>R\u00e9alisation et H\u00e9bergement<\/strong><\/p><p>R\u00e9alisation : ACS\u00a0Informatique<br \/>Adresse : 20 rue Guillaume le conqu\u00e9rant &#8211; 76000\u00a0ROUEN<br \/>Site Internet :\u00a0<a href=\"http:\/\/www.acs-informatique.com\/\">www.acs-informatique.com<\/a><br \/>H\u00e9bergement : Ovh France<\/p><p><a href=\"http:\/\/acs-informatique.com\/\">Cr\u00e9ation site internet Bordeaux<\/a><br \/><a href=\"http:\/\/acs-informatique.com\/\">Formation creation site internet wordpress Bordeaux<\/a><br \/><a href=\"http:\/\/acs-coaching.fr\/\">Coaching Bordeaux<\/a><br \/><a href=\"http:\/\/acs-informatique.com\/\">Cr\u00e9ation site internet Rouen<\/a><br \/><a href=\"http:\/\/acs-informatique.com\/\">Formation creation site internet wordpress Rouen<\/a><br \/><a href=\"http:\/\/acs-coaching.fr\/\">Coaching Rouen<\/a><\/p><\/div>\t\t\t\t\t\t\t\t<\/div>\n\t\t\t\t<\/div>\n\t\t\t\t\t<\/div>\n\t\t\t\t<\/div>\n\t\t\t\t<\/div>\n\t\t","protected":false},"excerpt":{"rendered":"<p>Mentions l\u00e9gales Votre utilisation de ce site web constitue votre acceptation des conditions g\u00e9n\u00e9rales et mentions d&rsquo;avertissement. Ce site peut contenir des liens vers d&rsquo;autres sites web. Nous n&rsquo;assumons aucune responsabilit\u00e9 sur le contenu des sites autres que ceux faisant partie de notre domaine. Vous vous engagez \u00e0 ne pas utiliser ce site \u00e0 des [&hellip;]<\/p>\n","protected":false},"author":1,"featured_media":0,"parent":0,"menu_order":0,"comment_status":"closed","ping_status":"closed","template":"elementor_header_footer","meta":{"footnotes":""},"class_list":["post-7403","page","type-page","status-publish","hentry","entry","owp-thumbs-layout-horizontal","owp-btn-normal","owp-tabs-layout-horizontal","has-no-thumbnails"],"yoast_head":"<!-- This site is optimized with the Yoast SEO plugin v27.5 - https:\/\/yoast.com\/product\/yoast-seo-wordpress\/ -->\n<title>Mentions l\u00e9gales - Pruvost sport piscine<\/title>\n<meta name=\"robots\" content=\"index, follow, max-snippet:-1, max-image-preview:large, max-video-preview:-1\" \/>\n<link rel=\"canonical\" href=\"https:\/\/www.pruvost-sports.com\/boutique\/mentions-legales\/\" \/>\n<meta property=\"og:locale\" content=\"fr_FR\" \/>\n<meta property=\"og:type\" content=\"article\" \/>\n<meta property=\"og:title\" content=\"Mentions l\u00e9gales - Pruvost sport piscine\" \/>\n<meta property=\"og:description\" content=\"Mentions l\u00e9gales Votre utilisation de ce site web constitue votre acceptation des conditions g\u00e9n\u00e9rales et mentions d&rsquo;avertissement. Ce site peut contenir des liens vers d&rsquo;autres sites web. Nous n&rsquo;assumons aucune responsabilit\u00e9 sur le contenu des sites autres que ceux faisant partie de notre domaine. Vous vous engagez \u00e0 ne pas utiliser ce site \u00e0 des [&hellip;]\" \/>\n<meta property=\"og:url\" content=\"https:\/\/www.pruvost-sports.com\/boutique\/mentions-legales\/\" \/>\n<meta property=\"og:site_name\" content=\"Pruvost sport piscine\" \/>\n<meta property=\"article:modified_time\" content=\"2023-11-27T08:58:08+00:00\" \/>\n<meta name=\"twitter:card\" content=\"summary_large_image\" \/>\n<meta name=\"twitter:label1\" content=\"Dur\u00e9e de lecture estim\u00e9e\" \/>\n\t<meta name=\"twitter:data1\" content=\"2 minutes\" \/>\n<script type=\"application\/ld+json\" class=\"yoast-schema-graph\">{\"@context\":\"https:\\\/\\\/schema.org\",\"@graph\":[{\"@type\":\"WebPage\",\"@id\":\"https:\\\/\\\/www.pruvost-sports.com\\\/boutique\\\/mentions-legales\\\/\",\"url\":\"https:\\\/\\\/www.pruvost-sports.com\\\/boutique\\\/mentions-legales\\\/\",\"name\":\"Mentions l\u00e9gales - Pruvost sport piscine\",\"isPartOf\":{\"@id\":\"https:\\\/\\\/www.pruvost-sports.com\\\/boutique\\\/#website\"},\"datePublished\":\"2023-11-27T08:57:15+00:00\",\"dateModified\":\"2023-11-27T08:58:08+00:00\",\"breadcrumb\":{\"@id\":\"https:\\\/\\\/www.pruvost-sports.com\\\/boutique\\\/mentions-legales\\\/#breadcrumb\"},\"inLanguage\":\"fr-FR\",\"potentialAction\":[{\"@type\":\"ReadAction\",\"target\":[\"https:\\\/\\\/www.pruvost-sports.com\\\/boutique\\\/mentions-legales\\\/\"]}]},{\"@type\":\"BreadcrumbList\",\"@id\":\"https:\\\/\\\/www.pruvost-sports.com\\\/boutique\\\/mentions-legales\\\/#breadcrumb\",\"itemListElement\":[{\"@type\":\"ListItem\",\"position\":1,\"name\":\"Accueil\",\"item\":\"https:\\\/\\\/www.pruvost-sports.com\\\/boutique\\\/\"},{\"@type\":\"ListItem\",\"position\":2,\"name\":\"Mentions l\u00e9gales\"}]},{\"@type\":\"WebSite\",\"@id\":\"https:\\\/\\\/www.pruvost-sports.com\\\/boutique\\\/#website\",\"url\":\"https:\\\/\\\/www.pruvost-sports.com\\\/boutique\\\/\",\"name\":\"Pruvost sport piscine\",\"description\":\"\",\"potentialAction\":[{\"@type\":\"SearchAction\",\"target\":{\"@type\":\"EntryPoint\",\"urlTemplate\":\"https:\\\/\\\/www.pruvost-sports.com\\\/boutique\\\/?s={search_term_string}\"},\"query-input\":{\"@type\":\"PropertyValueSpecification\",\"valueRequired\":true,\"valueName\":\"search_term_string\"}}],\"inLanguage\":\"fr-FR\"}]}<\/script>\n<!-- \/ Yoast SEO plugin. -->","yoast_head_json":{"title":"Mentions l\u00e9gales - Pruvost sport piscine","robots":{"index":"index","follow":"follow","max-snippet":"max-snippet:-1","max-image-preview":"max-image-preview:large","max-video-preview":"max-video-preview:-1"},"canonical":"https:\/\/www.pruvost-sports.com\/boutique\/mentions-legales\/","og_locale":"fr_FR","og_type":"article","og_title":"Mentions l\u00e9gales - Pruvost sport piscine","og_description":"Mentions l\u00e9gales Votre utilisation de ce site web constitue votre acceptation des conditions g\u00e9n\u00e9rales et mentions d&rsquo;avertissement. Ce site peut contenir des liens vers d&rsquo;autres sites web. Nous n&rsquo;assumons aucune responsabilit\u00e9 sur le contenu des sites autres que ceux faisant partie de notre domaine. Vous vous engagez \u00e0 ne pas utiliser ce site \u00e0 des [&hellip;]","og_url":"https:\/\/www.pruvost-sports.com\/boutique\/mentions-legales\/","og_site_name":"Pruvost sport piscine","article_modified_time":"2023-11-27T08:58:08+00:00","twitter_card":"summary_large_image","twitter_misc":{"Dur\u00e9e de lecture estim\u00e9e":"2 minutes"},"schema":{"@context":"https:\/\/schema.org","@graph":[{"@type":"WebPage","@id":"https:\/\/www.pruvost-sports.com\/boutique\/mentions-legales\/","url":"https:\/\/www.pruvost-sports.com\/boutique\/mentions-legales\/","name":"Mentions l\u00e9gales - Pruvost sport piscine","isPartOf":{"@id":"https:\/\/www.pruvost-sports.com\/boutique\/#website"},"datePublished":"2023-11-27T08:57:15+00:00","dateModified":"2023-11-27T08:58:08+00:00","breadcrumb":{"@id":"https:\/\/www.pruvost-sports.com\/boutique\/mentions-legales\/#breadcrumb"},"inLanguage":"fr-FR","potentialAction":[{"@type":"ReadAction","target":["https:\/\/www.pruvost-sports.com\/boutique\/mentions-legales\/"]}]},{"@type":"BreadcrumbList","@id":"https:\/\/www.pruvost-sports.com\/boutique\/mentions-legales\/#breadcrumb","itemListElement":[{"@type":"ListItem","position":1,"name":"Accueil","item":"https:\/\/www.pruvost-sports.com\/boutique\/"},{"@type":"ListItem","position":2,"name":"Mentions l\u00e9gales"}]},{"@type":"WebSite","@id":"https:\/\/www.pruvost-sports.com\/boutique\/#website","url":"https:\/\/www.pruvost-sports.com\/boutique\/","name":"Pruvost sport piscine","description":"","potentialAction":[{"@type":"SearchAction","target":{"@type":"EntryPoint","urlTemplate":"https:\/\/www.pruvost-sports.com\/boutique\/?s={search_term_string}"},"query-input":{"@type":"PropertyValueSpecification","valueRequired":true,"valueName":"search_term_string"}}],"inLanguage":"fr-FR"}]}},"_links":{"self":[{"href":"https:\/\/www.pruvost-sports.com\/boutique\/wp-json\/wp\/v2\/pages\/7403","targetHints":{"allow":["GET"]}}],"collection":[{"href":"https:\/\/www.pruvost-sports.com\/boutique\/wp-json\/wp\/v2\/pages"}],"about":[{"href":"https:\/\/www.pruvost-sports.com\/boutique\/wp-json\/wp\/v2\/types\/page"}],"author":[{"embeddable":true,"href":"https:\/\/www.pruvost-sports.com\/boutique\/wp-json\/wp\/v2\/users\/1"}],"replies":[{"embeddable":true,"href":"https:\/\/www.pruvost-sports.com\/boutique\/wp-json\/wp\/v2\/comments?post=7403"}],"version-history":[{"count":4,"href":"https:\/\/www.pruvost-sports.com\/boutique\/wp-json\/wp\/v2\/pages\/7403\/revisions"}],"predecessor-version":[{"id":7407,"href":"https:\/\/www.pruvost-sports.com\/boutique\/wp-json\/wp\/v2\/pages\/7403\/revisions\/7407"}],"wp:attachment":[{"href":"https:\/\/www.pruvost-sports.com\/boutique\/wp-json\/wp\/v2\/media?parent=7403"}],"curies":[{"name":"wp","href":"https:\/\/api.w.org\/{rel}","templated":true}]}}